{"id":732,"date":"2020-12-09T17:15:52","date_gmt":"2021-07-25T21:08:57","guid":{"rendered":"https:\/\/naturka.ee\/?post_type=product&#038;p=732"},"modified":"2026-05-01T21:57:55","modified_gmt":"2026-05-01T18:57:55","slug":"virsik-koige-maitsev","status":"publish","type":"product","link":"https:\/\/naturka.ee\/lv\/toode\/virsik-koige-maitsev\/","title":{"rendered":"P\u00e4ikesekuiv. virsik"},"content":{"rendered":"<section id=\"content\">\n<div class=\"flex itemBox\">\n<div class=\"itemCol_right\">\n<div class=\"description\">store in a cool dry place. avoid moisture<\/div>\n<\/div>\n<\/div>\n<\/section>\n","protected":false},"excerpt":{"rendered":"<p>Armeeniast p\u00e4rit p\u00e4ikesekuivatatud virsik on t\u00f5esti sama hea, kui v\u00e4rske virsik!<\/p>\n<p>Virsik on ka vitamiinide allikas, sisaldab C-vitamiini, A-vitamiini, E-vitamiini, K-vitamiini, niatsiini, tiamiini, riboflaviini, B6-vitamiini ja folaate ning pantoteenhapet ehk B5-vitamiini. Ei sisalda lisatud suhkrut.<\/p>\n<p>Ideaalne vahepala kaaluj\u00e4lgijatele!<\/p>\n<p>S\u00e4ilitada jahedas ja kuivas kohas, kaitstud otsese p\u00e4ikesevalguse eest.<\/p>\n","protected":false},"featured_media":25535,"template":"","meta":{"inline_featured_image":false},"product_cat":[86,94,98],"product_tag":[],"class_list":["post-732","product","type-product","status-publish","has-post-thumbnail","hentry","product_cat-kuivatatud-puuviljad","product_cat-eksklusiivsed-tooted","product_cat-ilma-suhkruta"],"supplier_id":null,"supplier_sku":"","barcode":null,"atum_controlled":true,"out_stock_date":null,"out_stock_threshold":null,"inheritable":false,"inbound_stock":0,"stock_on_hold":3,"sold_today":0,"sales_last_days":3,"reserved_stock":0,"customer_returns":0,"warehouse_damage":0,"lost_in_post":0,"other_logs":0,"out_stock_days":0,"lost_sales":0,"has_location":false,"update_date":"2026-05-07T05:54:20","atum_locations":[],"atum_stock_status":"instock","restock_status":false,"low_stock_amount":"","sales_update_date":"2026-05-07T05:54:20","calc_backorders":null,"yoast_head":"<!-- This site is optimized with the Yoast SEO plugin v22.6 - https:\/\/yoast.com\/wordpress\/plugins\/seo\/ -->\n<title>P\u00e4ikesekuiv. virsik - Naturka<\/title>\n<meta name=\"robots\" content=\"index, follow, max-snippet:-1, max-image-preview:large, max-video-preview:-1\" \/>\n<link rel=\"canonical\" href=\"https:\/\/naturka.ee\/lv\/toode\/virsik-koige-maitsev\/\" \/>\n<meta property=\"og:locale\" content=\"lv_LV\" \/>\n<meta property=\"og:type\" content=\"article\" \/>\n<meta property=\"og:title\" content=\"P\u00e4ikesekuiv. virsik - Naturka\" \/>\n<meta property=\"og:description\" content=\"Armeeniast p\u00e4rit p\u00e4ikesekuivatatud virsik on t\u00f5esti sama hea, kui v\u00e4rske virsik!  Virsik on ka vitamiinide allikas, sisaldab C-vitamiini, A-vitamiini, E-vitamiini, K-vitamiini, niatsiini, tiamiini, riboflaviini, B6-vitamiini ja folaate ning pantoteenhapet ehk B5-vitamiini. Ei sisalda lisatud suhkrut.  Ideaalne vahepala kaaluj\u00e4lgijatele!  S\u00e4ilitada jahedas ja kuivas kohas, kaitstud otsese p\u00e4ikesevalguse eest.\" \/>\n<meta property=\"og:url\" content=\"https:\/\/naturka.ee\/lv\/toode\/virsik-koige-maitsev\/\" \/>\n<meta property=\"og:site_name\" content=\"Naturka\" \/>\n<meta property=\"article:modified_time\" content=\"2026-05-01T18:57:55+00:00\" \/>\n<meta property=\"og:image\" content=\"https:\/\/naturka.ee\/wp-content\/uploads\/2020\/12\/NaturkaShoot-77-copy.jpg\" \/>\n\t<meta property=\"og:image:width\" content=\"1800\" \/>\n\t<meta property=\"og:image:height\" content=\"1373\" \/>\n\t<meta property=\"og:image:type\" content=\"image\/jpeg\" \/>\n<meta name=\"twitter:card\" content=\"summary_large_image\" \/>\n<script type=\"application\/ld+json\" class=\"yoast-schema-graph\">{\"@context\":\"https:\/\/schema.org\",\"@graph\":[{\"@type\":\"WebPage\",\"@id\":\"https:\/\/naturka.ee\/lv\/toode\/virsik-koige-maitsev\/\",\"url\":\"https:\/\/naturka.ee\/lv\/toode\/virsik-koige-maitsev\/\",\"name\":\"P\u00e4ikesekuiv. virsik - Naturka\",\"isPartOf\":{\"@id\":\"https:\/\/naturka.ee\/lv\/#website\"},\"primaryImageOfPage\":{\"@id\":\"https:\/\/naturka.ee\/lv\/toode\/virsik-koige-maitsev\/#primaryimage\"},\"image\":{\"@id\":\"https:\/\/naturka.ee\/lv\/toode\/virsik-koige-maitsev\/#primaryimage\"},\"thumbnailUrl\":\"https:\/\/naturka.ee\/wp-content\/uploads\/2020\/12\/NaturkaShoot-77-copy.jpg\",\"datePublished\":\"2021-07-25T21:08:57+00:00\",\"dateModified\":\"2026-05-01T18:57:55+00:00\",\"breadcrumb\":{\"@id\":\"https:\/\/naturka.ee\/lv\/toode\/virsik-koige-maitsev\/#breadcrumb\"},\"inLanguage\":\"lv-LV\",\"potentialAction\":[{\"@type\":\"ReadAction\",\"target\":[\"https:\/\/naturka.ee\/lv\/toode\/virsik-koige-maitsev\/\"]}]},{\"@type\":\"ImageObject\",\"inLanguage\":\"lv-LV\",\"@id\":\"https:\/\/naturka.ee\/lv\/toode\/virsik-koige-maitsev\/#primaryimage\",\"url\":\"https:\/\/naturka.ee\/wp-content\/uploads\/2020\/12\/NaturkaShoot-77-copy.jpg\",\"contentUrl\":\"https:\/\/naturka.ee\/wp-content\/uploads\/2020\/12\/NaturkaShoot-77-copy.jpg\",\"width\":1800,\"height\":1373},{\"@type\":\"BreadcrumbList\",\"@id\":\"https:\/\/naturka.ee\/lv\/toode\/virsik-koige-maitsev\/#breadcrumb\",\"itemListElement\":[{\"@type\":\"ListItem\",\"position\":1,\"name\":\"Home\",\"item\":\"https:\/\/naturka.ee\/lv\/home\/\"},{\"@type\":\"ListItem\",\"position\":2,\"name\":\"Pood\",\"item\":\"https:\/\/naturka.ee\/shop\/\"},{\"@type\":\"ListItem\",\"position\":3,\"name\":\"P\u00e4ikesekuiv. virsik\"}]},{\"@type\":\"WebSite\",\"@id\":\"https:\/\/naturka.ee\/lv\/#website\",\"url\":\"https:\/\/naturka.ee\/lv\/\",\"name\":\"Naturka\",\"description\":\"\",\"potentialAction\":[{\"@type\":\"SearchAction\",\"target\":{\"@type\":\"EntryPoint\",\"urlTemplate\":\"https:\/\/naturka.ee\/lv\/?s={search_term_string}\"},\"query-input\":\"required name=search_term_string\"}],\"inLanguage\":\"lv-LV\"}]}<\/script>\n<!-- \/ Yoast SEO plugin. -->","yoast_head_json":{"title":"P\u00e4ikesekuiv. virsik - Naturka","robots":{"index":"index","follow":"follow","max-snippet":"max-snippet:-1","max-image-preview":"max-image-preview:large","max-video-preview":"max-video-preview:-1"},"canonical":"https:\/\/naturka.ee\/lv\/toode\/virsik-koige-maitsev\/","og_locale":"lv_LV","og_type":"article","og_title":"P\u00e4ikesekuiv. virsik - Naturka","og_description":"Armeeniast p\u00e4rit p\u00e4ikesekuivatatud virsik on t\u00f5esti sama hea, kui v\u00e4rske virsik!  Virsik on ka vitamiinide allikas, sisaldab C-vitamiini, A-vitamiini, E-vitamiini, K-vitamiini, niatsiini, tiamiini, riboflaviini, B6-vitamiini ja folaate ning pantoteenhapet ehk B5-vitamiini. Ei sisalda lisatud suhkrut.  Ideaalne vahepala kaaluj\u00e4lgijatele!  S\u00e4ilitada jahedas ja kuivas kohas, kaitstud otsese p\u00e4ikesevalguse eest.","og_url":"https:\/\/naturka.ee\/lv\/toode\/virsik-koige-maitsev\/","og_site_name":"Naturka","article_modified_time":"2026-05-01T18:57:55+00:00","og_image":[{"width":1800,"height":1373,"url":"https:\/\/naturka.ee\/wp-content\/uploads\/2020\/12\/NaturkaShoot-77-copy.jpg","type":"image\/jpeg"}],"twitter_card":"summary_large_image","schema":{"@context":"https:\/\/schema.org","@graph":[{"@type":"WebPage","@id":"https:\/\/naturka.ee\/lv\/toode\/virsik-koige-maitsev\/","url":"https:\/\/naturka.ee\/lv\/toode\/virsik-koige-maitsev\/","name":"P\u00e4ikesekuiv. virsik - Naturka","isPartOf":{"@id":"https:\/\/naturka.ee\/lv\/#website"},"primaryImageOfPage":{"@id":"https:\/\/naturka.ee\/lv\/toode\/virsik-koige-maitsev\/#primaryimage"},"image":{"@id":"https:\/\/naturka.ee\/lv\/toode\/virsik-koige-maitsev\/#primaryimage"},"thumbnailUrl":"https:\/\/naturka.ee\/wp-content\/uploads\/2020\/12\/NaturkaShoot-77-copy.jpg","datePublished":"2021-07-25T21:08:57+00:00","dateModified":"2026-05-01T18:57:55+00:00","breadcrumb":{"@id":"https:\/\/naturka.ee\/lv\/toode\/virsik-koige-maitsev\/#breadcrumb"},"inLanguage":"lv-LV","potentialAction":[{"@type":"ReadAction","target":["https:\/\/naturka.ee\/lv\/toode\/virsik-koige-maitsev\/"]}]},{"@type":"ImageObject","inLanguage":"lv-LV","@id":"https:\/\/naturka.ee\/lv\/toode\/virsik-koige-maitsev\/#primaryimage","url":"https:\/\/naturka.ee\/wp-content\/uploads\/2020\/12\/NaturkaShoot-77-copy.jpg","contentUrl":"https:\/\/naturka.ee\/wp-content\/uploads\/2020\/12\/NaturkaShoot-77-copy.jpg","width":1800,"height":1373},{"@type":"BreadcrumbList","@id":"https:\/\/naturka.ee\/lv\/toode\/virsik-koige-maitsev\/#breadcrumb","itemListElement":[{"@type":"ListItem","position":1,"name":"Home","item":"https:\/\/naturka.ee\/lv\/home\/"},{"@type":"ListItem","position":2,"name":"Pood","item":"https:\/\/naturka.ee\/shop\/"},{"@type":"ListItem","position":3,"name":"P\u00e4ikesekuiv. virsik"}]},{"@type":"WebSite","@id":"https:\/\/naturka.ee\/lv\/#website","url":"https:\/\/naturka.ee\/lv\/","name":"Naturka","description":"","potentialAction":[{"@type":"SearchAction","target":{"@type":"EntryPoint","urlTemplate":"https:\/\/naturka.ee\/lv\/?s={search_term_string}"},"query-input":"required name=search_term_string"}],"inLanguage":"lv-LV"}]}},"_links":{"self":[{"href":"https:\/\/naturka.ee\/lv\/wp-json\/wp\/v2\/product\/732","targetHints":{"allow":["GET"]}}],"collection":[{"href":"https:\/\/naturka.ee\/lv\/wp-json\/wp\/v2\/product"}],"about":[{"href":"https:\/\/naturka.ee\/lv\/wp-json\/wp\/v2\/types\/product"}],"wp:featuredmedia":[{"embeddable":true,"href":"https:\/\/naturka.ee\/lv\/wp-json\/wp\/v2\/media\/25535"}],"wp:attachment":[{"href":"https:\/\/naturka.ee\/lv\/wp-json\/wp\/v2\/media?parent=732"}],"wp:term":[{"taxonomy":"product_cat","embeddable":true,"href":"https:\/\/naturka.ee\/lv\/wp-json\/wp\/v2\/product_cat?post=732"},{"taxonomy":"product_tag","embeddable":true,"href":"https:\/\/naturka.ee\/lv\/wp-json\/wp\/v2\/product_tag?post=732"}],"curies":[{"name":"wp","href":"https:\/\/api.w.org\/{rel}","templated":true}]}}