{"id":715,"date":"2021-01-15T11:16:30","date_gmt":"2021-07-25T20:35:47","guid":{"rendered":"https:\/\/naturka.ee\/?post_type=product&#038;p=715"},"modified":"2023-12-16T17:17:53","modified_gmt":"2023-12-16T15:17:53","slug":"rost-mandel-koorega","status":"publish","type":"product","link":"https:\/\/naturka.ee\/lv\/toode\/rost-mandel-koorega\/","title":{"rendered":"R\u00f6st. mandel koorega"},"content":{"rendered":"","protected":false},"excerpt":{"rendered":"<p>Uus mandel, mis ei sarnane teistega, tuleb Afganistanist v\u00f5i Usbekistani l\u00f5unaosast. Paljud arvavad, et tegemist on tavalise mandliga, mis on kestas, kuid see on absoluutselt teine mandlisort. Ta on pehmelt kr\u00f5be ja omab autentset magusat maitset. Erakordne p\u00e4hkel!<\/p>\n","protected":false},"featured_media":1436,"template":"","meta":{"inline_featured_image":false},"product_cat":[232,231],"product_tag":[],"class_list":["post-715","product","type-product","status-publish","has-post-thumbnail","hentry","product_cat-one-and-only-in-europe-lv","product_cat-rieksti"],"supplier_id":null,"supplier_sku":"","barcode":null,"atum_controlled":true,"out_stock_date":"2023-12-16 15:17:54","out_stock_threshold":null,"inheritable":false,"inbound_stock":0,"stock_on_hold":0,"sold_today":0,"sales_last_days":0,"reserved_stock":0,"customer_returns":0,"warehouse_damage":0,"lost_in_post":0,"other_logs":0,"out_stock_days":865,"lost_sales":0,"has_location":false,"update_date":"2026-04-29T15:59:05","atum_locations":[],"atum_stock_status":"outofstock","restock_status":false,"low_stock_amount":"","sales_update_date":"2026-04-29T15:59:05","calc_backorders":null,"yoast_head":"<!-- This site is optimized with the Yoast SEO plugin v22.6 - https:\/\/yoast.com\/wordpress\/plugins\/seo\/ -->\n<title>R\u00f6st. mandel koorega - Naturka<\/title>\n<meta name=\"robots\" content=\"index, follow, max-snippet:-1, max-image-preview:large, max-video-preview:-1\" \/>\n<link rel=\"canonical\" href=\"https:\/\/naturka.ee\/lv\/toode\/rost-mandel-koorega\/\" \/>\n<meta property=\"og:locale\" content=\"lv_LV\" \/>\n<meta property=\"og:type\" content=\"article\" \/>\n<meta property=\"og:title\" content=\"R\u00f6st. mandel koorega - Naturka\" \/>\n<meta property=\"og:description\" content=\"Uus mandel, mis ei sarnane teistega, tuleb Afganistanist v\u00f5i Usbekistani l\u00f5unaosast. Paljud arvavad, et tegemist on tavalise mandliga, mis on kestas, kuid see on absoluutselt teine mandlisort. Ta on pehmelt kr\u00f5be ja omab autentset magusat maitset. Erakordne p\u00e4hkel!\" \/>\n<meta property=\"og:url\" content=\"https:\/\/naturka.ee\/lv\/toode\/rost-mandel-koorega\/\" \/>\n<meta property=\"og:site_name\" content=\"Naturka\" \/>\n<meta property=\"article:modified_time\" content=\"2023-12-16T15:17:53+00:00\" \/>\n<meta property=\"og:image\" content=\"https:\/\/naturka.ee\/wp-content\/uploads\/2021\/01\/28.-\u041c\u0438\u043d\u0434\u0430\u043b\u044c-\u0432-\u0441\u043a\u043e\u0440\u043b\u0443\u043f\u0435-scaled.jpg\" \/>\n\t<meta property=\"og:image:width\" content=\"2560\" \/>\n\t<meta property=\"og:image:height\" content=\"1709\" \/>\n\t<meta property=\"og:image:type\" content=\"image\/jpeg\" \/>\n<meta name=\"twitter:card\" content=\"summary_large_image\" \/>\n<script type=\"application\/ld+json\" class=\"yoast-schema-graph\">{\"@context\":\"https:\/\/schema.org\",\"@graph\":[{\"@type\":\"WebPage\",\"@id\":\"https:\/\/naturka.ee\/lv\/toode\/rost-mandel-koorega\/\",\"url\":\"https:\/\/naturka.ee\/lv\/toode\/rost-mandel-koorega\/\",\"name\":\"R\u00f6st. mandel koorega - Naturka\",\"isPartOf\":{\"@id\":\"https:\/\/naturka.ee\/lv\/#website\"},\"primaryImageOfPage\":{\"@id\":\"https:\/\/naturka.ee\/lv\/toode\/rost-mandel-koorega\/#primaryimage\"},\"image\":{\"@id\":\"https:\/\/naturka.ee\/lv\/toode\/rost-mandel-koorega\/#primaryimage\"},\"thumbnailUrl\":\"https:\/\/naturka.ee\/wp-content\/uploads\/2021\/01\/28.-\u041c\u0438\u043d\u0434\u0430\u043b\u044c-\u0432-\u0441\u043a\u043e\u0440\u043b\u0443\u043f\u0435-scaled.jpg\",\"datePublished\":\"2021-07-25T20:35:47+00:00\",\"dateModified\":\"2023-12-16T15:17:53+00:00\",\"breadcrumb\":{\"@id\":\"https:\/\/naturka.ee\/lv\/toode\/rost-mandel-koorega\/#breadcrumb\"},\"inLanguage\":\"lv-LV\",\"potentialAction\":[{\"@type\":\"ReadAction\",\"target\":[\"https:\/\/naturka.ee\/lv\/toode\/rost-mandel-koorega\/\"]}]},{\"@type\":\"ImageObject\",\"inLanguage\":\"lv-LV\",\"@id\":\"https:\/\/naturka.ee\/lv\/toode\/rost-mandel-koorega\/#primaryimage\",\"url\":\"https:\/\/naturka.ee\/wp-content\/uploads\/2021\/01\/28.-\u041c\u0438\u043d\u0434\u0430\u043b\u044c-\u0432-\u0441\u043a\u043e\u0440\u043b\u0443\u043f\u0435-scaled.jpg\",\"contentUrl\":\"https:\/\/naturka.ee\/wp-content\/uploads\/2021\/01\/28.-\u041c\u0438\u043d\u0434\u0430\u043b\u044c-\u0432-\u0441\u043a\u043e\u0440\u043b\u0443\u043f\u0435-scaled.jpg\",\"width\":2560,\"height\":1709},{\"@type\":\"BreadcrumbList\",\"@id\":\"https:\/\/naturka.ee\/lv\/toode\/rost-mandel-koorega\/#breadcrumb\",\"itemListElement\":[{\"@type\":\"ListItem\",\"position\":1,\"name\":\"Home\",\"item\":\"https:\/\/naturka.ee\/lv\/home\/\"},{\"@type\":\"ListItem\",\"position\":2,\"name\":\"Pood\",\"item\":\"https:\/\/naturka.ee\/shop\/\"},{\"@type\":\"ListItem\",\"position\":3,\"name\":\"R\u00f6st. mandel koorega\"}]},{\"@type\":\"WebSite\",\"@id\":\"https:\/\/naturka.ee\/lv\/#website\",\"url\":\"https:\/\/naturka.ee\/lv\/\",\"name\":\"Naturka\",\"description\":\"\",\"potentialAction\":[{\"@type\":\"SearchAction\",\"target\":{\"@type\":\"EntryPoint\",\"urlTemplate\":\"https:\/\/naturka.ee\/lv\/?s={search_term_string}\"},\"query-input\":\"required name=search_term_string\"}],\"inLanguage\":\"lv-LV\"}]}<\/script>\n<!-- \/ Yoast SEO plugin. -->","yoast_head_json":{"title":"R\u00f6st. mandel koorega - Naturka","robots":{"index":"index","follow":"follow","max-snippet":"max-snippet:-1","max-image-preview":"max-image-preview:large","max-video-preview":"max-video-preview:-1"},"canonical":"https:\/\/naturka.ee\/lv\/toode\/rost-mandel-koorega\/","og_locale":"lv_LV","og_type":"article","og_title":"R\u00f6st. mandel koorega - Naturka","og_description":"Uus mandel, mis ei sarnane teistega, tuleb Afganistanist v\u00f5i Usbekistani l\u00f5unaosast. Paljud arvavad, et tegemist on tavalise mandliga, mis on kestas, kuid see on absoluutselt teine mandlisort. Ta on pehmelt kr\u00f5be ja omab autentset magusat maitset. Erakordne p\u00e4hkel!","og_url":"https:\/\/naturka.ee\/lv\/toode\/rost-mandel-koorega\/","og_site_name":"Naturka","article_modified_time":"2023-12-16T15:17:53+00:00","og_image":[{"width":2560,"height":1709,"url":"https:\/\/naturka.ee\/wp-content\/uploads\/2021\/01\/28.-\u041c\u0438\u043d\u0434\u0430\u043b\u044c-\u0432-\u0441\u043a\u043e\u0440\u043b\u0443\u043f\u0435-scaled.jpg","type":"image\/jpeg"}],"twitter_card":"summary_large_image","schema":{"@context":"https:\/\/schema.org","@graph":[{"@type":"WebPage","@id":"https:\/\/naturka.ee\/lv\/toode\/rost-mandel-koorega\/","url":"https:\/\/naturka.ee\/lv\/toode\/rost-mandel-koorega\/","name":"R\u00f6st. mandel koorega - Naturka","isPartOf":{"@id":"https:\/\/naturka.ee\/lv\/#website"},"primaryImageOfPage":{"@id":"https:\/\/naturka.ee\/lv\/toode\/rost-mandel-koorega\/#primaryimage"},"image":{"@id":"https:\/\/naturka.ee\/lv\/toode\/rost-mandel-koorega\/#primaryimage"},"thumbnailUrl":"https:\/\/naturka.ee\/wp-content\/uploads\/2021\/01\/28.-\u041c\u0438\u043d\u0434\u0430\u043b\u044c-\u0432-\u0441\u043a\u043e\u0440\u043b\u0443\u043f\u0435-scaled.jpg","datePublished":"2021-07-25T20:35:47+00:00","dateModified":"2023-12-16T15:17:53+00:00","breadcrumb":{"@id":"https:\/\/naturka.ee\/lv\/toode\/rost-mandel-koorega\/#breadcrumb"},"inLanguage":"lv-LV","potentialAction":[{"@type":"ReadAction","target":["https:\/\/naturka.ee\/lv\/toode\/rost-mandel-koorega\/"]}]},{"@type":"ImageObject","inLanguage":"lv-LV","@id":"https:\/\/naturka.ee\/lv\/toode\/rost-mandel-koorega\/#primaryimage","url":"https:\/\/naturka.ee\/wp-content\/uploads\/2021\/01\/28.-\u041c\u0438\u043d\u0434\u0430\u043b\u044c-\u0432-\u0441\u043a\u043e\u0440\u043b\u0443\u043f\u0435-scaled.jpg","contentUrl":"https:\/\/naturka.ee\/wp-content\/uploads\/2021\/01\/28.-\u041c\u0438\u043d\u0434\u0430\u043b\u044c-\u0432-\u0441\u043a\u043e\u0440\u043b\u0443\u043f\u0435-scaled.jpg","width":2560,"height":1709},{"@type":"BreadcrumbList","@id":"https:\/\/naturka.ee\/lv\/toode\/rost-mandel-koorega\/#breadcrumb","itemListElement":[{"@type":"ListItem","position":1,"name":"Home","item":"https:\/\/naturka.ee\/lv\/home\/"},{"@type":"ListItem","position":2,"name":"Pood","item":"https:\/\/naturka.ee\/shop\/"},{"@type":"ListItem","position":3,"name":"R\u00f6st. mandel koorega"}]},{"@type":"WebSite","@id":"https:\/\/naturka.ee\/lv\/#website","url":"https:\/\/naturka.ee\/lv\/","name":"Naturka","description":"","potentialAction":[{"@type":"SearchAction","target":{"@type":"EntryPoint","urlTemplate":"https:\/\/naturka.ee\/lv\/?s={search_term_string}"},"query-input":"required name=search_term_string"}],"inLanguage":"lv-LV"}]}},"_links":{"self":[{"href":"https:\/\/naturka.ee\/lv\/wp-json\/wp\/v2\/product\/715","targetHints":{"allow":["GET"]}}],"collection":[{"href":"https:\/\/naturka.ee\/lv\/wp-json\/wp\/v2\/product"}],"about":[{"href":"https:\/\/naturka.ee\/lv\/wp-json\/wp\/v2\/types\/product"}],"wp:featuredmedia":[{"embeddable":true,"href":"https:\/\/naturka.ee\/lv\/wp-json\/wp\/v2\/media\/1436"}],"wp:attachment":[{"href":"https:\/\/naturka.ee\/lv\/wp-json\/wp\/v2\/media?parent=715"}],"wp:term":[{"taxonomy":"product_cat","embeddable":true,"href":"https:\/\/naturka.ee\/lv\/wp-json\/wp\/v2\/product_cat?post=715"},{"taxonomy":"product_tag","embeddable":true,"href":"https:\/\/naturka.ee\/lv\/wp-json\/wp\/v2\/product_tag?post=715"}],"curies":[{"name":"wp","href":"https:\/\/api.w.org\/{rel}","templated":true}]}}