{"id":4540,"date":"2022-06-14T02:26:38","date_gmt":"2022-06-13T23:26:38","guid":{"rendered":"https:\/\/naturka.ee\/product\/dried-apple-extremely-tasty\/"},"modified":"2025-12-19T01:23:14","modified_gmt":"2025-12-18T23:23:14","slug":"dried-apple-extremely-tasty","status":"publish","type":"product","link":"https:\/\/naturka.ee\/lv\/toode\/dried-apple-extremely-tasty\/","title":{"rendered":"\u00d5unad"},"content":{"rendered":"","protected":false},"excerpt":{"rendered":"<p>K\u00f5ige naturaalsemad ja pehmed \u00f5unad otse Armeeniast! Isu\u00e4ratav ja hell maitse, millesse armub iga\u00fcks!<\/p>\n<p>P\u00e4ikesekuivatatud \u00f5unad &#8211; \u00f5rnad pooleks l\u00f5igatud \u00f5unad, pehmed ja sametised.<\/p>\n<p><span data-sheets-root=\"1\" data-sheets-value=\"{\" data-sheets-userformat=\"{\">S\u00e4ilitada jahedas ja kuivas kohas, kaitstud otsese p\u00e4ikesevalguse eest.<\/span><\/p>\n","protected":false},"featured_media":26263,"template":"","meta":{"inline_featured_image":false},"product_cat":[160,162,161,163],"product_tag":[],"class_list":["post-4540","product","type-product","status-publish","has-post-thumbnail","hentry","product_cat-armenian-dried-fruits-fi","product_cat-one-and-only-in-europe-fi","product_cat-dried-fruits-fi","product_cat-no-added-sugar-fi"],"supplier_id":null,"supplier_sku":"","barcode":null,"atum_controlled":true,"out_stock_date":"2025-12-18 23:23:14","out_stock_threshold":null,"inheritable":false,"inbound_stock":0,"stock_on_hold":1,"sold_today":0,"sales_last_days":0,"reserved_stock":0,"customer_returns":0,"warehouse_damage":0,"lost_in_post":0,"other_logs":0,"out_stock_days":139,"lost_sales":0,"has_location":false,"update_date":"2026-05-07T05:53:41","atum_locations":[],"atum_stock_status":"outofstock","restock_status":false,"low_stock_amount":"","sales_update_date":"2026-05-07T05:53:41","calc_backorders":null,"yoast_head":"<!-- This site is optimized with the Yoast SEO plugin v22.6 - https:\/\/yoast.com\/wordpress\/plugins\/seo\/ -->\n<title>\u00d5unad - Naturka<\/title>\n<meta name=\"robots\" content=\"index, follow, max-snippet:-1, max-image-preview:large, max-video-preview:-1\" \/>\n<link rel=\"canonical\" href=\"https:\/\/naturka.ee\/lv\/toode\/dried-apple-extremely-tasty\/\" \/>\n<meta property=\"og:locale\" content=\"lv_LV\" \/>\n<meta property=\"og:type\" content=\"article\" \/>\n<meta property=\"og:title\" content=\"\u00d5unad - Naturka\" \/>\n<meta property=\"og:description\" content=\"K\u00f5ige naturaalsemad ja pehmed \u00f5unad otse Armeeniast! Isu\u00e4ratav ja hell maitse, millesse armub iga\u00fcks!  P\u00e4ikesekuivatatud \u00f5unad - \u00f5rnad pooleks l\u00f5igatud \u00f5unad, pehmed ja sametised.  S\u00e4ilitada jahedas ja kuivas kohas, kaitstud otsese p\u00e4ikesevalguse eest.\" \/>\n<meta property=\"og:url\" content=\"https:\/\/naturka.ee\/lv\/toode\/dried-apple-extremely-tasty\/\" \/>\n<meta property=\"og:site_name\" content=\"Naturka\" \/>\n<meta property=\"article:modified_time\" content=\"2025-12-18T23:23:14+00:00\" \/>\n<meta property=\"og:image\" content=\"https:\/\/naturka.ee\/wp-content\/uploads\/2024\/04\/63.jpg\" \/>\n\t<meta property=\"og:image:width\" content=\"1800\" \/>\n\t<meta property=\"og:image:height\" content=\"1373\" \/>\n\t<meta property=\"og:image:type\" content=\"image\/jpeg\" \/>\n<meta name=\"twitter:card\" content=\"summary_large_image\" \/>\n<script type=\"application\/ld+json\" class=\"yoast-schema-graph\">{\"@context\":\"https:\/\/schema.org\",\"@graph\":[{\"@type\":\"WebPage\",\"@id\":\"https:\/\/naturka.ee\/lv\/toode\/dried-apple-extremely-tasty\/\",\"url\":\"https:\/\/naturka.ee\/lv\/toode\/dried-apple-extremely-tasty\/\",\"name\":\"\u00d5unad - Naturka\",\"isPartOf\":{\"@id\":\"https:\/\/naturka.ee\/lv\/#website\"},\"primaryImageOfPage\":{\"@id\":\"https:\/\/naturka.ee\/lv\/toode\/dried-apple-extremely-tasty\/#primaryimage\"},\"image\":{\"@id\":\"https:\/\/naturka.ee\/lv\/toode\/dried-apple-extremely-tasty\/#primaryimage\"},\"thumbnailUrl\":\"https:\/\/naturka.ee\/wp-content\/uploads\/2024\/04\/63.jpg\",\"datePublished\":\"2022-06-13T23:26:38+00:00\",\"dateModified\":\"2025-12-18T23:23:14+00:00\",\"breadcrumb\":{\"@id\":\"https:\/\/naturka.ee\/lv\/toode\/dried-apple-extremely-tasty\/#breadcrumb\"},\"inLanguage\":\"lv-LV\",\"potentialAction\":[{\"@type\":\"ReadAction\",\"target\":[\"https:\/\/naturka.ee\/lv\/toode\/dried-apple-extremely-tasty\/\"]}]},{\"@type\":\"ImageObject\",\"inLanguage\":\"lv-LV\",\"@id\":\"https:\/\/naturka.ee\/lv\/toode\/dried-apple-extremely-tasty\/#primaryimage\",\"url\":\"https:\/\/naturka.ee\/wp-content\/uploads\/2024\/04\/63.jpg\",\"contentUrl\":\"https:\/\/naturka.ee\/wp-content\/uploads\/2024\/04\/63.jpg\",\"width\":1800,\"height\":1373},{\"@type\":\"BreadcrumbList\",\"@id\":\"https:\/\/naturka.ee\/lv\/toode\/dried-apple-extremely-tasty\/#breadcrumb\",\"itemListElement\":[{\"@type\":\"ListItem\",\"position\":1,\"name\":\"Home\",\"item\":\"https:\/\/naturka.ee\/lv\/home\/\"},{\"@type\":\"ListItem\",\"position\":2,\"name\":\"Pood\",\"item\":\"https:\/\/naturka.ee\/shop\/\"},{\"@type\":\"ListItem\",\"position\":3,\"name\":\"\u00d5unad\"}]},{\"@type\":\"WebSite\",\"@id\":\"https:\/\/naturka.ee\/lv\/#website\",\"url\":\"https:\/\/naturka.ee\/lv\/\",\"name\":\"Naturka\",\"description\":\"\",\"potentialAction\":[{\"@type\":\"SearchAction\",\"target\":{\"@type\":\"EntryPoint\",\"urlTemplate\":\"https:\/\/naturka.ee\/lv\/?s={search_term_string}\"},\"query-input\":\"required name=search_term_string\"}],\"inLanguage\":\"lv-LV\"}]}<\/script>\n<!-- \/ Yoast SEO plugin. -->","yoast_head_json":{"title":"\u00d5unad - Naturka","robots":{"index":"index","follow":"follow","max-snippet":"max-snippet:-1","max-image-preview":"max-image-preview:large","max-video-preview":"max-video-preview:-1"},"canonical":"https:\/\/naturka.ee\/lv\/toode\/dried-apple-extremely-tasty\/","og_locale":"lv_LV","og_type":"article","og_title":"\u00d5unad - Naturka","og_description":"K\u00f5ige naturaalsemad ja pehmed \u00f5unad otse Armeeniast! Isu\u00e4ratav ja hell maitse, millesse armub iga\u00fcks!  P\u00e4ikesekuivatatud \u00f5unad - \u00f5rnad pooleks l\u00f5igatud \u00f5unad, pehmed ja sametised.  S\u00e4ilitada jahedas ja kuivas kohas, kaitstud otsese p\u00e4ikesevalguse eest.","og_url":"https:\/\/naturka.ee\/lv\/toode\/dried-apple-extremely-tasty\/","og_site_name":"Naturka","article_modified_time":"2025-12-18T23:23:14+00:00","og_image":[{"width":1800,"height":1373,"url":"https:\/\/naturka.ee\/wp-content\/uploads\/2024\/04\/63.jpg","type":"image\/jpeg"}],"twitter_card":"summary_large_image","schema":{"@context":"https:\/\/schema.org","@graph":[{"@type":"WebPage","@id":"https:\/\/naturka.ee\/lv\/toode\/dried-apple-extremely-tasty\/","url":"https:\/\/naturka.ee\/lv\/toode\/dried-apple-extremely-tasty\/","name":"\u00d5unad - Naturka","isPartOf":{"@id":"https:\/\/naturka.ee\/lv\/#website"},"primaryImageOfPage":{"@id":"https:\/\/naturka.ee\/lv\/toode\/dried-apple-extremely-tasty\/#primaryimage"},"image":{"@id":"https:\/\/naturka.ee\/lv\/toode\/dried-apple-extremely-tasty\/#primaryimage"},"thumbnailUrl":"https:\/\/naturka.ee\/wp-content\/uploads\/2024\/04\/63.jpg","datePublished":"2022-06-13T23:26:38+00:00","dateModified":"2025-12-18T23:23:14+00:00","breadcrumb":{"@id":"https:\/\/naturka.ee\/lv\/toode\/dried-apple-extremely-tasty\/#breadcrumb"},"inLanguage":"lv-LV","potentialAction":[{"@type":"ReadAction","target":["https:\/\/naturka.ee\/lv\/toode\/dried-apple-extremely-tasty\/"]}]},{"@type":"ImageObject","inLanguage":"lv-LV","@id":"https:\/\/naturka.ee\/lv\/toode\/dried-apple-extremely-tasty\/#primaryimage","url":"https:\/\/naturka.ee\/wp-content\/uploads\/2024\/04\/63.jpg","contentUrl":"https:\/\/naturka.ee\/wp-content\/uploads\/2024\/04\/63.jpg","width":1800,"height":1373},{"@type":"BreadcrumbList","@id":"https:\/\/naturka.ee\/lv\/toode\/dried-apple-extremely-tasty\/#breadcrumb","itemListElement":[{"@type":"ListItem","position":1,"name":"Home","item":"https:\/\/naturka.ee\/lv\/home\/"},{"@type":"ListItem","position":2,"name":"Pood","item":"https:\/\/naturka.ee\/shop\/"},{"@type":"ListItem","position":3,"name":"\u00d5unad"}]},{"@type":"WebSite","@id":"https:\/\/naturka.ee\/lv\/#website","url":"https:\/\/naturka.ee\/lv\/","name":"Naturka","description":"","potentialAction":[{"@type":"SearchAction","target":{"@type":"EntryPoint","urlTemplate":"https:\/\/naturka.ee\/lv\/?s={search_term_string}"},"query-input":"required name=search_term_string"}],"inLanguage":"lv-LV"}]}},"_links":{"self":[{"href":"https:\/\/naturka.ee\/lv\/wp-json\/wp\/v2\/product\/4540","targetHints":{"allow":["GET"]}}],"collection":[{"href":"https:\/\/naturka.ee\/lv\/wp-json\/wp\/v2\/product"}],"about":[{"href":"https:\/\/naturka.ee\/lv\/wp-json\/wp\/v2\/types\/product"}],"wp:featuredmedia":[{"embeddable":true,"href":"https:\/\/naturka.ee\/lv\/wp-json\/wp\/v2\/media\/26263"}],"wp:attachment":[{"href":"https:\/\/naturka.ee\/lv\/wp-json\/wp\/v2\/media?parent=4540"}],"wp:term":[{"taxonomy":"product_cat","embeddable":true,"href":"https:\/\/naturka.ee\/lv\/wp-json\/wp\/v2\/product_cat?post=4540"},{"taxonomy":"product_tag","embeddable":true,"href":"https:\/\/naturka.ee\/lv\/wp-json\/wp\/v2\/product_tag?post=4540"}],"curies":[{"name":"wp","href":"https:\/\/api.w.org\/{rel}","templated":true}]}}