{"id":4511,"date":"2022-06-14T01:16:17","date_gmt":"2022-06-13T22:16:17","guid":{"rendered":"https:\/\/naturka.ee\/?post_type=product&#038;p=4511"},"modified":"2026-04-27T16:24:42","modified_gmt":"2026-04-27T13:24:42","slug":"hurmaa-piiratud-kogus-copy","status":"publish","type":"product","link":"https:\/\/naturka.ee\/lv\/toode\/hurmaa-piiratud-kogus-copy\/","title":{"rendered":"Churchkhela"},"content":{"rendered":"","protected":false},"excerpt":{"rendered":"<p>K\u00f5ige tuntum Kaukaasia rahvuslik delikatess n\u00fc\u00fcd ka Naturka poes &#8211; Churchkhela kreeka p\u00e4hklitega granaat\u00f5unamahlas! Loodusliku mahlaga t\u00e4idetud niidile keerutatud\u00a0 kreeka p\u00e4hklid.<\/p>\n<p>Sellest saab teie lemmik magustoit. Naudi ise ja paku ka s\u00f5brale!<\/p>\n<p>Valmistanud Armeenias.<\/p>\n<p>S\u00e4ilitada jahedas ja kuivas kohas, kaitstud otsese p\u00e4ikesevalguse eest.<\/p>\n","protected":false},"featured_media":26243,"template":"","meta":{"inline_featured_image":false},"product_cat":[104,86,94],"product_tag":[],"class_list":["post-4511","product","type-product","status-publish","has-post-thumbnail","hentry","product_cat-armeenia-kuivatatud-puuviljad","product_cat-kuivatatud-puuviljad","product_cat-eksklusiivsed-tooted"],"supplier_id":null,"supplier_sku":"","barcode":null,"atum_controlled":true,"out_stock_date":null,"out_stock_threshold":null,"inheritable":false,"inbound_stock":0,"stock_on_hold":1,"sold_today":0,"sales_last_days":0,"reserved_stock":0,"customer_returns":0,"warehouse_damage":0,"lost_in_post":0,"other_logs":0,"out_stock_days":0,"lost_sales":0,"has_location":false,"update_date":"2026-04-29T15:58:25","atum_locations":[],"atum_stock_status":"instock","restock_status":false,"low_stock_amount":"","sales_update_date":"2026-04-29T15:58:25","calc_backorders":null,"yoast_head":"<!-- This site is optimized with the Yoast SEO plugin v22.6 - https:\/\/yoast.com\/wordpress\/plugins\/seo\/ -->\n<title>Churchkhela - Naturka<\/title>\n<meta name=\"robots\" content=\"index, follow, max-snippet:-1, max-image-preview:large, max-video-preview:-1\" \/>\n<link rel=\"canonical\" href=\"https:\/\/naturka.ee\/lv\/toode\/hurmaa-piiratud-kogus-copy\/\" \/>\n<meta property=\"og:locale\" content=\"lv_LV\" \/>\n<meta property=\"og:type\" content=\"article\" \/>\n<meta property=\"og:title\" content=\"Churchkhela - Naturka\" \/>\n<meta property=\"og:description\" content=\"K\u00f5ige tuntum Kaukaasia rahvuslik delikatess n\u00fc\u00fcd ka Naturka poes - Churchkhela kreeka p\u00e4hklitega granaat\u00f5unamahlas! Loodusliku mahlaga t\u00e4idetud niidile keerutatud\u00a0 kreeka p\u00e4hklid.  Sellest saab teie lemmik magustoit. Naudi ise ja paku ka s\u00f5brale!  Valmistanud Armeenias.  S\u00e4ilitada jahedas ja kuivas kohas, kaitstud otsese p\u00e4ikesevalguse eest.\" \/>\n<meta property=\"og:url\" content=\"https:\/\/naturka.ee\/lv\/toode\/hurmaa-piiratud-kogus-copy\/\" \/>\n<meta property=\"og:site_name\" content=\"Naturka\" \/>\n<meta property=\"article:modified_time\" content=\"2026-04-27T13:24:42+00:00\" \/>\n<meta property=\"og:image\" content=\"https:\/\/naturka.ee\/wp-content\/uploads\/2024\/04\/59.jpg\" \/>\n\t<meta property=\"og:image:width\" content=\"1800\" \/>\n\t<meta property=\"og:image:height\" content=\"1373\" \/>\n\t<meta property=\"og:image:type\" content=\"image\/jpeg\" \/>\n<meta name=\"twitter:card\" content=\"summary_large_image\" \/>\n<script type=\"application\/ld+json\" class=\"yoast-schema-graph\">{\"@context\":\"https:\/\/schema.org\",\"@graph\":[{\"@type\":\"WebPage\",\"@id\":\"https:\/\/naturka.ee\/lv\/toode\/hurmaa-piiratud-kogus-copy\/\",\"url\":\"https:\/\/naturka.ee\/lv\/toode\/hurmaa-piiratud-kogus-copy\/\",\"name\":\"Churchkhela - Naturka\",\"isPartOf\":{\"@id\":\"https:\/\/naturka.ee\/lv\/#website\"},\"primaryImageOfPage\":{\"@id\":\"https:\/\/naturka.ee\/lv\/toode\/hurmaa-piiratud-kogus-copy\/#primaryimage\"},\"image\":{\"@id\":\"https:\/\/naturka.ee\/lv\/toode\/hurmaa-piiratud-kogus-copy\/#primaryimage\"},\"thumbnailUrl\":\"https:\/\/naturka.ee\/wp-content\/uploads\/2024\/04\/59.jpg\",\"datePublished\":\"2022-06-13T22:16:17+00:00\",\"dateModified\":\"2026-04-27T13:24:42+00:00\",\"breadcrumb\":{\"@id\":\"https:\/\/naturka.ee\/lv\/toode\/hurmaa-piiratud-kogus-copy\/#breadcrumb\"},\"inLanguage\":\"lv-LV\",\"potentialAction\":[{\"@type\":\"ReadAction\",\"target\":[\"https:\/\/naturka.ee\/lv\/toode\/hurmaa-piiratud-kogus-copy\/\"]}]},{\"@type\":\"ImageObject\",\"inLanguage\":\"lv-LV\",\"@id\":\"https:\/\/naturka.ee\/lv\/toode\/hurmaa-piiratud-kogus-copy\/#primaryimage\",\"url\":\"https:\/\/naturka.ee\/wp-content\/uploads\/2024\/04\/59.jpg\",\"contentUrl\":\"https:\/\/naturka.ee\/wp-content\/uploads\/2024\/04\/59.jpg\",\"width\":1800,\"height\":1373},{\"@type\":\"BreadcrumbList\",\"@id\":\"https:\/\/naturka.ee\/lv\/toode\/hurmaa-piiratud-kogus-copy\/#breadcrumb\",\"itemListElement\":[{\"@type\":\"ListItem\",\"position\":1,\"name\":\"Home\",\"item\":\"https:\/\/naturka.ee\/lv\/home\/\"},{\"@type\":\"ListItem\",\"position\":2,\"name\":\"Pood\",\"item\":\"https:\/\/naturka.ee\/shop\/\"},{\"@type\":\"ListItem\",\"position\":3,\"name\":\"Churchkhela\"}]},{\"@type\":\"WebSite\",\"@id\":\"https:\/\/naturka.ee\/lv\/#website\",\"url\":\"https:\/\/naturka.ee\/lv\/\",\"name\":\"Naturka\",\"description\":\"\",\"potentialAction\":[{\"@type\":\"SearchAction\",\"target\":{\"@type\":\"EntryPoint\",\"urlTemplate\":\"https:\/\/naturka.ee\/lv\/?s={search_term_string}\"},\"query-input\":\"required name=search_term_string\"}],\"inLanguage\":\"lv-LV\"}]}<\/script>\n<!-- \/ Yoast SEO plugin. -->","yoast_head_json":{"title":"Churchkhela - Naturka","robots":{"index":"index","follow":"follow","max-snippet":"max-snippet:-1","max-image-preview":"max-image-preview:large","max-video-preview":"max-video-preview:-1"},"canonical":"https:\/\/naturka.ee\/lv\/toode\/hurmaa-piiratud-kogus-copy\/","og_locale":"lv_LV","og_type":"article","og_title":"Churchkhela - Naturka","og_description":"K\u00f5ige tuntum Kaukaasia rahvuslik delikatess n\u00fc\u00fcd ka Naturka poes - Churchkhela kreeka p\u00e4hklitega granaat\u00f5unamahlas! Loodusliku mahlaga t\u00e4idetud niidile keerutatud\u00a0 kreeka p\u00e4hklid.  Sellest saab teie lemmik magustoit. Naudi ise ja paku ka s\u00f5brale!  Valmistanud Armeenias.  S\u00e4ilitada jahedas ja kuivas kohas, kaitstud otsese p\u00e4ikesevalguse eest.","og_url":"https:\/\/naturka.ee\/lv\/toode\/hurmaa-piiratud-kogus-copy\/","og_site_name":"Naturka","article_modified_time":"2026-04-27T13:24:42+00:00","og_image":[{"width":1800,"height":1373,"url":"https:\/\/naturka.ee\/wp-content\/uploads\/2024\/04\/59.jpg","type":"image\/jpeg"}],"twitter_card":"summary_large_image","schema":{"@context":"https:\/\/schema.org","@graph":[{"@type":"WebPage","@id":"https:\/\/naturka.ee\/lv\/toode\/hurmaa-piiratud-kogus-copy\/","url":"https:\/\/naturka.ee\/lv\/toode\/hurmaa-piiratud-kogus-copy\/","name":"Churchkhela - Naturka","isPartOf":{"@id":"https:\/\/naturka.ee\/lv\/#website"},"primaryImageOfPage":{"@id":"https:\/\/naturka.ee\/lv\/toode\/hurmaa-piiratud-kogus-copy\/#primaryimage"},"image":{"@id":"https:\/\/naturka.ee\/lv\/toode\/hurmaa-piiratud-kogus-copy\/#primaryimage"},"thumbnailUrl":"https:\/\/naturka.ee\/wp-content\/uploads\/2024\/04\/59.jpg","datePublished":"2022-06-13T22:16:17+00:00","dateModified":"2026-04-27T13:24:42+00:00","breadcrumb":{"@id":"https:\/\/naturka.ee\/lv\/toode\/hurmaa-piiratud-kogus-copy\/#breadcrumb"},"inLanguage":"lv-LV","potentialAction":[{"@type":"ReadAction","target":["https:\/\/naturka.ee\/lv\/toode\/hurmaa-piiratud-kogus-copy\/"]}]},{"@type":"ImageObject","inLanguage":"lv-LV","@id":"https:\/\/naturka.ee\/lv\/toode\/hurmaa-piiratud-kogus-copy\/#primaryimage","url":"https:\/\/naturka.ee\/wp-content\/uploads\/2024\/04\/59.jpg","contentUrl":"https:\/\/naturka.ee\/wp-content\/uploads\/2024\/04\/59.jpg","width":1800,"height":1373},{"@type":"BreadcrumbList","@id":"https:\/\/naturka.ee\/lv\/toode\/hurmaa-piiratud-kogus-copy\/#breadcrumb","itemListElement":[{"@type":"ListItem","position":1,"name":"Home","item":"https:\/\/naturka.ee\/lv\/home\/"},{"@type":"ListItem","position":2,"name":"Pood","item":"https:\/\/naturka.ee\/shop\/"},{"@type":"ListItem","position":3,"name":"Churchkhela"}]},{"@type":"WebSite","@id":"https:\/\/naturka.ee\/lv\/#website","url":"https:\/\/naturka.ee\/lv\/","name":"Naturka","description":"","potentialAction":[{"@type":"SearchAction","target":{"@type":"EntryPoint","urlTemplate":"https:\/\/naturka.ee\/lv\/?s={search_term_string}"},"query-input":"required name=search_term_string"}],"inLanguage":"lv-LV"}]}},"_links":{"self":[{"href":"https:\/\/naturka.ee\/lv\/wp-json\/wp\/v2\/product\/4511","targetHints":{"allow":["GET"]}}],"collection":[{"href":"https:\/\/naturka.ee\/lv\/wp-json\/wp\/v2\/product"}],"about":[{"href":"https:\/\/naturka.ee\/lv\/wp-json\/wp\/v2\/types\/product"}],"wp:featuredmedia":[{"embeddable":true,"href":"https:\/\/naturka.ee\/lv\/wp-json\/wp\/v2\/media\/26243"}],"wp:attachment":[{"href":"https:\/\/naturka.ee\/lv\/wp-json\/wp\/v2\/media?parent=4511"}],"wp:term":[{"taxonomy":"product_cat","embeddable":true,"href":"https:\/\/naturka.ee\/lv\/wp-json\/wp\/v2\/product_cat?post=4511"},{"taxonomy":"product_tag","embeddable":true,"href":"https:\/\/naturka.ee\/lv\/wp-json\/wp\/v2\/product_tag?post=4511"}],"curies":[{"name":"wp","href":"https:\/\/api.w.org\/{rel}","templated":true}]}}