{"id":30680,"date":"2024-12-16T21:40:59","date_gmt":"2024-12-16T19:41:00","guid":{"rendered":"https:\/\/naturka.ee\/?post_type=product&#038;p=30680"},"modified":"2024-12-16T21:47:38","modified_gmt":"2024-12-16T19:47:38","slug":"mango-1kg","status":"publish","type":"product","link":"https:\/\/naturka.ee\/lv\/product\/mango-1kg\/","title":{"rendered":"Mango 1kg"},"content":{"rendered":"","protected":false},"excerpt":{"rendered":"<p id=\"tw-target-text\" class=\"tw-data-text tw-text-large tw-ta\" dir=\"ltr\" data-placeholder=\"Translation\" aria-label=\"Translated text\" data-ved=\"2ahUKEwiCxOuNsriHAxXYGBAIHUQ1AsMQ3ewLegQIBxAU\"><b>1kg mango = 4 x 250g<\/b><\/p>\n<p class=\"tw-data-text tw-text-large tw-ta\" dir=\"ltr\" data-placeholder=\"Translation\" aria-label=\"Translated text\" data-ved=\"2ahUKEwiCxOuNsriHAxXYGBAIHUQ1AsMQ3ewLegQIBxAU\"><span class=\"Y2IQFc\" lang=\"lv\">\u0160ie zelta t\u012brrad\u0146i sev\u012b sl\u0113pj nere\u0101lu baudu! Apet\u012bti rosino\u0161s un maigs mango, kur\u0101 iem\u012bl\u0113sies ikviens! Maigi sk\u0101bais mango k\u016bst mut\u0113 un neatst\u0101j vienaldz\u012bgus. Ar zemu cukura saturu (tikai 5%) tas satur vair\u0101k nek\u0101 20 vitam\u012bnus un miner\u0101lvielas vesel\u012bgam uzturam un di\u0113tai!<\/span><\/p>\n<p id=\"tw-target-text\" class=\"tw-data-text tw-text-large tw-ta\" dir=\"ltr\" data-placeholder=\"Translation\" data-ved=\"2ahUKEwip0-CChduIAxUyJRAIHZrDFbMQ3ewLegQICBAU\" aria-label=\"Translated text: Sast\u0101vs: mango, cukurs (5%), citronsk\u0101be Uzturv\u0113rt\u012bbas inform\u0101cija uz 100g: ener\u0123\u0113tiskais saturs 1398,39 kJ\/334 kcal, tauki 0,49g, no tiem pies\u0101tin\u0101t\u0101s tauksk\u0101bes 0,02g; og\u013chidr\u0101ti 80,7g, no tiem cukuri 49,5g, olbaltumvielas 1,68g, s\u0101ls 0g.\"><span class=\"Y2IQFc\" lang=\"lv\">Sast\u0101vs: mango, cukurs (5%), citronsk\u0101be <\/span><\/p>\n<p class=\"tw-data-text tw-text-large tw-ta\" dir=\"ltr\" data-placeholder=\"Translation\" data-ved=\"2ahUKEwip0-CChduIAxUyJRAIHZrDFbMQ3ewLegQICBAU\" aria-label=\"Translated text: Sast\u0101vs: mango, cukurs (5%), citronsk\u0101be Uzturv\u0113rt\u012bbas inform\u0101cija uz 100g: ener\u0123\u0113tiskais saturs 1398,39 kJ\/334 kcal, tauki 0,49g, no tiem pies\u0101tin\u0101t\u0101s tauksk\u0101bes 0,02g; og\u013chidr\u0101ti 80,7g, no tiem cukuri 49,5g, olbaltumvielas 1,68g, s\u0101ls 0g.\"><span class=\"Y2IQFc\" lang=\"lv\">Uzturv\u0113rt\u012bbas inform\u0101cija uz 100g: ener\u0123\u0113tiskais saturs 1398,39 kJ\/334 kcal, tauki 0,49g, no tiem pies\u0101tin\u0101t\u0101s tauksk\u0101bes 0,02g; og\u013chidr\u0101ti 80,7g, no tiem cukuri 49,5g, olbaltumvielas 1,68g, s\u0101ls 0g.<\/span><\/p>\n<p class=\"tw-data-text tw-text-large tw-ta\" dir=\"ltr\" data-placeholder=\"Translation\" aria-label=\"Translated text\" data-ved=\"2ahUKEwiCxOuNsriHAxXYGBAIHUQ1AsMQ3ewLegQIBxAU\"><span class=\"Y2IQFc\" lang=\"lv\">Uzglab\u0101t saus\u0101, t\u012br\u0101 un v\u0113s\u0101 viet\u0101.<\/span><\/p>\n","protected":false},"featured_media":28758,"template":"","meta":{"inline_featured_image":false},"product_cat":[185,186],"product_tag":[],"class_list":["post-30680","product","type-product","status-publish","has-post-thumbnail","hentry","product_cat-special-offer-lv","product_cat-zaveti-augli"],"supplier_id":null,"supplier_sku":"","barcode":null,"atum_controlled":true,"out_stock_date":null,"out_stock_threshold":null,"inheritable":false,"inbound_stock":0,"stock_on_hold":0,"sold_today":0,"sales_last_days":0,"reserved_stock":0,"customer_returns":0,"warehouse_damage":0,"lost_in_post":0,"other_logs":0,"out_stock_days":0,"lost_sales":0,"has_location":false,"update_date":"2026-04-29T15:58:37","atum_locations":[],"atum_stock_status":"instock","restock_status":false,"low_stock_amount":"","sales_update_date":"2026-04-29T15:58:36","calc_backorders":null,"yoast_head":"<!-- This site is optimized with the Yoast SEO plugin v22.6 - https:\/\/yoast.com\/wordpress\/plugins\/seo\/ -->\n<title>Mango 1kg - Naturka<\/title>\n<meta name=\"robots\" content=\"index, follow, max-snippet:-1, max-image-preview:large, max-video-preview:-1\" \/>\n<link rel=\"canonical\" href=\"https:\/\/naturka.ee\/lv\/product\/mango-1kg\/\" \/>\n<meta property=\"og:locale\" content=\"lv_LV\" \/>\n<meta property=\"og:type\" content=\"article\" \/>\n<meta property=\"og:title\" content=\"Mango 1kg - Naturka\" \/>\n<meta property=\"og:description\" content=\"1kg mango = 4 x 250g \u0160ie zelta t\u012brrad\u0146i sev\u012b sl\u0113pj nere\u0101lu baudu! Apet\u012bti rosino\u0161s un maigs mango, kur\u0101 iem\u012bl\u0113sies ikviens! Maigi sk\u0101bais mango k\u016bst mut\u0113 un neatst\u0101j vienaldz\u012bgus. Ar zemu cukura saturu (tikai 5%) tas satur vair\u0101k nek\u0101 20 vitam\u012bnus un miner\u0101lvielas vesel\u012bgam uzturam un di\u0113tai! Sast\u0101vs: mango, cukurs (5%), citronsk\u0101be  Uzturv\u0113rt\u012bbas inform\u0101cija uz 100g: ener\u0123\u0113tiskais saturs 1398,39 kJ\/334 kcal, tauki 0,49g, no tiem pies\u0101tin\u0101t\u0101s tauksk\u0101bes 0,02g; og\u013chidr\u0101ti 80,7g, no tiem cukuri 49,5g, olbaltumvielas 1,68g, s\u0101ls 0g. Uzglab\u0101t saus\u0101, t\u012br\u0101 un v\u0113s\u0101 viet\u0101.\" \/>\n<meta property=\"og:url\" content=\"https:\/\/naturka.ee\/lv\/product\/mango-1kg\/\" \/>\n<meta property=\"og:site_name\" content=\"Naturka\" \/>\n<meta property=\"article:modified_time\" content=\"2024-12-16T19:47:38+00:00\" \/>\n<meta property=\"og:image\" content=\"https:\/\/naturka.ee\/wp-content\/uploads\/2024\/07\/mango-4-5.jpg\" \/>\n\t<meta property=\"og:image:width\" content=\"1536\" \/>\n\t<meta property=\"og:image:height\" content=\"1172\" \/>\n\t<meta property=\"og:image:type\" content=\"image\/jpeg\" \/>\n<meta name=\"twitter:card\" content=\"summary_large_image\" \/>\n<script type=\"application\/ld+json\" class=\"yoast-schema-graph\">{\"@context\":\"https:\/\/schema.org\",\"@graph\":[{\"@type\":\"WebPage\",\"@id\":\"https:\/\/naturka.ee\/lv\/product\/mango-1kg\/\",\"url\":\"https:\/\/naturka.ee\/lv\/product\/mango-1kg\/\",\"name\":\"Mango 1kg - Naturka\",\"isPartOf\":{\"@id\":\"https:\/\/naturka.ee\/lv\/#website\"},\"primaryImageOfPage\":{\"@id\":\"https:\/\/naturka.ee\/lv\/product\/mango-1kg\/#primaryimage\"},\"image\":{\"@id\":\"https:\/\/naturka.ee\/lv\/product\/mango-1kg\/#primaryimage\"},\"thumbnailUrl\":\"https:\/\/naturka.ee\/wp-content\/uploads\/2024\/07\/mango-4-5.jpg\",\"datePublished\":\"2024-12-16T19:41:00+00:00\",\"dateModified\":\"2024-12-16T19:47:38+00:00\",\"breadcrumb\":{\"@id\":\"https:\/\/naturka.ee\/lv\/product\/mango-1kg\/#breadcrumb\"},\"inLanguage\":\"lv-LV\",\"potentialAction\":[{\"@type\":\"ReadAction\",\"target\":[\"https:\/\/naturka.ee\/lv\/product\/mango-1kg\/\"]}]},{\"@type\":\"ImageObject\",\"inLanguage\":\"lv-LV\",\"@id\":\"https:\/\/naturka.ee\/lv\/product\/mango-1kg\/#primaryimage\",\"url\":\"https:\/\/naturka.ee\/wp-content\/uploads\/2024\/07\/mango-4-5.jpg\",\"contentUrl\":\"https:\/\/naturka.ee\/wp-content\/uploads\/2024\/07\/mango-4-5.jpg\",\"width\":1536,\"height\":1172},{\"@type\":\"BreadcrumbList\",\"@id\":\"https:\/\/naturka.ee\/lv\/product\/mango-1kg\/#breadcrumb\",\"itemListElement\":[{\"@type\":\"ListItem\",\"position\":1,\"name\":\"Home\",\"item\":\"https:\/\/naturka.ee\/lv\/home\/\"},{\"@type\":\"ListItem\",\"position\":2,\"name\":\"Pood\",\"item\":\"https:\/\/naturka.ee\/shop\/\"},{\"@type\":\"ListItem\",\"position\":3,\"name\":\"Mango 1kg\"}]},{\"@type\":\"WebSite\",\"@id\":\"https:\/\/naturka.ee\/lv\/#website\",\"url\":\"https:\/\/naturka.ee\/lv\/\",\"name\":\"Naturka\",\"description\":\"\",\"potentialAction\":[{\"@type\":\"SearchAction\",\"target\":{\"@type\":\"EntryPoint\",\"urlTemplate\":\"https:\/\/naturka.ee\/lv\/?s={search_term_string}\"},\"query-input\":\"required name=search_term_string\"}],\"inLanguage\":\"lv-LV\"}]}<\/script>\n<!-- \/ Yoast SEO plugin. -->","yoast_head_json":{"title":"Mango 1kg - Naturka","robots":{"index":"index","follow":"follow","max-snippet":"max-snippet:-1","max-image-preview":"max-image-preview:large","max-video-preview":"max-video-preview:-1"},"canonical":"https:\/\/naturka.ee\/lv\/product\/mango-1kg\/","og_locale":"lv_LV","og_type":"article","og_title":"Mango 1kg - Naturka","og_description":"1kg mango = 4 x 250g \u0160ie zelta t\u012brrad\u0146i sev\u012b sl\u0113pj nere\u0101lu baudu! Apet\u012bti rosino\u0161s un maigs mango, kur\u0101 iem\u012bl\u0113sies ikviens! Maigi sk\u0101bais mango k\u016bst mut\u0113 un neatst\u0101j vienaldz\u012bgus. Ar zemu cukura saturu (tikai 5%) tas satur vair\u0101k nek\u0101 20 vitam\u012bnus un miner\u0101lvielas vesel\u012bgam uzturam un di\u0113tai! Sast\u0101vs: mango, cukurs (5%), citronsk\u0101be  Uzturv\u0113rt\u012bbas inform\u0101cija uz 100g: ener\u0123\u0113tiskais saturs 1398,39 kJ\/334 kcal, tauki 0,49g, no tiem pies\u0101tin\u0101t\u0101s tauksk\u0101bes 0,02g; og\u013chidr\u0101ti 80,7g, no tiem cukuri 49,5g, olbaltumvielas 1,68g, s\u0101ls 0g. Uzglab\u0101t saus\u0101, t\u012br\u0101 un v\u0113s\u0101 viet\u0101.","og_url":"https:\/\/naturka.ee\/lv\/product\/mango-1kg\/","og_site_name":"Naturka","article_modified_time":"2024-12-16T19:47:38+00:00","og_image":[{"width":1536,"height":1172,"url":"https:\/\/naturka.ee\/wp-content\/uploads\/2024\/07\/mango-4-5.jpg","type":"image\/jpeg"}],"twitter_card":"summary_large_image","schema":{"@context":"https:\/\/schema.org","@graph":[{"@type":"WebPage","@id":"https:\/\/naturka.ee\/lv\/product\/mango-1kg\/","url":"https:\/\/naturka.ee\/lv\/product\/mango-1kg\/","name":"Mango 1kg - Naturka","isPartOf":{"@id":"https:\/\/naturka.ee\/lv\/#website"},"primaryImageOfPage":{"@id":"https:\/\/naturka.ee\/lv\/product\/mango-1kg\/#primaryimage"},"image":{"@id":"https:\/\/naturka.ee\/lv\/product\/mango-1kg\/#primaryimage"},"thumbnailUrl":"https:\/\/naturka.ee\/wp-content\/uploads\/2024\/07\/mango-4-5.jpg","datePublished":"2024-12-16T19:41:00+00:00","dateModified":"2024-12-16T19:47:38+00:00","breadcrumb":{"@id":"https:\/\/naturka.ee\/lv\/product\/mango-1kg\/#breadcrumb"},"inLanguage":"lv-LV","potentialAction":[{"@type":"ReadAction","target":["https:\/\/naturka.ee\/lv\/product\/mango-1kg\/"]}]},{"@type":"ImageObject","inLanguage":"lv-LV","@id":"https:\/\/naturka.ee\/lv\/product\/mango-1kg\/#primaryimage","url":"https:\/\/naturka.ee\/wp-content\/uploads\/2024\/07\/mango-4-5.jpg","contentUrl":"https:\/\/naturka.ee\/wp-content\/uploads\/2024\/07\/mango-4-5.jpg","width":1536,"height":1172},{"@type":"BreadcrumbList","@id":"https:\/\/naturka.ee\/lv\/product\/mango-1kg\/#breadcrumb","itemListElement":[{"@type":"ListItem","position":1,"name":"Home","item":"https:\/\/naturka.ee\/lv\/home\/"},{"@type":"ListItem","position":2,"name":"Pood","item":"https:\/\/naturka.ee\/shop\/"},{"@type":"ListItem","position":3,"name":"Mango 1kg"}]},{"@type":"WebSite","@id":"https:\/\/naturka.ee\/lv\/#website","url":"https:\/\/naturka.ee\/lv\/","name":"Naturka","description":"","potentialAction":[{"@type":"SearchAction","target":{"@type":"EntryPoint","urlTemplate":"https:\/\/naturka.ee\/lv\/?s={search_term_string}"},"query-input":"required name=search_term_string"}],"inLanguage":"lv-LV"}]}},"_links":{"self":[{"href":"https:\/\/naturka.ee\/lv\/wp-json\/wp\/v2\/product\/30680","targetHints":{"allow":["GET"]}}],"collection":[{"href":"https:\/\/naturka.ee\/lv\/wp-json\/wp\/v2\/product"}],"about":[{"href":"https:\/\/naturka.ee\/lv\/wp-json\/wp\/v2\/types\/product"}],"wp:featuredmedia":[{"embeddable":true,"href":"https:\/\/naturka.ee\/lv\/wp-json\/wp\/v2\/media\/28758"}],"wp:attachment":[{"href":"https:\/\/naturka.ee\/lv\/wp-json\/wp\/v2\/media?parent=30680"}],"wp:term":[{"taxonomy":"product_cat","embeddable":true,"href":"https:\/\/naturka.ee\/lv\/wp-json\/wp\/v2\/product_cat?post=30680"},{"taxonomy":"product_tag","embeddable":true,"href":"https:\/\/naturka.ee\/lv\/wp-json\/wp\/v2\/product_tag?post=30680"}],"curies":[{"name":"wp","href":"https:\/\/api.w.org\/{rel}","templated":true}]}}