{"id":28964,"date":"2021-01-15T11:41:17","date_gmt":"2021-07-25T20:12:09","guid":{"rendered":"https:\/\/naturka.ee\/product\/pistaatsia-pahklid-ilma-soolata\/"},"modified":"2026-02-16T09:57:07","modified_gmt":"2026-02-16T07:57:07","slug":"pistaatsia-pahklid-ilma-soolata","status":"publish","type":"product","link":"https:\/\/naturka.ee\/lv\/product\/pistaatsia-pahklid-ilma-soolata\/","title":{"rendered":"Pist\u0101cijas (bez s\u0101ls)"},"content":{"rendered":"","protected":false},"excerpt":{"rendered":"<p id=\"tw-target-text\" class=\"tw-data-text tw-text-large tw-ta\" dir=\"ltr\" data-placeholder=\"Translation\" data-ved=\"2ahUKEwjz87LJ1e-IAxUaIRAIHW1hGzgQ3ewLegQIBxAU\" aria-label=\"Translated text: Liel\u0101kaj\u0101 pist\u0101cij\u0101! Kvalitat\u012bvi un gar\u0161\u012bgi rieksti (nav sauss).\n\nUzg\u0101v\u0101t saus\u0101, t\u012br\u0101 un v\u0113s\u0101 v\u0113t\u0101.\"><span class=\"Y2IQFc\" lang=\"lv\">Liel\u0101kaj\u0101 pist\u0101cij\u0101! Kvalitat\u012bvi un gar\u0161\u012bgi rieksti (nav sauss). <\/span><\/p>\n<p class=\"tw-data-text tw-text-large tw-ta\" dir=\"ltr\" data-placeholder=\"Translation\" data-ved=\"2ahUKEwjz87LJ1e-IAxUaIRAIHW1hGzgQ3ewLegQIBxAU\" aria-label=\"Translated text: Liel\u0101kaj\u0101 pist\u0101cij\u0101! Kvalitat\u012bvi un gar\u0161\u012bgi rieksti (nav sauss).\n\nUzg\u0101v\u0101t saus\u0101, t\u012br\u0101 un v\u0113s\u0101 v\u0113t\u0101.\"><span class=\"Y2IQFc\" lang=\"lv\">Uzg\u0101v\u0101t saus\u0101, t\u012br\u0101 un v\u0113s\u0101 v\u0113t\u0101.<\/span><\/p>\n","protected":false},"featured_media":26056,"template":"","meta":{"inline_featured_image":false},"product_cat":[231],"product_tag":[],"class_list":["post-28964","product","type-product","status-publish","has-post-thumbnail","hentry","product_cat-rieksti"],"supplier_id":null,"supplier_sku":"","barcode":null,"atum_controlled":true,"out_stock_date":null,"out_stock_threshold":null,"inheritable":false,"inbound_stock":0,"stock_on_hold":0,"sold_today":2,"sales_last_days":10,"reserved_stock":0,"customer_returns":0,"warehouse_damage":0,"lost_in_post":0,"other_logs":0,"out_stock_days":0,"lost_sales":0,"has_location":false,"update_date":"2026-04-29T13:21:12","atum_locations":[],"atum_stock_status":"instock","restock_status":false,"low_stock_amount":"","sales_update_date":"2026-04-29T13:21:11","calc_backorders":null,"yoast_head":"<!-- This site is optimized with the Yoast SEO plugin v22.6 - https:\/\/yoast.com\/wordpress\/plugins\/seo\/ -->\n<title>Pist\u0101cijas (bez s\u0101ls) - Naturka<\/title>\n<meta name=\"robots\" content=\"index, follow, max-snippet:-1, max-image-preview:large, max-video-preview:-1\" \/>\n<link rel=\"canonical\" href=\"https:\/\/naturka.ee\/lv\/product\/pistaatsia-pahklid-ilma-soolata\/\" \/>\n<meta property=\"og:locale\" content=\"lv_LV\" \/>\n<meta property=\"og:type\" content=\"article\" \/>\n<meta property=\"og:title\" content=\"Pist\u0101cijas (bez s\u0101ls) - Naturka\" \/>\n<meta property=\"og:description\" content=\"Liel\u0101kaj\u0101 pist\u0101cij\u0101! Kvalitat\u012bvi un gar\u0161\u012bgi rieksti (nav sauss).  Uzg\u0101v\u0101t saus\u0101, t\u012br\u0101 un v\u0113s\u0101 v\u0113t\u0101.\" \/>\n<meta property=\"og:url\" content=\"https:\/\/naturka.ee\/lv\/product\/pistaatsia-pahklid-ilma-soolata\/\" \/>\n<meta property=\"og:site_name\" content=\"Naturka\" \/>\n<meta property=\"article:modified_time\" content=\"2026-02-16T07:57:07+00:00\" \/>\n<meta property=\"og:image\" content=\"https:\/\/naturka.ee\/wp-content\/uploads\/2024\/04\/19.jpg\" \/>\n\t<meta property=\"og:image:width\" content=\"1800\" \/>\n\t<meta property=\"og:image:height\" content=\"1373\" \/>\n\t<meta property=\"og:image:type\" content=\"image\/jpeg\" \/>\n<meta name=\"twitter:card\" content=\"summary_large_image\" \/>\n<script type=\"application\/ld+json\" class=\"yoast-schema-graph\">{\"@context\":\"https:\/\/schema.org\",\"@graph\":[{\"@type\":\"WebPage\",\"@id\":\"https:\/\/naturka.ee\/lv\/product\/pistaatsia-pahklid-ilma-soolata\/\",\"url\":\"https:\/\/naturka.ee\/lv\/product\/pistaatsia-pahklid-ilma-soolata\/\",\"name\":\"Pist\u0101cijas (bez s\u0101ls) - Naturka\",\"isPartOf\":{\"@id\":\"https:\/\/naturka.ee\/lv\/#website\"},\"primaryImageOfPage\":{\"@id\":\"https:\/\/naturka.ee\/lv\/product\/pistaatsia-pahklid-ilma-soolata\/#primaryimage\"},\"image\":{\"@id\":\"https:\/\/naturka.ee\/lv\/product\/pistaatsia-pahklid-ilma-soolata\/#primaryimage\"},\"thumbnailUrl\":\"https:\/\/naturka.ee\/wp-content\/uploads\/2024\/04\/19.jpg\",\"datePublished\":\"2021-07-25T20:12:09+00:00\",\"dateModified\":\"2026-02-16T07:57:07+00:00\",\"breadcrumb\":{\"@id\":\"https:\/\/naturka.ee\/lv\/product\/pistaatsia-pahklid-ilma-soolata\/#breadcrumb\"},\"inLanguage\":\"lv-LV\",\"potentialAction\":[{\"@type\":\"ReadAction\",\"target\":[\"https:\/\/naturka.ee\/lv\/product\/pistaatsia-pahklid-ilma-soolata\/\"]}]},{\"@type\":\"ImageObject\",\"inLanguage\":\"lv-LV\",\"@id\":\"https:\/\/naturka.ee\/lv\/product\/pistaatsia-pahklid-ilma-soolata\/#primaryimage\",\"url\":\"https:\/\/naturka.ee\/wp-content\/uploads\/2024\/04\/19.jpg\",\"contentUrl\":\"https:\/\/naturka.ee\/wp-content\/uploads\/2024\/04\/19.jpg\",\"width\":1800,\"height\":1373},{\"@type\":\"BreadcrumbList\",\"@id\":\"https:\/\/naturka.ee\/lv\/product\/pistaatsia-pahklid-ilma-soolata\/#breadcrumb\",\"itemListElement\":[{\"@type\":\"ListItem\",\"position\":1,\"name\":\"Home\",\"item\":\"https:\/\/naturka.ee\/lv\/home\/\"},{\"@type\":\"ListItem\",\"position\":2,\"name\":\"Pood\",\"item\":\"https:\/\/naturka.ee\/shop\/\"},{\"@type\":\"ListItem\",\"position\":3,\"name\":\"Pist\u0101cijas (bez s\u0101ls)\"}]},{\"@type\":\"WebSite\",\"@id\":\"https:\/\/naturka.ee\/lv\/#website\",\"url\":\"https:\/\/naturka.ee\/lv\/\",\"name\":\"Naturka\",\"description\":\"\",\"potentialAction\":[{\"@type\":\"SearchAction\",\"target\":{\"@type\":\"EntryPoint\",\"urlTemplate\":\"https:\/\/naturka.ee\/lv\/?s={search_term_string}\"},\"query-input\":\"required name=search_term_string\"}],\"inLanguage\":\"lv-LV\"}]}<\/script>\n<!-- \/ Yoast SEO plugin. -->","yoast_head_json":{"title":"Pist\u0101cijas (bez s\u0101ls) - Naturka","robots":{"index":"index","follow":"follow","max-snippet":"max-snippet:-1","max-image-preview":"max-image-preview:large","max-video-preview":"max-video-preview:-1"},"canonical":"https:\/\/naturka.ee\/lv\/product\/pistaatsia-pahklid-ilma-soolata\/","og_locale":"lv_LV","og_type":"article","og_title":"Pist\u0101cijas (bez s\u0101ls) - Naturka","og_description":"Liel\u0101kaj\u0101 pist\u0101cij\u0101! Kvalitat\u012bvi un gar\u0161\u012bgi rieksti (nav sauss).  Uzg\u0101v\u0101t saus\u0101, t\u012br\u0101 un v\u0113s\u0101 v\u0113t\u0101.","og_url":"https:\/\/naturka.ee\/lv\/product\/pistaatsia-pahklid-ilma-soolata\/","og_site_name":"Naturka","article_modified_time":"2026-02-16T07:57:07+00:00","og_image":[{"width":1800,"height":1373,"url":"https:\/\/naturka.ee\/wp-content\/uploads\/2024\/04\/19.jpg","type":"image\/jpeg"}],"twitter_card":"summary_large_image","schema":{"@context":"https:\/\/schema.org","@graph":[{"@type":"WebPage","@id":"https:\/\/naturka.ee\/lv\/product\/pistaatsia-pahklid-ilma-soolata\/","url":"https:\/\/naturka.ee\/lv\/product\/pistaatsia-pahklid-ilma-soolata\/","name":"Pist\u0101cijas (bez s\u0101ls) - Naturka","isPartOf":{"@id":"https:\/\/naturka.ee\/lv\/#website"},"primaryImageOfPage":{"@id":"https:\/\/naturka.ee\/lv\/product\/pistaatsia-pahklid-ilma-soolata\/#primaryimage"},"image":{"@id":"https:\/\/naturka.ee\/lv\/product\/pistaatsia-pahklid-ilma-soolata\/#primaryimage"},"thumbnailUrl":"https:\/\/naturka.ee\/wp-content\/uploads\/2024\/04\/19.jpg","datePublished":"2021-07-25T20:12:09+00:00","dateModified":"2026-02-16T07:57:07+00:00","breadcrumb":{"@id":"https:\/\/naturka.ee\/lv\/product\/pistaatsia-pahklid-ilma-soolata\/#breadcrumb"},"inLanguage":"lv-LV","potentialAction":[{"@type":"ReadAction","target":["https:\/\/naturka.ee\/lv\/product\/pistaatsia-pahklid-ilma-soolata\/"]}]},{"@type":"ImageObject","inLanguage":"lv-LV","@id":"https:\/\/naturka.ee\/lv\/product\/pistaatsia-pahklid-ilma-soolata\/#primaryimage","url":"https:\/\/naturka.ee\/wp-content\/uploads\/2024\/04\/19.jpg","contentUrl":"https:\/\/naturka.ee\/wp-content\/uploads\/2024\/04\/19.jpg","width":1800,"height":1373},{"@type":"BreadcrumbList","@id":"https:\/\/naturka.ee\/lv\/product\/pistaatsia-pahklid-ilma-soolata\/#breadcrumb","itemListElement":[{"@type":"ListItem","position":1,"name":"Home","item":"https:\/\/naturka.ee\/lv\/home\/"},{"@type":"ListItem","position":2,"name":"Pood","item":"https:\/\/naturka.ee\/shop\/"},{"@type":"ListItem","position":3,"name":"Pist\u0101cijas (bez s\u0101ls)"}]},{"@type":"WebSite","@id":"https:\/\/naturka.ee\/lv\/#website","url":"https:\/\/naturka.ee\/lv\/","name":"Naturka","description":"","potentialAction":[{"@type":"SearchAction","target":{"@type":"EntryPoint","urlTemplate":"https:\/\/naturka.ee\/lv\/?s={search_term_string}"},"query-input":"required name=search_term_string"}],"inLanguage":"lv-LV"}]}},"_links":{"self":[{"href":"https:\/\/naturka.ee\/lv\/wp-json\/wp\/v2\/product\/28964","targetHints":{"allow":["GET"]}}],"collection":[{"href":"https:\/\/naturka.ee\/lv\/wp-json\/wp\/v2\/product"}],"about":[{"href":"https:\/\/naturka.ee\/lv\/wp-json\/wp\/v2\/types\/product"}],"wp:featuredmedia":[{"embeddable":true,"href":"https:\/\/naturka.ee\/lv\/wp-json\/wp\/v2\/media\/26056"}],"wp:attachment":[{"href":"https:\/\/naturka.ee\/lv\/wp-json\/wp\/v2\/media?parent=28964"}],"wp:term":[{"taxonomy":"product_cat","embeddable":true,"href":"https:\/\/naturka.ee\/lv\/wp-json\/wp\/v2\/product_cat?post=28964"},{"taxonomy":"product_tag","embeddable":true,"href":"https:\/\/naturka.ee\/lv\/wp-json\/wp\/v2\/product_tag?post=28964"}],"curies":[{"name":"wp","href":"https:\/\/api.w.org\/{rel}","templated":true}]}}