{"id":28869,"date":"2021-01-15T10:29:11","date_gmt":"2021-07-25T20:53:25","guid":{"rendered":"https:\/\/naturka.ee\/product\/rost-makadaamia-votmega\/"},"modified":"2025-12-05T19:19:41","modified_gmt":"2025-12-05T17:19:41","slug":"rost-makadaamia-votmega","status":"publish","type":"product","link":"https:\/\/naturka.ee\/lv\/product\/rost-makadaamia-votmega\/","title":{"rendered":"Cepetis. makad\u0101mijas riekstu \u010daumalas (ar atsl\u0113gu)"},"content":{"rendered":"","protected":false},"excerpt":{"rendered":"<p id=\"tw-target-text\" class=\"tw-data-text tw-text-large tw-ta\" dir=\"ltr\" data-placeholder=\"Translation\" data-ved=\"2ahUKEwiShM2W89-IAxU1IhAIHVAOB2MQ3ewLegQICBAU\" aria-label=\"Translated text: Makad\u0101mijas rieksts jeb Austr\u0101lijas rieksts ir visu riekstu titula \u012bpa\u0161nieks! Zem \u010daumalas sl\u0113pjas pienains, br\u016bngans, apa\u013c\u0161 rieksts ar maigu un saldenu gar\u0161u.\n\nMakad\u0101mijas rieksti satur magniju, k\u0101liju, cinku, dzelzi, varu, fosforu, sel\u0113nu, vitam\u012bnus B1 (tiam\u012bns) un B3 (niac\u012bnu) un E vitam\u012bnu.\n\nGrauzd\u0113ti rieksti \u010daumal\u0101, aromatiz\u0113jot vanil\u012bnu. Katram iepakojumam ir viens attais\u0101mais.\n\nUzglab\u0101t saus\u0101, t\u012br\u0101 un v\u0113s\u0101 viet\u0101.\"><span class=\"Y2IQFc\" lang=\"lv\">Makad\u0101mijas rieksts jeb Austr\u0101lijas rieksts ir visu riekstu titula \u012bpa\u0161nieks! <\/span><\/p>\n<p class=\"tw-data-text tw-text-large tw-ta\" dir=\"ltr\" data-placeholder=\"Translation\" data-ved=\"2ahUKEwiShM2W89-IAxU1IhAIHVAOB2MQ3ewLegQICBAU\" aria-label=\"Translated text: Makad\u0101mijas rieksts jeb Austr\u0101lijas rieksts ir visu riekstu titula \u012bpa\u0161nieks! Zem \u010daumalas sl\u0113pjas pienains, br\u016bngans, apa\u013c\u0161 rieksts ar maigu un saldenu gar\u0161u.\n\nMakad\u0101mijas rieksti satur magniju, k\u0101liju, cinku, dzelzi, varu, fosforu, sel\u0113nu, vitam\u012bnus B1 (tiam\u012bns) un B3 (niac\u012bnu) un E vitam\u012bnu.\n\nGrauzd\u0113ti rieksti \u010daumal\u0101, aromatiz\u0113jot vanil\u012bnu. Katram iepakojumam ir viens attais\u0101mais.\n\nUzglab\u0101t saus\u0101, t\u012br\u0101 un v\u0113s\u0101 viet\u0101.\"><span class=\"Y2IQFc\" lang=\"lv\">Zem \u010daumalas sl\u0113pjas pienains, br\u016bngans, apa\u013c\u0161 rieksts ar maigu un saldenu gar\u0161u. Makad\u0101mijas rieksti satur magniju, k\u0101liju, cinku, dzelzi, varu, fosforu, sel\u0113nu, vitam\u012bnus B1 (tiam\u012bns) un B3 (niac\u012bnu) un E vitam\u012bnu.<\/span><\/p>\n<p class=\"tw-data-text tw-text-large tw-ta\" dir=\"ltr\" data-placeholder=\"Translation\" data-ved=\"2ahUKEwiShM2W89-IAxU1IhAIHVAOB2MQ3ewLegQICBAU\" aria-label=\"Translated text: Makad\u0101mijas rieksts jeb Austr\u0101lijas rieksts ir visu riekstu titula \u012bpa\u0161nieks! Zem \u010daumalas sl\u0113pjas pienains, br\u016bngans, apa\u013c\u0161 rieksts ar maigu un saldenu gar\u0161u.\n\nMakad\u0101mijas rieksti satur magniju, k\u0101liju, cinku, dzelzi, varu, fosforu, sel\u0113nu, vitam\u012bnus B1 (tiam\u012bns) un B3 (niac\u012bnu) un E vitam\u012bnu.\n\nGrauzd\u0113ti rieksti \u010daumal\u0101, aromatiz\u0113jot vanil\u012bnu. Katram iepakojumam ir viens attais\u0101mais.\n\nUzglab\u0101t saus\u0101, t\u012br\u0101 un v\u0113s\u0101 viet\u0101.\"><span class=\"Y2IQFc\" lang=\"lv\">Grauzd\u0113ti rieksti \u010daumal\u0101, aromatiz\u0113jot vanil\u012bnu. Katram iepakojumam ir viens attais\u0101mais. <\/span><\/p>\n<p class=\"tw-data-text tw-text-large tw-ta\" dir=\"ltr\" data-placeholder=\"Translation\" data-ved=\"2ahUKEwiShM2W89-IAxU1IhAIHVAOB2MQ3ewLegQICBAU\" aria-label=\"Translated text: Makad\u0101mijas rieksts jeb Austr\u0101lijas rieksts ir visu riekstu titula \u012bpa\u0161nieks! Zem \u010daumalas sl\u0113pjas pienains, br\u016bngans, apa\u013c\u0161 rieksts ar maigu un saldenu gar\u0161u.\n\nMakad\u0101mijas rieksti satur magniju, k\u0101liju, cinku, dzelzi, varu, fosforu, sel\u0113nu, vitam\u012bnus B1 (tiam\u012bns) un B3 (niac\u012bnu) un E vitam\u012bnu.\n\nGrauzd\u0113ti rieksti \u010daumal\u0101, aromatiz\u0113jot vanil\u012bnu. Katram iepakojumam ir viens attais\u0101mais.\n\nUzglab\u0101t saus\u0101, t\u012br\u0101 un v\u0113s\u0101 viet\u0101.\"><span class=\"Y2IQFc\" lang=\"lv\">Uzglab\u0101t saus\u0101, t\u012br\u0101 un v\u0113s\u0101 viet\u0101.<\/span><\/p>\n","protected":false},"featured_media":26206,"template":"","meta":{"inline_featured_image":false},"product_cat":[232,231],"product_tag":[],"class_list":["post-28869","product","type-product","status-publish","has-post-thumbnail","hentry","product_cat-one-and-only-in-europe-lv","product_cat-rieksti"],"supplier_id":null,"supplier_sku":"","barcode":null,"atum_controlled":true,"out_stock_date":"2025-12-05 17:19:41","out_stock_threshold":null,"inheritable":false,"inbound_stock":0,"stock_on_hold":0,"sold_today":0,"sales_last_days":0,"reserved_stock":0,"customer_returns":0,"warehouse_damage":0,"lost_in_post":0,"other_logs":0,"out_stock_days":130,"lost_sales":0,"has_location":false,"update_date":"2026-04-14T15:48:53","atum_locations":[],"atum_stock_status":"outofstock","restock_status":false,"low_stock_amount":"","sales_update_date":"2026-04-14T15:48:53","calc_backorders":null,"yoast_head":"<!-- This site is optimized with the Yoast SEO plugin v22.6 - https:\/\/yoast.com\/wordpress\/plugins\/seo\/ -->\n<title>Cepetis. makad\u0101mijas riekstu \u010daumalas (ar atsl\u0113gu) - Naturka<\/title>\n<meta name=\"robots\" content=\"index, follow, max-snippet:-1, max-image-preview:large, max-video-preview:-1\" \/>\n<link rel=\"canonical\" href=\"https:\/\/naturka.ee\/lv\/product\/rost-makadaamia-votmega\/\" \/>\n<meta property=\"og:locale\" content=\"lv_LV\" \/>\n<meta property=\"og:type\" content=\"article\" \/>\n<meta property=\"og:title\" content=\"Cepetis. makad\u0101mijas riekstu \u010daumalas (ar atsl\u0113gu) - Naturka\" \/>\n<meta property=\"og:description\" content=\"Makad\u0101mijas rieksts jeb Austr\u0101lijas rieksts ir visu riekstu titula \u012bpa\u0161nieks!  Zem \u010daumalas sl\u0113pjas pienains, br\u016bngans, apa\u013c\u0161 rieksts ar maigu un saldenu gar\u0161u. Makad\u0101mijas rieksti satur magniju, k\u0101liju, cinku, dzelzi, varu, fosforu, sel\u0113nu, vitam\u012bnus B1 (tiam\u012bns) un B3 (niac\u012bnu) un E vitam\u012bnu. Grauzd\u0113ti rieksti \u010daumal\u0101, aromatiz\u0113jot vanil\u012bnu. Katram iepakojumam ir viens attais\u0101mais.  Uzglab\u0101t saus\u0101, t\u012br\u0101 un v\u0113s\u0101 viet\u0101.\" \/>\n<meta property=\"og:url\" content=\"https:\/\/naturka.ee\/lv\/product\/rost-makadaamia-votmega\/\" \/>\n<meta property=\"og:site_name\" content=\"Naturka\" \/>\n<meta property=\"article:modified_time\" content=\"2025-12-05T17:19:41+00:00\" \/>\n<meta property=\"og:image\" content=\"https:\/\/naturka.ee\/wp-content\/uploads\/2024\/04\/50.jpg\" \/>\n\t<meta property=\"og:image:width\" content=\"1800\" \/>\n\t<meta property=\"og:image:height\" content=\"1373\" \/>\n\t<meta property=\"og:image:type\" content=\"image\/jpeg\" \/>\n<meta name=\"twitter:card\" content=\"summary_large_image\" \/>\n<script type=\"application\/ld+json\" class=\"yoast-schema-graph\">{\"@context\":\"https:\/\/schema.org\",\"@graph\":[{\"@type\":\"WebPage\",\"@id\":\"https:\/\/naturka.ee\/lv\/product\/rost-makadaamia-votmega\/\",\"url\":\"https:\/\/naturka.ee\/lv\/product\/rost-makadaamia-votmega\/\",\"name\":\"Cepetis. makad\u0101mijas riekstu \u010daumalas (ar atsl\u0113gu) - Naturka\",\"isPartOf\":{\"@id\":\"https:\/\/naturka.ee\/lv\/#website\"},\"primaryImageOfPage\":{\"@id\":\"https:\/\/naturka.ee\/lv\/product\/rost-makadaamia-votmega\/#primaryimage\"},\"image\":{\"@id\":\"https:\/\/naturka.ee\/lv\/product\/rost-makadaamia-votmega\/#primaryimage\"},\"thumbnailUrl\":\"https:\/\/naturka.ee\/wp-content\/uploads\/2024\/04\/50.jpg\",\"datePublished\":\"2021-07-25T20:53:25+00:00\",\"dateModified\":\"2025-12-05T17:19:41+00:00\",\"breadcrumb\":{\"@id\":\"https:\/\/naturka.ee\/lv\/product\/rost-makadaamia-votmega\/#breadcrumb\"},\"inLanguage\":\"lv-LV\",\"potentialAction\":[{\"@type\":\"ReadAction\",\"target\":[\"https:\/\/naturka.ee\/lv\/product\/rost-makadaamia-votmega\/\"]}]},{\"@type\":\"ImageObject\",\"inLanguage\":\"lv-LV\",\"@id\":\"https:\/\/naturka.ee\/lv\/product\/rost-makadaamia-votmega\/#primaryimage\",\"url\":\"https:\/\/naturka.ee\/wp-content\/uploads\/2024\/04\/50.jpg\",\"contentUrl\":\"https:\/\/naturka.ee\/wp-content\/uploads\/2024\/04\/50.jpg\",\"width\":1800,\"height\":1373},{\"@type\":\"BreadcrumbList\",\"@id\":\"https:\/\/naturka.ee\/lv\/product\/rost-makadaamia-votmega\/#breadcrumb\",\"itemListElement\":[{\"@type\":\"ListItem\",\"position\":1,\"name\":\"Home\",\"item\":\"https:\/\/naturka.ee\/lv\/home\/\"},{\"@type\":\"ListItem\",\"position\":2,\"name\":\"Pood\",\"item\":\"https:\/\/naturka.ee\/shop\/\"},{\"@type\":\"ListItem\",\"position\":3,\"name\":\"Cepetis. makad\u0101mijas riekstu \u010daumalas (ar atsl\u0113gu)\"}]},{\"@type\":\"WebSite\",\"@id\":\"https:\/\/naturka.ee\/lv\/#website\",\"url\":\"https:\/\/naturka.ee\/lv\/\",\"name\":\"Naturka\",\"description\":\"\",\"potentialAction\":[{\"@type\":\"SearchAction\",\"target\":{\"@type\":\"EntryPoint\",\"urlTemplate\":\"https:\/\/naturka.ee\/lv\/?s={search_term_string}\"},\"query-input\":\"required name=search_term_string\"}],\"inLanguage\":\"lv-LV\"}]}<\/script>\n<!-- \/ Yoast SEO plugin. -->","yoast_head_json":{"title":"Cepetis. makad\u0101mijas riekstu \u010daumalas (ar atsl\u0113gu) - Naturka","robots":{"index":"index","follow":"follow","max-snippet":"max-snippet:-1","max-image-preview":"max-image-preview:large","max-video-preview":"max-video-preview:-1"},"canonical":"https:\/\/naturka.ee\/lv\/product\/rost-makadaamia-votmega\/","og_locale":"lv_LV","og_type":"article","og_title":"Cepetis. makad\u0101mijas riekstu \u010daumalas (ar atsl\u0113gu) - Naturka","og_description":"Makad\u0101mijas rieksts jeb Austr\u0101lijas rieksts ir visu riekstu titula \u012bpa\u0161nieks!  Zem \u010daumalas sl\u0113pjas pienains, br\u016bngans, apa\u013c\u0161 rieksts ar maigu un saldenu gar\u0161u. Makad\u0101mijas rieksti satur magniju, k\u0101liju, cinku, dzelzi, varu, fosforu, sel\u0113nu, vitam\u012bnus B1 (tiam\u012bns) un B3 (niac\u012bnu) un E vitam\u012bnu. Grauzd\u0113ti rieksti \u010daumal\u0101, aromatiz\u0113jot vanil\u012bnu. Katram iepakojumam ir viens attais\u0101mais.  Uzglab\u0101t saus\u0101, t\u012br\u0101 un v\u0113s\u0101 viet\u0101.","og_url":"https:\/\/naturka.ee\/lv\/product\/rost-makadaamia-votmega\/","og_site_name":"Naturka","article_modified_time":"2025-12-05T17:19:41+00:00","og_image":[{"width":1800,"height":1373,"url":"https:\/\/naturka.ee\/wp-content\/uploads\/2024\/04\/50.jpg","type":"image\/jpeg"}],"twitter_card":"summary_large_image","schema":{"@context":"https:\/\/schema.org","@graph":[{"@type":"WebPage","@id":"https:\/\/naturka.ee\/lv\/product\/rost-makadaamia-votmega\/","url":"https:\/\/naturka.ee\/lv\/product\/rost-makadaamia-votmega\/","name":"Cepetis. makad\u0101mijas riekstu \u010daumalas (ar atsl\u0113gu) - Naturka","isPartOf":{"@id":"https:\/\/naturka.ee\/lv\/#website"},"primaryImageOfPage":{"@id":"https:\/\/naturka.ee\/lv\/product\/rost-makadaamia-votmega\/#primaryimage"},"image":{"@id":"https:\/\/naturka.ee\/lv\/product\/rost-makadaamia-votmega\/#primaryimage"},"thumbnailUrl":"https:\/\/naturka.ee\/wp-content\/uploads\/2024\/04\/50.jpg","datePublished":"2021-07-25T20:53:25+00:00","dateModified":"2025-12-05T17:19:41+00:00","breadcrumb":{"@id":"https:\/\/naturka.ee\/lv\/product\/rost-makadaamia-votmega\/#breadcrumb"},"inLanguage":"lv-LV","potentialAction":[{"@type":"ReadAction","target":["https:\/\/naturka.ee\/lv\/product\/rost-makadaamia-votmega\/"]}]},{"@type":"ImageObject","inLanguage":"lv-LV","@id":"https:\/\/naturka.ee\/lv\/product\/rost-makadaamia-votmega\/#primaryimage","url":"https:\/\/naturka.ee\/wp-content\/uploads\/2024\/04\/50.jpg","contentUrl":"https:\/\/naturka.ee\/wp-content\/uploads\/2024\/04\/50.jpg","width":1800,"height":1373},{"@type":"BreadcrumbList","@id":"https:\/\/naturka.ee\/lv\/product\/rost-makadaamia-votmega\/#breadcrumb","itemListElement":[{"@type":"ListItem","position":1,"name":"Home","item":"https:\/\/naturka.ee\/lv\/home\/"},{"@type":"ListItem","position":2,"name":"Pood","item":"https:\/\/naturka.ee\/shop\/"},{"@type":"ListItem","position":3,"name":"Cepetis. makad\u0101mijas riekstu \u010daumalas (ar atsl\u0113gu)"}]},{"@type":"WebSite","@id":"https:\/\/naturka.ee\/lv\/#website","url":"https:\/\/naturka.ee\/lv\/","name":"Naturka","description":"","potentialAction":[{"@type":"SearchAction","target":{"@type":"EntryPoint","urlTemplate":"https:\/\/naturka.ee\/lv\/?s={search_term_string}"},"query-input":"required name=search_term_string"}],"inLanguage":"lv-LV"}]}},"_links":{"self":[{"href":"https:\/\/naturka.ee\/lv\/wp-json\/wp\/v2\/product\/28869","targetHints":{"allow":["GET"]}}],"collection":[{"href":"https:\/\/naturka.ee\/lv\/wp-json\/wp\/v2\/product"}],"about":[{"href":"https:\/\/naturka.ee\/lv\/wp-json\/wp\/v2\/types\/product"}],"wp:featuredmedia":[{"embeddable":true,"href":"https:\/\/naturka.ee\/lv\/wp-json\/wp\/v2\/media\/26206"}],"wp:attachment":[{"href":"https:\/\/naturka.ee\/lv\/wp-json\/wp\/v2\/media?parent=28869"}],"wp:term":[{"taxonomy":"product_cat","embeddable":true,"href":"https:\/\/naturka.ee\/lv\/wp-json\/wp\/v2\/product_cat?post=28869"},{"taxonomy":"product_tag","embeddable":true,"href":"https:\/\/naturka.ee\/lv\/wp-json\/wp\/v2\/product_tag?post=28869"}],"curies":[{"name":"wp","href":"https:\/\/api.w.org\/{rel}","templated":true}]}}