{"id":28793,"date":"2024-09-23T17:48:57","date_gmt":"2024-09-23T14:48:57","guid":{"rendered":"https:\/\/naturka.ee\/product\/1kg-mangot-kingituseks-250g-kookoskropse\/"},"modified":"2025-10-21T20:39:12","modified_gmt":"2025-10-21T17:39:12","slug":"1kg-mangot-kingituseks-250g-kookoskropse","status":"publish","type":"product","link":"https:\/\/naturka.ee\/lv\/product\/1kg-mangot-kingituseks-250g-kookoskropse\/","title":{"rendered":"1KG Mango + 250g kokosriekstu skaidi\u0146as D\u0100VAN\u0100"},"content":{"rendered":"","protected":false},"excerpt":{"rendered":"<p id=\"tw-target-text\" class=\"tw-data-text tw-text-large tw-ta\" dir=\"ltr\" data-placeholder=\"Translation\" data-ved=\"2ahUKEwj3q8Tzp9mIAxXZPhAIHa4ZAN0Q3ewLegQICBAU\" aria-label=\"Translated text: Super pied\u0101v\u0101jums vesel\u012bgu saldumu cien\u012bt\u0101jiem! Par katru ieg\u0101d\u0101to 1 kg mango d\u0101v\u0101sim 250g paci\u0146u kokosriekstu skaidi\u0146u! 2 kg mango = 500g (2 pakas) kokosriekstu skaidi\u0146as utt. \u0160ie zelta gabali sl\u0113pj nere\u0101lu baudu! Apet\u012bti rosino\u0161s un maigs mango, kur\u0101 iem\u012bl\u0113sies ikviens! T\u016bksto\u0161iem veiksmes s\u0113\u0146u jau ir pie\u0137\u0113ru\u0161\u0101s \u0161ai neticami saldajai gar\u0161ai. Ar\u012b Naturka kalt\u0113tais mango ar zemu cukura l\u012bmeni (5%) satur vair\u0101k nek\u0101 20 vitam\u012bnu un miner\u0101lvielu, kas ir piem\u0113roti lieto\u0161anai pat tad, ja iev\u0113ro di\u0113tu vai vesel\u012bgu uzturu! Izm\u0113\u0123iniet m\u016bsu supergar\u0161o mango! Naturka garant\u0113, ka t\u0101s neaizmirstam\u0101 gar\u0161a un smar\u017ea neatst\u0101s j\u016bs vienaldz\u012bgus. Kokosriekstu \u010dipsi ir lieliska piedeva jogurtam, sm\u016btijiem vai sal\u0101tiem un, protams, \u0113st t\u0101dus, k\u0101di ir!\"><span class=\"Y2IQFc\" lang=\"lv\">Super pied\u0101v\u0101jums vesel\u012bgu saldumu cien\u012bt\u0101jiem! <\/span><\/p>\n<p class=\"tw-data-text tw-text-large tw-ta\" dir=\"ltr\" data-placeholder=\"Translation\" data-ved=\"2ahUKEwj3q8Tzp9mIAxXZPhAIHa4ZAN0Q3ewLegQICBAU\" aria-label=\"Translated text: Super pied\u0101v\u0101jums vesel\u012bgu saldumu cien\u012bt\u0101jiem! Par katru ieg\u0101d\u0101to 1 kg mango d\u0101v\u0101sim 250g paci\u0146u kokosriekstu skaidi\u0146u! 2 kg mango = 500g (2 pakas) kokosriekstu skaidi\u0146as utt. \u0160ie zelta gabali sl\u0113pj nere\u0101lu baudu! Apet\u012bti rosino\u0161s un maigs mango, kur\u0101 iem\u012bl\u0113sies ikviens! T\u016bksto\u0161iem veiksmes s\u0113\u0146u jau ir pie\u0137\u0113ru\u0161\u0101s \u0161ai neticami saldajai gar\u0161ai. Ar\u012b Naturka kalt\u0113tais mango ar zemu cukura l\u012bmeni (5%) satur vair\u0101k nek\u0101 20 vitam\u012bnu un miner\u0101lvielu, kas ir piem\u0113roti lieto\u0161anai pat tad, ja iev\u0113ro di\u0113tu vai vesel\u012bgu uzturu! Izm\u0113\u0123iniet m\u016bsu supergar\u0161o mango! Naturka garant\u0113, ka t\u0101s neaizmirstam\u0101 gar\u0161a un smar\u017ea neatst\u0101s j\u016bs vienaldz\u012bgus. Kokosriekstu \u010dipsi ir lieliska piedeva jogurtam, sm\u016btijiem vai sal\u0101tiem un, protams, \u0113st t\u0101dus, k\u0101di ir!\"><span class=\"Y2IQFc\" lang=\"lv\">Par katru ieg\u0101d\u0101to 1 kg mango d\u0101v\u0101sim 250g paci\u0146u kokosriekstu skaidi\u0146u! 2 kg mango = 500g (2 pakas) kokosriekstu skaidi\u0146as utt. <\/span><\/p>\n<p class=\"tw-data-text tw-text-large tw-ta\" dir=\"ltr\" data-placeholder=\"Translation\" data-ved=\"2ahUKEwj3q8Tzp9mIAxXZPhAIHa4ZAN0Q3ewLegQICBAU\" aria-label=\"Translated text: Super pied\u0101v\u0101jums vesel\u012bgu saldumu cien\u012bt\u0101jiem! Par katru ieg\u0101d\u0101to 1 kg mango d\u0101v\u0101sim 250g paci\u0146u kokosriekstu skaidi\u0146u! 2 kg mango = 500g (2 pakas) kokosriekstu skaidi\u0146as utt. \u0160ie zelta gabali sl\u0113pj nere\u0101lu baudu! Apet\u012bti rosino\u0161s un maigs mango, kur\u0101 iem\u012bl\u0113sies ikviens! T\u016bksto\u0161iem veiksmes s\u0113\u0146u jau ir pie\u0137\u0113ru\u0161\u0101s \u0161ai neticami saldajai gar\u0161ai. Ar\u012b Naturka kalt\u0113tais mango ar zemu cukura l\u012bmeni (5%) satur vair\u0101k nek\u0101 20 vitam\u012bnu un miner\u0101lvielu, kas ir piem\u0113roti lieto\u0161anai pat tad, ja iev\u0113ro di\u0113tu vai vesel\u012bgu uzturu! Izm\u0113\u0123iniet m\u016bsu supergar\u0161o mango! Naturka garant\u0113, ka t\u0101s neaizmirstam\u0101 gar\u0161a un smar\u017ea neatst\u0101s j\u016bs vienaldz\u012bgus. Kokosriekstu \u010dipsi ir lieliska piedeva jogurtam, sm\u016btijiem vai sal\u0101tiem un, protams, \u0113st t\u0101dus, k\u0101di ir!\"><span class=\"Y2IQFc\" lang=\"lv\">\u0160ie zelta gabali sl\u0113pj nere\u0101lu baudu! Apet\u012bti rosino\u0161s un maigs mango, kur\u0101 iem\u012bl\u0113sies ikviens! T\u016bksto\u0161iem veiksmes s\u0113\u0146u jau ir pie\u0137\u0113ru\u0161\u0101s \u0161ai neticami saldajai gar\u0161ai. Ar\u012b Naturka kalt\u0113tais mango ar zemu cukura l\u012bmeni (5%) satur vair\u0101k nek\u0101 20 vitam\u012bnu un miner\u0101lvielu, kas ir piem\u0113roti lieto\u0161anai pat tad, ja iev\u0113ro di\u0113tu vai vesel\u012bgu uzturu! <\/span><\/p>\n<p class=\"tw-data-text tw-text-large tw-ta\" dir=\"ltr\" data-placeholder=\"Translation\" data-ved=\"2ahUKEwj3q8Tzp9mIAxXZPhAIHa4ZAN0Q3ewLegQICBAU\" aria-label=\"Translated text: Super pied\u0101v\u0101jums vesel\u012bgu saldumu cien\u012bt\u0101jiem! Par katru ieg\u0101d\u0101to 1 kg mango d\u0101v\u0101sim 250g paci\u0146u kokosriekstu skaidi\u0146u! 2 kg mango = 500g (2 pakas) kokosriekstu skaidi\u0146as utt. \u0160ie zelta gabali sl\u0113pj nere\u0101lu baudu! Apet\u012bti rosino\u0161s un maigs mango, kur\u0101 iem\u012bl\u0113sies ikviens! T\u016bksto\u0161iem veiksmes s\u0113\u0146u jau ir pie\u0137\u0113ru\u0161\u0101s \u0161ai neticami saldajai gar\u0161ai. Ar\u012b Naturka kalt\u0113tais mango ar zemu cukura l\u012bmeni (5%) satur vair\u0101k nek\u0101 20 vitam\u012bnu un miner\u0101lvielu, kas ir piem\u0113roti lieto\u0161anai pat tad, ja iev\u0113ro di\u0113tu vai vesel\u012bgu uzturu! Izm\u0113\u0123iniet m\u016bsu supergar\u0161o mango! Naturka garant\u0113, ka t\u0101s neaizmirstam\u0101 gar\u0161a un smar\u017ea neatst\u0101s j\u016bs vienaldz\u012bgus. Kokosriekstu \u010dipsi ir lieliska piedeva jogurtam, sm\u016btijiem vai sal\u0101tiem un, protams, \u0113st t\u0101dus, k\u0101di ir!\"><span class=\"Y2IQFc\" lang=\"lv\">Izm\u0113\u0123iniet m\u016bsu supergar\u0161o mango! Naturka garant\u0113, ka t\u0101s neaizmirstam\u0101 gar\u0161a un smar\u017ea neatst\u0101s j\u016bs vienaldz\u012bgus. <\/span><\/p>\n<p class=\"tw-data-text tw-text-large tw-ta\" dir=\"ltr\" data-placeholder=\"Translation\" data-ved=\"2ahUKEwj3q8Tzp9mIAxXZPhAIHa4ZAN0Q3ewLegQICBAU\" aria-label=\"Translated text: Super pied\u0101v\u0101jums vesel\u012bgu saldumu cien\u012bt\u0101jiem! Par katru ieg\u0101d\u0101to 1 kg mango d\u0101v\u0101sim 250g paci\u0146u kokosriekstu skaidi\u0146u! 2 kg mango = 500g (2 pakas) kokosriekstu skaidi\u0146as utt. \u0160ie zelta gabali sl\u0113pj nere\u0101lu baudu! Apet\u012bti rosino\u0161s un maigs mango, kur\u0101 iem\u012bl\u0113sies ikviens! T\u016bksto\u0161iem veiksmes s\u0113\u0146u jau ir pie\u0137\u0113ru\u0161\u0101s \u0161ai neticami saldajai gar\u0161ai. Ar\u012b Naturka kalt\u0113tais mango ar zemu cukura l\u012bmeni (5%) satur vair\u0101k nek\u0101 20 vitam\u012bnu un miner\u0101lvielu, kas ir piem\u0113roti lieto\u0161anai pat tad, ja iev\u0113ro di\u0113tu vai vesel\u012bgu uzturu! Izm\u0113\u0123iniet m\u016bsu supergar\u0161o mango! Naturka garant\u0113, ka t\u0101s neaizmirstam\u0101 gar\u0161a un smar\u017ea neatst\u0101s j\u016bs vienaldz\u012bgus. Kokosriekstu \u010dipsi ir lieliska piedeva jogurtam, sm\u016btijiem vai sal\u0101tiem un, protams, \u0113st t\u0101dus, k\u0101di ir!\"><span class=\"Y2IQFc\" lang=\"lv\">Kokosriekstu \u010dipsi ir lieliska piedeva jogurtam, sm\u016btijiem vai sal\u0101tiem un, protams, \u0113st t\u0101dus, k\u0101di ir!<\/span><\/p>\n<p class=\"tw-data-text tw-text-large tw-ta\" dir=\"ltr\" data-placeholder=\"Translation\" data-ved=\"2ahUKEwip0-CChduIAxUyJRAIHZrDFbMQ3ewLegQICBAU\" aria-label=\"Translated text: Sast\u0101vda\u013cas (mango): mango, saharoze (5%), citronsk\u0101be Uzturv\u0113rt\u012bbas inform\u0101cija uz 100g: ener\u0123\u0113tiskais saturs 1398,39 kJ\/334 kcal, tauki 0,49g, no tiem pies\u0101tin\u0101t\u0101s tauksk\u0101bes 0,02g; og\u013chidr\u0101ti 80,7g, no tiem cukuri 49,5g, olbaltumvielas 1,68g, s\u0101ls 0g. Sast\u0101vda\u013cas (kokosriekstu skaidi\u0146as): 100% kokosrieksts Uzturv\u0113rt\u012bbas inform\u0101cija uz 100g: ener\u0123\u0113tiskais saturs 660 kcal, tauki 64,5g, no tiem pies\u0101tin\u0101t\u0101s tauksk\u0101bes 57,2g; og\u013chidr\u0101ti 23,65g, no tiem cukuri 7,35g, olbaltumvielas 6,9g, s\u0101ls 0g. Uzglab\u0101t saus\u0101 un v\u0113s\u0101 viet\u0101.\"><span class=\"Y2IQFc\" lang=\"lv\">Uzturv\u0113rt\u012bbas inform\u0101cija uz 100g (mango): ener\u0123\u0113tiskais saturs 1398,39 kJ\/334 kcal, tauki 0,49g, no tiem pies\u0101tin\u0101t\u0101s tauksk\u0101bes 0,02g; og\u013chidr\u0101ti 80,7g, no tiem cukuri 49,5g, olbaltumvielas 1,68g, s\u0101ls 0g. <\/span><\/p>\n<p class=\"tw-data-text tw-text-large tw-ta\" dir=\"ltr\" data-placeholder=\"Translation\" data-ved=\"2ahUKEwip0-CChduIAxUyJRAIHZrDFbMQ3ewLegQICBAU\" aria-label=\"Translated text: Sast\u0101vda\u013cas (mango): mango, saharoze (5%), citronsk\u0101be Uzturv\u0113rt\u012bbas inform\u0101cija uz 100g: ener\u0123\u0113tiskais saturs 1398,39 kJ\/334 kcal, tauki 0,49g, no tiem pies\u0101tin\u0101t\u0101s tauksk\u0101bes 0,02g; og\u013chidr\u0101ti 80,7g, no tiem cukuri 49,5g, olbaltumvielas 1,68g, s\u0101ls 0g. Sast\u0101vda\u013cas (kokosriekstu skaidi\u0146as): 100% kokosrieksts Uzturv\u0113rt\u012bbas inform\u0101cija uz 100g: ener\u0123\u0113tiskais saturs 660 kcal, tauki 64,5g, no tiem pies\u0101tin\u0101t\u0101s tauksk\u0101bes 57,2g; og\u013chidr\u0101ti 23,65g, no tiem cukuri 7,35g, olbaltumvielas 6,9g, s\u0101ls 0g. Uzglab\u0101t saus\u0101 un v\u0113s\u0101 viet\u0101.\"><span class=\"Y2IQFc\" lang=\"lv\">Uzturv\u0113rt\u012bbas inform\u0101cija uz 100g (kokosriekstu skaidi\u0146as): ener\u0123\u0113tiskais saturs 660 kcal, tauki 64,5g, no tiem pies\u0101tin\u0101t\u0101s tauksk\u0101bes 57,2g; og\u013chidr\u0101ti 23,65g, no tiem cukuri 7,35g, olbaltumvielas 6,9g, s\u0101ls 0g. <\/span><\/p>\n<p class=\"tw-data-text tw-text-large tw-ta\" dir=\"ltr\" data-placeholder=\"Translation\" data-ved=\"2ahUKEwip0-CChduIAxUyJRAIHZrDFbMQ3ewLegQICBAU\" aria-label=\"Translated text: Sast\u0101vda\u013cas (mango): mango, saharoze (5%), citronsk\u0101be Uzturv\u0113rt\u012bbas inform\u0101cija uz 100g: ener\u0123\u0113tiskais saturs 1398,39 kJ\/334 kcal, tauki 0,49g, no tiem pies\u0101tin\u0101t\u0101s tauksk\u0101bes 0,02g; og\u013chidr\u0101ti 80,7g, no tiem cukuri 49,5g, olbaltumvielas 1,68g, s\u0101ls 0g. Sast\u0101vda\u013cas (kokosriekstu skaidi\u0146as): 100% kokosrieksts Uzturv\u0113rt\u012bbas inform\u0101cija uz 100g: ener\u0123\u0113tiskais saturs 660 kcal, tauki 64,5g, no tiem pies\u0101tin\u0101t\u0101s tauksk\u0101bes 57,2g; og\u013chidr\u0101ti 23,65g, no tiem cukuri 7,35g, olbaltumvielas 6,9g, s\u0101ls 0g. Uzglab\u0101t saus\u0101 un v\u0113s\u0101 viet\u0101.\"><span class=\"Y2IQFc\" lang=\"lv\">Uzglab\u0101t saus\u0101 un v\u0113s\u0101 viet\u0101.<\/span><\/p>\n","protected":false},"featured_media":28810,"template":"","meta":{"inline_featured_image":false},"product_cat":[185],"product_tag":[],"class_list":["post-28793","product","type-product","status-publish","has-post-thumbnail","hentry","product_cat-special-offer-lv"],"supplier_id":null,"supplier_sku":"","barcode":null,"atum_controlled":true,"out_stock_date":null,"out_stock_threshold":null,"inheritable":false,"inbound_stock":0,"stock_on_hold":0,"sold_today":0,"sales_last_days":0,"reserved_stock":0,"customer_returns":0,"warehouse_damage":0,"lost_in_post":0,"other_logs":0,"out_stock_days":0,"lost_sales":0,"has_location":false,"update_date":"2026-04-18T15:50:41","atum_locations":[],"atum_stock_status":"instock","restock_status":false,"low_stock_amount":"","sales_update_date":"2026-04-18T15:50:40","calc_backorders":null,"yoast_head":"<!-- This site is optimized with the Yoast SEO plugin v22.6 - https:\/\/yoast.com\/wordpress\/plugins\/seo\/ -->\n<title>1KG Mango + 250g kokosriekstu skaidi\u0146as D\u0100VAN\u0100 - Naturka<\/title>\n<meta name=\"robots\" content=\"index, follow, max-snippet:-1, max-image-preview:large, max-video-preview:-1\" \/>\n<link rel=\"canonical\" href=\"https:\/\/naturka.ee\/lv\/product\/1kg-mangot-kingituseks-250g-kookoskropse\/\" \/>\n<meta property=\"og:locale\" content=\"lv_LV\" \/>\n<meta property=\"og:type\" content=\"article\" \/>\n<meta property=\"og:title\" content=\"1KG Mango + 250g kokosriekstu skaidi\u0146as D\u0100VAN\u0100 - Naturka\" \/>\n<meta property=\"og:description\" content=\"Super pied\u0101v\u0101jums vesel\u012bgu saldumu cien\u012bt\u0101jiem!  Par katru ieg\u0101d\u0101to 1 kg mango d\u0101v\u0101sim 250g paci\u0146u kokosriekstu skaidi\u0146u! 2 kg mango = 500g (2 pakas) kokosriekstu skaidi\u0146as utt.  \u0160ie zelta gabali sl\u0113pj nere\u0101lu baudu! Apet\u012bti rosino\u0161s un maigs mango, kur\u0101 iem\u012bl\u0113sies ikviens! T\u016bksto\u0161iem veiksmes s\u0113\u0146u jau ir pie\u0137\u0113ru\u0161\u0101s \u0161ai neticami saldajai gar\u0161ai. Ar\u012b Naturka kalt\u0113tais mango ar zemu cukura l\u012bmeni (5%) satur vair\u0101k nek\u0101 20 vitam\u012bnu un miner\u0101lvielu, kas ir piem\u0113roti lieto\u0161anai pat tad, ja iev\u0113ro di\u0113tu vai vesel\u012bgu uzturu!  Izm\u0113\u0123iniet m\u016bsu supergar\u0161o mango! Naturka garant\u0113, ka t\u0101s neaizmirstam\u0101 gar\u0161a un smar\u017ea neatst\u0101s j\u016bs vienaldz\u012bgus.  Kokosriekstu \u010dipsi ir lieliska piedeva jogurtam, sm\u016btijiem vai sal\u0101tiem un, protams, \u0113st t\u0101dus, k\u0101di ir! Uzturv\u0113rt\u012bbas inform\u0101cija uz 100g (mango): ener\u0123\u0113tiskais saturs 1398,39 kJ\/334 kcal, tauki 0,49g, no tiem pies\u0101tin\u0101t\u0101s tauksk\u0101bes 0,02g; og\u013chidr\u0101ti 80,7g, no tiem cukuri 49,5g, olbaltumvielas 1,68g, s\u0101ls 0g.  Uzturv\u0113rt\u012bbas inform\u0101cija uz 100g (kokosriekstu skaidi\u0146as): ener\u0123\u0113tiskais saturs 660 kcal, tauki 64,5g, no tiem pies\u0101tin\u0101t\u0101s tauksk\u0101bes 57,2g; og\u013chidr\u0101ti 23,65g, no tiem cukuri 7,35g, olbaltumvielas 6,9g, s\u0101ls 0g.  Uzglab\u0101t saus\u0101 un v\u0113s\u0101 viet\u0101.\" \/>\n<meta property=\"og:url\" content=\"https:\/\/naturka.ee\/lv\/product\/1kg-mangot-kingituseks-250g-kookoskropse\/\" \/>\n<meta property=\"og:site_name\" content=\"Naturka\" \/>\n<meta property=\"article:modified_time\" content=\"2025-10-21T17:39:12+00:00\" \/>\n<meta property=\"og:image\" content=\"https:\/\/naturka.ee\/wp-content\/uploads\/2024\/09\/mango_kokos424.09.jpg\" \/>\n\t<meta property=\"og:image:width\" content=\"1536\" \/>\n\t<meta property=\"og:image:height\" content=\"1172\" \/>\n\t<meta property=\"og:image:type\" content=\"image\/jpeg\" \/>\n<meta name=\"twitter:card\" content=\"summary_large_image\" \/>\n<script type=\"application\/ld+json\" class=\"yoast-schema-graph\">{\"@context\":\"https:\/\/schema.org\",\"@graph\":[{\"@type\":\"WebPage\",\"@id\":\"https:\/\/naturka.ee\/lv\/product\/1kg-mangot-kingituseks-250g-kookoskropse\/\",\"url\":\"https:\/\/naturka.ee\/lv\/product\/1kg-mangot-kingituseks-250g-kookoskropse\/\",\"name\":\"1KG Mango + 250g kokosriekstu skaidi\u0146as D\u0100VAN\u0100 - Naturka\",\"isPartOf\":{\"@id\":\"https:\/\/naturka.ee\/lv\/#website\"},\"primaryImageOfPage\":{\"@id\":\"https:\/\/naturka.ee\/lv\/product\/1kg-mangot-kingituseks-250g-kookoskropse\/#primaryimage\"},\"image\":{\"@id\":\"https:\/\/naturka.ee\/lv\/product\/1kg-mangot-kingituseks-250g-kookoskropse\/#primaryimage\"},\"thumbnailUrl\":\"https:\/\/naturka.ee\/wp-content\/uploads\/2024\/09\/mango_kokos424.09.jpg\",\"datePublished\":\"2024-09-23T14:48:57+00:00\",\"dateModified\":\"2025-10-21T17:39:12+00:00\",\"breadcrumb\":{\"@id\":\"https:\/\/naturka.ee\/lv\/product\/1kg-mangot-kingituseks-250g-kookoskropse\/#breadcrumb\"},\"inLanguage\":\"lv-LV\",\"potentialAction\":[{\"@type\":\"ReadAction\",\"target\":[\"https:\/\/naturka.ee\/lv\/product\/1kg-mangot-kingituseks-250g-kookoskropse\/\"]}]},{\"@type\":\"ImageObject\",\"inLanguage\":\"lv-LV\",\"@id\":\"https:\/\/naturka.ee\/lv\/product\/1kg-mangot-kingituseks-250g-kookoskropse\/#primaryimage\",\"url\":\"https:\/\/naturka.ee\/wp-content\/uploads\/2024\/09\/mango_kokos424.09.jpg\",\"contentUrl\":\"https:\/\/naturka.ee\/wp-content\/uploads\/2024\/09\/mango_kokos424.09.jpg\",\"width\":1536,\"height\":1172},{\"@type\":\"BreadcrumbList\",\"@id\":\"https:\/\/naturka.ee\/lv\/product\/1kg-mangot-kingituseks-250g-kookoskropse\/#breadcrumb\",\"itemListElement\":[{\"@type\":\"ListItem\",\"position\":1,\"name\":\"Home\",\"item\":\"https:\/\/naturka.ee\/lv\/home\/\"},{\"@type\":\"ListItem\",\"position\":2,\"name\":\"Pood\",\"item\":\"https:\/\/naturka.ee\/shop\/\"},{\"@type\":\"ListItem\",\"position\":3,\"name\":\"1KG Mango + 250g kokosriekstu skaidi\u0146as D\u0100VAN\u0100\"}]},{\"@type\":\"WebSite\",\"@id\":\"https:\/\/naturka.ee\/lv\/#website\",\"url\":\"https:\/\/naturka.ee\/lv\/\",\"name\":\"Naturka\",\"description\":\"\",\"potentialAction\":[{\"@type\":\"SearchAction\",\"target\":{\"@type\":\"EntryPoint\",\"urlTemplate\":\"https:\/\/naturka.ee\/lv\/?s={search_term_string}\"},\"query-input\":\"required name=search_term_string\"}],\"inLanguage\":\"lv-LV\"}]}<\/script>\n<!-- \/ Yoast SEO plugin. -->","yoast_head_json":{"title":"1KG Mango + 250g kokosriekstu skaidi\u0146as D\u0100VAN\u0100 - Naturka","robots":{"index":"index","follow":"follow","max-snippet":"max-snippet:-1","max-image-preview":"max-image-preview:large","max-video-preview":"max-video-preview:-1"},"canonical":"https:\/\/naturka.ee\/lv\/product\/1kg-mangot-kingituseks-250g-kookoskropse\/","og_locale":"lv_LV","og_type":"article","og_title":"1KG Mango + 250g kokosriekstu skaidi\u0146as D\u0100VAN\u0100 - Naturka","og_description":"Super pied\u0101v\u0101jums vesel\u012bgu saldumu cien\u012bt\u0101jiem!  Par katru ieg\u0101d\u0101to 1 kg mango d\u0101v\u0101sim 250g paci\u0146u kokosriekstu skaidi\u0146u! 2 kg mango = 500g (2 pakas) kokosriekstu skaidi\u0146as utt.  \u0160ie zelta gabali sl\u0113pj nere\u0101lu baudu! Apet\u012bti rosino\u0161s un maigs mango, kur\u0101 iem\u012bl\u0113sies ikviens! T\u016bksto\u0161iem veiksmes s\u0113\u0146u jau ir pie\u0137\u0113ru\u0161\u0101s \u0161ai neticami saldajai gar\u0161ai. Ar\u012b Naturka kalt\u0113tais mango ar zemu cukura l\u012bmeni (5%) satur vair\u0101k nek\u0101 20 vitam\u012bnu un miner\u0101lvielu, kas ir piem\u0113roti lieto\u0161anai pat tad, ja iev\u0113ro di\u0113tu vai vesel\u012bgu uzturu!  Izm\u0113\u0123iniet m\u016bsu supergar\u0161o mango! Naturka garant\u0113, ka t\u0101s neaizmirstam\u0101 gar\u0161a un smar\u017ea neatst\u0101s j\u016bs vienaldz\u012bgus.  Kokosriekstu \u010dipsi ir lieliska piedeva jogurtam, sm\u016btijiem vai sal\u0101tiem un, protams, \u0113st t\u0101dus, k\u0101di ir! Uzturv\u0113rt\u012bbas inform\u0101cija uz 100g (mango): ener\u0123\u0113tiskais saturs 1398,39 kJ\/334 kcal, tauki 0,49g, no tiem pies\u0101tin\u0101t\u0101s tauksk\u0101bes 0,02g; og\u013chidr\u0101ti 80,7g, no tiem cukuri 49,5g, olbaltumvielas 1,68g, s\u0101ls 0g.  Uzturv\u0113rt\u012bbas inform\u0101cija uz 100g (kokosriekstu skaidi\u0146as): ener\u0123\u0113tiskais saturs 660 kcal, tauki 64,5g, no tiem pies\u0101tin\u0101t\u0101s tauksk\u0101bes 57,2g; og\u013chidr\u0101ti 23,65g, no tiem cukuri 7,35g, olbaltumvielas 6,9g, s\u0101ls 0g.  Uzglab\u0101t saus\u0101 un v\u0113s\u0101 viet\u0101.","og_url":"https:\/\/naturka.ee\/lv\/product\/1kg-mangot-kingituseks-250g-kookoskropse\/","og_site_name":"Naturka","article_modified_time":"2025-10-21T17:39:12+00:00","og_image":[{"width":1536,"height":1172,"url":"https:\/\/naturka.ee\/wp-content\/uploads\/2024\/09\/mango_kokos424.09.jpg","type":"image\/jpeg"}],"twitter_card":"summary_large_image","schema":{"@context":"https:\/\/schema.org","@graph":[{"@type":"WebPage","@id":"https:\/\/naturka.ee\/lv\/product\/1kg-mangot-kingituseks-250g-kookoskropse\/","url":"https:\/\/naturka.ee\/lv\/product\/1kg-mangot-kingituseks-250g-kookoskropse\/","name":"1KG Mango + 250g kokosriekstu skaidi\u0146as D\u0100VAN\u0100 - Naturka","isPartOf":{"@id":"https:\/\/naturka.ee\/lv\/#website"},"primaryImageOfPage":{"@id":"https:\/\/naturka.ee\/lv\/product\/1kg-mangot-kingituseks-250g-kookoskropse\/#primaryimage"},"image":{"@id":"https:\/\/naturka.ee\/lv\/product\/1kg-mangot-kingituseks-250g-kookoskropse\/#primaryimage"},"thumbnailUrl":"https:\/\/naturka.ee\/wp-content\/uploads\/2024\/09\/mango_kokos424.09.jpg","datePublished":"2024-09-23T14:48:57+00:00","dateModified":"2025-10-21T17:39:12+00:00","breadcrumb":{"@id":"https:\/\/naturka.ee\/lv\/product\/1kg-mangot-kingituseks-250g-kookoskropse\/#breadcrumb"},"inLanguage":"lv-LV","potentialAction":[{"@type":"ReadAction","target":["https:\/\/naturka.ee\/lv\/product\/1kg-mangot-kingituseks-250g-kookoskropse\/"]}]},{"@type":"ImageObject","inLanguage":"lv-LV","@id":"https:\/\/naturka.ee\/lv\/product\/1kg-mangot-kingituseks-250g-kookoskropse\/#primaryimage","url":"https:\/\/naturka.ee\/wp-content\/uploads\/2024\/09\/mango_kokos424.09.jpg","contentUrl":"https:\/\/naturka.ee\/wp-content\/uploads\/2024\/09\/mango_kokos424.09.jpg","width":1536,"height":1172},{"@type":"BreadcrumbList","@id":"https:\/\/naturka.ee\/lv\/product\/1kg-mangot-kingituseks-250g-kookoskropse\/#breadcrumb","itemListElement":[{"@type":"ListItem","position":1,"name":"Home","item":"https:\/\/naturka.ee\/lv\/home\/"},{"@type":"ListItem","position":2,"name":"Pood","item":"https:\/\/naturka.ee\/shop\/"},{"@type":"ListItem","position":3,"name":"1KG Mango + 250g kokosriekstu skaidi\u0146as D\u0100VAN\u0100"}]},{"@type":"WebSite","@id":"https:\/\/naturka.ee\/lv\/#website","url":"https:\/\/naturka.ee\/lv\/","name":"Naturka","description":"","potentialAction":[{"@type":"SearchAction","target":{"@type":"EntryPoint","urlTemplate":"https:\/\/naturka.ee\/lv\/?s={search_term_string}"},"query-input":"required name=search_term_string"}],"inLanguage":"lv-LV"}]}},"_links":{"self":[{"href":"https:\/\/naturka.ee\/lv\/wp-json\/wp\/v2\/product\/28793","targetHints":{"allow":["GET"]}}],"collection":[{"href":"https:\/\/naturka.ee\/lv\/wp-json\/wp\/v2\/product"}],"about":[{"href":"https:\/\/naturka.ee\/lv\/wp-json\/wp\/v2\/types\/product"}],"wp:featuredmedia":[{"embeddable":true,"href":"https:\/\/naturka.ee\/lv\/wp-json\/wp\/v2\/media\/28810"}],"wp:attachment":[{"href":"https:\/\/naturka.ee\/lv\/wp-json\/wp\/v2\/media?parent=28793"}],"wp:term":[{"taxonomy":"product_cat","embeddable":true,"href":"https:\/\/naturka.ee\/lv\/wp-json\/wp\/v2\/product_cat?post=28793"},{"taxonomy":"product_tag","embeddable":true,"href":"https:\/\/naturka.ee\/lv\/wp-json\/wp\/v2\/product_tag?post=28793"}],"curies":[{"name":"wp","href":"https:\/\/api.w.org\/{rel}","templated":true}]}}