{"id":28057,"date":"2024-08-05T14:11:21","date_gmt":"2024-08-05T11:11:21","guid":{"rendered":"https:\/\/naturka.ee\/product\/seedriseemned-45\/"},"modified":"2026-03-26T17:47:13","modified_gmt":"2026-03-26T15:47:13","slug":"seedriseemned-45","status":"publish","type":"product","link":"https:\/\/naturka.ee\/lv\/product\/seedriseemned-45\/","title":{"rendered":"Ciedru rieksti  (100g pack) 4=5"},"content":{"rendered":"","protected":false},"excerpt":{"rendered":"<p id=\"tw-target-text\" class=\"tw-data-text tw-text-large tw-ta\" dir=\"ltr\" data-placeholder=\"Translation\" aria-label=\"Translated text\" data-ved=\"2ahUKEwigsuqB3d2HAxXKJRAIHS2vIJAQ3ewLegQIBxAU\"><span class=\"Y2IQFc\" lang=\"lv\">P\u0113rc 4 iepakojumus 100g ciedra s\u0113klu (400g) un sa\u0146em piekto iepakojumu bez maksas! <\/span><\/p>\n<p class=\"tw-data-text tw-text-large tw-ta\" dir=\"ltr\" data-placeholder=\"Translation\" aria-label=\"Translated text\" data-ved=\"2ahUKEwigsuqB3d2HAxXKJRAIHS2vIJAQ3ewLegQIBxAU\"><span class=\"Y2IQFc\" lang=\"lv\">Mizot\u0101s ciedra s\u0113klas ar maigu gar\u0161u satur daudz vitam\u012bnu un miner\u0101lvielu (magniju, cinku un dzelzi, E vitam\u012bnu). <\/span><\/p>\n<p class=\"tw-data-text tw-text-large tw-ta\" dir=\"ltr\" data-placeholder=\"Translation\" aria-label=\"Translated text\" data-ved=\"2ahUKEwigsuqB3d2HAxXKJRAIHS2vIJAQ3ewLegQIBxAU\"><span class=\"Y2IQFc\" lang=\"lv\">Ener\u0123ijas bag\u0101ta uzkoda! Pa\u0146emiet to l\u012bdzi uz darbu, skolu vai ce\u013cojumu. \u0160\u012bs kr\u0113m\u012bg\u0101s ciedra s\u0113klas lieliski noder ar\u012b pievieno\u0161anai pesto, sal\u0101tiem, humusam un konditorejas izstr\u0101d\u0101jumiem. Tie ir ne tikai vesel\u012bgi, bet ar\u012b gar\u0161\u012bgi.<\/span><\/p>\n<p id=\"tw-target-text\" class=\"tw-data-text tw-text-large tw-ta\" dir=\"ltr\" data-placeholder=\"Translation\" data-ved=\"2ahUKEwip0-CChduIAxUyJRAIHZrDFbMQ3ewLegQICBAU\" aria-label=\"Translated text: Sast\u0101vda\u013cas: ciedra s\u0113klas 100%\n\nUzturv\u0113rt\u012bbas inform\u0101cija uz 100g:\n\nener\u0123\u0113tiskais saturs 2815,83kj\/673kcal, tauki 68,4g, no tiem pies\u0101tin\u0101t\u0101s tauksk\u0101bes 5,0g, og\u013chidr\u0101ti 13g no tiem cukuri 3g, taukvielas 5,2g, olbaltumvielas 13,07g, s\u0101ls 0g\"><span class=\"Y2IQFc\" lang=\"lv\">Sast\u0101vda\u013cas: ciedra s\u0113klas 100% <\/span><\/p>\n<p class=\"tw-data-text tw-text-large tw-ta\" dir=\"ltr\" data-placeholder=\"Translation\" data-ved=\"2ahUKEwip0-CChduIAxUyJRAIHZrDFbMQ3ewLegQICBAU\" aria-label=\"Translated text: Sast\u0101vda\u013cas: ciedra s\u0113klas 100%\n\nUzturv\u0113rt\u012bbas inform\u0101cija uz 100g:\n\nener\u0123\u0113tiskais saturs 2815,83kj\/673kcal, tauki 68,4g, no tiem pies\u0101tin\u0101t\u0101s tauksk\u0101bes 5,0g, og\u013chidr\u0101ti 13g no tiem cukuri 3g, taukvielas 5,2g, olbaltumvielas 13,07g, s\u0101ls 0g\"><span class=\"Y2IQFc\" lang=\"lv\">Uzturv\u0113rt\u012bbas inform\u0101cija uz 100g: ener\u0123\u0113tiskais saturs 2815,83kj\/673kcal, tauki 68,4g, no tiem pies\u0101tin\u0101t\u0101s tauksk\u0101bes 5,0g, og\u013chidr\u0101ti 13g no tiem cukuri 3g, taukvielas 5,2g, olbaltumvielas 13,07g, s\u0101ls 0g<\/span><\/p>\n<p class=\"tw-data-text tw-text-large tw-ta\" dir=\"ltr\" data-placeholder=\"Translation\" aria-label=\"Translated text\" data-ved=\"2ahUKEwigsuqB3d2HAxXKJRAIHS2vIJAQ3ewLegQIBxAU\"><span class=\"Y2IQFc\" lang=\"lv\">Uzglab\u0101t saus\u0101, t\u012br\u0101 un v\u0113s\u0101 viet\u0101.<\/span><\/p>\n","protected":false},"featured_media":28053,"template":"","meta":{"inline_featured_image":false},"product_cat":[224,185],"product_tag":[],"class_list":["post-28057","product","type-product","status-publish","has-post-thumbnail","hentry","product_cat-seklas-lv","product_cat-special-offer-lv"],"supplier_id":null,"supplier_sku":"","barcode":null,"atum_controlled":true,"out_stock_date":null,"out_stock_threshold":null,"inheritable":false,"inbound_stock":0,"stock_on_hold":1,"sold_today":1,"sales_last_days":6,"reserved_stock":0,"customer_returns":0,"warehouse_damage":0,"lost_in_post":0,"other_logs":0,"out_stock_days":0,"lost_sales":0,"has_location":false,"update_date":"2026-05-13T12:46:00","atum_locations":[],"atum_stock_status":"instock","restock_status":false,"low_stock_amount":"","sales_update_date":"2026-05-13T12:45:59","calc_backorders":null,"yoast_head":"<!-- This site is optimized with the Yoast SEO plugin v22.6 - https:\/\/yoast.com\/wordpress\/plugins\/seo\/ -->\n<title>Ciedru rieksti (100g pack) 4=5 - Naturka<\/title>\n<meta name=\"robots\" content=\"index, follow, max-snippet:-1, max-image-preview:large, max-video-preview:-1\" \/>\n<link rel=\"canonical\" href=\"https:\/\/naturka.ee\/lv\/product\/seedriseemned-45\/\" \/>\n<meta property=\"og:locale\" content=\"lv_LV\" \/>\n<meta property=\"og:type\" content=\"article\" \/>\n<meta property=\"og:title\" content=\"Ciedru rieksti (100g pack) 4=5 - Naturka\" \/>\n<meta property=\"og:description\" content=\"P\u0113rc 4 iepakojumus 100g ciedra s\u0113klu (400g) un sa\u0146em piekto iepakojumu bez maksas!  Mizot\u0101s ciedra s\u0113klas ar maigu gar\u0161u satur daudz vitam\u012bnu un miner\u0101lvielu (magniju, cinku un dzelzi, E vitam\u012bnu).  Ener\u0123ijas bag\u0101ta uzkoda! Pa\u0146emiet to l\u012bdzi uz darbu, skolu vai ce\u013cojumu. \u0160\u012bs kr\u0113m\u012bg\u0101s ciedra s\u0113klas lieliski noder ar\u012b pievieno\u0161anai pesto, sal\u0101tiem, humusam un konditorejas izstr\u0101d\u0101jumiem. Tie ir ne tikai vesel\u012bgi, bet ar\u012b gar\u0161\u012bgi. Sast\u0101vda\u013cas: ciedra s\u0113klas 100%  Uzturv\u0113rt\u012bbas inform\u0101cija uz 100g: ener\u0123\u0113tiskais saturs 2815,83kj\/673kcal, tauki 68,4g, no tiem pies\u0101tin\u0101t\u0101s tauksk\u0101bes 5,0g, og\u013chidr\u0101ti 13g no tiem cukuri 3g, taukvielas 5,2g, olbaltumvielas 13,07g, s\u0101ls 0g Uzglab\u0101t saus\u0101, t\u012br\u0101 un v\u0113s\u0101 viet\u0101.\" \/>\n<meta property=\"og:url\" content=\"https:\/\/naturka.ee\/lv\/product\/seedriseemned-45\/\" \/>\n<meta property=\"og:site_name\" content=\"Naturka\" \/>\n<meta property=\"article:modified_time\" content=\"2026-03-26T15:47:13+00:00\" \/>\n<meta property=\"og:image\" content=\"https:\/\/naturka.ee\/wp-content\/uploads\/2024\/08\/Seedriseemned_web.png\" \/>\n\t<meta property=\"og:image:width\" content=\"1536\" \/>\n\t<meta property=\"og:image:height\" content=\"1172\" \/>\n\t<meta property=\"og:image:type\" content=\"image\/png\" \/>\n<meta name=\"twitter:card\" content=\"summary_large_image\" \/>\n<script type=\"application\/ld+json\" class=\"yoast-schema-graph\">{\"@context\":\"https:\/\/schema.org\",\"@graph\":[{\"@type\":\"WebPage\",\"@id\":\"https:\/\/naturka.ee\/lv\/product\/seedriseemned-45\/\",\"url\":\"https:\/\/naturka.ee\/lv\/product\/seedriseemned-45\/\",\"name\":\"Ciedru rieksti (100g pack) 4=5 - Naturka\",\"isPartOf\":{\"@id\":\"https:\/\/naturka.ee\/lv\/#website\"},\"primaryImageOfPage\":{\"@id\":\"https:\/\/naturka.ee\/lv\/product\/seedriseemned-45\/#primaryimage\"},\"image\":{\"@id\":\"https:\/\/naturka.ee\/lv\/product\/seedriseemned-45\/#primaryimage\"},\"thumbnailUrl\":\"https:\/\/naturka.ee\/wp-content\/uploads\/2024\/08\/Seedriseemned_web.png\",\"datePublished\":\"2024-08-05T11:11:21+00:00\",\"dateModified\":\"2026-03-26T15:47:13+00:00\",\"breadcrumb\":{\"@id\":\"https:\/\/naturka.ee\/lv\/product\/seedriseemned-45\/#breadcrumb\"},\"inLanguage\":\"lv-LV\",\"potentialAction\":[{\"@type\":\"ReadAction\",\"target\":[\"https:\/\/naturka.ee\/lv\/product\/seedriseemned-45\/\"]}]},{\"@type\":\"ImageObject\",\"inLanguage\":\"lv-LV\",\"@id\":\"https:\/\/naturka.ee\/lv\/product\/seedriseemned-45\/#primaryimage\",\"url\":\"https:\/\/naturka.ee\/wp-content\/uploads\/2024\/08\/Seedriseemned_web.png\",\"contentUrl\":\"https:\/\/naturka.ee\/wp-content\/uploads\/2024\/08\/Seedriseemned_web.png\",\"width\":1536,\"height\":1172},{\"@type\":\"BreadcrumbList\",\"@id\":\"https:\/\/naturka.ee\/lv\/product\/seedriseemned-45\/#breadcrumb\",\"itemListElement\":[{\"@type\":\"ListItem\",\"position\":1,\"name\":\"Home\",\"item\":\"https:\/\/naturka.ee\/lv\/home\/\"},{\"@type\":\"ListItem\",\"position\":2,\"name\":\"Pood\",\"item\":\"https:\/\/naturka.ee\/shop\/\"},{\"@type\":\"ListItem\",\"position\":3,\"name\":\"Ciedru rieksti (100g pack) 4=5\"}]},{\"@type\":\"WebSite\",\"@id\":\"https:\/\/naturka.ee\/lv\/#website\",\"url\":\"https:\/\/naturka.ee\/lv\/\",\"name\":\"Naturka\",\"description\":\"\",\"potentialAction\":[{\"@type\":\"SearchAction\",\"target\":{\"@type\":\"EntryPoint\",\"urlTemplate\":\"https:\/\/naturka.ee\/lv\/?s={search_term_string}\"},\"query-input\":\"required name=search_term_string\"}],\"inLanguage\":\"lv-LV\"}]}<\/script>\n<!-- \/ Yoast SEO plugin. -->","yoast_head_json":{"title":"Ciedru rieksti (100g pack) 4=5 - Naturka","robots":{"index":"index","follow":"follow","max-snippet":"max-snippet:-1","max-image-preview":"max-image-preview:large","max-video-preview":"max-video-preview:-1"},"canonical":"https:\/\/naturka.ee\/lv\/product\/seedriseemned-45\/","og_locale":"lv_LV","og_type":"article","og_title":"Ciedru rieksti (100g pack) 4=5 - Naturka","og_description":"P\u0113rc 4 iepakojumus 100g ciedra s\u0113klu (400g) un sa\u0146em piekto iepakojumu bez maksas!  Mizot\u0101s ciedra s\u0113klas ar maigu gar\u0161u satur daudz vitam\u012bnu un miner\u0101lvielu (magniju, cinku un dzelzi, E vitam\u012bnu).  Ener\u0123ijas bag\u0101ta uzkoda! Pa\u0146emiet to l\u012bdzi uz darbu, skolu vai ce\u013cojumu. \u0160\u012bs kr\u0113m\u012bg\u0101s ciedra s\u0113klas lieliski noder ar\u012b pievieno\u0161anai pesto, sal\u0101tiem, humusam un konditorejas izstr\u0101d\u0101jumiem. Tie ir ne tikai vesel\u012bgi, bet ar\u012b gar\u0161\u012bgi. Sast\u0101vda\u013cas: ciedra s\u0113klas 100%  Uzturv\u0113rt\u012bbas inform\u0101cija uz 100g: ener\u0123\u0113tiskais saturs 2815,83kj\/673kcal, tauki 68,4g, no tiem pies\u0101tin\u0101t\u0101s tauksk\u0101bes 5,0g, og\u013chidr\u0101ti 13g no tiem cukuri 3g, taukvielas 5,2g, olbaltumvielas 13,07g, s\u0101ls 0g Uzglab\u0101t saus\u0101, t\u012br\u0101 un v\u0113s\u0101 viet\u0101.","og_url":"https:\/\/naturka.ee\/lv\/product\/seedriseemned-45\/","og_site_name":"Naturka","article_modified_time":"2026-03-26T15:47:13+00:00","og_image":[{"width":1536,"height":1172,"url":"https:\/\/naturka.ee\/wp-content\/uploads\/2024\/08\/Seedriseemned_web.png","type":"image\/png"}],"twitter_card":"summary_large_image","schema":{"@context":"https:\/\/schema.org","@graph":[{"@type":"WebPage","@id":"https:\/\/naturka.ee\/lv\/product\/seedriseemned-45\/","url":"https:\/\/naturka.ee\/lv\/product\/seedriseemned-45\/","name":"Ciedru rieksti (100g pack) 4=5 - Naturka","isPartOf":{"@id":"https:\/\/naturka.ee\/lv\/#website"},"primaryImageOfPage":{"@id":"https:\/\/naturka.ee\/lv\/product\/seedriseemned-45\/#primaryimage"},"image":{"@id":"https:\/\/naturka.ee\/lv\/product\/seedriseemned-45\/#primaryimage"},"thumbnailUrl":"https:\/\/naturka.ee\/wp-content\/uploads\/2024\/08\/Seedriseemned_web.png","datePublished":"2024-08-05T11:11:21+00:00","dateModified":"2026-03-26T15:47:13+00:00","breadcrumb":{"@id":"https:\/\/naturka.ee\/lv\/product\/seedriseemned-45\/#breadcrumb"},"inLanguage":"lv-LV","potentialAction":[{"@type":"ReadAction","target":["https:\/\/naturka.ee\/lv\/product\/seedriseemned-45\/"]}]},{"@type":"ImageObject","inLanguage":"lv-LV","@id":"https:\/\/naturka.ee\/lv\/product\/seedriseemned-45\/#primaryimage","url":"https:\/\/naturka.ee\/wp-content\/uploads\/2024\/08\/Seedriseemned_web.png","contentUrl":"https:\/\/naturka.ee\/wp-content\/uploads\/2024\/08\/Seedriseemned_web.png","width":1536,"height":1172},{"@type":"BreadcrumbList","@id":"https:\/\/naturka.ee\/lv\/product\/seedriseemned-45\/#breadcrumb","itemListElement":[{"@type":"ListItem","position":1,"name":"Home","item":"https:\/\/naturka.ee\/lv\/home\/"},{"@type":"ListItem","position":2,"name":"Pood","item":"https:\/\/naturka.ee\/shop\/"},{"@type":"ListItem","position":3,"name":"Ciedru rieksti (100g pack) 4=5"}]},{"@type":"WebSite","@id":"https:\/\/naturka.ee\/lv\/#website","url":"https:\/\/naturka.ee\/lv\/","name":"Naturka","description":"","potentialAction":[{"@type":"SearchAction","target":{"@type":"EntryPoint","urlTemplate":"https:\/\/naturka.ee\/lv\/?s={search_term_string}"},"query-input":"required name=search_term_string"}],"inLanguage":"lv-LV"}]}},"_links":{"self":[{"href":"https:\/\/naturka.ee\/lv\/wp-json\/wp\/v2\/product\/28057","targetHints":{"allow":["GET"]}}],"collection":[{"href":"https:\/\/naturka.ee\/lv\/wp-json\/wp\/v2\/product"}],"about":[{"href":"https:\/\/naturka.ee\/lv\/wp-json\/wp\/v2\/types\/product"}],"wp:featuredmedia":[{"embeddable":true,"href":"https:\/\/naturka.ee\/lv\/wp-json\/wp\/v2\/media\/28053"}],"wp:attachment":[{"href":"https:\/\/naturka.ee\/lv\/wp-json\/wp\/v2\/media?parent=28057"}],"wp:term":[{"taxonomy":"product_cat","embeddable":true,"href":"https:\/\/naturka.ee\/lv\/wp-json\/wp\/v2\/product_cat?post=28057"},{"taxonomy":"product_tag","embeddable":true,"href":"https:\/\/naturka.ee\/lv\/wp-json\/wp\/v2\/product_tag?post=28057"}],"curies":[{"name":"wp","href":"https:\/\/api.w.org\/{rel}","templated":true}]}}