{"id":27960,"date":"2024-07-30T14:41:30","date_gmt":"2024-07-30T11:41:30","guid":{"rendered":"https:\/\/naturka.ee\/product\/linaseemned\/"},"modified":"2025-12-14T17:28:30","modified_gmt":"2025-12-14T15:28:30","slug":"linaseemned","status":"publish","type":"product","link":"https:\/\/naturka.ee\/lv\/product\/linaseemned\/","title":{"rendered":"Linu s\u0113klas"},"content":{"rendered":"","protected":false},"excerpt":{"rendered":"<p id=\"tw-target-text\" class=\"tw-data-text tw-text-large tw-ta\" dir=\"ltr\" data-placeholder=\"Translation\" aria-label=\"Translated text\" data-ved=\"2ahUKEwis1_rSz86HAxVAFxAIHT3lGpkQ3ewLegQICBAU\"><span class=\"Y2IQFc\" lang=\"lv\">Jaunums &#8211; linu s\u0113klas. <\/span><\/p>\n<p class=\"tw-data-text tw-text-large tw-ta\" dir=\"ltr\" data-placeholder=\"Translation\" aria-label=\"Translated text\" data-ved=\"2ahUKEwis1_rSz86HAxVAFxAIHT3lGpkQ3ewLegQICBAU\"><span class=\"Y2IQFc\" lang=\"lv\">Linu s\u0113klas satur: daudz tauksk\u0101bju, olbaltumvielu, \u0161\u0137iedrvielu, karot\u012bnus, A, B, E, D, PP un F vitam\u012bnus, pretv\u0113\u017ea un citas v\u0113rt\u012bgas vielas. <\/span><\/p>\n<p class=\"tw-data-text tw-text-large tw-ta\" dir=\"ltr\" data-placeholder=\"Translation\" aria-label=\"Translated text\" data-ved=\"2ahUKEwis1_rSz86HAxVAFxAIHT3lGpkQ3ewLegQICBAU\"><span class=\"Y2IQFc\" lang=\"lv\">Pievienojiet tos putr\u0101m, jogurtiem un kef\u012bram. Pietiek ar da\u017e\u0101m t\u0113jkarot\u0113m maltu lins\u0113klu dien\u0101. <\/span><\/p>\n<p class=\"tw-data-text tw-text-large tw-ta\" dir=\"ltr\" data-placeholder=\"Translation\" aria-label=\"Translated text\" data-ved=\"2ahUKEwis1_rSz86HAxVAFxAIHT3lGpkQ3ewLegQICBAU\"><span class=\"Y2IQFc\" lang=\"lv\">Var satur\u0113t nelielu daudzumu sezama s\u0113klu, zemesriekstu un citu riekstu. <\/span><\/p>\n<p class=\"tw-data-text tw-text-large tw-ta\" dir=\"ltr\" data-placeholder=\"Translation\" aria-label=\"Translated text\" data-ved=\"2ahUKEwis1_rSz86HAxVAFxAIHT3lGpkQ3ewLegQICBAU\"><span class=\"Y2IQFc\" lang=\"lv\">Uzglab\u0101t saus\u0101, t\u012br\u0101 un v\u0113s\u0101 viet\u0101.<\/span><\/p>\n","protected":false},"featured_media":26111,"template":"","meta":{"inline_featured_image":false},"product_cat":[224],"product_tag":[],"class_list":["post-27960","product","type-product","status-publish","has-post-thumbnail","hentry","product_cat-seklas-lv"],"supplier_id":null,"supplier_sku":"","barcode":null,"atum_controlled":true,"out_stock_date":null,"out_stock_threshold":null,"inheritable":false,"inbound_stock":0,"stock_on_hold":0,"sold_today":0,"sales_last_days":0,"reserved_stock":0,"customer_returns":0,"warehouse_damage":0,"lost_in_post":0,"other_logs":0,"out_stock_days":0,"lost_sales":0,"has_location":false,"update_date":"2026-05-04T05:51:21","atum_locations":[],"atum_stock_status":"instock","restock_status":false,"low_stock_amount":"","sales_update_date":"2026-05-04T05:51:21","calc_backorders":null,"yoast_head":"<!-- This site is optimized with the Yoast SEO plugin v22.6 - https:\/\/yoast.com\/wordpress\/plugins\/seo\/ -->\n<title>Linu s\u0113klas - Naturka<\/title>\n<meta name=\"robots\" content=\"index, follow, max-snippet:-1, max-image-preview:large, max-video-preview:-1\" \/>\n<link rel=\"canonical\" href=\"https:\/\/naturka.ee\/lv\/product\/linaseemned\/\" \/>\n<meta property=\"og:locale\" content=\"lv_LV\" \/>\n<meta property=\"og:type\" content=\"article\" \/>\n<meta property=\"og:title\" content=\"Linu s\u0113klas - Naturka\" \/>\n<meta property=\"og:description\" content=\"Jaunums - linu s\u0113klas.  Linu s\u0113klas satur: daudz tauksk\u0101bju, olbaltumvielu, \u0161\u0137iedrvielu, karot\u012bnus, A, B, E, D, PP un F vitam\u012bnus, pretv\u0113\u017ea un citas v\u0113rt\u012bgas vielas.  Pievienojiet tos putr\u0101m, jogurtiem un kef\u012bram. Pietiek ar da\u017e\u0101m t\u0113jkarot\u0113m maltu lins\u0113klu dien\u0101.  Var satur\u0113t nelielu daudzumu sezama s\u0113klu, zemesriekstu un citu riekstu.  Uzglab\u0101t saus\u0101, t\u012br\u0101 un v\u0113s\u0101 viet\u0101.\" \/>\n<meta property=\"og:url\" content=\"https:\/\/naturka.ee\/lv\/product\/linaseemned\/\" \/>\n<meta property=\"og:site_name\" content=\"Naturka\" \/>\n<meta property=\"article:modified_time\" content=\"2025-12-14T15:28:30+00:00\" \/>\n<meta property=\"og:image\" content=\"https:\/\/naturka.ee\/wp-content\/uploads\/2024\/04\/30.jpg\" \/>\n\t<meta property=\"og:image:width\" content=\"1800\" \/>\n\t<meta property=\"og:image:height\" content=\"1373\" \/>\n\t<meta property=\"og:image:type\" content=\"image\/jpeg\" \/>\n<meta name=\"twitter:card\" content=\"summary_large_image\" \/>\n<script type=\"application\/ld+json\" class=\"yoast-schema-graph\">{\"@context\":\"https:\/\/schema.org\",\"@graph\":[{\"@type\":\"WebPage\",\"@id\":\"https:\/\/naturka.ee\/lv\/product\/linaseemned\/\",\"url\":\"https:\/\/naturka.ee\/lv\/product\/linaseemned\/\",\"name\":\"Linu s\u0113klas - Naturka\",\"isPartOf\":{\"@id\":\"https:\/\/naturka.ee\/lv\/#website\"},\"primaryImageOfPage\":{\"@id\":\"https:\/\/naturka.ee\/lv\/product\/linaseemned\/#primaryimage\"},\"image\":{\"@id\":\"https:\/\/naturka.ee\/lv\/product\/linaseemned\/#primaryimage\"},\"thumbnailUrl\":\"https:\/\/naturka.ee\/wp-content\/uploads\/2024\/04\/30.jpg\",\"datePublished\":\"2024-07-30T11:41:30+00:00\",\"dateModified\":\"2025-12-14T15:28:30+00:00\",\"breadcrumb\":{\"@id\":\"https:\/\/naturka.ee\/lv\/product\/linaseemned\/#breadcrumb\"},\"inLanguage\":\"lv-LV\",\"potentialAction\":[{\"@type\":\"ReadAction\",\"target\":[\"https:\/\/naturka.ee\/lv\/product\/linaseemned\/\"]}]},{\"@type\":\"ImageObject\",\"inLanguage\":\"lv-LV\",\"@id\":\"https:\/\/naturka.ee\/lv\/product\/linaseemned\/#primaryimage\",\"url\":\"https:\/\/naturka.ee\/wp-content\/uploads\/2024\/04\/30.jpg\",\"contentUrl\":\"https:\/\/naturka.ee\/wp-content\/uploads\/2024\/04\/30.jpg\",\"width\":1800,\"height\":1373},{\"@type\":\"BreadcrumbList\",\"@id\":\"https:\/\/naturka.ee\/lv\/product\/linaseemned\/#breadcrumb\",\"itemListElement\":[{\"@type\":\"ListItem\",\"position\":1,\"name\":\"Home\",\"item\":\"https:\/\/naturka.ee\/lv\/home\/\"},{\"@type\":\"ListItem\",\"position\":2,\"name\":\"Pood\",\"item\":\"https:\/\/naturka.ee\/shop\/\"},{\"@type\":\"ListItem\",\"position\":3,\"name\":\"Linu s\u0113klas\"}]},{\"@type\":\"WebSite\",\"@id\":\"https:\/\/naturka.ee\/lv\/#website\",\"url\":\"https:\/\/naturka.ee\/lv\/\",\"name\":\"Naturka\",\"description\":\"\",\"potentialAction\":[{\"@type\":\"SearchAction\",\"target\":{\"@type\":\"EntryPoint\",\"urlTemplate\":\"https:\/\/naturka.ee\/lv\/?s={search_term_string}\"},\"query-input\":\"required name=search_term_string\"}],\"inLanguage\":\"lv-LV\"}]}<\/script>\n<!-- \/ Yoast SEO plugin. -->","yoast_head_json":{"title":"Linu s\u0113klas - Naturka","robots":{"index":"index","follow":"follow","max-snippet":"max-snippet:-1","max-image-preview":"max-image-preview:large","max-video-preview":"max-video-preview:-1"},"canonical":"https:\/\/naturka.ee\/lv\/product\/linaseemned\/","og_locale":"lv_LV","og_type":"article","og_title":"Linu s\u0113klas - Naturka","og_description":"Jaunums - linu s\u0113klas.  Linu s\u0113klas satur: daudz tauksk\u0101bju, olbaltumvielu, \u0161\u0137iedrvielu, karot\u012bnus, A, B, E, D, PP un F vitam\u012bnus, pretv\u0113\u017ea un citas v\u0113rt\u012bgas vielas.  Pievienojiet tos putr\u0101m, jogurtiem un kef\u012bram. Pietiek ar da\u017e\u0101m t\u0113jkarot\u0113m maltu lins\u0113klu dien\u0101.  Var satur\u0113t nelielu daudzumu sezama s\u0113klu, zemesriekstu un citu riekstu.  Uzglab\u0101t saus\u0101, t\u012br\u0101 un v\u0113s\u0101 viet\u0101.","og_url":"https:\/\/naturka.ee\/lv\/product\/linaseemned\/","og_site_name":"Naturka","article_modified_time":"2025-12-14T15:28:30+00:00","og_image":[{"width":1800,"height":1373,"url":"https:\/\/naturka.ee\/wp-content\/uploads\/2024\/04\/30.jpg","type":"image\/jpeg"}],"twitter_card":"summary_large_image","schema":{"@context":"https:\/\/schema.org","@graph":[{"@type":"WebPage","@id":"https:\/\/naturka.ee\/lv\/product\/linaseemned\/","url":"https:\/\/naturka.ee\/lv\/product\/linaseemned\/","name":"Linu s\u0113klas - Naturka","isPartOf":{"@id":"https:\/\/naturka.ee\/lv\/#website"},"primaryImageOfPage":{"@id":"https:\/\/naturka.ee\/lv\/product\/linaseemned\/#primaryimage"},"image":{"@id":"https:\/\/naturka.ee\/lv\/product\/linaseemned\/#primaryimage"},"thumbnailUrl":"https:\/\/naturka.ee\/wp-content\/uploads\/2024\/04\/30.jpg","datePublished":"2024-07-30T11:41:30+00:00","dateModified":"2025-12-14T15:28:30+00:00","breadcrumb":{"@id":"https:\/\/naturka.ee\/lv\/product\/linaseemned\/#breadcrumb"},"inLanguage":"lv-LV","potentialAction":[{"@type":"ReadAction","target":["https:\/\/naturka.ee\/lv\/product\/linaseemned\/"]}]},{"@type":"ImageObject","inLanguage":"lv-LV","@id":"https:\/\/naturka.ee\/lv\/product\/linaseemned\/#primaryimage","url":"https:\/\/naturka.ee\/wp-content\/uploads\/2024\/04\/30.jpg","contentUrl":"https:\/\/naturka.ee\/wp-content\/uploads\/2024\/04\/30.jpg","width":1800,"height":1373},{"@type":"BreadcrumbList","@id":"https:\/\/naturka.ee\/lv\/product\/linaseemned\/#breadcrumb","itemListElement":[{"@type":"ListItem","position":1,"name":"Home","item":"https:\/\/naturka.ee\/lv\/home\/"},{"@type":"ListItem","position":2,"name":"Pood","item":"https:\/\/naturka.ee\/shop\/"},{"@type":"ListItem","position":3,"name":"Linu s\u0113klas"}]},{"@type":"WebSite","@id":"https:\/\/naturka.ee\/lv\/#website","url":"https:\/\/naturka.ee\/lv\/","name":"Naturka","description":"","potentialAction":[{"@type":"SearchAction","target":{"@type":"EntryPoint","urlTemplate":"https:\/\/naturka.ee\/lv\/?s={search_term_string}"},"query-input":"required name=search_term_string"}],"inLanguage":"lv-LV"}]}},"_links":{"self":[{"href":"https:\/\/naturka.ee\/lv\/wp-json\/wp\/v2\/product\/27960","targetHints":{"allow":["GET"]}}],"collection":[{"href":"https:\/\/naturka.ee\/lv\/wp-json\/wp\/v2\/product"}],"about":[{"href":"https:\/\/naturka.ee\/lv\/wp-json\/wp\/v2\/types\/product"}],"wp:featuredmedia":[{"embeddable":true,"href":"https:\/\/naturka.ee\/lv\/wp-json\/wp\/v2\/media\/26111"}],"wp:attachment":[{"href":"https:\/\/naturka.ee\/lv\/wp-json\/wp\/v2\/media?parent=27960"}],"wp:term":[{"taxonomy":"product_cat","embeddable":true,"href":"https:\/\/naturka.ee\/lv\/wp-json\/wp\/v2\/product_cat?post=27960"},{"taxonomy":"product_tag","embeddable":true,"href":"https:\/\/naturka.ee\/lv\/wp-json\/wp\/v2\/product_tag?post=27960"}],"curies":[{"name":"wp","href":"https:\/\/api.w.org\/{rel}","templated":true}]}}