{"id":27618,"date":"2024-07-02T14:46:16","date_gmt":"2024-07-02T11:46:16","guid":{"rendered":"https:\/\/naturka.ee\/product\/rostitud-maapahklid-sokolaadis\/"},"modified":"2025-10-27T13:28:51","modified_gmt":"2025-10-27T11:28:51","slug":"rostitud-maapahklid-sokolaadis","status":"publish","type":"product","link":"https:\/\/naturka.ee\/lv\/product\/rostitud-maapahklid-sokolaadis\/","title":{"rendered":"Grauzd\u0113ti zemesrieksti \u0161okol\u0101d\u0113"},"content":{"rendered":"","protected":false},"excerpt":{"rendered":"<p id=\"tw-target-text\" class=\"tw-data-text tw-text-large tw-ta\" dir=\"ltr\" data-placeholder=\"Translation\" aria-label=\"Translated text\" data-ved=\"2ahUKEwjgmafXooiHAxX0GBAIHSnpCzMQ3ewLegQIBxAU\"><span class=\"Y2IQFc\" lang=\"lv\">Jaunums &#8211; p\u0101rsteidzo\u0161a \u0161okol\u0101de &#8211; grauzd\u0113ti zemesrieksti \u0161okol\u0101d\u0113! <\/span><\/p>\n<p class=\"tw-data-text tw-text-large tw-ta\" dir=\"ltr\" data-placeholder=\"Translation\" aria-label=\"Translated text\" data-ved=\"2ahUKEwjgmafXooiHAxX0GBAIHSnpCzMQ3ewLegQIBxAU\"><span class=\"Y2IQFc\" lang=\"lv\">\u012asts \u0161okol\u0101des cien\u012bt\u0101ju m\u012b\u013c\u0101kais. Lieliska izv\u0113le filmu vakaram m\u0101j\u0101s vai vienk\u0101r\u0161i k\u0101 uzkoda. <\/span><\/p>\n<p class=\"tw-data-text tw-text-large tw-ta\" dir=\"ltr\" data-placeholder=\"Translation\" aria-label=\"Translated text\" data-ved=\"2ahUKEwjgmafXooiHAxX0GBAIHSnpCzMQ3ewLegQIBxAU\"><span class=\"Y2IQFc\" lang=\"lv\">Izbaudi sevi un uzd\u0101vini ar\u012b draugam! <\/span><\/p>\n<p class=\"tw-data-text tw-text-large tw-ta\" dir=\"ltr\" data-placeholder=\"Translation\" aria-label=\"Translated text\" data-ved=\"2ahUKEwjgmafXooiHAxX0GBAIHSnpCzMQ3ewLegQIBxAU\"><span class=\"Y2IQFc\" lang=\"lv\">Var satur\u0113t nelielu daudzumu glut\u0113na, riekstu. Uzglab\u0101t saus\u0101, t\u012br\u0101 un v\u0113s\u0101 viet\u0101.<\/span><\/p>\n","protected":false},"featured_media":26016,"template":"","meta":{"inline_featured_image":false},"product_cat":[207],"product_tag":[],"class_list":["post-27618","product","type-product","status-publish","has-post-thumbnail","hentry","product_cat-saldumi"],"supplier_id":null,"supplier_sku":"","barcode":null,"atum_controlled":true,"out_stock_date":null,"out_stock_threshold":null,"inheritable":false,"inbound_stock":0,"stock_on_hold":0,"sold_today":0,"sales_last_days":3,"reserved_stock":0,"customer_returns":0,"warehouse_damage":0,"lost_in_post":0,"other_logs":0,"out_stock_days":0,"lost_sales":0,"has_location":false,"update_date":"2026-04-30T15:59:00","atum_locations":[],"atum_stock_status":"instock","restock_status":false,"low_stock_amount":"","sales_update_date":"2026-04-30T15:59:00","calc_backorders":null,"yoast_head":"<!-- This site is optimized with the Yoast SEO plugin v22.6 - https:\/\/yoast.com\/wordpress\/plugins\/seo\/ -->\n<title>Grauzd\u0113ti zemesrieksti \u0161okol\u0101d\u0113 - Naturka<\/title>\n<meta name=\"robots\" content=\"index, follow, max-snippet:-1, max-image-preview:large, max-video-preview:-1\" \/>\n<link rel=\"canonical\" href=\"https:\/\/naturka.ee\/lv\/product\/rostitud-maapahklid-sokolaadis\/\" \/>\n<meta property=\"og:locale\" content=\"lv_LV\" \/>\n<meta property=\"og:type\" content=\"article\" \/>\n<meta property=\"og:title\" content=\"Grauzd\u0113ti zemesrieksti \u0161okol\u0101d\u0113 - Naturka\" \/>\n<meta property=\"og:description\" content=\"Jaunums - p\u0101rsteidzo\u0161a \u0161okol\u0101de - grauzd\u0113ti zemesrieksti \u0161okol\u0101d\u0113!  \u012asts \u0161okol\u0101des cien\u012bt\u0101ju m\u012b\u013c\u0101kais. Lieliska izv\u0113le filmu vakaram m\u0101j\u0101s vai vienk\u0101r\u0161i k\u0101 uzkoda.  Izbaudi sevi un uzd\u0101vini ar\u012b draugam!  Var satur\u0113t nelielu daudzumu glut\u0113na, riekstu. Uzglab\u0101t saus\u0101, t\u012br\u0101 un v\u0113s\u0101 viet\u0101.\" \/>\n<meta property=\"og:url\" content=\"https:\/\/naturka.ee\/lv\/product\/rostitud-maapahklid-sokolaadis\/\" \/>\n<meta property=\"og:site_name\" content=\"Naturka\" \/>\n<meta property=\"article:modified_time\" content=\"2025-10-27T11:28:51+00:00\" \/>\n<meta property=\"og:image\" content=\"https:\/\/naturka.ee\/wp-content\/uploads\/2024\/04\/11.jpg\" \/>\n\t<meta property=\"og:image:width\" content=\"1800\" \/>\n\t<meta property=\"og:image:height\" content=\"1373\" \/>\n\t<meta property=\"og:image:type\" content=\"image\/jpeg\" \/>\n<meta name=\"twitter:card\" content=\"summary_large_image\" \/>\n<script type=\"application\/ld+json\" class=\"yoast-schema-graph\">{\"@context\":\"https:\/\/schema.org\",\"@graph\":[{\"@type\":\"WebPage\",\"@id\":\"https:\/\/naturka.ee\/lv\/product\/rostitud-maapahklid-sokolaadis\/\",\"url\":\"https:\/\/naturka.ee\/lv\/product\/rostitud-maapahklid-sokolaadis\/\",\"name\":\"Grauzd\u0113ti zemesrieksti \u0161okol\u0101d\u0113 - Naturka\",\"isPartOf\":{\"@id\":\"https:\/\/naturka.ee\/lv\/#website\"},\"primaryImageOfPage\":{\"@id\":\"https:\/\/naturka.ee\/lv\/product\/rostitud-maapahklid-sokolaadis\/#primaryimage\"},\"image\":{\"@id\":\"https:\/\/naturka.ee\/lv\/product\/rostitud-maapahklid-sokolaadis\/#primaryimage\"},\"thumbnailUrl\":\"https:\/\/naturka.ee\/wp-content\/uploads\/2024\/04\/11.jpg\",\"datePublished\":\"2024-07-02T11:46:16+00:00\",\"dateModified\":\"2025-10-27T11:28:51+00:00\",\"breadcrumb\":{\"@id\":\"https:\/\/naturka.ee\/lv\/product\/rostitud-maapahklid-sokolaadis\/#breadcrumb\"},\"inLanguage\":\"lv-LV\",\"potentialAction\":[{\"@type\":\"ReadAction\",\"target\":[\"https:\/\/naturka.ee\/lv\/product\/rostitud-maapahklid-sokolaadis\/\"]}]},{\"@type\":\"ImageObject\",\"inLanguage\":\"lv-LV\",\"@id\":\"https:\/\/naturka.ee\/lv\/product\/rostitud-maapahklid-sokolaadis\/#primaryimage\",\"url\":\"https:\/\/naturka.ee\/wp-content\/uploads\/2024\/04\/11.jpg\",\"contentUrl\":\"https:\/\/naturka.ee\/wp-content\/uploads\/2024\/04\/11.jpg\",\"width\":1800,\"height\":1373},{\"@type\":\"BreadcrumbList\",\"@id\":\"https:\/\/naturka.ee\/lv\/product\/rostitud-maapahklid-sokolaadis\/#breadcrumb\",\"itemListElement\":[{\"@type\":\"ListItem\",\"position\":1,\"name\":\"Home\",\"item\":\"https:\/\/naturka.ee\/lv\/home\/\"},{\"@type\":\"ListItem\",\"position\":2,\"name\":\"Pood\",\"item\":\"https:\/\/naturka.ee\/shop\/\"},{\"@type\":\"ListItem\",\"position\":3,\"name\":\"Grauzd\u0113ti zemesrieksti \u0161okol\u0101d\u0113\"}]},{\"@type\":\"WebSite\",\"@id\":\"https:\/\/naturka.ee\/lv\/#website\",\"url\":\"https:\/\/naturka.ee\/lv\/\",\"name\":\"Naturka\",\"description\":\"\",\"potentialAction\":[{\"@type\":\"SearchAction\",\"target\":{\"@type\":\"EntryPoint\",\"urlTemplate\":\"https:\/\/naturka.ee\/lv\/?s={search_term_string}\"},\"query-input\":\"required name=search_term_string\"}],\"inLanguage\":\"lv-LV\"}]}<\/script>\n<!-- \/ Yoast SEO plugin. -->","yoast_head_json":{"title":"Grauzd\u0113ti zemesrieksti \u0161okol\u0101d\u0113 - Naturka","robots":{"index":"index","follow":"follow","max-snippet":"max-snippet:-1","max-image-preview":"max-image-preview:large","max-video-preview":"max-video-preview:-1"},"canonical":"https:\/\/naturka.ee\/lv\/product\/rostitud-maapahklid-sokolaadis\/","og_locale":"lv_LV","og_type":"article","og_title":"Grauzd\u0113ti zemesrieksti \u0161okol\u0101d\u0113 - Naturka","og_description":"Jaunums - p\u0101rsteidzo\u0161a \u0161okol\u0101de - grauzd\u0113ti zemesrieksti \u0161okol\u0101d\u0113!  \u012asts \u0161okol\u0101des cien\u012bt\u0101ju m\u012b\u013c\u0101kais. Lieliska izv\u0113le filmu vakaram m\u0101j\u0101s vai vienk\u0101r\u0161i k\u0101 uzkoda.  Izbaudi sevi un uzd\u0101vini ar\u012b draugam!  Var satur\u0113t nelielu daudzumu glut\u0113na, riekstu. Uzglab\u0101t saus\u0101, t\u012br\u0101 un v\u0113s\u0101 viet\u0101.","og_url":"https:\/\/naturka.ee\/lv\/product\/rostitud-maapahklid-sokolaadis\/","og_site_name":"Naturka","article_modified_time":"2025-10-27T11:28:51+00:00","og_image":[{"width":1800,"height":1373,"url":"https:\/\/naturka.ee\/wp-content\/uploads\/2024\/04\/11.jpg","type":"image\/jpeg"}],"twitter_card":"summary_large_image","schema":{"@context":"https:\/\/schema.org","@graph":[{"@type":"WebPage","@id":"https:\/\/naturka.ee\/lv\/product\/rostitud-maapahklid-sokolaadis\/","url":"https:\/\/naturka.ee\/lv\/product\/rostitud-maapahklid-sokolaadis\/","name":"Grauzd\u0113ti zemesrieksti \u0161okol\u0101d\u0113 - Naturka","isPartOf":{"@id":"https:\/\/naturka.ee\/lv\/#website"},"primaryImageOfPage":{"@id":"https:\/\/naturka.ee\/lv\/product\/rostitud-maapahklid-sokolaadis\/#primaryimage"},"image":{"@id":"https:\/\/naturka.ee\/lv\/product\/rostitud-maapahklid-sokolaadis\/#primaryimage"},"thumbnailUrl":"https:\/\/naturka.ee\/wp-content\/uploads\/2024\/04\/11.jpg","datePublished":"2024-07-02T11:46:16+00:00","dateModified":"2025-10-27T11:28:51+00:00","breadcrumb":{"@id":"https:\/\/naturka.ee\/lv\/product\/rostitud-maapahklid-sokolaadis\/#breadcrumb"},"inLanguage":"lv-LV","potentialAction":[{"@type":"ReadAction","target":["https:\/\/naturka.ee\/lv\/product\/rostitud-maapahklid-sokolaadis\/"]}]},{"@type":"ImageObject","inLanguage":"lv-LV","@id":"https:\/\/naturka.ee\/lv\/product\/rostitud-maapahklid-sokolaadis\/#primaryimage","url":"https:\/\/naturka.ee\/wp-content\/uploads\/2024\/04\/11.jpg","contentUrl":"https:\/\/naturka.ee\/wp-content\/uploads\/2024\/04\/11.jpg","width":1800,"height":1373},{"@type":"BreadcrumbList","@id":"https:\/\/naturka.ee\/lv\/product\/rostitud-maapahklid-sokolaadis\/#breadcrumb","itemListElement":[{"@type":"ListItem","position":1,"name":"Home","item":"https:\/\/naturka.ee\/lv\/home\/"},{"@type":"ListItem","position":2,"name":"Pood","item":"https:\/\/naturka.ee\/shop\/"},{"@type":"ListItem","position":3,"name":"Grauzd\u0113ti zemesrieksti \u0161okol\u0101d\u0113"}]},{"@type":"WebSite","@id":"https:\/\/naturka.ee\/lv\/#website","url":"https:\/\/naturka.ee\/lv\/","name":"Naturka","description":"","potentialAction":[{"@type":"SearchAction","target":{"@type":"EntryPoint","urlTemplate":"https:\/\/naturka.ee\/lv\/?s={search_term_string}"},"query-input":"required name=search_term_string"}],"inLanguage":"lv-LV"}]}},"_links":{"self":[{"href":"https:\/\/naturka.ee\/lv\/wp-json\/wp\/v2\/product\/27618","targetHints":{"allow":["GET"]}}],"collection":[{"href":"https:\/\/naturka.ee\/lv\/wp-json\/wp\/v2\/product"}],"about":[{"href":"https:\/\/naturka.ee\/lv\/wp-json\/wp\/v2\/types\/product"}],"wp:featuredmedia":[{"embeddable":true,"href":"https:\/\/naturka.ee\/lv\/wp-json\/wp\/v2\/media\/26016"}],"wp:attachment":[{"href":"https:\/\/naturka.ee\/lv\/wp-json\/wp\/v2\/media?parent=27618"}],"wp:term":[{"taxonomy":"product_cat","embeddable":true,"href":"https:\/\/naturka.ee\/lv\/wp-json\/wp\/v2\/product_cat?post=27618"},{"taxonomy":"product_tag","embeddable":true,"href":"https:\/\/naturka.ee\/lv\/wp-json\/wp\/v2\/product_tag?post=27618"}],"curies":[{"name":"wp","href":"https:\/\/api.w.org\/{rel}","templated":true}]}}