{"id":27563,"date":"2024-06-28T15:35:40","date_gmt":"2024-06-28T12:35:40","guid":{"rendered":"https:\/\/naturka.ee\/product\/lux-pahklite-segu-sokolaadis\/"},"modified":"2024-06-28T15:46:00","modified_gmt":"2024-06-28T12:46:00","slug":"lux-pahklite-segu-sokolaadis","status":"publish","type":"product","link":"https:\/\/naturka.ee\/lv\/product\/lux-pahklite-segu-sokolaadis\/","title":{"rendered":"Grezns riekstu mais\u012bjums \u0161okol\u0101d\u0113"},"content":{"rendered":"","protected":false},"excerpt":{"rendered":"<p id=\"tw-target-text\" class=\"tw-data-text tw-text-large tw-ta\" dir=\"ltr\" data-placeholder=\"Translation\" aria-label=\"Translated text\" data-ved=\"2ahUKEwiG39HEkP6GAxUMFBAIHe_nDWAQ3ewLegQIChAU\"><span class=\"Y2IQFc\" lang=\"lv\">Jaunums &#8211; p\u0101rsteidzo\u0161a \u0161okol\u0101de &#8211; Lux riekstu \u0161okol\u0101des mais\u012bjums! <\/span><\/p>\n<p class=\"tw-data-text tw-text-large tw-ta\" dir=\"ltr\" data-placeholder=\"Translation\" aria-label=\"Translated text\" data-ved=\"2ahUKEwiG39HEkP6GAxUMFBAIHe_nDWAQ3ewLegQIChAU\"><span class=\"Y2IQFc\" lang=\"lv\">\u0160ie \u017e\u0101v\u0113tie aug\u013ci un rieksti, kas p\u0101rkl\u0101ti ar tum\u0161o, piena un balto \u0161okol\u0101di, gar\u0161o lieliski. <\/span><\/p>\n<p class=\"tw-data-text tw-text-large tw-ta\" dir=\"ltr\" data-placeholder=\"Translation\" aria-label=\"Translated text\" data-ved=\"2ahUKEwiG39HEkP6GAxUMFBAIHe_nDWAQ3ewLegQIChAU\"><span class=\"Y2IQFc\" lang=\"lv\">Oblig\u0101ts cienasts ikvienam \u0161okol\u0101des cien\u012bt\u0101jam! <\/span><\/p>\n<p class=\"tw-data-text tw-text-large tw-ta\" dir=\"ltr\" data-placeholder=\"Translation\" aria-label=\"Translated text\" data-ved=\"2ahUKEwiG39HEkP6GAxUMFBAIHe_nDWAQ3ewLegQIChAU\"><span class=\"Y2IQFc\" lang=\"lv\">Var satur\u0113t nelielu daudzumu glut\u0113na, riekstu. Uzglab\u0101t saus\u0101, t\u012br\u0101 un v\u0113s\u0101 viet\u0101.<\/span><\/p>\n","protected":false},"featured_media":25991,"template":"","meta":{"inline_featured_image":false},"product_cat":[207],"product_tag":[],"class_list":["post-27563","product","type-product","status-publish","has-post-thumbnail","hentry","product_cat-saldumi"],"supplier_id":null,"supplier_sku":"","barcode":null,"atum_controlled":true,"out_stock_date":null,"out_stock_threshold":null,"inheritable":false,"inbound_stock":0,"stock_on_hold":0,"sold_today":0,"sales_last_days":0,"reserved_stock":0,"customer_returns":0,"warehouse_damage":0,"lost_in_post":0,"other_logs":0,"out_stock_days":0,"lost_sales":0,"has_location":false,"update_date":"2026-04-30T15:59:40","atum_locations":[],"atum_stock_status":"outofstock","restock_status":false,"low_stock_amount":"","sales_update_date":"2026-04-30T15:59:40","calc_backorders":null,"yoast_head":"<!-- This site is optimized with the Yoast SEO plugin v22.6 - https:\/\/yoast.com\/wordpress\/plugins\/seo\/ -->\n<title>Grezns riekstu mais\u012bjums \u0161okol\u0101d\u0113 - Naturka<\/title>\n<meta name=\"robots\" content=\"index, follow, max-snippet:-1, max-image-preview:large, max-video-preview:-1\" \/>\n<link rel=\"canonical\" href=\"https:\/\/naturka.ee\/lv\/product\/lux-pahklite-segu-sokolaadis\/\" \/>\n<meta property=\"og:locale\" content=\"lv_LV\" \/>\n<meta property=\"og:type\" content=\"article\" \/>\n<meta property=\"og:title\" content=\"Grezns riekstu mais\u012bjums \u0161okol\u0101d\u0113 - Naturka\" \/>\n<meta property=\"og:description\" content=\"Jaunums - p\u0101rsteidzo\u0161a \u0161okol\u0101de - Lux riekstu \u0161okol\u0101des mais\u012bjums!  \u0160ie \u017e\u0101v\u0113tie aug\u013ci un rieksti, kas p\u0101rkl\u0101ti ar tum\u0161o, piena un balto \u0161okol\u0101di, gar\u0161o lieliski.  Oblig\u0101ts cienasts ikvienam \u0161okol\u0101des cien\u012bt\u0101jam!  Var satur\u0113t nelielu daudzumu glut\u0113na, riekstu. Uzglab\u0101t saus\u0101, t\u012br\u0101 un v\u0113s\u0101 viet\u0101.\" \/>\n<meta property=\"og:url\" content=\"https:\/\/naturka.ee\/lv\/product\/lux-pahklite-segu-sokolaadis\/\" \/>\n<meta property=\"og:site_name\" content=\"Naturka\" \/>\n<meta property=\"article:modified_time\" content=\"2024-06-28T12:46:00+00:00\" \/>\n<meta property=\"og:image\" content=\"https:\/\/naturka.ee\/wp-content\/uploads\/2024\/04\/6.jpg\" \/>\n\t<meta property=\"og:image:width\" content=\"1800\" \/>\n\t<meta property=\"og:image:height\" content=\"1373\" \/>\n\t<meta property=\"og:image:type\" content=\"image\/jpeg\" \/>\n<meta name=\"twitter:card\" content=\"summary_large_image\" \/>\n<script type=\"application\/ld+json\" class=\"yoast-schema-graph\">{\"@context\":\"https:\/\/schema.org\",\"@graph\":[{\"@type\":\"WebPage\",\"@id\":\"https:\/\/naturka.ee\/lv\/product\/lux-pahklite-segu-sokolaadis\/\",\"url\":\"https:\/\/naturka.ee\/lv\/product\/lux-pahklite-segu-sokolaadis\/\",\"name\":\"Grezns riekstu mais\u012bjums \u0161okol\u0101d\u0113 - Naturka\",\"isPartOf\":{\"@id\":\"https:\/\/naturka.ee\/lv\/#website\"},\"primaryImageOfPage\":{\"@id\":\"https:\/\/naturka.ee\/lv\/product\/lux-pahklite-segu-sokolaadis\/#primaryimage\"},\"image\":{\"@id\":\"https:\/\/naturka.ee\/lv\/product\/lux-pahklite-segu-sokolaadis\/#primaryimage\"},\"thumbnailUrl\":\"https:\/\/naturka.ee\/wp-content\/uploads\/2024\/04\/6.jpg\",\"datePublished\":\"2024-06-28T12:35:40+00:00\",\"dateModified\":\"2024-06-28T12:46:00+00:00\",\"breadcrumb\":{\"@id\":\"https:\/\/naturka.ee\/lv\/product\/lux-pahklite-segu-sokolaadis\/#breadcrumb\"},\"inLanguage\":\"lv-LV\",\"potentialAction\":[{\"@type\":\"ReadAction\",\"target\":[\"https:\/\/naturka.ee\/lv\/product\/lux-pahklite-segu-sokolaadis\/\"]}]},{\"@type\":\"ImageObject\",\"inLanguage\":\"lv-LV\",\"@id\":\"https:\/\/naturka.ee\/lv\/product\/lux-pahklite-segu-sokolaadis\/#primaryimage\",\"url\":\"https:\/\/naturka.ee\/wp-content\/uploads\/2024\/04\/6.jpg\",\"contentUrl\":\"https:\/\/naturka.ee\/wp-content\/uploads\/2024\/04\/6.jpg\",\"width\":1800,\"height\":1373},{\"@type\":\"BreadcrumbList\",\"@id\":\"https:\/\/naturka.ee\/lv\/product\/lux-pahklite-segu-sokolaadis\/#breadcrumb\",\"itemListElement\":[{\"@type\":\"ListItem\",\"position\":1,\"name\":\"Home\",\"item\":\"https:\/\/naturka.ee\/lv\/home\/\"},{\"@type\":\"ListItem\",\"position\":2,\"name\":\"Pood\",\"item\":\"https:\/\/naturka.ee\/shop\/\"},{\"@type\":\"ListItem\",\"position\":3,\"name\":\"Grezns riekstu mais\u012bjums \u0161okol\u0101d\u0113\"}]},{\"@type\":\"WebSite\",\"@id\":\"https:\/\/naturka.ee\/lv\/#website\",\"url\":\"https:\/\/naturka.ee\/lv\/\",\"name\":\"Naturka\",\"description\":\"\",\"potentialAction\":[{\"@type\":\"SearchAction\",\"target\":{\"@type\":\"EntryPoint\",\"urlTemplate\":\"https:\/\/naturka.ee\/lv\/?s={search_term_string}\"},\"query-input\":\"required name=search_term_string\"}],\"inLanguage\":\"lv-LV\"}]}<\/script>\n<!-- \/ Yoast SEO plugin. -->","yoast_head_json":{"title":"Grezns riekstu mais\u012bjums \u0161okol\u0101d\u0113 - Naturka","robots":{"index":"index","follow":"follow","max-snippet":"max-snippet:-1","max-image-preview":"max-image-preview:large","max-video-preview":"max-video-preview:-1"},"canonical":"https:\/\/naturka.ee\/lv\/product\/lux-pahklite-segu-sokolaadis\/","og_locale":"lv_LV","og_type":"article","og_title":"Grezns riekstu mais\u012bjums \u0161okol\u0101d\u0113 - Naturka","og_description":"Jaunums - p\u0101rsteidzo\u0161a \u0161okol\u0101de - Lux riekstu \u0161okol\u0101des mais\u012bjums!  \u0160ie \u017e\u0101v\u0113tie aug\u013ci un rieksti, kas p\u0101rkl\u0101ti ar tum\u0161o, piena un balto \u0161okol\u0101di, gar\u0161o lieliski.  Oblig\u0101ts cienasts ikvienam \u0161okol\u0101des cien\u012bt\u0101jam!  Var satur\u0113t nelielu daudzumu glut\u0113na, riekstu. Uzglab\u0101t saus\u0101, t\u012br\u0101 un v\u0113s\u0101 viet\u0101.","og_url":"https:\/\/naturka.ee\/lv\/product\/lux-pahklite-segu-sokolaadis\/","og_site_name":"Naturka","article_modified_time":"2024-06-28T12:46:00+00:00","og_image":[{"width":1800,"height":1373,"url":"https:\/\/naturka.ee\/wp-content\/uploads\/2024\/04\/6.jpg","type":"image\/jpeg"}],"twitter_card":"summary_large_image","schema":{"@context":"https:\/\/schema.org","@graph":[{"@type":"WebPage","@id":"https:\/\/naturka.ee\/lv\/product\/lux-pahklite-segu-sokolaadis\/","url":"https:\/\/naturka.ee\/lv\/product\/lux-pahklite-segu-sokolaadis\/","name":"Grezns riekstu mais\u012bjums \u0161okol\u0101d\u0113 - Naturka","isPartOf":{"@id":"https:\/\/naturka.ee\/lv\/#website"},"primaryImageOfPage":{"@id":"https:\/\/naturka.ee\/lv\/product\/lux-pahklite-segu-sokolaadis\/#primaryimage"},"image":{"@id":"https:\/\/naturka.ee\/lv\/product\/lux-pahklite-segu-sokolaadis\/#primaryimage"},"thumbnailUrl":"https:\/\/naturka.ee\/wp-content\/uploads\/2024\/04\/6.jpg","datePublished":"2024-06-28T12:35:40+00:00","dateModified":"2024-06-28T12:46:00+00:00","breadcrumb":{"@id":"https:\/\/naturka.ee\/lv\/product\/lux-pahklite-segu-sokolaadis\/#breadcrumb"},"inLanguage":"lv-LV","potentialAction":[{"@type":"ReadAction","target":["https:\/\/naturka.ee\/lv\/product\/lux-pahklite-segu-sokolaadis\/"]}]},{"@type":"ImageObject","inLanguage":"lv-LV","@id":"https:\/\/naturka.ee\/lv\/product\/lux-pahklite-segu-sokolaadis\/#primaryimage","url":"https:\/\/naturka.ee\/wp-content\/uploads\/2024\/04\/6.jpg","contentUrl":"https:\/\/naturka.ee\/wp-content\/uploads\/2024\/04\/6.jpg","width":1800,"height":1373},{"@type":"BreadcrumbList","@id":"https:\/\/naturka.ee\/lv\/product\/lux-pahklite-segu-sokolaadis\/#breadcrumb","itemListElement":[{"@type":"ListItem","position":1,"name":"Home","item":"https:\/\/naturka.ee\/lv\/home\/"},{"@type":"ListItem","position":2,"name":"Pood","item":"https:\/\/naturka.ee\/shop\/"},{"@type":"ListItem","position":3,"name":"Grezns riekstu mais\u012bjums \u0161okol\u0101d\u0113"}]},{"@type":"WebSite","@id":"https:\/\/naturka.ee\/lv\/#website","url":"https:\/\/naturka.ee\/lv\/","name":"Naturka","description":"","potentialAction":[{"@type":"SearchAction","target":{"@type":"EntryPoint","urlTemplate":"https:\/\/naturka.ee\/lv\/?s={search_term_string}"},"query-input":"required name=search_term_string"}],"inLanguage":"lv-LV"}]}},"_links":{"self":[{"href":"https:\/\/naturka.ee\/lv\/wp-json\/wp\/v2\/product\/27563","targetHints":{"allow":["GET"]}}],"collection":[{"href":"https:\/\/naturka.ee\/lv\/wp-json\/wp\/v2\/product"}],"about":[{"href":"https:\/\/naturka.ee\/lv\/wp-json\/wp\/v2\/types\/product"}],"wp:featuredmedia":[{"embeddable":true,"href":"https:\/\/naturka.ee\/lv\/wp-json\/wp\/v2\/media\/25991"}],"wp:attachment":[{"href":"https:\/\/naturka.ee\/lv\/wp-json\/wp\/v2\/media?parent=27563"}],"wp:term":[{"taxonomy":"product_cat","embeddable":true,"href":"https:\/\/naturka.ee\/lv\/wp-json\/wp\/v2\/product_cat?post=27563"},{"taxonomy":"product_tag","embeddable":true,"href":"https:\/\/naturka.ee\/lv\/wp-json\/wp\/v2\/product_tag?post=27563"}],"curies":[{"name":"wp","href":"https:\/\/api.w.org\/{rel}","templated":true}]}}