{"id":27082,"date":"2024-05-31T08:37:34","date_gmt":"2024-05-31T05:37:34","guid":{"rendered":"https:\/\/naturka.ee\/product\/rost-mustad-oad\/"},"modified":"2025-10-27T13:12:38","modified_gmt":"2025-10-27T11:12:38","slug":"rost-mustad-oad","status":"publish","type":"product","link":"https:\/\/naturka.ee\/lv\/product\/rost-mustad-oad\/","title":{"rendered":"Grauzd\u0113tas meln\u0101s pupi\u0146as"},"content":{"rendered":"","protected":false},"excerpt":{"rendered":"<p id=\"tw-target-text\" class=\"tw-data-text tw-text-large tw-ta\" dir=\"ltr\" data-placeholder=\"Translation\" aria-label=\"Translated text\" data-ved=\"2ahUKEwjf7dbBlbeGAxVlJxAIHRX_BbkQ3ewLegQIBxAU\"><span class=\"Y2IQFc\" lang=\"lv\">Jaunums &#8211; grauzd\u0113tas meln\u0101s pupi\u0146as. <\/span><\/p>\n<p class=\"tw-data-text tw-text-large tw-ta\" dir=\"ltr\" data-placeholder=\"Translation\" aria-label=\"Translated text\" data-ved=\"2ahUKEwjf7dbBlbeGAxVlJxAIHRX_BbkQ3ewLegQIBxAU\"><span class=\"Y2IQFc\" lang=\"lv\">T\u0101pat k\u0101 visi p\u0101k\u0161augi, ar\u012b melnaj\u0101s pupi\u0146\u0101s ir daudz olbaltumvielu. Tie satur ar\u012b: dzelzi, fosforu, kalciju, magniju, mang\u0101nu un cinku, sel\u0113nu un ir viegli sagremojami. Izmantojiet tos sal\u0101tos, vokos, pievienojiet tos b\u013cod\u0101, tie ir lieliski piem\u0113roti ar\u012b uzkod\u0101m atsevi\u0161\u0137i. <\/span><\/p>\n<p class=\"tw-data-text tw-text-large tw-ta\" dir=\"ltr\" data-placeholder=\"Translation\" aria-label=\"Translated text\" data-ved=\"2ahUKEwjf7dbBlbeGAxVlJxAIHRX_BbkQ3ewLegQIBxAU\"><span class=\"Y2IQFc\" lang=\"lv\">Meln\u0101s pupi\u0146as &#8211; super ve\u0123et\u0101rs \u0113diens! <\/span><\/p>\n<p class=\"tw-data-text tw-text-large tw-ta\" dir=\"ltr\" data-placeholder=\"Translation\" aria-label=\"Translated text\" data-ved=\"2ahUKEwjf7dbBlbeGAxVlJxAIHRX_BbkQ3ewLegQIBxAU\"><span class=\"Y2IQFc\" lang=\"lv\">Uzglab\u0101t saus\u0101, t\u012br\u0101 un v\u0113s\u0101 viet\u0101.<\/span><\/p>\n","protected":false},"featured_media":26086,"template":"","meta":{"inline_featured_image":false},"product_cat":[217],"product_tag":[],"class_list":["post-27082","product","type-product","status-publish","has-post-thumbnail","hentry","product_cat-pupinas"],"supplier_id":null,"supplier_sku":"","barcode":null,"atum_controlled":true,"out_stock_date":null,"out_stock_threshold":null,"inheritable":false,"inbound_stock":0,"stock_on_hold":0,"sold_today":0,"sales_last_days":3,"reserved_stock":0,"customer_returns":0,"warehouse_damage":0,"lost_in_post":0,"other_logs":0,"out_stock_days":0,"lost_sales":0,"has_location":false,"update_date":"2026-04-28T15:58:34","atum_locations":[],"atum_stock_status":"instock","restock_status":false,"low_stock_amount":"","sales_update_date":"2026-04-28T15:58:33","calc_backorders":null,"yoast_head":"<!-- This site is optimized with the Yoast SEO plugin v22.6 - https:\/\/yoast.com\/wordpress\/plugins\/seo\/ -->\n<title>Grauzd\u0113tas meln\u0101s pupi\u0146as - Naturka<\/title>\n<meta name=\"robots\" content=\"index, follow, max-snippet:-1, max-image-preview:large, max-video-preview:-1\" \/>\n<link rel=\"canonical\" href=\"https:\/\/naturka.ee\/lv\/product\/rost-mustad-oad\/\" \/>\n<meta property=\"og:locale\" content=\"lv_LV\" \/>\n<meta property=\"og:type\" content=\"article\" \/>\n<meta property=\"og:title\" content=\"Grauzd\u0113tas meln\u0101s pupi\u0146as - Naturka\" \/>\n<meta property=\"og:description\" content=\"Jaunums - grauzd\u0113tas meln\u0101s pupi\u0146as.  T\u0101pat k\u0101 visi p\u0101k\u0161augi, ar\u012b melnaj\u0101s pupi\u0146\u0101s ir daudz olbaltumvielu. Tie satur ar\u012b: dzelzi, fosforu, kalciju, magniju, mang\u0101nu un cinku, sel\u0113nu un ir viegli sagremojami. Izmantojiet tos sal\u0101tos, vokos, pievienojiet tos b\u013cod\u0101, tie ir lieliski piem\u0113roti ar\u012b uzkod\u0101m atsevi\u0161\u0137i.  Meln\u0101s pupi\u0146as - super ve\u0123et\u0101rs \u0113diens!  Uzglab\u0101t saus\u0101, t\u012br\u0101 un v\u0113s\u0101 viet\u0101.\" \/>\n<meta property=\"og:url\" content=\"https:\/\/naturka.ee\/lv\/product\/rost-mustad-oad\/\" \/>\n<meta property=\"og:site_name\" content=\"Naturka\" \/>\n<meta property=\"article:modified_time\" content=\"2025-10-27T11:12:38+00:00\" \/>\n<meta property=\"og:image\" content=\"https:\/\/naturka.ee\/wp-content\/uploads\/2024\/04\/25.jpg\" \/>\n\t<meta property=\"og:image:width\" content=\"1800\" \/>\n\t<meta property=\"og:image:height\" content=\"1373\" \/>\n\t<meta property=\"og:image:type\" content=\"image\/jpeg\" \/>\n<meta name=\"twitter:card\" content=\"summary_large_image\" \/>\n<script type=\"application\/ld+json\" class=\"yoast-schema-graph\">{\"@context\":\"https:\/\/schema.org\",\"@graph\":[{\"@type\":\"WebPage\",\"@id\":\"https:\/\/naturka.ee\/lv\/product\/rost-mustad-oad\/\",\"url\":\"https:\/\/naturka.ee\/lv\/product\/rost-mustad-oad\/\",\"name\":\"Grauzd\u0113tas meln\u0101s pupi\u0146as - Naturka\",\"isPartOf\":{\"@id\":\"https:\/\/naturka.ee\/lv\/#website\"},\"primaryImageOfPage\":{\"@id\":\"https:\/\/naturka.ee\/lv\/product\/rost-mustad-oad\/#primaryimage\"},\"image\":{\"@id\":\"https:\/\/naturka.ee\/lv\/product\/rost-mustad-oad\/#primaryimage\"},\"thumbnailUrl\":\"https:\/\/naturka.ee\/wp-content\/uploads\/2024\/04\/25.jpg\",\"datePublished\":\"2024-05-31T05:37:34+00:00\",\"dateModified\":\"2025-10-27T11:12:38+00:00\",\"breadcrumb\":{\"@id\":\"https:\/\/naturka.ee\/lv\/product\/rost-mustad-oad\/#breadcrumb\"},\"inLanguage\":\"lv-LV\",\"potentialAction\":[{\"@type\":\"ReadAction\",\"target\":[\"https:\/\/naturka.ee\/lv\/product\/rost-mustad-oad\/\"]}]},{\"@type\":\"ImageObject\",\"inLanguage\":\"lv-LV\",\"@id\":\"https:\/\/naturka.ee\/lv\/product\/rost-mustad-oad\/#primaryimage\",\"url\":\"https:\/\/naturka.ee\/wp-content\/uploads\/2024\/04\/25.jpg\",\"contentUrl\":\"https:\/\/naturka.ee\/wp-content\/uploads\/2024\/04\/25.jpg\",\"width\":1800,\"height\":1373},{\"@type\":\"BreadcrumbList\",\"@id\":\"https:\/\/naturka.ee\/lv\/product\/rost-mustad-oad\/#breadcrumb\",\"itemListElement\":[{\"@type\":\"ListItem\",\"position\":1,\"name\":\"Home\",\"item\":\"https:\/\/naturka.ee\/lv\/home\/\"},{\"@type\":\"ListItem\",\"position\":2,\"name\":\"Pood\",\"item\":\"https:\/\/naturka.ee\/shop\/\"},{\"@type\":\"ListItem\",\"position\":3,\"name\":\"Grauzd\u0113tas meln\u0101s pupi\u0146as\"}]},{\"@type\":\"WebSite\",\"@id\":\"https:\/\/naturka.ee\/lv\/#website\",\"url\":\"https:\/\/naturka.ee\/lv\/\",\"name\":\"Naturka\",\"description\":\"\",\"potentialAction\":[{\"@type\":\"SearchAction\",\"target\":{\"@type\":\"EntryPoint\",\"urlTemplate\":\"https:\/\/naturka.ee\/lv\/?s={search_term_string}\"},\"query-input\":\"required name=search_term_string\"}],\"inLanguage\":\"lv-LV\"}]}<\/script>\n<!-- \/ Yoast SEO plugin. -->","yoast_head_json":{"title":"Grauzd\u0113tas meln\u0101s pupi\u0146as - Naturka","robots":{"index":"index","follow":"follow","max-snippet":"max-snippet:-1","max-image-preview":"max-image-preview:large","max-video-preview":"max-video-preview:-1"},"canonical":"https:\/\/naturka.ee\/lv\/product\/rost-mustad-oad\/","og_locale":"lv_LV","og_type":"article","og_title":"Grauzd\u0113tas meln\u0101s pupi\u0146as - Naturka","og_description":"Jaunums - grauzd\u0113tas meln\u0101s pupi\u0146as.  T\u0101pat k\u0101 visi p\u0101k\u0161augi, ar\u012b melnaj\u0101s pupi\u0146\u0101s ir daudz olbaltumvielu. Tie satur ar\u012b: dzelzi, fosforu, kalciju, magniju, mang\u0101nu un cinku, sel\u0113nu un ir viegli sagremojami. Izmantojiet tos sal\u0101tos, vokos, pievienojiet tos b\u013cod\u0101, tie ir lieliski piem\u0113roti ar\u012b uzkod\u0101m atsevi\u0161\u0137i.  Meln\u0101s pupi\u0146as - super ve\u0123et\u0101rs \u0113diens!  Uzglab\u0101t saus\u0101, t\u012br\u0101 un v\u0113s\u0101 viet\u0101.","og_url":"https:\/\/naturka.ee\/lv\/product\/rost-mustad-oad\/","og_site_name":"Naturka","article_modified_time":"2025-10-27T11:12:38+00:00","og_image":[{"width":1800,"height":1373,"url":"https:\/\/naturka.ee\/wp-content\/uploads\/2024\/04\/25.jpg","type":"image\/jpeg"}],"twitter_card":"summary_large_image","schema":{"@context":"https:\/\/schema.org","@graph":[{"@type":"WebPage","@id":"https:\/\/naturka.ee\/lv\/product\/rost-mustad-oad\/","url":"https:\/\/naturka.ee\/lv\/product\/rost-mustad-oad\/","name":"Grauzd\u0113tas meln\u0101s pupi\u0146as - Naturka","isPartOf":{"@id":"https:\/\/naturka.ee\/lv\/#website"},"primaryImageOfPage":{"@id":"https:\/\/naturka.ee\/lv\/product\/rost-mustad-oad\/#primaryimage"},"image":{"@id":"https:\/\/naturka.ee\/lv\/product\/rost-mustad-oad\/#primaryimage"},"thumbnailUrl":"https:\/\/naturka.ee\/wp-content\/uploads\/2024\/04\/25.jpg","datePublished":"2024-05-31T05:37:34+00:00","dateModified":"2025-10-27T11:12:38+00:00","breadcrumb":{"@id":"https:\/\/naturka.ee\/lv\/product\/rost-mustad-oad\/#breadcrumb"},"inLanguage":"lv-LV","potentialAction":[{"@type":"ReadAction","target":["https:\/\/naturka.ee\/lv\/product\/rost-mustad-oad\/"]}]},{"@type":"ImageObject","inLanguage":"lv-LV","@id":"https:\/\/naturka.ee\/lv\/product\/rost-mustad-oad\/#primaryimage","url":"https:\/\/naturka.ee\/wp-content\/uploads\/2024\/04\/25.jpg","contentUrl":"https:\/\/naturka.ee\/wp-content\/uploads\/2024\/04\/25.jpg","width":1800,"height":1373},{"@type":"BreadcrumbList","@id":"https:\/\/naturka.ee\/lv\/product\/rost-mustad-oad\/#breadcrumb","itemListElement":[{"@type":"ListItem","position":1,"name":"Home","item":"https:\/\/naturka.ee\/lv\/home\/"},{"@type":"ListItem","position":2,"name":"Pood","item":"https:\/\/naturka.ee\/shop\/"},{"@type":"ListItem","position":3,"name":"Grauzd\u0113tas meln\u0101s pupi\u0146as"}]},{"@type":"WebSite","@id":"https:\/\/naturka.ee\/lv\/#website","url":"https:\/\/naturka.ee\/lv\/","name":"Naturka","description":"","potentialAction":[{"@type":"SearchAction","target":{"@type":"EntryPoint","urlTemplate":"https:\/\/naturka.ee\/lv\/?s={search_term_string}"},"query-input":"required name=search_term_string"}],"inLanguage":"lv-LV"}]}},"_links":{"self":[{"href":"https:\/\/naturka.ee\/lv\/wp-json\/wp\/v2\/product\/27082","targetHints":{"allow":["GET"]}}],"collection":[{"href":"https:\/\/naturka.ee\/lv\/wp-json\/wp\/v2\/product"}],"about":[{"href":"https:\/\/naturka.ee\/lv\/wp-json\/wp\/v2\/types\/product"}],"wp:featuredmedia":[{"embeddable":true,"href":"https:\/\/naturka.ee\/lv\/wp-json\/wp\/v2\/media\/26086"}],"wp:attachment":[{"href":"https:\/\/naturka.ee\/lv\/wp-json\/wp\/v2\/media?parent=27082"}],"wp:term":[{"taxonomy":"product_cat","embeddable":true,"href":"https:\/\/naturka.ee\/lv\/wp-json\/wp\/v2\/product_cat?post=27082"},{"taxonomy":"product_tag","embeddable":true,"href":"https:\/\/naturka.ee\/lv\/wp-json\/wp\/v2\/product_tag?post=27082"}],"curies":[{"name":"wp","href":"https:\/\/api.w.org\/{rel}","templated":true}]}}