{"id":27060,"date":"2024-05-30T14:51:05","date_gmt":"2024-05-30T11:51:05","guid":{"rendered":"https:\/\/naturka.ee\/product\/granaatounakaste-narsarab\/"},"modified":"2025-10-21T21:14:02","modified_gmt":"2025-10-21T18:14:02","slug":"granaatounakaste-narsarab","status":"publish","type":"product","link":"https:\/\/naturka.ee\/lv\/product\/granaatounakaste-narsarab\/","title":{"rendered":"Granaat\u00f5unakaste Nar\u0161arab"},"content":{"rendered":"","protected":false},"excerpt":{"rendered":"<p id=\"tw-target-text\" class=\"tw-data-text tw-text-large tw-ta\" dir=\"ltr\" data-placeholder=\"Translation\" aria-label=\"Translated text\" data-ved=\"2ahUKEwiYsdjth7WGAxWqJBAIHTJDLsoQ3ewLegQIExAU\"><span class=\"Y2IQFc\" lang=\"lv\">Jaunums &#8211; Kauk\u0101za gran\u0101t\u0101bolu m\u0113rce Nar\u0161arab, jeb gran\u0101t\u0101bolu melase. <\/span><\/p>\n<p class=\"tw-data-text tw-text-large tw-ta\" dir=\"ltr\" data-placeholder=\"Translation\" aria-label=\"Translated text\" data-ved=\"2ahUKEwiYsdjth7WGAxWqJBAIHTJDLsoQ3ewLegQIExAU\"><span class=\"Y2IQFc\" lang=\"lv\">\u0160\u012b gran\u0101t\u0101bolu m\u0113rce ir no Azerbaid\u017e\u0101nas. \u013boti gar\u0161\u012bga, intens\u012bva sk\u0101bi salda m\u0113rce. <\/span><\/p>\n<p class=\"tw-data-text tw-text-large tw-ta\" dir=\"ltr\" data-placeholder=\"Translation\" aria-label=\"Translated text\" data-ved=\"2ahUKEwiYsdjth7WGAxWqJBAIHTJDLsoQ3ewLegQIExAU\"><span class=\"Y2IQFc\" lang=\"lv\">Pievienojiet to ga\u013cai, ziv\u012bm, marin\u0101d\u0113m, sal\u0101tu m\u0113rc\u0113m un pat sald\u0113jumam! Bezglut\u0113na produkts. <\/span><\/p>\n<p class=\"tw-data-text tw-text-large tw-ta\" dir=\"ltr\" data-placeholder=\"Translation\" aria-label=\"Translated text\" data-ved=\"2ahUKEwiYsdjth7WGAxWqJBAIHTJDLsoQ3ewLegQIExAU\"><span class=\"Y2IQFc\" lang=\"lv\">Uzglab\u0101t saus\u0101, t\u012br\u0101 un v\u0113s\u0101 viet\u0101.<\/span><\/p>\n","protected":false},"featured_media":27187,"template":"","meta":{"inline_featured_image":false},"product_cat":[232],"product_tag":[],"class_list":["post-27060","product","type-product","status-publish","has-post-thumbnail","hentry","product_cat-one-and-only-in-europe-lv"],"supplier_id":null,"supplier_sku":"","barcode":null,"atum_controlled":true,"out_stock_date":null,"out_stock_threshold":null,"inheritable":false,"inbound_stock":0,"stock_on_hold":0,"sold_today":0,"sales_last_days":0,"reserved_stock":0,"customer_returns":0,"warehouse_damage":0,"lost_in_post":0,"other_logs":0,"out_stock_days":0,"lost_sales":0,"has_location":false,"update_date":"2026-04-03T15:40:35","atum_locations":[],"atum_stock_status":"instock","restock_status":false,"low_stock_amount":"","sales_update_date":"2026-04-03T15:40:35","calc_backorders":null,"yoast_head":"<!-- This site is optimized with the Yoast SEO plugin v22.6 - https:\/\/yoast.com\/wordpress\/plugins\/seo\/ -->\n<title>Granaat\u00f5unakaste Nar\u0161arab - Naturka<\/title>\n<meta name=\"robots\" content=\"index, follow, max-snippet:-1, max-image-preview:large, max-video-preview:-1\" \/>\n<link rel=\"canonical\" href=\"https:\/\/naturka.ee\/lv\/product\/granaatounakaste-narsarab\/\" \/>\n<meta property=\"og:locale\" content=\"lv_LV\" \/>\n<meta property=\"og:type\" content=\"article\" \/>\n<meta property=\"og:title\" content=\"Granaat\u00f5unakaste Nar\u0161arab - Naturka\" \/>\n<meta property=\"og:description\" content=\"Jaunums - Kauk\u0101za gran\u0101t\u0101bolu m\u0113rce Nar\u0161arab, jeb gran\u0101t\u0101bolu melase.  \u0160\u012b gran\u0101t\u0101bolu m\u0113rce ir no Azerbaid\u017e\u0101nas. \u013boti gar\u0161\u012bga, intens\u012bva sk\u0101bi salda m\u0113rce.  Pievienojiet to ga\u013cai, ziv\u012bm, marin\u0101d\u0113m, sal\u0101tu m\u0113rc\u0113m un pat sald\u0113jumam! Bezglut\u0113na produkts.  Uzglab\u0101t saus\u0101, t\u012br\u0101 un v\u0113s\u0101 viet\u0101.\" \/>\n<meta property=\"og:url\" content=\"https:\/\/naturka.ee\/lv\/product\/granaatounakaste-narsarab\/\" \/>\n<meta property=\"og:site_name\" content=\"Naturka\" \/>\n<meta property=\"article:modified_time\" content=\"2025-10-21T18:14:02+00:00\" \/>\n<meta property=\"og:image\" content=\"https:\/\/naturka.ee\/wp-content\/uploads\/2024\/05\/80.jpg\" \/>\n\t<meta property=\"og:image:width\" content=\"1800\" \/>\n\t<meta property=\"og:image:height\" content=\"1373\" \/>\n\t<meta property=\"og:image:type\" content=\"image\/jpeg\" \/>\n<meta name=\"twitter:card\" content=\"summary_large_image\" \/>\n<script type=\"application\/ld+json\" class=\"yoast-schema-graph\">{\"@context\":\"https:\/\/schema.org\",\"@graph\":[{\"@type\":\"WebPage\",\"@id\":\"https:\/\/naturka.ee\/lv\/product\/granaatounakaste-narsarab\/\",\"url\":\"https:\/\/naturka.ee\/lv\/product\/granaatounakaste-narsarab\/\",\"name\":\"Granaat\u00f5unakaste Nar\u0161arab - Naturka\",\"isPartOf\":{\"@id\":\"https:\/\/naturka.ee\/lv\/#website\"},\"primaryImageOfPage\":{\"@id\":\"https:\/\/naturka.ee\/lv\/product\/granaatounakaste-narsarab\/#primaryimage\"},\"image\":{\"@id\":\"https:\/\/naturka.ee\/lv\/product\/granaatounakaste-narsarab\/#primaryimage\"},\"thumbnailUrl\":\"https:\/\/naturka.ee\/wp-content\/uploads\/2024\/05\/80.jpg\",\"datePublished\":\"2024-05-30T11:51:05+00:00\",\"dateModified\":\"2025-10-21T18:14:02+00:00\",\"breadcrumb\":{\"@id\":\"https:\/\/naturka.ee\/lv\/product\/granaatounakaste-narsarab\/#breadcrumb\"},\"inLanguage\":\"lv-LV\",\"potentialAction\":[{\"@type\":\"ReadAction\",\"target\":[\"https:\/\/naturka.ee\/lv\/product\/granaatounakaste-narsarab\/\"]}]},{\"@type\":\"ImageObject\",\"inLanguage\":\"lv-LV\",\"@id\":\"https:\/\/naturka.ee\/lv\/product\/granaatounakaste-narsarab\/#primaryimage\",\"url\":\"https:\/\/naturka.ee\/wp-content\/uploads\/2024\/05\/80.jpg\",\"contentUrl\":\"https:\/\/naturka.ee\/wp-content\/uploads\/2024\/05\/80.jpg\",\"width\":1800,\"height\":1373},{\"@type\":\"BreadcrumbList\",\"@id\":\"https:\/\/naturka.ee\/lv\/product\/granaatounakaste-narsarab\/#breadcrumb\",\"itemListElement\":[{\"@type\":\"ListItem\",\"position\":1,\"name\":\"Home\",\"item\":\"https:\/\/naturka.ee\/lv\/home\/\"},{\"@type\":\"ListItem\",\"position\":2,\"name\":\"Pood\",\"item\":\"https:\/\/naturka.ee\/shop\/\"},{\"@type\":\"ListItem\",\"position\":3,\"name\":\"Granaat\u00f5unakaste Nar\u0161arab\"}]},{\"@type\":\"WebSite\",\"@id\":\"https:\/\/naturka.ee\/lv\/#website\",\"url\":\"https:\/\/naturka.ee\/lv\/\",\"name\":\"Naturka\",\"description\":\"\",\"potentialAction\":[{\"@type\":\"SearchAction\",\"target\":{\"@type\":\"EntryPoint\",\"urlTemplate\":\"https:\/\/naturka.ee\/lv\/?s={search_term_string}\"},\"query-input\":\"required name=search_term_string\"}],\"inLanguage\":\"lv-LV\"}]}<\/script>\n<!-- \/ Yoast SEO plugin. -->","yoast_head_json":{"title":"Granaat\u00f5unakaste Nar\u0161arab - Naturka","robots":{"index":"index","follow":"follow","max-snippet":"max-snippet:-1","max-image-preview":"max-image-preview:large","max-video-preview":"max-video-preview:-1"},"canonical":"https:\/\/naturka.ee\/lv\/product\/granaatounakaste-narsarab\/","og_locale":"lv_LV","og_type":"article","og_title":"Granaat\u00f5unakaste Nar\u0161arab - Naturka","og_description":"Jaunums - Kauk\u0101za gran\u0101t\u0101bolu m\u0113rce Nar\u0161arab, jeb gran\u0101t\u0101bolu melase.  \u0160\u012b gran\u0101t\u0101bolu m\u0113rce ir no Azerbaid\u017e\u0101nas. \u013boti gar\u0161\u012bga, intens\u012bva sk\u0101bi salda m\u0113rce.  Pievienojiet to ga\u013cai, ziv\u012bm, marin\u0101d\u0113m, sal\u0101tu m\u0113rc\u0113m un pat sald\u0113jumam! Bezglut\u0113na produkts.  Uzglab\u0101t saus\u0101, t\u012br\u0101 un v\u0113s\u0101 viet\u0101.","og_url":"https:\/\/naturka.ee\/lv\/product\/granaatounakaste-narsarab\/","og_site_name":"Naturka","article_modified_time":"2025-10-21T18:14:02+00:00","og_image":[{"width":1800,"height":1373,"url":"https:\/\/naturka.ee\/wp-content\/uploads\/2024\/05\/80.jpg","type":"image\/jpeg"}],"twitter_card":"summary_large_image","schema":{"@context":"https:\/\/schema.org","@graph":[{"@type":"WebPage","@id":"https:\/\/naturka.ee\/lv\/product\/granaatounakaste-narsarab\/","url":"https:\/\/naturka.ee\/lv\/product\/granaatounakaste-narsarab\/","name":"Granaat\u00f5unakaste Nar\u0161arab - Naturka","isPartOf":{"@id":"https:\/\/naturka.ee\/lv\/#website"},"primaryImageOfPage":{"@id":"https:\/\/naturka.ee\/lv\/product\/granaatounakaste-narsarab\/#primaryimage"},"image":{"@id":"https:\/\/naturka.ee\/lv\/product\/granaatounakaste-narsarab\/#primaryimage"},"thumbnailUrl":"https:\/\/naturka.ee\/wp-content\/uploads\/2024\/05\/80.jpg","datePublished":"2024-05-30T11:51:05+00:00","dateModified":"2025-10-21T18:14:02+00:00","breadcrumb":{"@id":"https:\/\/naturka.ee\/lv\/product\/granaatounakaste-narsarab\/#breadcrumb"},"inLanguage":"lv-LV","potentialAction":[{"@type":"ReadAction","target":["https:\/\/naturka.ee\/lv\/product\/granaatounakaste-narsarab\/"]}]},{"@type":"ImageObject","inLanguage":"lv-LV","@id":"https:\/\/naturka.ee\/lv\/product\/granaatounakaste-narsarab\/#primaryimage","url":"https:\/\/naturka.ee\/wp-content\/uploads\/2024\/05\/80.jpg","contentUrl":"https:\/\/naturka.ee\/wp-content\/uploads\/2024\/05\/80.jpg","width":1800,"height":1373},{"@type":"BreadcrumbList","@id":"https:\/\/naturka.ee\/lv\/product\/granaatounakaste-narsarab\/#breadcrumb","itemListElement":[{"@type":"ListItem","position":1,"name":"Home","item":"https:\/\/naturka.ee\/lv\/home\/"},{"@type":"ListItem","position":2,"name":"Pood","item":"https:\/\/naturka.ee\/shop\/"},{"@type":"ListItem","position":3,"name":"Granaat\u00f5unakaste Nar\u0161arab"}]},{"@type":"WebSite","@id":"https:\/\/naturka.ee\/lv\/#website","url":"https:\/\/naturka.ee\/lv\/","name":"Naturka","description":"","potentialAction":[{"@type":"SearchAction","target":{"@type":"EntryPoint","urlTemplate":"https:\/\/naturka.ee\/lv\/?s={search_term_string}"},"query-input":"required name=search_term_string"}],"inLanguage":"lv-LV"}]}},"_links":{"self":[{"href":"https:\/\/naturka.ee\/lv\/wp-json\/wp\/v2\/product\/27060","targetHints":{"allow":["GET"]}}],"collection":[{"href":"https:\/\/naturka.ee\/lv\/wp-json\/wp\/v2\/product"}],"about":[{"href":"https:\/\/naturka.ee\/lv\/wp-json\/wp\/v2\/types\/product"}],"wp:featuredmedia":[{"embeddable":true,"href":"https:\/\/naturka.ee\/lv\/wp-json\/wp\/v2\/media\/27187"}],"wp:attachment":[{"href":"https:\/\/naturka.ee\/lv\/wp-json\/wp\/v2\/media?parent=27060"}],"wp:term":[{"taxonomy":"product_cat","embeddable":true,"href":"https:\/\/naturka.ee\/lv\/wp-json\/wp\/v2\/product_cat?post=27060"},{"taxonomy":"product_tag","embeddable":true,"href":"https:\/\/naturka.ee\/lv\/wp-json\/wp\/v2\/product_tag?post=27060"}],"curies":[{"name":"wp","href":"https:\/\/api.w.org\/{rel}","templated":true}]}}