{"id":27044,"date":"2024-05-30T13:13:46","date_gmt":"2024-05-30T10:13:46","guid":{"rendered":"https:\/\/naturka.ee\/product\/mandlilaastud\/"},"modified":"2025-10-27T16:49:52","modified_gmt":"2025-10-27T14:49:52","slug":"mandlilaastud","status":"publish","type":"product","link":"https:\/\/naturka.ee\/lv\/product\/mandlilaastud\/","title":{"rendered":"Mande\u013cu skaidi\u0146as"},"content":{"rendered":"","protected":false},"excerpt":{"rendered":"<p id=\"tw-target-text\" class=\"tw-data-text tw-text-large tw-ta\" dir=\"ltr\" data-placeholder=\"Translation\" aria-label=\"Translated text\" data-ved=\"2ahUKEwiYsdjth7WGAxWqJBAIHTJDLsoQ3ewLegQIExAU\"><span class=\"Y2IQFc\" lang=\"lv\">Jaunums &#8211; mande\u013cu skaidas. <\/span><\/p>\n<p class=\"tw-data-text tw-text-large tw-ta\" dir=\"ltr\" data-placeholder=\"Translation\" aria-label=\"Translated text\" data-ved=\"2ahUKEwiYsdjth7WGAxWqJBAIHTJDLsoQ3ewLegQIExAU\"><span class=\"Y2IQFc\" lang=\"lv\">Mandeles ir bag\u0101tas ar vitam\u012bniem, miner\u0101lviel\u0101m un \u0161\u0137iedrviel\u0101m.\u00a0Mandeles satur Omega-6 tauksk\u0101bes, k\u0101liju, E vitam\u012bnu (antioksidantu), magniju, raida, cinks, B1 un B6 vitam\u012bni. Mandeles ir dabisks olbaltumvielu avots! <\/span><\/p>\n<p class=\"tw-data-text tw-text-large tw-ta\" dir=\"ltr\" data-placeholder=\"Translation\" aria-label=\"Translated text\" data-ved=\"2ahUKEwiYsdjth7WGAxWqJBAIHTJDLsoQ3ewLegQIExAU\"><span class=\"Y2IQFc\" lang=\"lv\">Mande\u013cu p\u0101rslas ir ide\u0101li piem\u0113rotas \u0113diena gatavo\u0161anai (izmantojiet t\u0101s pamat\u0113dienos, k\u016bk\u0101s, tort\u0113s un dz\u0113rienos). <\/span><\/p>\n<p class=\"tw-data-text tw-text-large tw-ta\" dir=\"ltr\" data-placeholder=\"Translation\" aria-label=\"Translated text\" data-ved=\"2ahUKEwiYsdjth7WGAxWqJBAIHTJDLsoQ3ewLegQIExAU\"><span class=\"Y2IQFc\" lang=\"lv\">Uzglab\u0101t saus\u0101, t\u012br\u0101 un v\u0113s\u0101 viet\u0101.<\/span><\/p>\n","protected":false},"featured_media":26191,"template":"","meta":{"inline_featured_image":false},"product_cat":[231],"product_tag":[],"class_list":["post-27044","product","type-product","status-publish","has-post-thumbnail","hentry","product_cat-rieksti"],"supplier_id":null,"supplier_sku":"","barcode":null,"atum_controlled":true,"out_stock_date":null,"out_stock_threshold":null,"inheritable":false,"inbound_stock":0,"stock_on_hold":0,"sold_today":0,"sales_last_days":1,"reserved_stock":0,"customer_returns":0,"warehouse_damage":0,"lost_in_post":0,"other_logs":0,"out_stock_days":0,"lost_sales":0,"has_location":false,"update_date":"2026-04-29T15:58:10","atum_locations":[],"atum_stock_status":"instock","restock_status":false,"low_stock_amount":"","sales_update_date":"2026-04-29T15:58:10","calc_backorders":null,"yoast_head":"<!-- This site is optimized with the Yoast SEO plugin v22.6 - https:\/\/yoast.com\/wordpress\/plugins\/seo\/ -->\n<title>Mande\u013cu skaidi\u0146as - Naturka<\/title>\n<meta name=\"robots\" content=\"index, follow, max-snippet:-1, max-image-preview:large, max-video-preview:-1\" \/>\n<link rel=\"canonical\" href=\"https:\/\/naturka.ee\/lv\/product\/mandlilaastud\/\" \/>\n<meta property=\"og:locale\" content=\"lv_LV\" \/>\n<meta property=\"og:type\" content=\"article\" \/>\n<meta property=\"og:title\" content=\"Mande\u013cu skaidi\u0146as - Naturka\" \/>\n<meta property=\"og:description\" content=\"Jaunums - mande\u013cu skaidas.  Mandeles ir bag\u0101tas ar vitam\u012bniem, miner\u0101lviel\u0101m un \u0161\u0137iedrviel\u0101m.\u00a0Mandeles satur Omega-6 tauksk\u0101bes, k\u0101liju, E vitam\u012bnu (antioksidantu), magniju, raida, cinks, B1 un B6 vitam\u012bni. Mandeles ir dabisks olbaltumvielu avots!  Mande\u013cu p\u0101rslas ir ide\u0101li piem\u0113rotas \u0113diena gatavo\u0161anai (izmantojiet t\u0101s pamat\u0113dienos, k\u016bk\u0101s, tort\u0113s un dz\u0113rienos).  Uzglab\u0101t saus\u0101, t\u012br\u0101 un v\u0113s\u0101 viet\u0101.\" \/>\n<meta property=\"og:url\" content=\"https:\/\/naturka.ee\/lv\/product\/mandlilaastud\/\" \/>\n<meta property=\"og:site_name\" content=\"Naturka\" \/>\n<meta property=\"article:modified_time\" content=\"2025-10-27T14:49:52+00:00\" \/>\n<meta property=\"og:image\" content=\"https:\/\/naturka.ee\/wp-content\/uploads\/2024\/04\/46.jpg\" \/>\n\t<meta property=\"og:image:width\" content=\"1800\" \/>\n\t<meta property=\"og:image:height\" content=\"1373\" \/>\n\t<meta property=\"og:image:type\" content=\"image\/jpeg\" \/>\n<meta name=\"twitter:card\" content=\"summary_large_image\" \/>\n<script type=\"application\/ld+json\" class=\"yoast-schema-graph\">{\"@context\":\"https:\/\/schema.org\",\"@graph\":[{\"@type\":\"WebPage\",\"@id\":\"https:\/\/naturka.ee\/lv\/product\/mandlilaastud\/\",\"url\":\"https:\/\/naturka.ee\/lv\/product\/mandlilaastud\/\",\"name\":\"Mande\u013cu skaidi\u0146as - Naturka\",\"isPartOf\":{\"@id\":\"https:\/\/naturka.ee\/lv\/#website\"},\"primaryImageOfPage\":{\"@id\":\"https:\/\/naturka.ee\/lv\/product\/mandlilaastud\/#primaryimage\"},\"image\":{\"@id\":\"https:\/\/naturka.ee\/lv\/product\/mandlilaastud\/#primaryimage\"},\"thumbnailUrl\":\"https:\/\/naturka.ee\/wp-content\/uploads\/2024\/04\/46.jpg\",\"datePublished\":\"2024-05-30T10:13:46+00:00\",\"dateModified\":\"2025-10-27T14:49:52+00:00\",\"breadcrumb\":{\"@id\":\"https:\/\/naturka.ee\/lv\/product\/mandlilaastud\/#breadcrumb\"},\"inLanguage\":\"lv-LV\",\"potentialAction\":[{\"@type\":\"ReadAction\",\"target\":[\"https:\/\/naturka.ee\/lv\/product\/mandlilaastud\/\"]}]},{\"@type\":\"ImageObject\",\"inLanguage\":\"lv-LV\",\"@id\":\"https:\/\/naturka.ee\/lv\/product\/mandlilaastud\/#primaryimage\",\"url\":\"https:\/\/naturka.ee\/wp-content\/uploads\/2024\/04\/46.jpg\",\"contentUrl\":\"https:\/\/naturka.ee\/wp-content\/uploads\/2024\/04\/46.jpg\",\"width\":1800,\"height\":1373},{\"@type\":\"BreadcrumbList\",\"@id\":\"https:\/\/naturka.ee\/lv\/product\/mandlilaastud\/#breadcrumb\",\"itemListElement\":[{\"@type\":\"ListItem\",\"position\":1,\"name\":\"Home\",\"item\":\"https:\/\/naturka.ee\/lv\/home\/\"},{\"@type\":\"ListItem\",\"position\":2,\"name\":\"Pood\",\"item\":\"https:\/\/naturka.ee\/shop\/\"},{\"@type\":\"ListItem\",\"position\":3,\"name\":\"Mande\u013cu skaidi\u0146as\"}]},{\"@type\":\"WebSite\",\"@id\":\"https:\/\/naturka.ee\/lv\/#website\",\"url\":\"https:\/\/naturka.ee\/lv\/\",\"name\":\"Naturka\",\"description\":\"\",\"potentialAction\":[{\"@type\":\"SearchAction\",\"target\":{\"@type\":\"EntryPoint\",\"urlTemplate\":\"https:\/\/naturka.ee\/lv\/?s={search_term_string}\"},\"query-input\":\"required name=search_term_string\"}],\"inLanguage\":\"lv-LV\"}]}<\/script>\n<!-- \/ Yoast SEO plugin. -->","yoast_head_json":{"title":"Mande\u013cu skaidi\u0146as - Naturka","robots":{"index":"index","follow":"follow","max-snippet":"max-snippet:-1","max-image-preview":"max-image-preview:large","max-video-preview":"max-video-preview:-1"},"canonical":"https:\/\/naturka.ee\/lv\/product\/mandlilaastud\/","og_locale":"lv_LV","og_type":"article","og_title":"Mande\u013cu skaidi\u0146as - Naturka","og_description":"Jaunums - mande\u013cu skaidas.  Mandeles ir bag\u0101tas ar vitam\u012bniem, miner\u0101lviel\u0101m un \u0161\u0137iedrviel\u0101m.\u00a0Mandeles satur Omega-6 tauksk\u0101bes, k\u0101liju, E vitam\u012bnu (antioksidantu), magniju, raida, cinks, B1 un B6 vitam\u012bni. Mandeles ir dabisks olbaltumvielu avots!  Mande\u013cu p\u0101rslas ir ide\u0101li piem\u0113rotas \u0113diena gatavo\u0161anai (izmantojiet t\u0101s pamat\u0113dienos, k\u016bk\u0101s, tort\u0113s un dz\u0113rienos).  Uzglab\u0101t saus\u0101, t\u012br\u0101 un v\u0113s\u0101 viet\u0101.","og_url":"https:\/\/naturka.ee\/lv\/product\/mandlilaastud\/","og_site_name":"Naturka","article_modified_time":"2025-10-27T14:49:52+00:00","og_image":[{"width":1800,"height":1373,"url":"https:\/\/naturka.ee\/wp-content\/uploads\/2024\/04\/46.jpg","type":"image\/jpeg"}],"twitter_card":"summary_large_image","schema":{"@context":"https:\/\/schema.org","@graph":[{"@type":"WebPage","@id":"https:\/\/naturka.ee\/lv\/product\/mandlilaastud\/","url":"https:\/\/naturka.ee\/lv\/product\/mandlilaastud\/","name":"Mande\u013cu skaidi\u0146as - Naturka","isPartOf":{"@id":"https:\/\/naturka.ee\/lv\/#website"},"primaryImageOfPage":{"@id":"https:\/\/naturka.ee\/lv\/product\/mandlilaastud\/#primaryimage"},"image":{"@id":"https:\/\/naturka.ee\/lv\/product\/mandlilaastud\/#primaryimage"},"thumbnailUrl":"https:\/\/naturka.ee\/wp-content\/uploads\/2024\/04\/46.jpg","datePublished":"2024-05-30T10:13:46+00:00","dateModified":"2025-10-27T14:49:52+00:00","breadcrumb":{"@id":"https:\/\/naturka.ee\/lv\/product\/mandlilaastud\/#breadcrumb"},"inLanguage":"lv-LV","potentialAction":[{"@type":"ReadAction","target":["https:\/\/naturka.ee\/lv\/product\/mandlilaastud\/"]}]},{"@type":"ImageObject","inLanguage":"lv-LV","@id":"https:\/\/naturka.ee\/lv\/product\/mandlilaastud\/#primaryimage","url":"https:\/\/naturka.ee\/wp-content\/uploads\/2024\/04\/46.jpg","contentUrl":"https:\/\/naturka.ee\/wp-content\/uploads\/2024\/04\/46.jpg","width":1800,"height":1373},{"@type":"BreadcrumbList","@id":"https:\/\/naturka.ee\/lv\/product\/mandlilaastud\/#breadcrumb","itemListElement":[{"@type":"ListItem","position":1,"name":"Home","item":"https:\/\/naturka.ee\/lv\/home\/"},{"@type":"ListItem","position":2,"name":"Pood","item":"https:\/\/naturka.ee\/shop\/"},{"@type":"ListItem","position":3,"name":"Mande\u013cu skaidi\u0146as"}]},{"@type":"WebSite","@id":"https:\/\/naturka.ee\/lv\/#website","url":"https:\/\/naturka.ee\/lv\/","name":"Naturka","description":"","potentialAction":[{"@type":"SearchAction","target":{"@type":"EntryPoint","urlTemplate":"https:\/\/naturka.ee\/lv\/?s={search_term_string}"},"query-input":"required name=search_term_string"}],"inLanguage":"lv-LV"}]}},"_links":{"self":[{"href":"https:\/\/naturka.ee\/lv\/wp-json\/wp\/v2\/product\/27044","targetHints":{"allow":["GET"]}}],"collection":[{"href":"https:\/\/naturka.ee\/lv\/wp-json\/wp\/v2\/product"}],"about":[{"href":"https:\/\/naturka.ee\/lv\/wp-json\/wp\/v2\/types\/product"}],"wp:featuredmedia":[{"embeddable":true,"href":"https:\/\/naturka.ee\/lv\/wp-json\/wp\/v2\/media\/26191"}],"wp:attachment":[{"href":"https:\/\/naturka.ee\/lv\/wp-json\/wp\/v2\/media?parent=27044"}],"wp:term":[{"taxonomy":"product_cat","embeddable":true,"href":"https:\/\/naturka.ee\/lv\/wp-json\/wp\/v2\/product_cat?post=27044"},{"taxonomy":"product_tag","embeddable":true,"href":"https:\/\/naturka.ee\/lv\/wp-json\/wp\/v2\/product_tag?post=27044"}],"curies":[{"name":"wp","href":"https:\/\/api.w.org\/{rel}","templated":true}]}}