{"id":27032,"date":"2024-05-30T12:26:36","date_gmt":"2024-05-30T09:26:36","guid":{"rendered":"https:\/\/naturka.ee\/product\/mandlid-kooritud\/"},"modified":"2025-10-21T21:14:00","modified_gmt":"2025-10-21T18:14:00","slug":"mandlid-kooritud","status":"publish","type":"product","link":"https:\/\/naturka.ee\/lv\/product\/mandlid-kooritud\/","title":{"rendered":"Mandeles (bez \u010daumalas)"},"content":{"rendered":"","protected":false},"excerpt":{"rendered":"<p id=\"tw-target-text\" class=\"tw-data-text tw-text-large tw-ta\" dir=\"ltr\" data-placeholder=\"Translation\" aria-label=\"Translated text\" data-ved=\"2ahUKEwiYsdjth7WGAxWqJBAIHTJDLsoQ3ewLegQIExAU\"><span class=\"Y2IQFc\" lang=\"lv\">Jaunums &#8211; mizotas mandeles ar augstu olbaltumvielu un \u0161\u0137iedrvielu saturu. <\/span><\/p>\n<p class=\"tw-data-text tw-text-large tw-ta\" dir=\"ltr\" data-placeholder=\"Translation\" aria-label=\"Translated text\" data-ved=\"2ahUKEwiYsdjth7WGAxWqJBAIHTJDLsoQ3ewLegQIExAU\"><span class=\"Y2IQFc\" lang=\"lv\">\u0160ie rieksti ir \u012bpa\u0161i noder\u012bgi diab\u0113ta slimniekiem. Mandeles satur Omega-6 tauksk\u0101bes, k\u0101liju, E- vitam\u012bns (antioksidants), magnijs, dzelzs, cinks, B1 un B6 vitam\u012bni. <\/span><\/p>\n<p class=\"tw-data-text tw-text-large tw-ta\" dir=\"ltr\" data-placeholder=\"Translation\" aria-label=\"Translated text\" data-ved=\"2ahUKEwiYsdjth7WGAxWqJBAIHTJDLsoQ3ewLegQIExAU\"><span class=\"Y2IQFc\" lang=\"lv\">Mandeles ir dabisks olbaltumvielu avots! Mandeles var \u0113st svaigas vai izmantot kulin\u0101rij\u0101, t\u0101s ir lieliski piem\u0113rotas cep\u0161anai, sal\u0101tos utt. <\/span><\/p>\n<p class=\"tw-data-text tw-text-large tw-ta\" dir=\"ltr\" data-placeholder=\"Translation\" aria-label=\"Translated text\" data-ved=\"2ahUKEwiYsdjth7WGAxWqJBAIHTJDLsoQ3ewLegQIExAU\"><span class=\"Y2IQFc\" lang=\"lv\">Var satur\u0113t nelielu daudzumu citu riekstu. <\/span><\/p>\n<p class=\"tw-data-text tw-text-large tw-ta\" dir=\"ltr\" data-placeholder=\"Translation\" aria-label=\"Translated text\" data-ved=\"2ahUKEwiYsdjth7WGAxWqJBAIHTJDLsoQ3ewLegQIExAU\"><span class=\"Y2IQFc\" lang=\"lv\">Uzglab\u0101t saus\u0101, t\u012br\u0101 un v\u0113s\u0101 viet\u0101.<\/span><\/p>\n<p>&nbsp;<\/p>\n","protected":false},"featured_media":26196,"template":"","meta":{"inline_featured_image":false},"product_cat":[231],"product_tag":[],"class_list":["post-27032","product","type-product","status-publish","has-post-thumbnail","hentry","product_cat-rieksti"],"supplier_id":null,"supplier_sku":"","barcode":null,"atum_controlled":true,"out_stock_date":null,"out_stock_threshold":null,"inheritable":false,"inbound_stock":0,"stock_on_hold":0,"sold_today":0,"sales_last_days":0,"reserved_stock":0,"customer_returns":0,"warehouse_damage":0,"lost_in_post":0,"other_logs":0,"out_stock_days":0,"lost_sales":0,"has_location":false,"update_date":"2026-04-29T15:58:15","atum_locations":[],"atum_stock_status":"instock","restock_status":false,"low_stock_amount":"","sales_update_date":"2026-04-29T15:58:15","calc_backorders":null,"yoast_head":"<!-- This site is optimized with the Yoast SEO plugin v22.6 - https:\/\/yoast.com\/wordpress\/plugins\/seo\/ -->\n<title>Mandeles (bez \u010daumalas) - Naturka<\/title>\n<meta name=\"robots\" content=\"index, follow, max-snippet:-1, max-image-preview:large, max-video-preview:-1\" \/>\n<link rel=\"canonical\" href=\"https:\/\/naturka.ee\/lv\/product\/mandlid-kooritud\/\" \/>\n<meta property=\"og:locale\" content=\"lv_LV\" \/>\n<meta property=\"og:type\" content=\"article\" \/>\n<meta property=\"og:title\" content=\"Mandeles (bez \u010daumalas) - Naturka\" \/>\n<meta property=\"og:description\" content=\"Jaunums - mizotas mandeles ar augstu olbaltumvielu un \u0161\u0137iedrvielu saturu.  \u0160ie rieksti ir \u012bpa\u0161i noder\u012bgi diab\u0113ta slimniekiem. Mandeles satur Omega-6 tauksk\u0101bes, k\u0101liju, E- vitam\u012bns (antioksidants), magnijs, dzelzs, cinks, B1 un B6 vitam\u012bni.  Mandeles ir dabisks olbaltumvielu avots! Mandeles var \u0113st svaigas vai izmantot kulin\u0101rij\u0101, t\u0101s ir lieliski piem\u0113rotas cep\u0161anai, sal\u0101tos utt.  Var satur\u0113t nelielu daudzumu citu riekstu.  Uzglab\u0101t saus\u0101, t\u012br\u0101 un v\u0113s\u0101 viet\u0101. &nbsp;\" \/>\n<meta property=\"og:url\" content=\"https:\/\/naturka.ee\/lv\/product\/mandlid-kooritud\/\" \/>\n<meta property=\"og:site_name\" content=\"Naturka\" \/>\n<meta property=\"article:modified_time\" content=\"2025-10-21T18:14:00+00:00\" \/>\n<meta property=\"og:image\" content=\"https:\/\/naturka.ee\/wp-content\/uploads\/2024\/04\/48.jpg\" \/>\n\t<meta property=\"og:image:width\" content=\"1800\" \/>\n\t<meta property=\"og:image:height\" content=\"1373\" \/>\n\t<meta property=\"og:image:type\" content=\"image\/jpeg\" \/>\n<meta name=\"twitter:card\" content=\"summary_large_image\" \/>\n<script type=\"application\/ld+json\" class=\"yoast-schema-graph\">{\"@context\":\"https:\/\/schema.org\",\"@graph\":[{\"@type\":\"WebPage\",\"@id\":\"https:\/\/naturka.ee\/lv\/product\/mandlid-kooritud\/\",\"url\":\"https:\/\/naturka.ee\/lv\/product\/mandlid-kooritud\/\",\"name\":\"Mandeles (bez \u010daumalas) - Naturka\",\"isPartOf\":{\"@id\":\"https:\/\/naturka.ee\/lv\/#website\"},\"primaryImageOfPage\":{\"@id\":\"https:\/\/naturka.ee\/lv\/product\/mandlid-kooritud\/#primaryimage\"},\"image\":{\"@id\":\"https:\/\/naturka.ee\/lv\/product\/mandlid-kooritud\/#primaryimage\"},\"thumbnailUrl\":\"https:\/\/naturka.ee\/wp-content\/uploads\/2024\/04\/48.jpg\",\"datePublished\":\"2024-05-30T09:26:36+00:00\",\"dateModified\":\"2025-10-21T18:14:00+00:00\",\"breadcrumb\":{\"@id\":\"https:\/\/naturka.ee\/lv\/product\/mandlid-kooritud\/#breadcrumb\"},\"inLanguage\":\"lv-LV\",\"potentialAction\":[{\"@type\":\"ReadAction\",\"target\":[\"https:\/\/naturka.ee\/lv\/product\/mandlid-kooritud\/\"]}]},{\"@type\":\"ImageObject\",\"inLanguage\":\"lv-LV\",\"@id\":\"https:\/\/naturka.ee\/lv\/product\/mandlid-kooritud\/#primaryimage\",\"url\":\"https:\/\/naturka.ee\/wp-content\/uploads\/2024\/04\/48.jpg\",\"contentUrl\":\"https:\/\/naturka.ee\/wp-content\/uploads\/2024\/04\/48.jpg\",\"width\":1800,\"height\":1373},{\"@type\":\"BreadcrumbList\",\"@id\":\"https:\/\/naturka.ee\/lv\/product\/mandlid-kooritud\/#breadcrumb\",\"itemListElement\":[{\"@type\":\"ListItem\",\"position\":1,\"name\":\"Home\",\"item\":\"https:\/\/naturka.ee\/lv\/home\/\"},{\"@type\":\"ListItem\",\"position\":2,\"name\":\"Pood\",\"item\":\"https:\/\/naturka.ee\/shop\/\"},{\"@type\":\"ListItem\",\"position\":3,\"name\":\"Mandeles (bez \u010daumalas)\"}]},{\"@type\":\"WebSite\",\"@id\":\"https:\/\/naturka.ee\/lv\/#website\",\"url\":\"https:\/\/naturka.ee\/lv\/\",\"name\":\"Naturka\",\"description\":\"\",\"potentialAction\":[{\"@type\":\"SearchAction\",\"target\":{\"@type\":\"EntryPoint\",\"urlTemplate\":\"https:\/\/naturka.ee\/lv\/?s={search_term_string}\"},\"query-input\":\"required name=search_term_string\"}],\"inLanguage\":\"lv-LV\"}]}<\/script>\n<!-- \/ Yoast SEO plugin. -->","yoast_head_json":{"title":"Mandeles (bez \u010daumalas) - Naturka","robots":{"index":"index","follow":"follow","max-snippet":"max-snippet:-1","max-image-preview":"max-image-preview:large","max-video-preview":"max-video-preview:-1"},"canonical":"https:\/\/naturka.ee\/lv\/product\/mandlid-kooritud\/","og_locale":"lv_LV","og_type":"article","og_title":"Mandeles (bez \u010daumalas) - Naturka","og_description":"Jaunums - mizotas mandeles ar augstu olbaltumvielu un \u0161\u0137iedrvielu saturu.  \u0160ie rieksti ir \u012bpa\u0161i noder\u012bgi diab\u0113ta slimniekiem. Mandeles satur Omega-6 tauksk\u0101bes, k\u0101liju, E- vitam\u012bns (antioksidants), magnijs, dzelzs, cinks, B1 un B6 vitam\u012bni.  Mandeles ir dabisks olbaltumvielu avots! Mandeles var \u0113st svaigas vai izmantot kulin\u0101rij\u0101, t\u0101s ir lieliski piem\u0113rotas cep\u0161anai, sal\u0101tos utt.  Var satur\u0113t nelielu daudzumu citu riekstu.  Uzglab\u0101t saus\u0101, t\u012br\u0101 un v\u0113s\u0101 viet\u0101. &nbsp;","og_url":"https:\/\/naturka.ee\/lv\/product\/mandlid-kooritud\/","og_site_name":"Naturka","article_modified_time":"2025-10-21T18:14:00+00:00","og_image":[{"width":1800,"height":1373,"url":"https:\/\/naturka.ee\/wp-content\/uploads\/2024\/04\/48.jpg","type":"image\/jpeg"}],"twitter_card":"summary_large_image","schema":{"@context":"https:\/\/schema.org","@graph":[{"@type":"WebPage","@id":"https:\/\/naturka.ee\/lv\/product\/mandlid-kooritud\/","url":"https:\/\/naturka.ee\/lv\/product\/mandlid-kooritud\/","name":"Mandeles (bez \u010daumalas) - Naturka","isPartOf":{"@id":"https:\/\/naturka.ee\/lv\/#website"},"primaryImageOfPage":{"@id":"https:\/\/naturka.ee\/lv\/product\/mandlid-kooritud\/#primaryimage"},"image":{"@id":"https:\/\/naturka.ee\/lv\/product\/mandlid-kooritud\/#primaryimage"},"thumbnailUrl":"https:\/\/naturka.ee\/wp-content\/uploads\/2024\/04\/48.jpg","datePublished":"2024-05-30T09:26:36+00:00","dateModified":"2025-10-21T18:14:00+00:00","breadcrumb":{"@id":"https:\/\/naturka.ee\/lv\/product\/mandlid-kooritud\/#breadcrumb"},"inLanguage":"lv-LV","potentialAction":[{"@type":"ReadAction","target":["https:\/\/naturka.ee\/lv\/product\/mandlid-kooritud\/"]}]},{"@type":"ImageObject","inLanguage":"lv-LV","@id":"https:\/\/naturka.ee\/lv\/product\/mandlid-kooritud\/#primaryimage","url":"https:\/\/naturka.ee\/wp-content\/uploads\/2024\/04\/48.jpg","contentUrl":"https:\/\/naturka.ee\/wp-content\/uploads\/2024\/04\/48.jpg","width":1800,"height":1373},{"@type":"BreadcrumbList","@id":"https:\/\/naturka.ee\/lv\/product\/mandlid-kooritud\/#breadcrumb","itemListElement":[{"@type":"ListItem","position":1,"name":"Home","item":"https:\/\/naturka.ee\/lv\/home\/"},{"@type":"ListItem","position":2,"name":"Pood","item":"https:\/\/naturka.ee\/shop\/"},{"@type":"ListItem","position":3,"name":"Mandeles (bez \u010daumalas)"}]},{"@type":"WebSite","@id":"https:\/\/naturka.ee\/lv\/#website","url":"https:\/\/naturka.ee\/lv\/","name":"Naturka","description":"","potentialAction":[{"@type":"SearchAction","target":{"@type":"EntryPoint","urlTemplate":"https:\/\/naturka.ee\/lv\/?s={search_term_string}"},"query-input":"required name=search_term_string"}],"inLanguage":"lv-LV"}]}},"_links":{"self":[{"href":"https:\/\/naturka.ee\/lv\/wp-json\/wp\/v2\/product\/27032","targetHints":{"allow":["GET"]}}],"collection":[{"href":"https:\/\/naturka.ee\/lv\/wp-json\/wp\/v2\/product"}],"about":[{"href":"https:\/\/naturka.ee\/lv\/wp-json\/wp\/v2\/types\/product"}],"wp:featuredmedia":[{"embeddable":true,"href":"https:\/\/naturka.ee\/lv\/wp-json\/wp\/v2\/media\/26196"}],"wp:attachment":[{"href":"https:\/\/naturka.ee\/lv\/wp-json\/wp\/v2\/media?parent=27032"}],"wp:term":[{"taxonomy":"product_cat","embeddable":true,"href":"https:\/\/naturka.ee\/lv\/wp-json\/wp\/v2\/product_cat?post=27032"},{"taxonomy":"product_tag","embeddable":true,"href":"https:\/\/naturka.ee\/lv\/wp-json\/wp\/v2\/product_tag?post=27032"}],"curies":[{"name":"wp","href":"https:\/\/api.w.org\/{rel}","templated":true}]}}