{"id":26995,"date":"2021-01-15T11:13:06","date_gmt":"2021-07-25T20:41:06","guid":{"rendered":"https:\/\/naturka.ee\/product\/seedriseemned-2020-a\/"},"modified":"2026-04-20T20:31:47","modified_gmt":"2026-04-20T17:31:47","slug":"seedriseemned-2020-a","status":"publish","type":"product","link":"https:\/\/naturka.ee\/lv\/product\/seedriseemned-2020-a\/","title":{"rendered":"Ciedru rieksti"},"content":{"rendered":"","protected":false},"excerpt":{"rendered":"<p id=\"tw-target-text\" class=\"tw-data-text tw-text-large tw-ta\" dir=\"ltr\" data-placeholder=\"Translation\" aria-label=\"Translated text\" data-ved=\"2ahUKEwio26-Eh66GAxUaAxAIHUhjCZoQ3ewLegQIBRAU\"><span class=\"Y2IQFc\" lang=\"lv\">Jaunums &#8211; ciedra s\u0113klas vai Sederm\u00e4nni s\u0113klas. <\/span><\/p>\n<p class=\"tw-data-text tw-text-large tw-ta\" dir=\"ltr\" data-placeholder=\"Translation\" aria-label=\"Translated text\" data-ved=\"2ahUKEwio26-Eh66GAxUaAxAIHUhjCZoQ3ewLegQIBRAU\"><span class=\"Y2IQFc\" lang=\"lv\">Mizot\u0101s ciedra s\u0113klas ar maigu gar\u0161u satur daudz vitam\u012bnu un miner\u0101lvielu (magnijs, cinks un dzelzs, E vitam\u012bns). <\/span><\/p>\n<p class=\"tw-data-text tw-text-large tw-ta\" dir=\"ltr\" data-placeholder=\"Translation\" aria-label=\"Translated text\" data-ved=\"2ahUKEwio26-Eh66GAxUaAxAIHUhjCZoQ3ewLegQIBRAU\"><span class=\"Y2IQFc\" lang=\"lv\">Ener\u0123ijas bag\u0101ta uzkoda! Pa\u0146emiet to l\u012bdzi uz darbu, skolu vai ce\u013cojumu. Ar\u012b t\u0101s kr\u0113m\u012bg\u0101s ciedra s\u0113klas piem\u0113rots pievieno\u0161anai pesto, sal\u0101tiem, humusam un konditorejas izstr\u0101d\u0101jumiem. Vi\u0146i ir ne tikai vesel\u012bgi, bet ar\u012b gar\u0161\u012bgi.<\/span><\/p>\n<p class=\"tw-data-text tw-text-large tw-ta\" dir=\"ltr\" data-placeholder=\"Translation\" aria-label=\"Translated text\" data-ved=\"2ahUKEwio26-Eh66GAxUaAxAIHUhjCZoQ3ewLegQIBRAU\"><span class=\"Y2IQFc\" lang=\"lv\">Uzglab\u0101t saus\u0101, t\u012br\u0101 un v\u0113s\u0101 viet\u0101.<\/span><\/p>\n","protected":false},"featured_media":26211,"template":"","meta":{"inline_featured_image":false},"product_cat":[232,231],"product_tag":[],"class_list":["post-26995","product","type-product","status-publish","has-post-thumbnail","hentry","product_cat-one-and-only-in-europe-lv","product_cat-rieksti"],"supplier_id":null,"supplier_sku":"","barcode":null,"atum_controlled":true,"out_stock_date":null,"out_stock_threshold":null,"inheritable":false,"inbound_stock":0,"stock_on_hold":2,"sold_today":1,"sales_last_days":14,"reserved_stock":0,"customer_returns":0,"warehouse_damage":0,"lost_in_post":0,"other_logs":0,"out_stock_days":0,"lost_sales":0,"has_location":false,"update_date":"2026-05-04T11:48:51","atum_locations":[],"atum_stock_status":"instock","restock_status":false,"low_stock_amount":"","sales_update_date":"2026-05-04T11:48:50","calc_backorders":null,"yoast_head":"<!-- This site is optimized with the Yoast SEO plugin v22.6 - https:\/\/yoast.com\/wordpress\/plugins\/seo\/ -->\n<title>Ciedru rieksti - Naturka<\/title>\n<meta name=\"robots\" content=\"index, follow, max-snippet:-1, max-image-preview:large, max-video-preview:-1\" \/>\n<link rel=\"canonical\" href=\"https:\/\/naturka.ee\/lv\/product\/seedriseemned-2020-a\/\" \/>\n<meta property=\"og:locale\" content=\"lv_LV\" \/>\n<meta property=\"og:type\" content=\"article\" \/>\n<meta property=\"og:title\" content=\"Ciedru rieksti - Naturka\" \/>\n<meta property=\"og:description\" content=\"Jaunums - ciedra s\u0113klas vai Sederm\u00e4nni s\u0113klas.  Mizot\u0101s ciedra s\u0113klas ar maigu gar\u0161u satur daudz vitam\u012bnu un miner\u0101lvielu (magnijs, cinks un dzelzs, E vitam\u012bns).  Ener\u0123ijas bag\u0101ta uzkoda! Pa\u0146emiet to l\u012bdzi uz darbu, skolu vai ce\u013cojumu. Ar\u012b t\u0101s kr\u0113m\u012bg\u0101s ciedra s\u0113klas piem\u0113rots pievieno\u0161anai pesto, sal\u0101tiem, humusam un konditorejas izstr\u0101d\u0101jumiem. Vi\u0146i ir ne tikai vesel\u012bgi, bet ar\u012b gar\u0161\u012bgi. Uzglab\u0101t saus\u0101, t\u012br\u0101 un v\u0113s\u0101 viet\u0101.\" \/>\n<meta property=\"og:url\" content=\"https:\/\/naturka.ee\/lv\/product\/seedriseemned-2020-a\/\" \/>\n<meta property=\"og:site_name\" content=\"Naturka\" \/>\n<meta property=\"article:modified_time\" content=\"2026-04-20T17:31:47+00:00\" \/>\n<meta property=\"og:image\" content=\"https:\/\/naturka.ee\/wp-content\/uploads\/2024\/04\/51.jpg\" \/>\n\t<meta property=\"og:image:width\" content=\"1800\" \/>\n\t<meta property=\"og:image:height\" content=\"1373\" \/>\n\t<meta property=\"og:image:type\" content=\"image\/jpeg\" \/>\n<meta name=\"twitter:card\" content=\"summary_large_image\" \/>\n<script type=\"application\/ld+json\" class=\"yoast-schema-graph\">{\"@context\":\"https:\/\/schema.org\",\"@graph\":[{\"@type\":\"WebPage\",\"@id\":\"https:\/\/naturka.ee\/lv\/product\/seedriseemned-2020-a\/\",\"url\":\"https:\/\/naturka.ee\/lv\/product\/seedriseemned-2020-a\/\",\"name\":\"Ciedru rieksti - Naturka\",\"isPartOf\":{\"@id\":\"https:\/\/naturka.ee\/lv\/#website\"},\"primaryImageOfPage\":{\"@id\":\"https:\/\/naturka.ee\/lv\/product\/seedriseemned-2020-a\/#primaryimage\"},\"image\":{\"@id\":\"https:\/\/naturka.ee\/lv\/product\/seedriseemned-2020-a\/#primaryimage\"},\"thumbnailUrl\":\"https:\/\/naturka.ee\/wp-content\/uploads\/2024\/04\/51.jpg\",\"datePublished\":\"2021-07-25T20:41:06+00:00\",\"dateModified\":\"2026-04-20T17:31:47+00:00\",\"breadcrumb\":{\"@id\":\"https:\/\/naturka.ee\/lv\/product\/seedriseemned-2020-a\/#breadcrumb\"},\"inLanguage\":\"lv-LV\",\"potentialAction\":[{\"@type\":\"ReadAction\",\"target\":[\"https:\/\/naturka.ee\/lv\/product\/seedriseemned-2020-a\/\"]}]},{\"@type\":\"ImageObject\",\"inLanguage\":\"lv-LV\",\"@id\":\"https:\/\/naturka.ee\/lv\/product\/seedriseemned-2020-a\/#primaryimage\",\"url\":\"https:\/\/naturka.ee\/wp-content\/uploads\/2024\/04\/51.jpg\",\"contentUrl\":\"https:\/\/naturka.ee\/wp-content\/uploads\/2024\/04\/51.jpg\",\"width\":1800,\"height\":1373},{\"@type\":\"BreadcrumbList\",\"@id\":\"https:\/\/naturka.ee\/lv\/product\/seedriseemned-2020-a\/#breadcrumb\",\"itemListElement\":[{\"@type\":\"ListItem\",\"position\":1,\"name\":\"Home\",\"item\":\"https:\/\/naturka.ee\/lv\/home\/\"},{\"@type\":\"ListItem\",\"position\":2,\"name\":\"Pood\",\"item\":\"https:\/\/naturka.ee\/shop\/\"},{\"@type\":\"ListItem\",\"position\":3,\"name\":\"Ciedru rieksti\"}]},{\"@type\":\"WebSite\",\"@id\":\"https:\/\/naturka.ee\/lv\/#website\",\"url\":\"https:\/\/naturka.ee\/lv\/\",\"name\":\"Naturka\",\"description\":\"\",\"potentialAction\":[{\"@type\":\"SearchAction\",\"target\":{\"@type\":\"EntryPoint\",\"urlTemplate\":\"https:\/\/naturka.ee\/lv\/?s={search_term_string}\"},\"query-input\":\"required name=search_term_string\"}],\"inLanguage\":\"lv-LV\"}]}<\/script>\n<!-- \/ Yoast SEO plugin. -->","yoast_head_json":{"title":"Ciedru rieksti - Naturka","robots":{"index":"index","follow":"follow","max-snippet":"max-snippet:-1","max-image-preview":"max-image-preview:large","max-video-preview":"max-video-preview:-1"},"canonical":"https:\/\/naturka.ee\/lv\/product\/seedriseemned-2020-a\/","og_locale":"lv_LV","og_type":"article","og_title":"Ciedru rieksti - Naturka","og_description":"Jaunums - ciedra s\u0113klas vai Sederm\u00e4nni s\u0113klas.  Mizot\u0101s ciedra s\u0113klas ar maigu gar\u0161u satur daudz vitam\u012bnu un miner\u0101lvielu (magnijs, cinks un dzelzs, E vitam\u012bns).  Ener\u0123ijas bag\u0101ta uzkoda! Pa\u0146emiet to l\u012bdzi uz darbu, skolu vai ce\u013cojumu. Ar\u012b t\u0101s kr\u0113m\u012bg\u0101s ciedra s\u0113klas piem\u0113rots pievieno\u0161anai pesto, sal\u0101tiem, humusam un konditorejas izstr\u0101d\u0101jumiem. Vi\u0146i ir ne tikai vesel\u012bgi, bet ar\u012b gar\u0161\u012bgi. Uzglab\u0101t saus\u0101, t\u012br\u0101 un v\u0113s\u0101 viet\u0101.","og_url":"https:\/\/naturka.ee\/lv\/product\/seedriseemned-2020-a\/","og_site_name":"Naturka","article_modified_time":"2026-04-20T17:31:47+00:00","og_image":[{"width":1800,"height":1373,"url":"https:\/\/naturka.ee\/wp-content\/uploads\/2024\/04\/51.jpg","type":"image\/jpeg"}],"twitter_card":"summary_large_image","schema":{"@context":"https:\/\/schema.org","@graph":[{"@type":"WebPage","@id":"https:\/\/naturka.ee\/lv\/product\/seedriseemned-2020-a\/","url":"https:\/\/naturka.ee\/lv\/product\/seedriseemned-2020-a\/","name":"Ciedru rieksti - Naturka","isPartOf":{"@id":"https:\/\/naturka.ee\/lv\/#website"},"primaryImageOfPage":{"@id":"https:\/\/naturka.ee\/lv\/product\/seedriseemned-2020-a\/#primaryimage"},"image":{"@id":"https:\/\/naturka.ee\/lv\/product\/seedriseemned-2020-a\/#primaryimage"},"thumbnailUrl":"https:\/\/naturka.ee\/wp-content\/uploads\/2024\/04\/51.jpg","datePublished":"2021-07-25T20:41:06+00:00","dateModified":"2026-04-20T17:31:47+00:00","breadcrumb":{"@id":"https:\/\/naturka.ee\/lv\/product\/seedriseemned-2020-a\/#breadcrumb"},"inLanguage":"lv-LV","potentialAction":[{"@type":"ReadAction","target":["https:\/\/naturka.ee\/lv\/product\/seedriseemned-2020-a\/"]}]},{"@type":"ImageObject","inLanguage":"lv-LV","@id":"https:\/\/naturka.ee\/lv\/product\/seedriseemned-2020-a\/#primaryimage","url":"https:\/\/naturka.ee\/wp-content\/uploads\/2024\/04\/51.jpg","contentUrl":"https:\/\/naturka.ee\/wp-content\/uploads\/2024\/04\/51.jpg","width":1800,"height":1373},{"@type":"BreadcrumbList","@id":"https:\/\/naturka.ee\/lv\/product\/seedriseemned-2020-a\/#breadcrumb","itemListElement":[{"@type":"ListItem","position":1,"name":"Home","item":"https:\/\/naturka.ee\/lv\/home\/"},{"@type":"ListItem","position":2,"name":"Pood","item":"https:\/\/naturka.ee\/shop\/"},{"@type":"ListItem","position":3,"name":"Ciedru rieksti"}]},{"@type":"WebSite","@id":"https:\/\/naturka.ee\/lv\/#website","url":"https:\/\/naturka.ee\/lv\/","name":"Naturka","description":"","potentialAction":[{"@type":"SearchAction","target":{"@type":"EntryPoint","urlTemplate":"https:\/\/naturka.ee\/lv\/?s={search_term_string}"},"query-input":"required name=search_term_string"}],"inLanguage":"lv-LV"}]}},"_links":{"self":[{"href":"https:\/\/naturka.ee\/lv\/wp-json\/wp\/v2\/product\/26995","targetHints":{"allow":["GET"]}}],"collection":[{"href":"https:\/\/naturka.ee\/lv\/wp-json\/wp\/v2\/product"}],"about":[{"href":"https:\/\/naturka.ee\/lv\/wp-json\/wp\/v2\/types\/product"}],"wp:featuredmedia":[{"embeddable":true,"href":"https:\/\/naturka.ee\/lv\/wp-json\/wp\/v2\/media\/26211"}],"wp:attachment":[{"href":"https:\/\/naturka.ee\/lv\/wp-json\/wp\/v2\/media?parent=26995"}],"wp:term":[{"taxonomy":"product_cat","embeddable":true,"href":"https:\/\/naturka.ee\/lv\/wp-json\/wp\/v2\/product_cat?post=26995"},{"taxonomy":"product_tag","embeddable":true,"href":"https:\/\/naturka.ee\/lv\/wp-json\/wp\/v2\/product_tag?post=26995"}],"curies":[{"name":"wp","href":"https:\/\/api.w.org\/{rel}","templated":true}]}}