{"id":26952,"date":"2024-05-24T08:59:24","date_gmt":"2024-05-24T05:59:24","guid":{"rendered":"https:\/\/naturka.ee\/product\/pistaatsiapahklid-kooritud\/"},"modified":"2026-04-04T17:59:43","modified_gmt":"2026-04-04T14:59:43","slug":"pistaatsiapahklid-kooritud","status":"publish","type":"product","link":"https:\/\/naturka.ee\/lv\/product\/pistaatsiapahklid-kooritud\/","title":{"rendered":"Pist\u0101cijas (lob\u012btas)"},"content":{"rendered":"","protected":false},"excerpt":{"rendered":"<p id=\"tw-target-text\" class=\"tw-data-text tw-text-large tw-ta\" dir=\"ltr\" data-placeholder=\"Translation\" aria-label=\"Translated text\" data-ved=\"2ahUKEwj5gbDczaWGAxXfHRAIHX-6Oo0Q3ewLegQICBAU\"><span class=\"Y2IQFc\" lang=\"lv\">Jaunums &#8211; nes\u0101l\u012btas lob\u012btas pist\u0101cijas. <\/span><\/p>\n<p class=\"tw-data-text tw-text-large tw-ta\" dir=\"ltr\" data-placeholder=\"Translation\" aria-label=\"Translated text\" data-ved=\"2ahUKEwj5gbDczaWGAxXfHRAIHX-6Oo0Q3ewLegQICBAU\"><span class=\"Y2IQFc\" lang=\"lv\">Izmantojiet \u0161os riekstus maizes izstr\u0101d\u0101jumos, sal\u0101tos, desertos un k\u0101 uzkodu! Pievieno aug\u013cu sal\u0101tiem vai iemaisi sald\u0113jum\u0101! <\/span><\/p>\n<p id=\"tw-target-text\" class=\"tw-data-text tw-text-large tw-ta\" dir=\"ltr\" data-placeholder=\"Translation\" aria-label=\"Translated text\" data-ved=\"2ahUKEwiEn-KDtaaGAxXRHxAIHfgJBDcQ3ewLegQIEBAU\"><span class=\"Y2IQFc\" lang=\"lv\">Var satur\u0113t nelielu daudzumu alerg\u0113nu vielu, piem\u0113ram: glut\u0113nu, soju, riekstus, sezama s\u0113klas.<\/span><\/p>\n<p class=\"tw-data-text tw-text-large tw-ta\" dir=\"ltr\" data-placeholder=\"Translation\" aria-label=\"Translated text\" data-ved=\"2ahUKEwj5gbDczaWGAxXfHRAIHX-6Oo0Q3ewLegQICBAU\"><span class=\"Y2IQFc\" lang=\"lv\">Uzglab\u0101t saus\u0101, t\u012br\u0101 un v\u0113s\u0101 viet\u0101.<\/span><\/p>\n","protected":false},"featured_media":26186,"template":"","meta":{"inline_featured_image":false},"product_cat":[231],"product_tag":[],"class_list":["post-26952","product","type-product","status-publish","has-post-thumbnail","hentry","product_cat-rieksti"],"supplier_id":null,"supplier_sku":"","barcode":null,"atum_controlled":true,"out_stock_date":null,"out_stock_threshold":null,"inheritable":false,"inbound_stock":0,"stock_on_hold":0,"sold_today":20,"sales_last_days":27,"reserved_stock":0,"customer_returns":0,"warehouse_damage":0,"lost_in_post":0,"other_logs":0,"out_stock_days":0,"lost_sales":0,"has_location":false,"update_date":"2026-04-15T12:34:05","atum_locations":[],"atum_stock_status":"instock","restock_status":false,"low_stock_amount":"","sales_update_date":"2026-04-15T12:34:05","calc_backorders":null,"yoast_head":"<!-- This site is optimized with the Yoast SEO plugin v22.6 - https:\/\/yoast.com\/wordpress\/plugins\/seo\/ -->\n<title>Pist\u0101cijas (lob\u012btas) - Naturka<\/title>\n<meta name=\"robots\" content=\"index, follow, max-snippet:-1, max-image-preview:large, max-video-preview:-1\" \/>\n<link rel=\"canonical\" href=\"https:\/\/naturka.ee\/lv\/product\/pistaatsiapahklid-kooritud\/\" \/>\n<meta property=\"og:locale\" content=\"lv_LV\" \/>\n<meta property=\"og:type\" content=\"article\" \/>\n<meta property=\"og:title\" content=\"Pist\u0101cijas (lob\u012btas) - Naturka\" \/>\n<meta property=\"og:description\" content=\"Jaunums - nes\u0101l\u012btas lob\u012btas pist\u0101cijas.  Izmantojiet \u0161os riekstus maizes izstr\u0101d\u0101jumos, sal\u0101tos, desertos un k\u0101 uzkodu! Pievieno aug\u013cu sal\u0101tiem vai iemaisi sald\u0113jum\u0101!  Var satur\u0113t nelielu daudzumu alerg\u0113nu vielu, piem\u0113ram: glut\u0113nu, soju, riekstus, sezama s\u0113klas. Uzglab\u0101t saus\u0101, t\u012br\u0101 un v\u0113s\u0101 viet\u0101.\" \/>\n<meta property=\"og:url\" content=\"https:\/\/naturka.ee\/lv\/product\/pistaatsiapahklid-kooritud\/\" \/>\n<meta property=\"og:site_name\" content=\"Naturka\" \/>\n<meta property=\"article:modified_time\" content=\"2026-04-04T14:59:43+00:00\" \/>\n<meta property=\"og:image\" content=\"https:\/\/naturka.ee\/wp-content\/uploads\/2024\/04\/45.jpg\" \/>\n\t<meta property=\"og:image:width\" content=\"1800\" \/>\n\t<meta property=\"og:image:height\" content=\"1373\" \/>\n\t<meta property=\"og:image:type\" content=\"image\/jpeg\" \/>\n<meta name=\"twitter:card\" content=\"summary_large_image\" \/>\n<script type=\"application\/ld+json\" class=\"yoast-schema-graph\">{\"@context\":\"https:\/\/schema.org\",\"@graph\":[{\"@type\":\"WebPage\",\"@id\":\"https:\/\/naturka.ee\/lv\/product\/pistaatsiapahklid-kooritud\/\",\"url\":\"https:\/\/naturka.ee\/lv\/product\/pistaatsiapahklid-kooritud\/\",\"name\":\"Pist\u0101cijas (lob\u012btas) - Naturka\",\"isPartOf\":{\"@id\":\"https:\/\/naturka.ee\/lv\/#website\"},\"primaryImageOfPage\":{\"@id\":\"https:\/\/naturka.ee\/lv\/product\/pistaatsiapahklid-kooritud\/#primaryimage\"},\"image\":{\"@id\":\"https:\/\/naturka.ee\/lv\/product\/pistaatsiapahklid-kooritud\/#primaryimage\"},\"thumbnailUrl\":\"https:\/\/naturka.ee\/wp-content\/uploads\/2024\/04\/45.jpg\",\"datePublished\":\"2024-05-24T05:59:24+00:00\",\"dateModified\":\"2026-04-04T14:59:43+00:00\",\"breadcrumb\":{\"@id\":\"https:\/\/naturka.ee\/lv\/product\/pistaatsiapahklid-kooritud\/#breadcrumb\"},\"inLanguage\":\"lv-LV\",\"potentialAction\":[{\"@type\":\"ReadAction\",\"target\":[\"https:\/\/naturka.ee\/lv\/product\/pistaatsiapahklid-kooritud\/\"]}]},{\"@type\":\"ImageObject\",\"inLanguage\":\"lv-LV\",\"@id\":\"https:\/\/naturka.ee\/lv\/product\/pistaatsiapahklid-kooritud\/#primaryimage\",\"url\":\"https:\/\/naturka.ee\/wp-content\/uploads\/2024\/04\/45.jpg\",\"contentUrl\":\"https:\/\/naturka.ee\/wp-content\/uploads\/2024\/04\/45.jpg\",\"width\":1800,\"height\":1373},{\"@type\":\"BreadcrumbList\",\"@id\":\"https:\/\/naturka.ee\/lv\/product\/pistaatsiapahklid-kooritud\/#breadcrumb\",\"itemListElement\":[{\"@type\":\"ListItem\",\"position\":1,\"name\":\"Home\",\"item\":\"https:\/\/naturka.ee\/lv\/home\/\"},{\"@type\":\"ListItem\",\"position\":2,\"name\":\"Pood\",\"item\":\"https:\/\/naturka.ee\/shop\/\"},{\"@type\":\"ListItem\",\"position\":3,\"name\":\"Pist\u0101cijas (lob\u012btas)\"}]},{\"@type\":\"WebSite\",\"@id\":\"https:\/\/naturka.ee\/lv\/#website\",\"url\":\"https:\/\/naturka.ee\/lv\/\",\"name\":\"Naturka\",\"description\":\"\",\"potentialAction\":[{\"@type\":\"SearchAction\",\"target\":{\"@type\":\"EntryPoint\",\"urlTemplate\":\"https:\/\/naturka.ee\/lv\/?s={search_term_string}\"},\"query-input\":\"required name=search_term_string\"}],\"inLanguage\":\"lv-LV\"}]}<\/script>\n<!-- \/ Yoast SEO plugin. -->","yoast_head_json":{"title":"Pist\u0101cijas (lob\u012btas) - Naturka","robots":{"index":"index","follow":"follow","max-snippet":"max-snippet:-1","max-image-preview":"max-image-preview:large","max-video-preview":"max-video-preview:-1"},"canonical":"https:\/\/naturka.ee\/lv\/product\/pistaatsiapahklid-kooritud\/","og_locale":"lv_LV","og_type":"article","og_title":"Pist\u0101cijas (lob\u012btas) - Naturka","og_description":"Jaunums - nes\u0101l\u012btas lob\u012btas pist\u0101cijas.  Izmantojiet \u0161os riekstus maizes izstr\u0101d\u0101jumos, sal\u0101tos, desertos un k\u0101 uzkodu! Pievieno aug\u013cu sal\u0101tiem vai iemaisi sald\u0113jum\u0101!  Var satur\u0113t nelielu daudzumu alerg\u0113nu vielu, piem\u0113ram: glut\u0113nu, soju, riekstus, sezama s\u0113klas. Uzglab\u0101t saus\u0101, t\u012br\u0101 un v\u0113s\u0101 viet\u0101.","og_url":"https:\/\/naturka.ee\/lv\/product\/pistaatsiapahklid-kooritud\/","og_site_name":"Naturka","article_modified_time":"2026-04-04T14:59:43+00:00","og_image":[{"width":1800,"height":1373,"url":"https:\/\/naturka.ee\/wp-content\/uploads\/2024\/04\/45.jpg","type":"image\/jpeg"}],"twitter_card":"summary_large_image","schema":{"@context":"https:\/\/schema.org","@graph":[{"@type":"WebPage","@id":"https:\/\/naturka.ee\/lv\/product\/pistaatsiapahklid-kooritud\/","url":"https:\/\/naturka.ee\/lv\/product\/pistaatsiapahklid-kooritud\/","name":"Pist\u0101cijas (lob\u012btas) - Naturka","isPartOf":{"@id":"https:\/\/naturka.ee\/lv\/#website"},"primaryImageOfPage":{"@id":"https:\/\/naturka.ee\/lv\/product\/pistaatsiapahklid-kooritud\/#primaryimage"},"image":{"@id":"https:\/\/naturka.ee\/lv\/product\/pistaatsiapahklid-kooritud\/#primaryimage"},"thumbnailUrl":"https:\/\/naturka.ee\/wp-content\/uploads\/2024\/04\/45.jpg","datePublished":"2024-05-24T05:59:24+00:00","dateModified":"2026-04-04T14:59:43+00:00","breadcrumb":{"@id":"https:\/\/naturka.ee\/lv\/product\/pistaatsiapahklid-kooritud\/#breadcrumb"},"inLanguage":"lv-LV","potentialAction":[{"@type":"ReadAction","target":["https:\/\/naturka.ee\/lv\/product\/pistaatsiapahklid-kooritud\/"]}]},{"@type":"ImageObject","inLanguage":"lv-LV","@id":"https:\/\/naturka.ee\/lv\/product\/pistaatsiapahklid-kooritud\/#primaryimage","url":"https:\/\/naturka.ee\/wp-content\/uploads\/2024\/04\/45.jpg","contentUrl":"https:\/\/naturka.ee\/wp-content\/uploads\/2024\/04\/45.jpg","width":1800,"height":1373},{"@type":"BreadcrumbList","@id":"https:\/\/naturka.ee\/lv\/product\/pistaatsiapahklid-kooritud\/#breadcrumb","itemListElement":[{"@type":"ListItem","position":1,"name":"Home","item":"https:\/\/naturka.ee\/lv\/home\/"},{"@type":"ListItem","position":2,"name":"Pood","item":"https:\/\/naturka.ee\/shop\/"},{"@type":"ListItem","position":3,"name":"Pist\u0101cijas (lob\u012btas)"}]},{"@type":"WebSite","@id":"https:\/\/naturka.ee\/lv\/#website","url":"https:\/\/naturka.ee\/lv\/","name":"Naturka","description":"","potentialAction":[{"@type":"SearchAction","target":{"@type":"EntryPoint","urlTemplate":"https:\/\/naturka.ee\/lv\/?s={search_term_string}"},"query-input":"required name=search_term_string"}],"inLanguage":"lv-LV"}]}},"_links":{"self":[{"href":"https:\/\/naturka.ee\/lv\/wp-json\/wp\/v2\/product\/26952","targetHints":{"allow":["GET"]}}],"collection":[{"href":"https:\/\/naturka.ee\/lv\/wp-json\/wp\/v2\/product"}],"about":[{"href":"https:\/\/naturka.ee\/lv\/wp-json\/wp\/v2\/types\/product"}],"wp:featuredmedia":[{"embeddable":true,"href":"https:\/\/naturka.ee\/lv\/wp-json\/wp\/v2\/media\/26186"}],"wp:attachment":[{"href":"https:\/\/naturka.ee\/lv\/wp-json\/wp\/v2\/media?parent=26952"}],"wp:term":[{"taxonomy":"product_cat","embeddable":true,"href":"https:\/\/naturka.ee\/lv\/wp-json\/wp\/v2\/product_cat?post=26952"},{"taxonomy":"product_tag","embeddable":true,"href":"https:\/\/naturka.ee\/lv\/wp-json\/wp\/v2\/product_tag?post=26952"}],"curies":[{"name":"wp","href":"https:\/\/api.w.org\/{rel}","templated":true}]}}