{"id":26841,"date":"2024-05-16T19:32:36","date_gmt":"2024-05-16T16:32:36","guid":{"rendered":"https:\/\/naturka.ee\/product\/kuiv-papaia-kuubikud\/"},"modified":"2025-10-27T11:43:02","modified_gmt":"2025-10-27T09:43:02","slug":"kuiv-papaia-kuubikud","status":"publish","type":"product","link":"https:\/\/naturka.ee\/lv\/product\/kuiv-papaia-kuubikud\/","title":{"rendered":"\u017d\u0101v\u0113ta papaija"},"content":{"rendered":"","protected":false},"excerpt":{"rendered":"<p id=\"tw-target-text\" class=\"tw-data-text tw-text-large tw-ta\" dir=\"ltr\" data-placeholder=\"Translation\" aria-label=\"Translated text\" data-ved=\"2ahUKEwjIl4yIzJKGAxXrExAIHWeJD-oQ3ewLegQIDhAU\"><span class=\"Y2IQFc\" lang=\"lv\">Jaunums &#8211; kalt\u0113ta papaija (cukurot\u0101). <\/span><\/p>\n<p class=\"tw-data-text tw-text-large tw-ta\" dir=\"ltr\" data-placeholder=\"Translation\" aria-label=\"Translated text\" data-ved=\"2ahUKEwjIl4yIzJKGAxXrExAIHWeJD-oQ3ewLegQIDhAU\"><span class=\"Y2IQFc\" lang=\"lv\">Papaijas kubi satur lielu daudzumu A, B un G vitam\u012bnu, dzelzi un kalciju. \u0160ie saldie, kr\u0101sainie kubi ir piem\u0113roti \u0113\u0161anai, k\u0101 ar\u012b k\u0101 piedeva konditorejas izstr\u0101d\u0101jumiem un desertiem. <\/span><\/p>\n<p class=\"tw-data-text tw-text-large tw-ta\" dir=\"ltr\" data-placeholder=\"Translation\" aria-label=\"Translated text\" data-ved=\"2ahUKEwjIl4yIzJKGAxXrExAIHWeJD-oQ3ewLegQIDhAU\"><span class=\"Y2IQFc\" lang=\"lv\">Uzglab\u0101t saus\u0101, t\u012br\u0101 un v\u0113s\u0101 viet\u0101.<\/span><\/p>\n","protected":false},"featured_media":26136,"template":"","meta":{"inline_featured_image":false},"product_cat":[186],"product_tag":[],"class_list":["post-26841","product","type-product","status-publish","has-post-thumbnail","hentry","product_cat-zaveti-augli"],"supplier_id":null,"supplier_sku":"","barcode":null,"atum_controlled":true,"out_stock_date":null,"out_stock_threshold":null,"inheritable":false,"inbound_stock":0,"stock_on_hold":0,"sold_today":0,"sales_last_days":0,"reserved_stock":0,"customer_returns":0,"warehouse_damage":0,"lost_in_post":0,"other_logs":0,"out_stock_days":0,"lost_sales":0,"has_location":false,"update_date":"2026-04-07T15:46:20","atum_locations":[],"atum_stock_status":"instock","restock_status":false,"low_stock_amount":"","sales_update_date":"2026-04-07T15:46:20","calc_backorders":null,"yoast_head":"<!-- This site is optimized with the Yoast SEO plugin v22.6 - https:\/\/yoast.com\/wordpress\/plugins\/seo\/ -->\n<title>\u017d\u0101v\u0113ta papaija - Naturka<\/title>\n<meta name=\"robots\" content=\"index, follow, max-snippet:-1, max-image-preview:large, max-video-preview:-1\" \/>\n<link rel=\"canonical\" href=\"https:\/\/naturka.ee\/lv\/product\/kuiv-papaia-kuubikud\/\" \/>\n<meta property=\"og:locale\" content=\"lv_LV\" \/>\n<meta property=\"og:type\" content=\"article\" \/>\n<meta property=\"og:title\" content=\"\u017d\u0101v\u0113ta papaija - Naturka\" \/>\n<meta property=\"og:description\" content=\"Jaunums - kalt\u0113ta papaija (cukurot\u0101).  Papaijas kubi satur lielu daudzumu A, B un G vitam\u012bnu, dzelzi un kalciju. \u0160ie saldie, kr\u0101sainie kubi ir piem\u0113roti \u0113\u0161anai, k\u0101 ar\u012b k\u0101 piedeva konditorejas izstr\u0101d\u0101jumiem un desertiem.  Uzglab\u0101t saus\u0101, t\u012br\u0101 un v\u0113s\u0101 viet\u0101.\" \/>\n<meta property=\"og:url\" content=\"https:\/\/naturka.ee\/lv\/product\/kuiv-papaia-kuubikud\/\" \/>\n<meta property=\"og:site_name\" content=\"Naturka\" \/>\n<meta property=\"article:modified_time\" content=\"2025-10-27T09:43:02+00:00\" \/>\n<meta property=\"og:image\" content=\"https:\/\/naturka.ee\/wp-content\/uploads\/2024\/04\/35.jpg\" \/>\n\t<meta property=\"og:image:width\" content=\"1800\" \/>\n\t<meta property=\"og:image:height\" content=\"1373\" \/>\n\t<meta property=\"og:image:type\" content=\"image\/jpeg\" \/>\n<meta name=\"twitter:card\" content=\"summary_large_image\" \/>\n<script type=\"application\/ld+json\" class=\"yoast-schema-graph\">{\"@context\":\"https:\/\/schema.org\",\"@graph\":[{\"@type\":\"WebPage\",\"@id\":\"https:\/\/naturka.ee\/lv\/product\/kuiv-papaia-kuubikud\/\",\"url\":\"https:\/\/naturka.ee\/lv\/product\/kuiv-papaia-kuubikud\/\",\"name\":\"\u017d\u0101v\u0113ta papaija - Naturka\",\"isPartOf\":{\"@id\":\"https:\/\/naturka.ee\/lv\/#website\"},\"primaryImageOfPage\":{\"@id\":\"https:\/\/naturka.ee\/lv\/product\/kuiv-papaia-kuubikud\/#primaryimage\"},\"image\":{\"@id\":\"https:\/\/naturka.ee\/lv\/product\/kuiv-papaia-kuubikud\/#primaryimage\"},\"thumbnailUrl\":\"https:\/\/naturka.ee\/wp-content\/uploads\/2024\/04\/35.jpg\",\"datePublished\":\"2024-05-16T16:32:36+00:00\",\"dateModified\":\"2025-10-27T09:43:02+00:00\",\"breadcrumb\":{\"@id\":\"https:\/\/naturka.ee\/lv\/product\/kuiv-papaia-kuubikud\/#breadcrumb\"},\"inLanguage\":\"lv-LV\",\"potentialAction\":[{\"@type\":\"ReadAction\",\"target\":[\"https:\/\/naturka.ee\/lv\/product\/kuiv-papaia-kuubikud\/\"]}]},{\"@type\":\"ImageObject\",\"inLanguage\":\"lv-LV\",\"@id\":\"https:\/\/naturka.ee\/lv\/product\/kuiv-papaia-kuubikud\/#primaryimage\",\"url\":\"https:\/\/naturka.ee\/wp-content\/uploads\/2024\/04\/35.jpg\",\"contentUrl\":\"https:\/\/naturka.ee\/wp-content\/uploads\/2024\/04\/35.jpg\",\"width\":1800,\"height\":1373},{\"@type\":\"BreadcrumbList\",\"@id\":\"https:\/\/naturka.ee\/lv\/product\/kuiv-papaia-kuubikud\/#breadcrumb\",\"itemListElement\":[{\"@type\":\"ListItem\",\"position\":1,\"name\":\"Home\",\"item\":\"https:\/\/naturka.ee\/lv\/home\/\"},{\"@type\":\"ListItem\",\"position\":2,\"name\":\"Pood\",\"item\":\"https:\/\/naturka.ee\/shop\/\"},{\"@type\":\"ListItem\",\"position\":3,\"name\":\"\u017d\u0101v\u0113ta papaija\"}]},{\"@type\":\"WebSite\",\"@id\":\"https:\/\/naturka.ee\/lv\/#website\",\"url\":\"https:\/\/naturka.ee\/lv\/\",\"name\":\"Naturka\",\"description\":\"\",\"potentialAction\":[{\"@type\":\"SearchAction\",\"target\":{\"@type\":\"EntryPoint\",\"urlTemplate\":\"https:\/\/naturka.ee\/lv\/?s={search_term_string}\"},\"query-input\":\"required name=search_term_string\"}],\"inLanguage\":\"lv-LV\"}]}<\/script>\n<!-- \/ Yoast SEO plugin. -->","yoast_head_json":{"title":"\u017d\u0101v\u0113ta papaija - Naturka","robots":{"index":"index","follow":"follow","max-snippet":"max-snippet:-1","max-image-preview":"max-image-preview:large","max-video-preview":"max-video-preview:-1"},"canonical":"https:\/\/naturka.ee\/lv\/product\/kuiv-papaia-kuubikud\/","og_locale":"lv_LV","og_type":"article","og_title":"\u017d\u0101v\u0113ta papaija - Naturka","og_description":"Jaunums - kalt\u0113ta papaija (cukurot\u0101).  Papaijas kubi satur lielu daudzumu A, B un G vitam\u012bnu, dzelzi un kalciju. \u0160ie saldie, kr\u0101sainie kubi ir piem\u0113roti \u0113\u0161anai, k\u0101 ar\u012b k\u0101 piedeva konditorejas izstr\u0101d\u0101jumiem un desertiem.  Uzglab\u0101t saus\u0101, t\u012br\u0101 un v\u0113s\u0101 viet\u0101.","og_url":"https:\/\/naturka.ee\/lv\/product\/kuiv-papaia-kuubikud\/","og_site_name":"Naturka","article_modified_time":"2025-10-27T09:43:02+00:00","og_image":[{"width":1800,"height":1373,"url":"https:\/\/naturka.ee\/wp-content\/uploads\/2024\/04\/35.jpg","type":"image\/jpeg"}],"twitter_card":"summary_large_image","schema":{"@context":"https:\/\/schema.org","@graph":[{"@type":"WebPage","@id":"https:\/\/naturka.ee\/lv\/product\/kuiv-papaia-kuubikud\/","url":"https:\/\/naturka.ee\/lv\/product\/kuiv-papaia-kuubikud\/","name":"\u017d\u0101v\u0113ta papaija - Naturka","isPartOf":{"@id":"https:\/\/naturka.ee\/lv\/#website"},"primaryImageOfPage":{"@id":"https:\/\/naturka.ee\/lv\/product\/kuiv-papaia-kuubikud\/#primaryimage"},"image":{"@id":"https:\/\/naturka.ee\/lv\/product\/kuiv-papaia-kuubikud\/#primaryimage"},"thumbnailUrl":"https:\/\/naturka.ee\/wp-content\/uploads\/2024\/04\/35.jpg","datePublished":"2024-05-16T16:32:36+00:00","dateModified":"2025-10-27T09:43:02+00:00","breadcrumb":{"@id":"https:\/\/naturka.ee\/lv\/product\/kuiv-papaia-kuubikud\/#breadcrumb"},"inLanguage":"lv-LV","potentialAction":[{"@type":"ReadAction","target":["https:\/\/naturka.ee\/lv\/product\/kuiv-papaia-kuubikud\/"]}]},{"@type":"ImageObject","inLanguage":"lv-LV","@id":"https:\/\/naturka.ee\/lv\/product\/kuiv-papaia-kuubikud\/#primaryimage","url":"https:\/\/naturka.ee\/wp-content\/uploads\/2024\/04\/35.jpg","contentUrl":"https:\/\/naturka.ee\/wp-content\/uploads\/2024\/04\/35.jpg","width":1800,"height":1373},{"@type":"BreadcrumbList","@id":"https:\/\/naturka.ee\/lv\/product\/kuiv-papaia-kuubikud\/#breadcrumb","itemListElement":[{"@type":"ListItem","position":1,"name":"Home","item":"https:\/\/naturka.ee\/lv\/home\/"},{"@type":"ListItem","position":2,"name":"Pood","item":"https:\/\/naturka.ee\/shop\/"},{"@type":"ListItem","position":3,"name":"\u017d\u0101v\u0113ta papaija"}]},{"@type":"WebSite","@id":"https:\/\/naturka.ee\/lv\/#website","url":"https:\/\/naturka.ee\/lv\/","name":"Naturka","description":"","potentialAction":[{"@type":"SearchAction","target":{"@type":"EntryPoint","urlTemplate":"https:\/\/naturka.ee\/lv\/?s={search_term_string}"},"query-input":"required name=search_term_string"}],"inLanguage":"lv-LV"}]}},"_links":{"self":[{"href":"https:\/\/naturka.ee\/lv\/wp-json\/wp\/v2\/product\/26841","targetHints":{"allow":["GET"]}}],"collection":[{"href":"https:\/\/naturka.ee\/lv\/wp-json\/wp\/v2\/product"}],"about":[{"href":"https:\/\/naturka.ee\/lv\/wp-json\/wp\/v2\/types\/product"}],"wp:featuredmedia":[{"embeddable":true,"href":"https:\/\/naturka.ee\/lv\/wp-json\/wp\/v2\/media\/26136"}],"wp:attachment":[{"href":"https:\/\/naturka.ee\/lv\/wp-json\/wp\/v2\/media?parent=26841"}],"wp:term":[{"taxonomy":"product_cat","embeddable":true,"href":"https:\/\/naturka.ee\/lv\/wp-json\/wp\/v2\/product_cat?post=26841"},{"taxonomy":"product_tag","embeddable":true,"href":"https:\/\/naturka.ee\/lv\/wp-json\/wp\/v2\/product_tag?post=26841"}],"curies":[{"name":"wp","href":"https:\/\/api.w.org\/{rel}","templated":true}]}}