{"id":26830,"date":"2024-05-14T19:29:13","date_gmt":"2024-05-16T12:11:51","guid":{"rendered":"https:\/\/naturka.ee\/?post_type=product&#038;p=26830"},"modified":"2025-10-31T14:42:54","modified_gmt":"2025-10-31T12:42:54","slug":"risu-krekeri-rigato","status":"publish","type":"product","link":"https:\/\/naturka.ee\/lv\/product\/risu-krekeri-rigato\/","title":{"rendered":"R\u012bsu krekeri Rigato"},"content":{"rendered":"","protected":false},"excerpt":{"rendered":"<p id=\"tw-target-text\" class=\"tw-data-text tw-text-large tw-ta\" dir=\"ltr\" data-placeholder=\"Translation\" aria-label=\"Translated text\" data-ved=\"2ahUKEwiEt6mMkZKGAxW5FBAIHdDUAFIQ3ewLegQIExAU\"><span class=\"Y2IQFc\" lang=\"lv\">Jaunums &#8211; r\u012bsu krekeri Rigato. <\/span><\/p>\n<p class=\"tw-data-text tw-text-large tw-ta\" dir=\"ltr\" data-placeholder=\"Translation\" aria-label=\"Translated text\" data-ved=\"2ahUKEwiEt6mMkZKGAxW5FBAIHdDUAFIQ3ewLegQIExAU\"><span class=\"Y2IQFc\" lang=\"lv\">Kr\u0101saini palikt\u0146i, kas lieliski piem\u0113roti vieglai uzkodai! Gar\u0161\u012bgs uzkodu mais\u012bjums, kas piem\u0113rots gan sv\u0113tku galdam, gan k\u0101 uzkoda. <\/span><\/p>\n<p class=\"tw-data-text tw-text-large tw-ta\" dir=\"ltr\" data-placeholder=\"Translation\" aria-label=\"Translated text\" data-ved=\"2ahUKEwiEt6mMkZKGAxW5FBAIHdDUAFIQ3ewLegQIExAU\"><span class=\"Y2IQFc\" lang=\"lv\">R\u012bsu krekeri \u2013 lieliska alternat\u012bva \u010dipsiem! <\/span><\/p>\n<p class=\"tw-data-text tw-text-large tw-ta\" dir=\"ltr\" data-placeholder=\"Translation\" aria-label=\"Translated text\" data-ved=\"2ahUKEwiEt6mMkZKGAxW5FBAIHdDUAFIQ3ewLegQIExAU\"><span class=\"Y2IQFc\" lang=\"lv\">Uzglab\u0101t saus\u0101, t\u012br\u0101 un v\u0113s\u0101 viet\u0101.<\/span><\/p>\n","protected":false},"featured_media":26041,"template":"","meta":{"inline_featured_image":false},"product_cat":[213],"product_tag":[],"class_list":["post-26830","product","type-product","status-publish","has-post-thumbnail","hentry","product_cat-risu-krekeri"],"supplier_id":null,"supplier_sku":"","barcode":null,"atum_controlled":true,"out_stock_date":null,"out_stock_threshold":null,"inheritable":false,"inbound_stock":0,"stock_on_hold":0,"sold_today":0,"sales_last_days":0,"reserved_stock":0,"customer_returns":0,"warehouse_damage":0,"lost_in_post":0,"other_logs":0,"out_stock_days":0,"lost_sales":0,"has_location":false,"update_date":"2026-05-09T05:54:56","atum_locations":[],"atum_stock_status":"instock","restock_status":false,"low_stock_amount":"","sales_update_date":"2026-05-09T05:54:56","calc_backorders":null,"yoast_head":"<!-- This site is optimized with the Yoast SEO plugin v22.6 - https:\/\/yoast.com\/wordpress\/plugins\/seo\/ -->\n<title>R\u012bsu krekeri Rigato - Naturka<\/title>\n<meta name=\"robots\" content=\"index, follow, max-snippet:-1, max-image-preview:large, max-video-preview:-1\" \/>\n<link rel=\"canonical\" href=\"https:\/\/naturka.ee\/lv\/product\/risu-krekeri-rigato\/\" \/>\n<meta property=\"og:locale\" content=\"lv_LV\" \/>\n<meta property=\"og:type\" content=\"article\" \/>\n<meta property=\"og:title\" content=\"R\u012bsu krekeri Rigato - Naturka\" \/>\n<meta property=\"og:description\" content=\"Jaunums - r\u012bsu krekeri Rigato.  Kr\u0101saini palikt\u0146i, kas lieliski piem\u0113roti vieglai uzkodai! Gar\u0161\u012bgs uzkodu mais\u012bjums, kas piem\u0113rots gan sv\u0113tku galdam, gan k\u0101 uzkoda.  R\u012bsu krekeri \u2013 lieliska alternat\u012bva \u010dipsiem!  Uzglab\u0101t saus\u0101, t\u012br\u0101 un v\u0113s\u0101 viet\u0101.\" \/>\n<meta property=\"og:url\" content=\"https:\/\/naturka.ee\/lv\/product\/risu-krekeri-rigato\/\" \/>\n<meta property=\"og:site_name\" content=\"Naturka\" \/>\n<meta property=\"article:modified_time\" content=\"2025-10-31T12:42:54+00:00\" \/>\n<meta property=\"og:image\" content=\"https:\/\/naturka.ee\/wp-content\/uploads\/2024\/04\/16.jpg\" \/>\n\t<meta property=\"og:image:width\" content=\"1800\" \/>\n\t<meta property=\"og:image:height\" content=\"1373\" \/>\n\t<meta property=\"og:image:type\" content=\"image\/jpeg\" \/>\n<meta name=\"twitter:card\" content=\"summary_large_image\" \/>\n<script type=\"application\/ld+json\" class=\"yoast-schema-graph\">{\"@context\":\"https:\/\/schema.org\",\"@graph\":[{\"@type\":\"WebPage\",\"@id\":\"https:\/\/naturka.ee\/lv\/product\/risu-krekeri-rigato\/\",\"url\":\"https:\/\/naturka.ee\/lv\/product\/risu-krekeri-rigato\/\",\"name\":\"R\u012bsu krekeri Rigato - Naturka\",\"isPartOf\":{\"@id\":\"https:\/\/naturka.ee\/lv\/#website\"},\"primaryImageOfPage\":{\"@id\":\"https:\/\/naturka.ee\/lv\/product\/risu-krekeri-rigato\/#primaryimage\"},\"image\":{\"@id\":\"https:\/\/naturka.ee\/lv\/product\/risu-krekeri-rigato\/#primaryimage\"},\"thumbnailUrl\":\"https:\/\/naturka.ee\/wp-content\/uploads\/2024\/04\/16.jpg\",\"datePublished\":\"2024-05-16T12:11:51+00:00\",\"dateModified\":\"2025-10-31T12:42:54+00:00\",\"breadcrumb\":{\"@id\":\"https:\/\/naturka.ee\/lv\/product\/risu-krekeri-rigato\/#breadcrumb\"},\"inLanguage\":\"lv-LV\",\"potentialAction\":[{\"@type\":\"ReadAction\",\"target\":[\"https:\/\/naturka.ee\/lv\/product\/risu-krekeri-rigato\/\"]}]},{\"@type\":\"ImageObject\",\"inLanguage\":\"lv-LV\",\"@id\":\"https:\/\/naturka.ee\/lv\/product\/risu-krekeri-rigato\/#primaryimage\",\"url\":\"https:\/\/naturka.ee\/wp-content\/uploads\/2024\/04\/16.jpg\",\"contentUrl\":\"https:\/\/naturka.ee\/wp-content\/uploads\/2024\/04\/16.jpg\",\"width\":1800,\"height\":1373},{\"@type\":\"BreadcrumbList\",\"@id\":\"https:\/\/naturka.ee\/lv\/product\/risu-krekeri-rigato\/#breadcrumb\",\"itemListElement\":[{\"@type\":\"ListItem\",\"position\":1,\"name\":\"Home\",\"item\":\"https:\/\/naturka.ee\/lv\/home\/\"},{\"@type\":\"ListItem\",\"position\":2,\"name\":\"Pood\",\"item\":\"https:\/\/naturka.ee\/shop\/\"},{\"@type\":\"ListItem\",\"position\":3,\"name\":\"R\u012bsu krekeri Rigato\"}]},{\"@type\":\"WebSite\",\"@id\":\"https:\/\/naturka.ee\/lv\/#website\",\"url\":\"https:\/\/naturka.ee\/lv\/\",\"name\":\"Naturka\",\"description\":\"\",\"potentialAction\":[{\"@type\":\"SearchAction\",\"target\":{\"@type\":\"EntryPoint\",\"urlTemplate\":\"https:\/\/naturka.ee\/lv\/?s={search_term_string}\"},\"query-input\":\"required name=search_term_string\"}],\"inLanguage\":\"lv-LV\"}]}<\/script>\n<!-- \/ Yoast SEO plugin. -->","yoast_head_json":{"title":"R\u012bsu krekeri Rigato - Naturka","robots":{"index":"index","follow":"follow","max-snippet":"max-snippet:-1","max-image-preview":"max-image-preview:large","max-video-preview":"max-video-preview:-1"},"canonical":"https:\/\/naturka.ee\/lv\/product\/risu-krekeri-rigato\/","og_locale":"lv_LV","og_type":"article","og_title":"R\u012bsu krekeri Rigato - Naturka","og_description":"Jaunums - r\u012bsu krekeri Rigato.  Kr\u0101saini palikt\u0146i, kas lieliski piem\u0113roti vieglai uzkodai! Gar\u0161\u012bgs uzkodu mais\u012bjums, kas piem\u0113rots gan sv\u0113tku galdam, gan k\u0101 uzkoda.  R\u012bsu krekeri \u2013 lieliska alternat\u012bva \u010dipsiem!  Uzglab\u0101t saus\u0101, t\u012br\u0101 un v\u0113s\u0101 viet\u0101.","og_url":"https:\/\/naturka.ee\/lv\/product\/risu-krekeri-rigato\/","og_site_name":"Naturka","article_modified_time":"2025-10-31T12:42:54+00:00","og_image":[{"width":1800,"height":1373,"url":"https:\/\/naturka.ee\/wp-content\/uploads\/2024\/04\/16.jpg","type":"image\/jpeg"}],"twitter_card":"summary_large_image","schema":{"@context":"https:\/\/schema.org","@graph":[{"@type":"WebPage","@id":"https:\/\/naturka.ee\/lv\/product\/risu-krekeri-rigato\/","url":"https:\/\/naturka.ee\/lv\/product\/risu-krekeri-rigato\/","name":"R\u012bsu krekeri Rigato - Naturka","isPartOf":{"@id":"https:\/\/naturka.ee\/lv\/#website"},"primaryImageOfPage":{"@id":"https:\/\/naturka.ee\/lv\/product\/risu-krekeri-rigato\/#primaryimage"},"image":{"@id":"https:\/\/naturka.ee\/lv\/product\/risu-krekeri-rigato\/#primaryimage"},"thumbnailUrl":"https:\/\/naturka.ee\/wp-content\/uploads\/2024\/04\/16.jpg","datePublished":"2024-05-16T12:11:51+00:00","dateModified":"2025-10-31T12:42:54+00:00","breadcrumb":{"@id":"https:\/\/naturka.ee\/lv\/product\/risu-krekeri-rigato\/#breadcrumb"},"inLanguage":"lv-LV","potentialAction":[{"@type":"ReadAction","target":["https:\/\/naturka.ee\/lv\/product\/risu-krekeri-rigato\/"]}]},{"@type":"ImageObject","inLanguage":"lv-LV","@id":"https:\/\/naturka.ee\/lv\/product\/risu-krekeri-rigato\/#primaryimage","url":"https:\/\/naturka.ee\/wp-content\/uploads\/2024\/04\/16.jpg","contentUrl":"https:\/\/naturka.ee\/wp-content\/uploads\/2024\/04\/16.jpg","width":1800,"height":1373},{"@type":"BreadcrumbList","@id":"https:\/\/naturka.ee\/lv\/product\/risu-krekeri-rigato\/#breadcrumb","itemListElement":[{"@type":"ListItem","position":1,"name":"Home","item":"https:\/\/naturka.ee\/lv\/home\/"},{"@type":"ListItem","position":2,"name":"Pood","item":"https:\/\/naturka.ee\/shop\/"},{"@type":"ListItem","position":3,"name":"R\u012bsu krekeri Rigato"}]},{"@type":"WebSite","@id":"https:\/\/naturka.ee\/lv\/#website","url":"https:\/\/naturka.ee\/lv\/","name":"Naturka","description":"","potentialAction":[{"@type":"SearchAction","target":{"@type":"EntryPoint","urlTemplate":"https:\/\/naturka.ee\/lv\/?s={search_term_string}"},"query-input":"required name=search_term_string"}],"inLanguage":"lv-LV"}]}},"_links":{"self":[{"href":"https:\/\/naturka.ee\/lv\/wp-json\/wp\/v2\/product\/26830","targetHints":{"allow":["GET"]}}],"collection":[{"href":"https:\/\/naturka.ee\/lv\/wp-json\/wp\/v2\/product"}],"about":[{"href":"https:\/\/naturka.ee\/lv\/wp-json\/wp\/v2\/types\/product"}],"wp:featuredmedia":[{"embeddable":true,"href":"https:\/\/naturka.ee\/lv\/wp-json\/wp\/v2\/media\/26041"}],"wp:attachment":[{"href":"https:\/\/naturka.ee\/lv\/wp-json\/wp\/v2\/media?parent=26830"}],"wp:term":[{"taxonomy":"product_cat","embeddable":true,"href":"https:\/\/naturka.ee\/lv\/wp-json\/wp\/v2\/product_cat?post=26830"},{"taxonomy":"product_tag","embeddable":true,"href":"https:\/\/naturka.ee\/lv\/wp-json\/wp\/v2\/product_tag?post=26830"}],"curies":[{"name":"wp","href":"https:\/\/api.w.org\/{rel}","templated":true}]}}