{"id":26808,"date":"2024-05-15T18:35:05","date_gmt":"2024-05-15T15:35:05","guid":{"rendered":"https:\/\/naturka.ee\/product\/kuiv-ingver-kuubikud\/"},"modified":"2025-12-24T07:16:15","modified_gmt":"2025-12-24T05:16:15","slug":"kuiv-ingver-kuubikud","status":"publish","type":"product","link":"https:\/\/naturka.ee\/lv\/product\/kuiv-ingver-kuubikud\/","title":{"rendered":"\u017d\u0101v\u0113ts ingvers"},"content":{"rendered":"","protected":false},"excerpt":{"rendered":"<p id=\"tw-target-text\" class=\"tw-data-text tw-text-large tw-ta\" dir=\"ltr\" data-placeholder=\"Translation\" aria-label=\"Translated text\" data-ved=\"2ahUKEwiQ-_y024-GAxXrHhAIHT_dD_EQ3ewLegQIBRAU\"><span class=\"Y2IQFc\" lang=\"lv\">Jaunums &#8211; \u017e\u0101v\u0113ts ingvers (suk\u0101ds). <\/span><\/p>\n<p class=\"tw-data-text tw-text-large tw-ta\" dir=\"ltr\" data-placeholder=\"Translation\" aria-label=\"Translated text\" data-ved=\"2ahUKEwiQ-_y024-GAxXrHhAIHT_dD_EQ3ewLegQIBRAU\"><span class=\"Y2IQFc\" lang=\"lv\">Sp\u0113c\u012bga sakne im\u016bnsist\u0113mas stiprin\u0101\u0161anai, kas labv\u0113l\u012bgi ietekm\u0113 \u0137ermeni un smadzenes. Ar sp\u0113c\u012bgu rakstur\u012bgu gar\u0161u. <\/span><\/p>\n<p class=\"tw-data-text tw-text-large tw-ta\" dir=\"ltr\" data-placeholder=\"Translation\" aria-label=\"Translated text\" data-ved=\"2ahUKEwiQ-_y024-GAxXrHhAIHT_dD_EQ3ewLegQIBRAU\"><span class=\"Y2IQFc\" lang=\"lv\">Pikanta, mut\u0113 k\u016bsto\u0161a uzkoda, kas der gan \u0113\u0161anai, gan k\u0101 piedeva konditorejas izstr\u0101d\u0101jumiem. <\/span><\/p>\n<p class=\"tw-data-text tw-text-large tw-ta\" dir=\"ltr\" data-placeholder=\"Translation\" aria-label=\"Translated text\" data-ved=\"2ahUKEwiQ-_y024-GAxXrHhAIHT_dD_EQ3ewLegQIBRAU\"><span class=\"Y2IQFc\" lang=\"lv\">Uzglab\u0101t saus\u0101, t\u012br\u0101 un v\u0113s\u0101 viet\u0101.<\/span><\/p>\n","protected":false},"featured_media":26146,"template":"","meta":{"inline_featured_image":false},"product_cat":[186],"product_tag":[],"class_list":["post-26808","product","type-product","status-publish","has-post-thumbnail","hentry","product_cat-zaveti-augli"],"supplier_id":null,"supplier_sku":"","barcode":null,"atum_controlled":true,"out_stock_date":null,"out_stock_threshold":null,"inheritable":false,"inbound_stock":0,"stock_on_hold":0,"sold_today":0,"sales_last_days":1,"reserved_stock":0,"customer_returns":0,"warehouse_damage":0,"lost_in_post":0,"other_logs":0,"out_stock_days":0,"lost_sales":0,"has_location":false,"update_date":"2026-05-01T16:00:14","atum_locations":[],"atum_stock_status":"instock","restock_status":false,"low_stock_amount":"","sales_update_date":"2026-05-01T16:00:13","calc_backorders":null,"yoast_head":"<!-- This site is optimized with the Yoast SEO plugin v22.6 - https:\/\/yoast.com\/wordpress\/plugins\/seo\/ -->\n<title>\u017d\u0101v\u0113ts ingvers - Naturka<\/title>\n<meta name=\"robots\" content=\"index, follow, max-snippet:-1, max-image-preview:large, max-video-preview:-1\" \/>\n<link rel=\"canonical\" href=\"https:\/\/naturka.ee\/lv\/product\/kuiv-ingver-kuubikud\/\" \/>\n<meta property=\"og:locale\" content=\"lv_LV\" \/>\n<meta property=\"og:type\" content=\"article\" \/>\n<meta property=\"og:title\" content=\"\u017d\u0101v\u0113ts ingvers - Naturka\" \/>\n<meta property=\"og:description\" content=\"Jaunums - \u017e\u0101v\u0113ts ingvers (suk\u0101ds).  Sp\u0113c\u012bga sakne im\u016bnsist\u0113mas stiprin\u0101\u0161anai, kas labv\u0113l\u012bgi ietekm\u0113 \u0137ermeni un smadzenes. Ar sp\u0113c\u012bgu rakstur\u012bgu gar\u0161u.  Pikanta, mut\u0113 k\u016bsto\u0161a uzkoda, kas der gan \u0113\u0161anai, gan k\u0101 piedeva konditorejas izstr\u0101d\u0101jumiem.  Uzglab\u0101t saus\u0101, t\u012br\u0101 un v\u0113s\u0101 viet\u0101.\" \/>\n<meta property=\"og:url\" content=\"https:\/\/naturka.ee\/lv\/product\/kuiv-ingver-kuubikud\/\" \/>\n<meta property=\"og:site_name\" content=\"Naturka\" \/>\n<meta property=\"article:modified_time\" content=\"2025-12-24T05:16:15+00:00\" \/>\n<meta property=\"og:image\" content=\"https:\/\/naturka.ee\/wp-content\/uploads\/2024\/04\/37.jpg\" \/>\n\t<meta property=\"og:image:width\" content=\"1800\" \/>\n\t<meta property=\"og:image:height\" content=\"1373\" \/>\n\t<meta property=\"og:image:type\" content=\"image\/jpeg\" \/>\n<meta name=\"twitter:card\" content=\"summary_large_image\" \/>\n<script type=\"application\/ld+json\" class=\"yoast-schema-graph\">{\"@context\":\"https:\/\/schema.org\",\"@graph\":[{\"@type\":\"WebPage\",\"@id\":\"https:\/\/naturka.ee\/lv\/product\/kuiv-ingver-kuubikud\/\",\"url\":\"https:\/\/naturka.ee\/lv\/product\/kuiv-ingver-kuubikud\/\",\"name\":\"\u017d\u0101v\u0113ts ingvers - Naturka\",\"isPartOf\":{\"@id\":\"https:\/\/naturka.ee\/lv\/#website\"},\"primaryImageOfPage\":{\"@id\":\"https:\/\/naturka.ee\/lv\/product\/kuiv-ingver-kuubikud\/#primaryimage\"},\"image\":{\"@id\":\"https:\/\/naturka.ee\/lv\/product\/kuiv-ingver-kuubikud\/#primaryimage\"},\"thumbnailUrl\":\"https:\/\/naturka.ee\/wp-content\/uploads\/2024\/04\/37.jpg\",\"datePublished\":\"2024-05-15T15:35:05+00:00\",\"dateModified\":\"2025-12-24T05:16:15+00:00\",\"breadcrumb\":{\"@id\":\"https:\/\/naturka.ee\/lv\/product\/kuiv-ingver-kuubikud\/#breadcrumb\"},\"inLanguage\":\"lv-LV\",\"potentialAction\":[{\"@type\":\"ReadAction\",\"target\":[\"https:\/\/naturka.ee\/lv\/product\/kuiv-ingver-kuubikud\/\"]}]},{\"@type\":\"ImageObject\",\"inLanguage\":\"lv-LV\",\"@id\":\"https:\/\/naturka.ee\/lv\/product\/kuiv-ingver-kuubikud\/#primaryimage\",\"url\":\"https:\/\/naturka.ee\/wp-content\/uploads\/2024\/04\/37.jpg\",\"contentUrl\":\"https:\/\/naturka.ee\/wp-content\/uploads\/2024\/04\/37.jpg\",\"width\":1800,\"height\":1373},{\"@type\":\"BreadcrumbList\",\"@id\":\"https:\/\/naturka.ee\/lv\/product\/kuiv-ingver-kuubikud\/#breadcrumb\",\"itemListElement\":[{\"@type\":\"ListItem\",\"position\":1,\"name\":\"Home\",\"item\":\"https:\/\/naturka.ee\/lv\/home\/\"},{\"@type\":\"ListItem\",\"position\":2,\"name\":\"Pood\",\"item\":\"https:\/\/naturka.ee\/shop\/\"},{\"@type\":\"ListItem\",\"position\":3,\"name\":\"\u017d\u0101v\u0113ts ingvers\"}]},{\"@type\":\"WebSite\",\"@id\":\"https:\/\/naturka.ee\/lv\/#website\",\"url\":\"https:\/\/naturka.ee\/lv\/\",\"name\":\"Naturka\",\"description\":\"\",\"potentialAction\":[{\"@type\":\"SearchAction\",\"target\":{\"@type\":\"EntryPoint\",\"urlTemplate\":\"https:\/\/naturka.ee\/lv\/?s={search_term_string}\"},\"query-input\":\"required name=search_term_string\"}],\"inLanguage\":\"lv-LV\"}]}<\/script>\n<!-- \/ Yoast SEO plugin. -->","yoast_head_json":{"title":"\u017d\u0101v\u0113ts ingvers - Naturka","robots":{"index":"index","follow":"follow","max-snippet":"max-snippet:-1","max-image-preview":"max-image-preview:large","max-video-preview":"max-video-preview:-1"},"canonical":"https:\/\/naturka.ee\/lv\/product\/kuiv-ingver-kuubikud\/","og_locale":"lv_LV","og_type":"article","og_title":"\u017d\u0101v\u0113ts ingvers - Naturka","og_description":"Jaunums - \u017e\u0101v\u0113ts ingvers (suk\u0101ds).  Sp\u0113c\u012bga sakne im\u016bnsist\u0113mas stiprin\u0101\u0161anai, kas labv\u0113l\u012bgi ietekm\u0113 \u0137ermeni un smadzenes. Ar sp\u0113c\u012bgu rakstur\u012bgu gar\u0161u.  Pikanta, mut\u0113 k\u016bsto\u0161a uzkoda, kas der gan \u0113\u0161anai, gan k\u0101 piedeva konditorejas izstr\u0101d\u0101jumiem.  Uzglab\u0101t saus\u0101, t\u012br\u0101 un v\u0113s\u0101 viet\u0101.","og_url":"https:\/\/naturka.ee\/lv\/product\/kuiv-ingver-kuubikud\/","og_site_name":"Naturka","article_modified_time":"2025-12-24T05:16:15+00:00","og_image":[{"width":1800,"height":1373,"url":"https:\/\/naturka.ee\/wp-content\/uploads\/2024\/04\/37.jpg","type":"image\/jpeg"}],"twitter_card":"summary_large_image","schema":{"@context":"https:\/\/schema.org","@graph":[{"@type":"WebPage","@id":"https:\/\/naturka.ee\/lv\/product\/kuiv-ingver-kuubikud\/","url":"https:\/\/naturka.ee\/lv\/product\/kuiv-ingver-kuubikud\/","name":"\u017d\u0101v\u0113ts ingvers - Naturka","isPartOf":{"@id":"https:\/\/naturka.ee\/lv\/#website"},"primaryImageOfPage":{"@id":"https:\/\/naturka.ee\/lv\/product\/kuiv-ingver-kuubikud\/#primaryimage"},"image":{"@id":"https:\/\/naturka.ee\/lv\/product\/kuiv-ingver-kuubikud\/#primaryimage"},"thumbnailUrl":"https:\/\/naturka.ee\/wp-content\/uploads\/2024\/04\/37.jpg","datePublished":"2024-05-15T15:35:05+00:00","dateModified":"2025-12-24T05:16:15+00:00","breadcrumb":{"@id":"https:\/\/naturka.ee\/lv\/product\/kuiv-ingver-kuubikud\/#breadcrumb"},"inLanguage":"lv-LV","potentialAction":[{"@type":"ReadAction","target":["https:\/\/naturka.ee\/lv\/product\/kuiv-ingver-kuubikud\/"]}]},{"@type":"ImageObject","inLanguage":"lv-LV","@id":"https:\/\/naturka.ee\/lv\/product\/kuiv-ingver-kuubikud\/#primaryimage","url":"https:\/\/naturka.ee\/wp-content\/uploads\/2024\/04\/37.jpg","contentUrl":"https:\/\/naturka.ee\/wp-content\/uploads\/2024\/04\/37.jpg","width":1800,"height":1373},{"@type":"BreadcrumbList","@id":"https:\/\/naturka.ee\/lv\/product\/kuiv-ingver-kuubikud\/#breadcrumb","itemListElement":[{"@type":"ListItem","position":1,"name":"Home","item":"https:\/\/naturka.ee\/lv\/home\/"},{"@type":"ListItem","position":2,"name":"Pood","item":"https:\/\/naturka.ee\/shop\/"},{"@type":"ListItem","position":3,"name":"\u017d\u0101v\u0113ts ingvers"}]},{"@type":"WebSite","@id":"https:\/\/naturka.ee\/lv\/#website","url":"https:\/\/naturka.ee\/lv\/","name":"Naturka","description":"","potentialAction":[{"@type":"SearchAction","target":{"@type":"EntryPoint","urlTemplate":"https:\/\/naturka.ee\/lv\/?s={search_term_string}"},"query-input":"required name=search_term_string"}],"inLanguage":"lv-LV"}]}},"_links":{"self":[{"href":"https:\/\/naturka.ee\/lv\/wp-json\/wp\/v2\/product\/26808","targetHints":{"allow":["GET"]}}],"collection":[{"href":"https:\/\/naturka.ee\/lv\/wp-json\/wp\/v2\/product"}],"about":[{"href":"https:\/\/naturka.ee\/lv\/wp-json\/wp\/v2\/types\/product"}],"wp:featuredmedia":[{"embeddable":true,"href":"https:\/\/naturka.ee\/lv\/wp-json\/wp\/v2\/media\/26146"}],"wp:attachment":[{"href":"https:\/\/naturka.ee\/lv\/wp-json\/wp\/v2\/media?parent=26808"}],"wp:term":[{"taxonomy":"product_cat","embeddable":true,"href":"https:\/\/naturka.ee\/lv\/wp-json\/wp\/v2\/product_cat?post=26808"},{"taxonomy":"product_tag","embeddable":true,"href":"https:\/\/naturka.ee\/lv\/wp-json\/wp\/v2\/product_tag?post=26808"}],"curies":[{"name":"wp","href":"https:\/\/api.w.org\/{rel}","templated":true}]}}