{"id":26765,"date":"2023-08-19T22:16:04","date_gmt":"2024-05-14T15:53:56","guid":{"rendered":"https:\/\/naturka.ee\/?post_type=product&#038;p=26765"},"modified":"2024-12-08T00:00:33","modified_gmt":"2024-12-07T22:00:33","slug":"zaveti-banani","status":"publish","type":"product","link":"https:\/\/naturka.ee\/lv\/product\/zaveti-banani\/","title":{"rendered":"\u017d\u0101v\u0113ti ban\u0101ni"},"content":{"rendered":"","protected":false},"excerpt":{"rendered":"<p id=\"tw-target-text\" class=\"tw-data-text tw-text-large tw-ta\" dir=\"ltr\" data-placeholder=\"Translation\" aria-label=\"Translated text\" data-ved=\"2ahUKEwj7tffU0IyGAxVHGxAIHRuAAWEQ3ewLegQICBAU\"><span class=\"Y2IQFc\" lang=\"lv\">Dab\u012bgi saul\u0113 kalt\u0113ti ban\u0101ni no pusj\u0113liem ban\u0101niem. <\/span><\/p>\n<p class=\"tw-data-text tw-text-large tw-ta\" dir=\"ltr\" data-placeholder=\"Translation\" aria-label=\"Translated text\" data-ved=\"2ahUKEwj7tffU0IyGAxVHGxAIHRuAAWEQ3ewLegQICBAU\"><span class=\"Y2IQFc\" lang=\"lv\">Ban\u0101nos ar nedaudz gumijas tekst\u016bru ir maz kaloriju un cukura, bet tajos ir daudz C vitam\u012bna. Ban\u0101ni, kas satur daudz k\u0101lija, dabiski satur ar\u012b probiotikas un \u0161\u0137iedrvielas. <\/span><\/p>\n<p class=\"tw-data-text tw-text-large tw-ta\" dir=\"ltr\" data-placeholder=\"Translation\" aria-label=\"Translated text\" data-ved=\"2ahUKEwj7tffU0IyGAxVHGxAIHRuAAWEQ3ewLegQICBAU\"><span class=\"Y2IQFc\" lang=\"lv\">Lieliska uzkoda pa\u0146em\u0161anai l\u012bdzi uz darbu, b\u0113rnam uz skolu, ce\u013cojum\u0101 vai kop\u0101 ar savu iecien\u012bt\u0101ko seri\u0101lu!<\/span><\/p>\n<p class=\"tw-data-text tw-text-large tw-ta\" dir=\"ltr\" data-placeholder=\"Translation\" aria-label=\"Translated text\" data-ved=\"2ahUKEwj7tffU0IyGAxVHGxAIHRuAAWEQ3ewLegQICBAU\"><span class=\"Y2IQFc\" lang=\"lv\">Uzglab\u0101t v\u0113s\u0101 un saus\u0101 viet\u0101, sarg\u0101jot no tie\u0161iem saules stariem.<\/span><\/p>\n","protected":false},"featured_media":26311,"template":"","meta":{"inline_featured_image":false},"product_cat":[232,233,186],"product_tag":[],"class_list":["post-26765","product","type-product","status-publish","has-post-thumbnail","hentry","product_cat-one-and-only-in-europe-lv","product_cat-no-added-sugar-lv","product_cat-zaveti-augli"],"supplier_id":null,"supplier_sku":"","barcode":null,"atum_controlled":true,"out_stock_date":"2024-11-29 14:12:19","out_stock_threshold":null,"inheritable":false,"inbound_stock":0,"stock_on_hold":0,"sold_today":0,"sales_last_days":0,"reserved_stock":0,"customer_returns":0,"warehouse_damage":0,"lost_in_post":0,"other_logs":0,"out_stock_days":520,"lost_sales":0,"has_location":false,"update_date":"2026-05-04T05:51:55","atum_locations":[],"atum_stock_status":"outofstock","restock_status":false,"low_stock_amount":"","sales_update_date":"2026-05-04T05:51:55","calc_backorders":null,"yoast_head":"<!-- This site is optimized with the Yoast SEO plugin v22.6 - https:\/\/yoast.com\/wordpress\/plugins\/seo\/ -->\n<title>\u017d\u0101v\u0113ti ban\u0101ni - Naturka<\/title>\n<meta name=\"robots\" content=\"index, follow, max-snippet:-1, max-image-preview:large, max-video-preview:-1\" \/>\n<link rel=\"canonical\" href=\"https:\/\/naturka.ee\/lv\/product\/zaveti-banani\/\" \/>\n<meta property=\"og:locale\" content=\"lv_LV\" \/>\n<meta property=\"og:type\" content=\"article\" \/>\n<meta property=\"og:title\" content=\"\u017d\u0101v\u0113ti ban\u0101ni - Naturka\" \/>\n<meta property=\"og:description\" content=\"Dab\u012bgi saul\u0113 kalt\u0113ti ban\u0101ni no pusj\u0113liem ban\u0101niem.  Ban\u0101nos ar nedaudz gumijas tekst\u016bru ir maz kaloriju un cukura, bet tajos ir daudz C vitam\u012bna. Ban\u0101ni, kas satur daudz k\u0101lija, dabiski satur ar\u012b probiotikas un \u0161\u0137iedrvielas.  Lieliska uzkoda pa\u0146em\u0161anai l\u012bdzi uz darbu, b\u0113rnam uz skolu, ce\u013cojum\u0101 vai kop\u0101 ar savu iecien\u012bt\u0101ko seri\u0101lu! Uzglab\u0101t v\u0113s\u0101 un saus\u0101 viet\u0101, sarg\u0101jot no tie\u0161iem saules stariem.\" \/>\n<meta property=\"og:url\" content=\"https:\/\/naturka.ee\/lv\/product\/zaveti-banani\/\" \/>\n<meta property=\"og:site_name\" content=\"Naturka\" \/>\n<meta property=\"article:modified_time\" content=\"2024-12-07T22:00:33+00:00\" \/>\n<meta property=\"og:image\" content=\"https:\/\/naturka.ee\/wp-content\/uploads\/2024\/04\/72-1.jpg\" \/>\n\t<meta property=\"og:image:width\" content=\"1800\" \/>\n\t<meta property=\"og:image:height\" content=\"1373\" \/>\n\t<meta property=\"og:image:type\" content=\"image\/jpeg\" \/>\n<meta name=\"twitter:card\" content=\"summary_large_image\" \/>\n<script type=\"application\/ld+json\" class=\"yoast-schema-graph\">{\"@context\":\"https:\/\/schema.org\",\"@graph\":[{\"@type\":\"WebPage\",\"@id\":\"https:\/\/naturka.ee\/lv\/product\/zaveti-banani\/\",\"url\":\"https:\/\/naturka.ee\/lv\/product\/zaveti-banani\/\",\"name\":\"\u017d\u0101v\u0113ti ban\u0101ni - Naturka\",\"isPartOf\":{\"@id\":\"https:\/\/naturka.ee\/lv\/#website\"},\"primaryImageOfPage\":{\"@id\":\"https:\/\/naturka.ee\/lv\/product\/zaveti-banani\/#primaryimage\"},\"image\":{\"@id\":\"https:\/\/naturka.ee\/lv\/product\/zaveti-banani\/#primaryimage\"},\"thumbnailUrl\":\"https:\/\/naturka.ee\/wp-content\/uploads\/2024\/04\/72-1.jpg\",\"datePublished\":\"2024-05-14T15:53:56+00:00\",\"dateModified\":\"2024-12-07T22:00:33+00:00\",\"breadcrumb\":{\"@id\":\"https:\/\/naturka.ee\/lv\/product\/zaveti-banani\/#breadcrumb\"},\"inLanguage\":\"lv-LV\",\"potentialAction\":[{\"@type\":\"ReadAction\",\"target\":[\"https:\/\/naturka.ee\/lv\/product\/zaveti-banani\/\"]}]},{\"@type\":\"ImageObject\",\"inLanguage\":\"lv-LV\",\"@id\":\"https:\/\/naturka.ee\/lv\/product\/zaveti-banani\/#primaryimage\",\"url\":\"https:\/\/naturka.ee\/wp-content\/uploads\/2024\/04\/72-1.jpg\",\"contentUrl\":\"https:\/\/naturka.ee\/wp-content\/uploads\/2024\/04\/72-1.jpg\",\"width\":1800,\"height\":1373},{\"@type\":\"BreadcrumbList\",\"@id\":\"https:\/\/naturka.ee\/lv\/product\/zaveti-banani\/#breadcrumb\",\"itemListElement\":[{\"@type\":\"ListItem\",\"position\":1,\"name\":\"Home\",\"item\":\"https:\/\/naturka.ee\/lv\/home\/\"},{\"@type\":\"ListItem\",\"position\":2,\"name\":\"Pood\",\"item\":\"https:\/\/naturka.ee\/shop\/\"},{\"@type\":\"ListItem\",\"position\":3,\"name\":\"\u017d\u0101v\u0113ti ban\u0101ni\"}]},{\"@type\":\"WebSite\",\"@id\":\"https:\/\/naturka.ee\/lv\/#website\",\"url\":\"https:\/\/naturka.ee\/lv\/\",\"name\":\"Naturka\",\"description\":\"\",\"potentialAction\":[{\"@type\":\"SearchAction\",\"target\":{\"@type\":\"EntryPoint\",\"urlTemplate\":\"https:\/\/naturka.ee\/lv\/?s={search_term_string}\"},\"query-input\":\"required name=search_term_string\"}],\"inLanguage\":\"lv-LV\"}]}<\/script>\n<!-- \/ Yoast SEO plugin. -->","yoast_head_json":{"title":"\u017d\u0101v\u0113ti ban\u0101ni - Naturka","robots":{"index":"index","follow":"follow","max-snippet":"max-snippet:-1","max-image-preview":"max-image-preview:large","max-video-preview":"max-video-preview:-1"},"canonical":"https:\/\/naturka.ee\/lv\/product\/zaveti-banani\/","og_locale":"lv_LV","og_type":"article","og_title":"\u017d\u0101v\u0113ti ban\u0101ni - Naturka","og_description":"Dab\u012bgi saul\u0113 kalt\u0113ti ban\u0101ni no pusj\u0113liem ban\u0101niem.  Ban\u0101nos ar nedaudz gumijas tekst\u016bru ir maz kaloriju un cukura, bet tajos ir daudz C vitam\u012bna. Ban\u0101ni, kas satur daudz k\u0101lija, dabiski satur ar\u012b probiotikas un \u0161\u0137iedrvielas.  Lieliska uzkoda pa\u0146em\u0161anai l\u012bdzi uz darbu, b\u0113rnam uz skolu, ce\u013cojum\u0101 vai kop\u0101 ar savu iecien\u012bt\u0101ko seri\u0101lu! Uzglab\u0101t v\u0113s\u0101 un saus\u0101 viet\u0101, sarg\u0101jot no tie\u0161iem saules stariem.","og_url":"https:\/\/naturka.ee\/lv\/product\/zaveti-banani\/","og_site_name":"Naturka","article_modified_time":"2024-12-07T22:00:33+00:00","og_image":[{"width":1800,"height":1373,"url":"https:\/\/naturka.ee\/wp-content\/uploads\/2024\/04\/72-1.jpg","type":"image\/jpeg"}],"twitter_card":"summary_large_image","schema":{"@context":"https:\/\/schema.org","@graph":[{"@type":"WebPage","@id":"https:\/\/naturka.ee\/lv\/product\/zaveti-banani\/","url":"https:\/\/naturka.ee\/lv\/product\/zaveti-banani\/","name":"\u017d\u0101v\u0113ti ban\u0101ni - Naturka","isPartOf":{"@id":"https:\/\/naturka.ee\/lv\/#website"},"primaryImageOfPage":{"@id":"https:\/\/naturka.ee\/lv\/product\/zaveti-banani\/#primaryimage"},"image":{"@id":"https:\/\/naturka.ee\/lv\/product\/zaveti-banani\/#primaryimage"},"thumbnailUrl":"https:\/\/naturka.ee\/wp-content\/uploads\/2024\/04\/72-1.jpg","datePublished":"2024-05-14T15:53:56+00:00","dateModified":"2024-12-07T22:00:33+00:00","breadcrumb":{"@id":"https:\/\/naturka.ee\/lv\/product\/zaveti-banani\/#breadcrumb"},"inLanguage":"lv-LV","potentialAction":[{"@type":"ReadAction","target":["https:\/\/naturka.ee\/lv\/product\/zaveti-banani\/"]}]},{"@type":"ImageObject","inLanguage":"lv-LV","@id":"https:\/\/naturka.ee\/lv\/product\/zaveti-banani\/#primaryimage","url":"https:\/\/naturka.ee\/wp-content\/uploads\/2024\/04\/72-1.jpg","contentUrl":"https:\/\/naturka.ee\/wp-content\/uploads\/2024\/04\/72-1.jpg","width":1800,"height":1373},{"@type":"BreadcrumbList","@id":"https:\/\/naturka.ee\/lv\/product\/zaveti-banani\/#breadcrumb","itemListElement":[{"@type":"ListItem","position":1,"name":"Home","item":"https:\/\/naturka.ee\/lv\/home\/"},{"@type":"ListItem","position":2,"name":"Pood","item":"https:\/\/naturka.ee\/shop\/"},{"@type":"ListItem","position":3,"name":"\u017d\u0101v\u0113ti ban\u0101ni"}]},{"@type":"WebSite","@id":"https:\/\/naturka.ee\/lv\/#website","url":"https:\/\/naturka.ee\/lv\/","name":"Naturka","description":"","potentialAction":[{"@type":"SearchAction","target":{"@type":"EntryPoint","urlTemplate":"https:\/\/naturka.ee\/lv\/?s={search_term_string}"},"query-input":"required name=search_term_string"}],"inLanguage":"lv-LV"}]}},"_links":{"self":[{"href":"https:\/\/naturka.ee\/lv\/wp-json\/wp\/v2\/product\/26765","targetHints":{"allow":["GET"]}}],"collection":[{"href":"https:\/\/naturka.ee\/lv\/wp-json\/wp\/v2\/product"}],"about":[{"href":"https:\/\/naturka.ee\/lv\/wp-json\/wp\/v2\/types\/product"}],"wp:featuredmedia":[{"embeddable":true,"href":"https:\/\/naturka.ee\/lv\/wp-json\/wp\/v2\/media\/26311"}],"wp:attachment":[{"href":"https:\/\/naturka.ee\/lv\/wp-json\/wp\/v2\/media?parent=26765"}],"wp:term":[{"taxonomy":"product_cat","embeddable":true,"href":"https:\/\/naturka.ee\/lv\/wp-json\/wp\/v2\/product_cat?post=26765"},{"taxonomy":"product_tag","embeddable":true,"href":"https:\/\/naturka.ee\/lv\/wp-json\/wp\/v2\/product_tag?post=26765"}],"curies":[{"name":"wp","href":"https:\/\/api.w.org\/{rel}","templated":true}]}}