{"id":26736,"date":"2022-02-10T02:22:45","date_gmt":"2024-05-14T13:24:02","guid":{"rendered":"https:\/\/naturka.ee\/?post_type=product&#038;p=26736"},"modified":"2025-10-21T20:39:10","modified_gmt":"2025-10-21T17:39:10","slug":"davanu-iepakojums-naturka","status":"publish","type":"product","link":"https:\/\/naturka.ee\/lv\/product\/davanu-iepakojums-naturka\/","title":{"rendered":"D\u0101vanu iepakojums Naturka"},"content":{"rendered":"","protected":false},"excerpt":{"rendered":"<p id=\"tw-target-text\" class=\"tw-data-text tw-text-large tw-ta\" dir=\"ltr\" data-placeholder=\"Translation\" aria-label=\"Translated text\" data-ved=\"2ahUKEwj7tffU0IyGAxVHGxAIHRuAAWEQ3ewLegQICBAU\"><span class=\"Y2IQFc\" lang=\"lv\">D\u0101vanu komplekts Naturka!<\/span><\/p>\n<p class=\"tw-data-text tw-text-large tw-ta\" dir=\"ltr\" data-placeholder=\"Translation\" aria-label=\"Translated text\" data-ved=\"2ahUKEwj7tffU0IyGAxVHGxAIHRuAAWEQ3ewLegQICBAU\"><span class=\"Y2IQFc\" lang=\"lv\">Visiem saviem m\u012b\u013cajiem &#8211; lab\u0101kie Naturka saldumi un pudele fran\u010du v\u012bna, kas katru vakaru padara romantisku! \u0160aj\u0101 komplekt\u0101 j\u016bs atrad\u012bsiet vair\u0101k nek\u0101 2 kg produktu: <\/span><\/p>\n<p class=\"tw-data-text tw-text-large tw-ta\" dir=\"ltr\" data-placeholder=\"Translation\" aria-label=\"Translated text\" data-ved=\"2ahUKEwj7tffU0IyGAxVHGxAIHRuAAWEQ3ewLegQICBAU\"><span class=\"Y2IQFc\" lang=\"lv\">5 x Mango 100g (\u012apa\u0161s iepakojums) <\/span><\/p>\n<p class=\"tw-data-text tw-text-large tw-ta\" dir=\"ltr\" data-placeholder=\"Translation\" aria-label=\"Translated text\" data-ved=\"2ahUKEwj7tffU0IyGAxVHGxAIHRuAAWEQ3ewLegQICBAU\"><span class=\"Y2IQFc\" lang=\"lv\">2\u00a0mango 250\u00a0g 0,5\u00a0kg augst\u0101k\u0101s kvalit\u0101tes pist\u0101cijas (s\u0101l\u012btas)<\/span><\/p>\n<p class=\"tw-data-text tw-text-large tw-ta\" dir=\"ltr\" data-placeholder=\"Translation\" aria-label=\"Translated text\" data-ved=\"2ahUKEwj7tffU0IyGAxVHGxAIHRuAAWEQ3ewLegQICBAU\"><span class=\"Y2IQFc\" lang=\"lv\">0,75l Augstas kvalit\u0101tes sarkanv\u012bna pudele &#8211; \u013boti viegls un bag\u0101t\u012bgs jaunv\u012bns ar ide\u0101lu tan\u012bnu l\u012bdzsvaru. Izsmalcin\u0101ts dz\u0113riens ar upe\u0146u piegar\u0161u, kura gar\u0161a nav r\u016bgta, d\u0101v\u0101s neaizmirstamus mirk\u013cus.<\/span><\/p>\n","protected":false},"featured_media":18544,"template":"","meta":{"inline_featured_image":false},"product_cat":[185],"product_tag":[],"class_list":["post-26736","product","type-product","status-publish","has-post-thumbnail","hentry","product_cat-special-offer-lv"],"supplier_id":null,"supplier_sku":"","barcode":null,"atum_controlled":true,"out_stock_date":null,"out_stock_threshold":null,"inheritable":false,"inbound_stock":0,"stock_on_hold":0,"sold_today":0,"sales_last_days":1,"reserved_stock":0,"customer_returns":0,"warehouse_damage":0,"lost_in_post":0,"other_logs":0,"out_stock_days":0,"lost_sales":0,"has_location":false,"update_date":"2026-05-04T05:52:19","atum_locations":[],"atum_stock_status":"instock","restock_status":false,"low_stock_amount":"","sales_update_date":"2026-05-04T05:52:18","calc_backorders":null,"yoast_head":"<!-- This site is optimized with the Yoast SEO plugin v22.6 - https:\/\/yoast.com\/wordpress\/plugins\/seo\/ -->\n<title>D\u0101vanu iepakojums Naturka - Naturka<\/title>\n<meta name=\"robots\" content=\"index, follow, max-snippet:-1, max-image-preview:large, max-video-preview:-1\" \/>\n<link rel=\"canonical\" href=\"https:\/\/naturka.ee\/lv\/product\/davanu-iepakojums-naturka\/\" \/>\n<meta property=\"og:locale\" content=\"lv_LV\" \/>\n<meta property=\"og:type\" content=\"article\" \/>\n<meta property=\"og:title\" content=\"D\u0101vanu iepakojums Naturka - Naturka\" \/>\n<meta property=\"og:description\" content=\"D\u0101vanu komplekts Naturka! Visiem saviem m\u012b\u013cajiem - lab\u0101kie Naturka saldumi un pudele fran\u010du v\u012bna, kas katru vakaru padara romantisku! \u0160aj\u0101 komplekt\u0101 j\u016bs atrad\u012bsiet vair\u0101k nek\u0101 2 kg produktu:  5 x Mango 100g (\u012apa\u0161s iepakojums)  2\u00a0mango 250\u00a0g 0,5\u00a0kg augst\u0101k\u0101s kvalit\u0101tes pist\u0101cijas (s\u0101l\u012btas) 0,75l Augstas kvalit\u0101tes sarkanv\u012bna pudele - \u013boti viegls un bag\u0101t\u012bgs jaunv\u012bns ar ide\u0101lu tan\u012bnu l\u012bdzsvaru. Izsmalcin\u0101ts dz\u0113riens ar upe\u0146u piegar\u0161u, kura gar\u0161a nav r\u016bgta, d\u0101v\u0101s neaizmirstamus mirk\u013cus.\" \/>\n<meta property=\"og:url\" content=\"https:\/\/naturka.ee\/lv\/product\/davanu-iepakojums-naturka\/\" \/>\n<meta property=\"og:site_name\" content=\"Naturka\" \/>\n<meta property=\"article:modified_time\" content=\"2025-10-21T17:39:10+00:00\" \/>\n<meta property=\"og:image\" content=\"https:\/\/naturka.ee\/wp-content\/uploads\/2022\/02\/NTS08177-1-copy-scaled.jpg\" \/>\n\t<meta property=\"og:image:width\" content=\"2560\" \/>\n\t<meta property=\"og:image:height\" content=\"1708\" \/>\n\t<meta property=\"og:image:type\" content=\"image\/jpeg\" \/>\n<meta name=\"twitter:card\" content=\"summary_large_image\" \/>\n<script type=\"application\/ld+json\" class=\"yoast-schema-graph\">{\"@context\":\"https:\/\/schema.org\",\"@graph\":[{\"@type\":\"WebPage\",\"@id\":\"https:\/\/naturka.ee\/lv\/product\/davanu-iepakojums-naturka\/\",\"url\":\"https:\/\/naturka.ee\/lv\/product\/davanu-iepakojums-naturka\/\",\"name\":\"D\u0101vanu iepakojums Naturka - Naturka\",\"isPartOf\":{\"@id\":\"https:\/\/naturka.ee\/lv\/#website\"},\"primaryImageOfPage\":{\"@id\":\"https:\/\/naturka.ee\/lv\/product\/davanu-iepakojums-naturka\/#primaryimage\"},\"image\":{\"@id\":\"https:\/\/naturka.ee\/lv\/product\/davanu-iepakojums-naturka\/#primaryimage\"},\"thumbnailUrl\":\"https:\/\/naturka.ee\/wp-content\/uploads\/2022\/02\/NTS08177-1-copy-scaled.jpg\",\"datePublished\":\"2024-05-14T13:24:02+00:00\",\"dateModified\":\"2025-10-21T17:39:10+00:00\",\"breadcrumb\":{\"@id\":\"https:\/\/naturka.ee\/lv\/product\/davanu-iepakojums-naturka\/#breadcrumb\"},\"inLanguage\":\"lv-LV\",\"potentialAction\":[{\"@type\":\"ReadAction\",\"target\":[\"https:\/\/naturka.ee\/lv\/product\/davanu-iepakojums-naturka\/\"]}]},{\"@type\":\"ImageObject\",\"inLanguage\":\"lv-LV\",\"@id\":\"https:\/\/naturka.ee\/lv\/product\/davanu-iepakojums-naturka\/#primaryimage\",\"url\":\"https:\/\/naturka.ee\/wp-content\/uploads\/2022\/02\/NTS08177-1-copy-scaled.jpg\",\"contentUrl\":\"https:\/\/naturka.ee\/wp-content\/uploads\/2022\/02\/NTS08177-1-copy-scaled.jpg\",\"width\":2560,\"height\":1708},{\"@type\":\"BreadcrumbList\",\"@id\":\"https:\/\/naturka.ee\/lv\/product\/davanu-iepakojums-naturka\/#breadcrumb\",\"itemListElement\":[{\"@type\":\"ListItem\",\"position\":1,\"name\":\"Home\",\"item\":\"https:\/\/naturka.ee\/lv\/home\/\"},{\"@type\":\"ListItem\",\"position\":2,\"name\":\"Pood\",\"item\":\"https:\/\/naturka.ee\/shop\/\"},{\"@type\":\"ListItem\",\"position\":3,\"name\":\"D\u0101vanu iepakojums Naturka\"}]},{\"@type\":\"WebSite\",\"@id\":\"https:\/\/naturka.ee\/lv\/#website\",\"url\":\"https:\/\/naturka.ee\/lv\/\",\"name\":\"Naturka\",\"description\":\"\",\"potentialAction\":[{\"@type\":\"SearchAction\",\"target\":{\"@type\":\"EntryPoint\",\"urlTemplate\":\"https:\/\/naturka.ee\/lv\/?s={search_term_string}\"},\"query-input\":\"required name=search_term_string\"}],\"inLanguage\":\"lv-LV\"}]}<\/script>\n<!-- \/ Yoast SEO plugin. -->","yoast_head_json":{"title":"D\u0101vanu iepakojums Naturka - Naturka","robots":{"index":"index","follow":"follow","max-snippet":"max-snippet:-1","max-image-preview":"max-image-preview:large","max-video-preview":"max-video-preview:-1"},"canonical":"https:\/\/naturka.ee\/lv\/product\/davanu-iepakojums-naturka\/","og_locale":"lv_LV","og_type":"article","og_title":"D\u0101vanu iepakojums Naturka - Naturka","og_description":"D\u0101vanu komplekts Naturka! Visiem saviem m\u012b\u013cajiem - lab\u0101kie Naturka saldumi un pudele fran\u010du v\u012bna, kas katru vakaru padara romantisku! \u0160aj\u0101 komplekt\u0101 j\u016bs atrad\u012bsiet vair\u0101k nek\u0101 2 kg produktu:  5 x Mango 100g (\u012apa\u0161s iepakojums)  2\u00a0mango 250\u00a0g 0,5\u00a0kg augst\u0101k\u0101s kvalit\u0101tes pist\u0101cijas (s\u0101l\u012btas) 0,75l Augstas kvalit\u0101tes sarkanv\u012bna pudele - \u013boti viegls un bag\u0101t\u012bgs jaunv\u012bns ar ide\u0101lu tan\u012bnu l\u012bdzsvaru. Izsmalcin\u0101ts dz\u0113riens ar upe\u0146u piegar\u0161u, kura gar\u0161a nav r\u016bgta, d\u0101v\u0101s neaizmirstamus mirk\u013cus.","og_url":"https:\/\/naturka.ee\/lv\/product\/davanu-iepakojums-naturka\/","og_site_name":"Naturka","article_modified_time":"2025-10-21T17:39:10+00:00","og_image":[{"width":2560,"height":1708,"url":"https:\/\/naturka.ee\/wp-content\/uploads\/2022\/02\/NTS08177-1-copy-scaled.jpg","type":"image\/jpeg"}],"twitter_card":"summary_large_image","schema":{"@context":"https:\/\/schema.org","@graph":[{"@type":"WebPage","@id":"https:\/\/naturka.ee\/lv\/product\/davanu-iepakojums-naturka\/","url":"https:\/\/naturka.ee\/lv\/product\/davanu-iepakojums-naturka\/","name":"D\u0101vanu iepakojums Naturka - Naturka","isPartOf":{"@id":"https:\/\/naturka.ee\/lv\/#website"},"primaryImageOfPage":{"@id":"https:\/\/naturka.ee\/lv\/product\/davanu-iepakojums-naturka\/#primaryimage"},"image":{"@id":"https:\/\/naturka.ee\/lv\/product\/davanu-iepakojums-naturka\/#primaryimage"},"thumbnailUrl":"https:\/\/naturka.ee\/wp-content\/uploads\/2022\/02\/NTS08177-1-copy-scaled.jpg","datePublished":"2024-05-14T13:24:02+00:00","dateModified":"2025-10-21T17:39:10+00:00","breadcrumb":{"@id":"https:\/\/naturka.ee\/lv\/product\/davanu-iepakojums-naturka\/#breadcrumb"},"inLanguage":"lv-LV","potentialAction":[{"@type":"ReadAction","target":["https:\/\/naturka.ee\/lv\/product\/davanu-iepakojums-naturka\/"]}]},{"@type":"ImageObject","inLanguage":"lv-LV","@id":"https:\/\/naturka.ee\/lv\/product\/davanu-iepakojums-naturka\/#primaryimage","url":"https:\/\/naturka.ee\/wp-content\/uploads\/2022\/02\/NTS08177-1-copy-scaled.jpg","contentUrl":"https:\/\/naturka.ee\/wp-content\/uploads\/2022\/02\/NTS08177-1-copy-scaled.jpg","width":2560,"height":1708},{"@type":"BreadcrumbList","@id":"https:\/\/naturka.ee\/lv\/product\/davanu-iepakojums-naturka\/#breadcrumb","itemListElement":[{"@type":"ListItem","position":1,"name":"Home","item":"https:\/\/naturka.ee\/lv\/home\/"},{"@type":"ListItem","position":2,"name":"Pood","item":"https:\/\/naturka.ee\/shop\/"},{"@type":"ListItem","position":3,"name":"D\u0101vanu iepakojums Naturka"}]},{"@type":"WebSite","@id":"https:\/\/naturka.ee\/lv\/#website","url":"https:\/\/naturka.ee\/lv\/","name":"Naturka","description":"","potentialAction":[{"@type":"SearchAction","target":{"@type":"EntryPoint","urlTemplate":"https:\/\/naturka.ee\/lv\/?s={search_term_string}"},"query-input":"required name=search_term_string"}],"inLanguage":"lv-LV"}]}},"_links":{"self":[{"href":"https:\/\/naturka.ee\/lv\/wp-json\/wp\/v2\/product\/26736","targetHints":{"allow":["GET"]}}],"collection":[{"href":"https:\/\/naturka.ee\/lv\/wp-json\/wp\/v2\/product"}],"about":[{"href":"https:\/\/naturka.ee\/lv\/wp-json\/wp\/v2\/types\/product"}],"wp:featuredmedia":[{"embeddable":true,"href":"https:\/\/naturka.ee\/lv\/wp-json\/wp\/v2\/media\/18544"}],"wp:attachment":[{"href":"https:\/\/naturka.ee\/lv\/wp-json\/wp\/v2\/media?parent=26736"}],"wp:term":[{"taxonomy":"product_cat","embeddable":true,"href":"https:\/\/naturka.ee\/lv\/wp-json\/wp\/v2\/product_cat?post=26736"},{"taxonomy":"product_tag","embeddable":true,"href":"https:\/\/naturka.ee\/lv\/wp-json\/wp\/v2\/product_tag?post=26736"}],"curies":[{"name":"wp","href":"https:\/\/api.w.org\/{rel}","templated":true}]}}