{"id":26729,"date":"2022-10-25T10:58:10","date_gmt":"2024-05-14T11:23:32","guid":{"rendered":"https:\/\/naturka.ee\/?post_type=product&#038;p=26729"},"modified":"2024-11-27T00:00:16","modified_gmt":"2024-11-26T22:00:16","slug":"ounad","status":"publish","type":"product","link":"https:\/\/naturka.ee\/lv\/product\/ounad\/","title":{"rendered":"1KG \u0101bolu +0.5KG aug\u013cu lava\u0161a D\u0100VAN\u0100"},"content":{"rendered":"","protected":false},"excerpt":{"rendered":"<p id=\"tw-target-text\" class=\"tw-data-text tw-text-large tw-ta\" dir=\"ltr\" data-placeholder=\"Translation\" aria-label=\"Translated text\" data-ved=\"2ahUKEwj7tffU0IyGAxVHGxAIHRuAAWEQ3ewLegQICBAU\"><span class=\"Y2IQFc\" lang=\"lv\">Lielisks pied\u0101v\u0101jums vesel\u012bgu saldumu cien\u012bt\u0101jiem! <\/span><\/p>\n<p class=\"tw-data-text tw-text-large tw-ta\" dir=\"ltr\" data-placeholder=\"Translation\" aria-label=\"Translated text\" data-ved=\"2ahUKEwj7tffU0IyGAxVHGxAIHRuAAWEQ3ewLegQICBAU\"><span class=\"Y2IQFc\" lang=\"lv\">P\u0113rc 1 kg \u0101bolu un sa\u0146em d\u0101van\u0101 500g aug\u013cu lava\u0161a. Par katru ieg\u0101d\u0101to 1 kg \u0101bolu m\u0113s jums iedosim 0,5 kg aug\u013cu lava\u0161a. 2 kg \u0101bolu = 1 kg aug\u013cu lava\u0161a d\u0101van\u0101 utt.<\/span><\/p>\n<p class=\"tw-data-text tw-text-large tw-ta\" dir=\"ltr\" data-placeholder=\"Translation\" aria-label=\"Translated text\" data-ved=\"2ahUKEwj7tffU0IyGAxVHGxAIHRuAAWEQ3ewLegQICBAU\"><span class=\"Y2IQFc\" lang=\"lv\">Dabisk\u0101kie un m\u012bkst\u0101kie \u0101boli tie\u0161i no Arm\u0113nijas! Apet\u012bti rosino\u0161a un maiga gar\u0161a, kur\u0101 iem\u012bl\u0113sies ikviens! Saul\u0113 kalt\u0113ti \u0101boli un aug\u013cu lava\u0161s ir bez cukura un satur daudz vitam\u012bnu. <\/span><\/p>\n<p class=\"tw-data-text tw-text-large tw-ta\" dir=\"ltr\" data-placeholder=\"Translation\" aria-label=\"Translated text\" data-ved=\"2ahUKEwj7tffU0IyGAxVHGxAIHRuAAWEQ3ewLegQICBAU\"><span class=\"Y2IQFc\" lang=\"lv\">Tie ir \u013coti piem\u0113roti di\u0113tai vai vesel\u012bgam uzturam! <\/span><\/p>\n<p class=\"tw-data-text tw-text-large tw-ta\" dir=\"ltr\" data-placeholder=\"Translation\" aria-label=\"Translated text\" data-ved=\"2ahUKEwj7tffU0IyGAxVHGxAIHRuAAWEQ3ewLegQICBAU\"><span class=\"Y2IQFc\" lang=\"lv\">Uzglab\u0101t saus\u0101, t\u012br\u0101 un v\u0113s\u0101 viet\u0101.<\/span><\/p>\n","protected":false},"featured_media":28768,"template":"","meta":{"inline_featured_image":false},"product_cat":[185],"product_tag":[],"class_list":["post-26729","product","type-product","status-publish","has-post-thumbnail","hentry","product_cat-special-offer-lv"],"supplier_id":null,"supplier_sku":"","barcode":null,"atum_controlled":true,"out_stock_date":"2024-11-26 17:56:57","out_stock_threshold":null,"inheritable":false,"inbound_stock":0,"stock_on_hold":2,"sold_today":1,"sales_last_days":1,"reserved_stock":0,"customer_returns":0,"warehouse_damage":0,"lost_in_post":0,"other_logs":0,"out_stock_days":508,"lost_sales":0,"has_location":false,"update_date":"2026-04-19T03:24:05","atum_locations":[],"atum_stock_status":"instock","restock_status":false,"low_stock_amount":"","sales_update_date":"2026-04-19T03:24:04","calc_backorders":null,"yoast_head":"<!-- This site is optimized with the Yoast SEO plugin v22.6 - https:\/\/yoast.com\/wordpress\/plugins\/seo\/ -->\n<title>1KG \u0101bolu +0.5KG aug\u013cu lava\u0161a D\u0100VAN\u0100 - Naturka<\/title>\n<meta name=\"robots\" content=\"index, follow, max-snippet:-1, max-image-preview:large, max-video-preview:-1\" \/>\n<link rel=\"canonical\" href=\"https:\/\/naturka.ee\/lv\/product\/ounad\/\" \/>\n<meta property=\"og:locale\" content=\"lv_LV\" \/>\n<meta property=\"og:type\" content=\"article\" \/>\n<meta property=\"og:title\" content=\"1KG \u0101bolu +0.5KG aug\u013cu lava\u0161a D\u0100VAN\u0100 - Naturka\" \/>\n<meta property=\"og:description\" content=\"Lielisks pied\u0101v\u0101jums vesel\u012bgu saldumu cien\u012bt\u0101jiem!  P\u0113rc 1 kg \u0101bolu un sa\u0146em d\u0101van\u0101 500g aug\u013cu lava\u0161a. Par katru ieg\u0101d\u0101to 1 kg \u0101bolu m\u0113s jums iedosim 0,5 kg aug\u013cu lava\u0161a. 2 kg \u0101bolu = 1 kg aug\u013cu lava\u0161a d\u0101van\u0101 utt. Dabisk\u0101kie un m\u012bkst\u0101kie \u0101boli tie\u0161i no Arm\u0113nijas! Apet\u012bti rosino\u0161a un maiga gar\u0161a, kur\u0101 iem\u012bl\u0113sies ikviens! Saul\u0113 kalt\u0113ti \u0101boli un aug\u013cu lava\u0161s ir bez cukura un satur daudz vitam\u012bnu.  Tie ir \u013coti piem\u0113roti di\u0113tai vai vesel\u012bgam uzturam!  Uzglab\u0101t saus\u0101, t\u012br\u0101 un v\u0113s\u0101 viet\u0101.\" \/>\n<meta property=\"og:url\" content=\"https:\/\/naturka.ee\/lv\/product\/ounad\/\" \/>\n<meta property=\"og:site_name\" content=\"Naturka\" \/>\n<meta property=\"article:modified_time\" content=\"2024-11-26T22:00:16+00:00\" \/>\n<meta property=\"og:image\" content=\"https:\/\/naturka.ee\/wp-content\/uploads\/2022\/10\/oun_lavass.jpg\" \/>\n\t<meta property=\"og:image:width\" content=\"1536\" \/>\n\t<meta property=\"og:image:height\" content=\"1172\" \/>\n\t<meta property=\"og:image:type\" content=\"image\/jpeg\" \/>\n<meta name=\"twitter:card\" content=\"summary_large_image\" \/>\n<script type=\"application\/ld+json\" class=\"yoast-schema-graph\">{\"@context\":\"https:\/\/schema.org\",\"@graph\":[{\"@type\":\"WebPage\",\"@id\":\"https:\/\/naturka.ee\/lv\/product\/ounad\/\",\"url\":\"https:\/\/naturka.ee\/lv\/product\/ounad\/\",\"name\":\"1KG \u0101bolu +0.5KG aug\u013cu lava\u0161a D\u0100VAN\u0100 - Naturka\",\"isPartOf\":{\"@id\":\"https:\/\/naturka.ee\/lv\/#website\"},\"primaryImageOfPage\":{\"@id\":\"https:\/\/naturka.ee\/lv\/product\/ounad\/#primaryimage\"},\"image\":{\"@id\":\"https:\/\/naturka.ee\/lv\/product\/ounad\/#primaryimage\"},\"thumbnailUrl\":\"https:\/\/naturka.ee\/wp-content\/uploads\/2022\/10\/oun_lavass.jpg\",\"datePublished\":\"2024-05-14T11:23:32+00:00\",\"dateModified\":\"2024-11-26T22:00:16+00:00\",\"breadcrumb\":{\"@id\":\"https:\/\/naturka.ee\/lv\/product\/ounad\/#breadcrumb\"},\"inLanguage\":\"lv-LV\",\"potentialAction\":[{\"@type\":\"ReadAction\",\"target\":[\"https:\/\/naturka.ee\/lv\/product\/ounad\/\"]}]},{\"@type\":\"ImageObject\",\"inLanguage\":\"lv-LV\",\"@id\":\"https:\/\/naturka.ee\/lv\/product\/ounad\/#primaryimage\",\"url\":\"https:\/\/naturka.ee\/wp-content\/uploads\/2022\/10\/oun_lavass.jpg\",\"contentUrl\":\"https:\/\/naturka.ee\/wp-content\/uploads\/2022\/10\/oun_lavass.jpg\",\"width\":1536,\"height\":1172},{\"@type\":\"BreadcrumbList\",\"@id\":\"https:\/\/naturka.ee\/lv\/product\/ounad\/#breadcrumb\",\"itemListElement\":[{\"@type\":\"ListItem\",\"position\":1,\"name\":\"Home\",\"item\":\"https:\/\/naturka.ee\/lv\/home\/\"},{\"@type\":\"ListItem\",\"position\":2,\"name\":\"Pood\",\"item\":\"https:\/\/naturka.ee\/shop\/\"},{\"@type\":\"ListItem\",\"position\":3,\"name\":\"1KG \u0101bolu +0.5KG aug\u013cu lava\u0161a D\u0100VAN\u0100\"}]},{\"@type\":\"WebSite\",\"@id\":\"https:\/\/naturka.ee\/lv\/#website\",\"url\":\"https:\/\/naturka.ee\/lv\/\",\"name\":\"Naturka\",\"description\":\"\",\"potentialAction\":[{\"@type\":\"SearchAction\",\"target\":{\"@type\":\"EntryPoint\",\"urlTemplate\":\"https:\/\/naturka.ee\/lv\/?s={search_term_string}\"},\"query-input\":\"required name=search_term_string\"}],\"inLanguage\":\"lv-LV\"}]}<\/script>\n<!-- \/ Yoast SEO plugin. -->","yoast_head_json":{"title":"1KG \u0101bolu +0.5KG aug\u013cu lava\u0161a D\u0100VAN\u0100 - Naturka","robots":{"index":"index","follow":"follow","max-snippet":"max-snippet:-1","max-image-preview":"max-image-preview:large","max-video-preview":"max-video-preview:-1"},"canonical":"https:\/\/naturka.ee\/lv\/product\/ounad\/","og_locale":"lv_LV","og_type":"article","og_title":"1KG \u0101bolu +0.5KG aug\u013cu lava\u0161a D\u0100VAN\u0100 - Naturka","og_description":"Lielisks pied\u0101v\u0101jums vesel\u012bgu saldumu cien\u012bt\u0101jiem!  P\u0113rc 1 kg \u0101bolu un sa\u0146em d\u0101van\u0101 500g aug\u013cu lava\u0161a. Par katru ieg\u0101d\u0101to 1 kg \u0101bolu m\u0113s jums iedosim 0,5 kg aug\u013cu lava\u0161a. 2 kg \u0101bolu = 1 kg aug\u013cu lava\u0161a d\u0101van\u0101 utt. Dabisk\u0101kie un m\u012bkst\u0101kie \u0101boli tie\u0161i no Arm\u0113nijas! Apet\u012bti rosino\u0161a un maiga gar\u0161a, kur\u0101 iem\u012bl\u0113sies ikviens! Saul\u0113 kalt\u0113ti \u0101boli un aug\u013cu lava\u0161s ir bez cukura un satur daudz vitam\u012bnu.  Tie ir \u013coti piem\u0113roti di\u0113tai vai vesel\u012bgam uzturam!  Uzglab\u0101t saus\u0101, t\u012br\u0101 un v\u0113s\u0101 viet\u0101.","og_url":"https:\/\/naturka.ee\/lv\/product\/ounad\/","og_site_name":"Naturka","article_modified_time":"2024-11-26T22:00:16+00:00","og_image":[{"width":1536,"height":1172,"url":"https:\/\/naturka.ee\/wp-content\/uploads\/2022\/10\/oun_lavass.jpg","type":"image\/jpeg"}],"twitter_card":"summary_large_image","schema":{"@context":"https:\/\/schema.org","@graph":[{"@type":"WebPage","@id":"https:\/\/naturka.ee\/lv\/product\/ounad\/","url":"https:\/\/naturka.ee\/lv\/product\/ounad\/","name":"1KG \u0101bolu +0.5KG aug\u013cu lava\u0161a D\u0100VAN\u0100 - Naturka","isPartOf":{"@id":"https:\/\/naturka.ee\/lv\/#website"},"primaryImageOfPage":{"@id":"https:\/\/naturka.ee\/lv\/product\/ounad\/#primaryimage"},"image":{"@id":"https:\/\/naturka.ee\/lv\/product\/ounad\/#primaryimage"},"thumbnailUrl":"https:\/\/naturka.ee\/wp-content\/uploads\/2022\/10\/oun_lavass.jpg","datePublished":"2024-05-14T11:23:32+00:00","dateModified":"2024-11-26T22:00:16+00:00","breadcrumb":{"@id":"https:\/\/naturka.ee\/lv\/product\/ounad\/#breadcrumb"},"inLanguage":"lv-LV","potentialAction":[{"@type":"ReadAction","target":["https:\/\/naturka.ee\/lv\/product\/ounad\/"]}]},{"@type":"ImageObject","inLanguage":"lv-LV","@id":"https:\/\/naturka.ee\/lv\/product\/ounad\/#primaryimage","url":"https:\/\/naturka.ee\/wp-content\/uploads\/2022\/10\/oun_lavass.jpg","contentUrl":"https:\/\/naturka.ee\/wp-content\/uploads\/2022\/10\/oun_lavass.jpg","width":1536,"height":1172},{"@type":"BreadcrumbList","@id":"https:\/\/naturka.ee\/lv\/product\/ounad\/#breadcrumb","itemListElement":[{"@type":"ListItem","position":1,"name":"Home","item":"https:\/\/naturka.ee\/lv\/home\/"},{"@type":"ListItem","position":2,"name":"Pood","item":"https:\/\/naturka.ee\/shop\/"},{"@type":"ListItem","position":3,"name":"1KG \u0101bolu +0.5KG aug\u013cu lava\u0161a D\u0100VAN\u0100"}]},{"@type":"WebSite","@id":"https:\/\/naturka.ee\/lv\/#website","url":"https:\/\/naturka.ee\/lv\/","name":"Naturka","description":"","potentialAction":[{"@type":"SearchAction","target":{"@type":"EntryPoint","urlTemplate":"https:\/\/naturka.ee\/lv\/?s={search_term_string}"},"query-input":"required name=search_term_string"}],"inLanguage":"lv-LV"}]}},"_links":{"self":[{"href":"https:\/\/naturka.ee\/lv\/wp-json\/wp\/v2\/product\/26729","targetHints":{"allow":["GET"]}}],"collection":[{"href":"https:\/\/naturka.ee\/lv\/wp-json\/wp\/v2\/product"}],"about":[{"href":"https:\/\/naturka.ee\/lv\/wp-json\/wp\/v2\/types\/product"}],"wp:featuredmedia":[{"embeddable":true,"href":"https:\/\/naturka.ee\/lv\/wp-json\/wp\/v2\/media\/28768"}],"wp:attachment":[{"href":"https:\/\/naturka.ee\/lv\/wp-json\/wp\/v2\/media?parent=26729"}],"wp:term":[{"taxonomy":"product_cat","embeddable":true,"href":"https:\/\/naturka.ee\/lv\/wp-json\/wp\/v2\/product_cat?post=26729"},{"taxonomy":"product_tag","embeddable":true,"href":"https:\/\/naturka.ee\/lv\/wp-json\/wp\/v2\/product_tag?post=26729"}],"curies":[{"name":"wp","href":"https:\/\/api.w.org\/{rel}","templated":true}]}}