{"id":26723,"date":"2019-12-08T18:25:41","date_gmt":"2024-05-14T10:36:38","guid":{"rendered":"https:\/\/naturka.ee\/?post_type=product&#038;p=26723"},"modified":"2026-03-28T09:29:17","modified_gmt":"2026-03-28T07:29:17","slug":"1kg-mango-500g-king-dateles-davana","status":"publish","type":"product","link":"https:\/\/naturka.ee\/lv\/product\/1kg-mango-500g-king-dateles-davana\/","title":{"rendered":"1KG Mango + 500g King dateles D\u0100VAN\u0100!"},"content":{"rendered":"","protected":false},"excerpt":{"rendered":"<p id=\"tw-target-text\" class=\"tw-data-text tw-text-large tw-ta\" dir=\"ltr\" data-placeholder=\"Translation\" aria-label=\"Translated text\" data-ved=\"2ahUKEwj7tffU0IyGAxVHGxAIHRuAAWEQ3ewLegQICBAU\"><span class=\"Y2IQFc\" lang=\"lv\">Super pied\u0101v\u0101jums vesel\u012bgu saldumu cien\u012bt\u0101jiem! <\/span><\/p>\n<p class=\"tw-data-text tw-text-large tw-ta\" dir=\"ltr\" data-placeholder=\"Translation\" aria-label=\"Translated text\" data-ved=\"2ahUKEwj7tffU0IyGAxVHGxAIHRuAAWEQ3ewLegQICBAU\"><span class=\"Y2IQFc\" lang=\"lv\">P\u0113rkot 1 kg, d\u0101van\u0101 sa\u0146emat 500 g kara\u013ca date\u013cu. Par katru ieg\u0101d\u0101to 1 kg mango m\u0113s jums pie\u0161\u0137iram 0,5 kg date\u013cu. 2 kg mango = 1 kg date\u013cu d\u0101van\u0101 utt. \u0160ie zelta gabali sl\u0113pj nere\u0101lu baudu! Apet\u012bti rosino\u0161s un maigs mango, kur\u0101 iem\u012bl\u0113sies ikviens! T\u016bksto\u0161iem veiksmes s\u0113\u0146u jau ir pie\u0137\u0113ru\u0161\u0101s \u0161ai neticami saldajai gar\u0161ai.<\/span><\/p>\n<p class=\"tw-data-text tw-text-large tw-ta\" dir=\"ltr\" data-placeholder=\"Translation\" aria-label=\"Translated text\" data-ved=\"2ahUKEwj7tffU0IyGAxVHGxAIHRuAAWEQ3ewLegQICBAU\"><span class=\"Y2IQFc\" lang=\"lv\"> Naturka kalt\u0113tais mango ar zemu cukura saturu (5%) satur ar\u012b vair\u0101k nek\u0101 20 vitam\u012bnus un miner\u0101lvielas, kas ir piem\u0113roti lieto\u0161anai pat tad, ja iev\u0113ro di\u0113tu vai vesel\u012bgu uzturu! Izm\u0113\u0123iniet m\u016bsu supergar\u0161o mango!\u00a0<\/span><\/p>\n<p id=\"tw-target-text\" class=\"tw-data-text tw-text-large tw-ta\" dir=\"ltr\" data-placeholder=\"Translation\" aria-label=\"Translated text\" data-ved=\"2ahUKEwj7tffU0IyGAxVHGxAIHRuAAWEQ3ewLegQICBAU\"><span class=\"Y2IQFc\" lang=\"lv\">Uzglab\u0101t saus\u0101, t\u012br\u0101 un v\u0113s\u0101 viet\u0101.<\/span><\/p>\n","protected":false},"featured_media":28763,"template":"","meta":{"inline_featured_image":false},"product_cat":[185],"product_tag":[],"class_list":["post-26723","product","type-product","status-publish","has-post-thumbnail","hentry","product_cat-special-offer-lv"],"supplier_id":null,"supplier_sku":"","barcode":null,"atum_controlled":true,"out_stock_date":null,"out_stock_threshold":null,"inheritable":false,"inbound_stock":0,"stock_on_hold":1,"sold_today":0,"sales_last_days":0,"reserved_stock":0,"customer_returns":0,"warehouse_damage":0,"lost_in_post":0,"other_logs":0,"out_stock_days":0,"lost_sales":0,"has_location":false,"update_date":"2026-05-13T05:58:23","atum_locations":[],"atum_stock_status":"instock","restock_status":false,"low_stock_amount":"","sales_update_date":"2026-05-13T05:58:23","calc_backorders":null,"yoast_head":"<!-- This site is optimized with the Yoast SEO plugin v22.6 - https:\/\/yoast.com\/wordpress\/plugins\/seo\/ -->\n<title>1KG Mango + 500g King dateles D\u0100VAN\u0100! - Naturka<\/title>\n<meta name=\"robots\" content=\"index, follow, max-snippet:-1, max-image-preview:large, max-video-preview:-1\" \/>\n<link rel=\"canonical\" href=\"https:\/\/naturka.ee\/lv\/product\/1kg-mango-500g-king-dateles-davana\/\" \/>\n<meta property=\"og:locale\" content=\"lv_LV\" \/>\n<meta property=\"og:type\" content=\"article\" \/>\n<meta property=\"og:title\" content=\"1KG Mango + 500g King dateles D\u0100VAN\u0100! - Naturka\" \/>\n<meta property=\"og:description\" content=\"Super pied\u0101v\u0101jums vesel\u012bgu saldumu cien\u012bt\u0101jiem!  P\u0113rkot 1 kg, d\u0101van\u0101 sa\u0146emat 500 g kara\u013ca date\u013cu. Par katru ieg\u0101d\u0101to 1 kg mango m\u0113s jums pie\u0161\u0137iram 0,5 kg date\u013cu. 2 kg mango = 1 kg date\u013cu d\u0101van\u0101 utt. \u0160ie zelta gabali sl\u0113pj nere\u0101lu baudu! Apet\u012bti rosino\u0161s un maigs mango, kur\u0101 iem\u012bl\u0113sies ikviens! T\u016bksto\u0161iem veiksmes s\u0113\u0146u jau ir pie\u0137\u0113ru\u0161\u0101s \u0161ai neticami saldajai gar\u0161ai.  Naturka kalt\u0113tais mango ar zemu cukura saturu (5%) satur ar\u012b vair\u0101k nek\u0101 20 vitam\u012bnus un miner\u0101lvielas, kas ir piem\u0113roti lieto\u0161anai pat tad, ja iev\u0113ro di\u0113tu vai vesel\u012bgu uzturu! Izm\u0113\u0123iniet m\u016bsu supergar\u0161o mango!\u00a0 Uzglab\u0101t saus\u0101, t\u012br\u0101 un v\u0113s\u0101 viet\u0101.\" \/>\n<meta property=\"og:url\" content=\"https:\/\/naturka.ee\/lv\/product\/1kg-mango-500g-king-dateles-davana\/\" \/>\n<meta property=\"og:site_name\" content=\"Naturka\" \/>\n<meta property=\"article:modified_time\" content=\"2026-03-28T07:29:17+00:00\" \/>\n<meta property=\"og:image\" content=\"https:\/\/naturka.ee\/wp-content\/uploads\/2019\/12\/mango_datlid-2.jpg\" \/>\n\t<meta property=\"og:image:width\" content=\"1536\" \/>\n\t<meta property=\"og:image:height\" content=\"1172\" \/>\n\t<meta property=\"og:image:type\" content=\"image\/jpeg\" \/>\n<meta name=\"twitter:card\" content=\"summary_large_image\" \/>\n<script type=\"application\/ld+json\" class=\"yoast-schema-graph\">{\"@context\":\"https:\/\/schema.org\",\"@graph\":[{\"@type\":\"WebPage\",\"@id\":\"https:\/\/naturka.ee\/lv\/product\/1kg-mango-500g-king-dateles-davana\/\",\"url\":\"https:\/\/naturka.ee\/lv\/product\/1kg-mango-500g-king-dateles-davana\/\",\"name\":\"1KG Mango + 500g King dateles D\u0100VAN\u0100! - Naturka\",\"isPartOf\":{\"@id\":\"https:\/\/naturka.ee\/lv\/#website\"},\"primaryImageOfPage\":{\"@id\":\"https:\/\/naturka.ee\/lv\/product\/1kg-mango-500g-king-dateles-davana\/#primaryimage\"},\"image\":{\"@id\":\"https:\/\/naturka.ee\/lv\/product\/1kg-mango-500g-king-dateles-davana\/#primaryimage\"},\"thumbnailUrl\":\"https:\/\/naturka.ee\/wp-content\/uploads\/2019\/12\/mango_datlid-2.jpg\",\"datePublished\":\"2024-05-14T10:36:38+00:00\",\"dateModified\":\"2026-03-28T07:29:17+00:00\",\"breadcrumb\":{\"@id\":\"https:\/\/naturka.ee\/lv\/product\/1kg-mango-500g-king-dateles-davana\/#breadcrumb\"},\"inLanguage\":\"lv-LV\",\"potentialAction\":[{\"@type\":\"ReadAction\",\"target\":[\"https:\/\/naturka.ee\/lv\/product\/1kg-mango-500g-king-dateles-davana\/\"]}]},{\"@type\":\"ImageObject\",\"inLanguage\":\"lv-LV\",\"@id\":\"https:\/\/naturka.ee\/lv\/product\/1kg-mango-500g-king-dateles-davana\/#primaryimage\",\"url\":\"https:\/\/naturka.ee\/wp-content\/uploads\/2019\/12\/mango_datlid-2.jpg\",\"contentUrl\":\"https:\/\/naturka.ee\/wp-content\/uploads\/2019\/12\/mango_datlid-2.jpg\",\"width\":1536,\"height\":1172},{\"@type\":\"BreadcrumbList\",\"@id\":\"https:\/\/naturka.ee\/lv\/product\/1kg-mango-500g-king-dateles-davana\/#breadcrumb\",\"itemListElement\":[{\"@type\":\"ListItem\",\"position\":1,\"name\":\"Home\",\"item\":\"https:\/\/naturka.ee\/lv\/home\/\"},{\"@type\":\"ListItem\",\"position\":2,\"name\":\"Pood\",\"item\":\"https:\/\/naturka.ee\/shop\/\"},{\"@type\":\"ListItem\",\"position\":3,\"name\":\"1KG Mango + 500g King dateles D\u0100VAN\u0100!\"}]},{\"@type\":\"WebSite\",\"@id\":\"https:\/\/naturka.ee\/lv\/#website\",\"url\":\"https:\/\/naturka.ee\/lv\/\",\"name\":\"Naturka\",\"description\":\"\",\"potentialAction\":[{\"@type\":\"SearchAction\",\"target\":{\"@type\":\"EntryPoint\",\"urlTemplate\":\"https:\/\/naturka.ee\/lv\/?s={search_term_string}\"},\"query-input\":\"required name=search_term_string\"}],\"inLanguage\":\"lv-LV\"}]}<\/script>\n<!-- \/ Yoast SEO plugin. -->","yoast_head_json":{"title":"1KG Mango + 500g King dateles D\u0100VAN\u0100! - Naturka","robots":{"index":"index","follow":"follow","max-snippet":"max-snippet:-1","max-image-preview":"max-image-preview:large","max-video-preview":"max-video-preview:-1"},"canonical":"https:\/\/naturka.ee\/lv\/product\/1kg-mango-500g-king-dateles-davana\/","og_locale":"lv_LV","og_type":"article","og_title":"1KG Mango + 500g King dateles D\u0100VAN\u0100! - Naturka","og_description":"Super pied\u0101v\u0101jums vesel\u012bgu saldumu cien\u012bt\u0101jiem!  P\u0113rkot 1 kg, d\u0101van\u0101 sa\u0146emat 500 g kara\u013ca date\u013cu. Par katru ieg\u0101d\u0101to 1 kg mango m\u0113s jums pie\u0161\u0137iram 0,5 kg date\u013cu. 2 kg mango = 1 kg date\u013cu d\u0101van\u0101 utt. \u0160ie zelta gabali sl\u0113pj nere\u0101lu baudu! Apet\u012bti rosino\u0161s un maigs mango, kur\u0101 iem\u012bl\u0113sies ikviens! T\u016bksto\u0161iem veiksmes s\u0113\u0146u jau ir pie\u0137\u0113ru\u0161\u0101s \u0161ai neticami saldajai gar\u0161ai.  Naturka kalt\u0113tais mango ar zemu cukura saturu (5%) satur ar\u012b vair\u0101k nek\u0101 20 vitam\u012bnus un miner\u0101lvielas, kas ir piem\u0113roti lieto\u0161anai pat tad, ja iev\u0113ro di\u0113tu vai vesel\u012bgu uzturu! Izm\u0113\u0123iniet m\u016bsu supergar\u0161o mango!\u00a0 Uzglab\u0101t saus\u0101, t\u012br\u0101 un v\u0113s\u0101 viet\u0101.","og_url":"https:\/\/naturka.ee\/lv\/product\/1kg-mango-500g-king-dateles-davana\/","og_site_name":"Naturka","article_modified_time":"2026-03-28T07:29:17+00:00","og_image":[{"width":1536,"height":1172,"url":"https:\/\/naturka.ee\/wp-content\/uploads\/2019\/12\/mango_datlid-2.jpg","type":"image\/jpeg"}],"twitter_card":"summary_large_image","schema":{"@context":"https:\/\/schema.org","@graph":[{"@type":"WebPage","@id":"https:\/\/naturka.ee\/lv\/product\/1kg-mango-500g-king-dateles-davana\/","url":"https:\/\/naturka.ee\/lv\/product\/1kg-mango-500g-king-dateles-davana\/","name":"1KG Mango + 500g King dateles D\u0100VAN\u0100! - Naturka","isPartOf":{"@id":"https:\/\/naturka.ee\/lv\/#website"},"primaryImageOfPage":{"@id":"https:\/\/naturka.ee\/lv\/product\/1kg-mango-500g-king-dateles-davana\/#primaryimage"},"image":{"@id":"https:\/\/naturka.ee\/lv\/product\/1kg-mango-500g-king-dateles-davana\/#primaryimage"},"thumbnailUrl":"https:\/\/naturka.ee\/wp-content\/uploads\/2019\/12\/mango_datlid-2.jpg","datePublished":"2024-05-14T10:36:38+00:00","dateModified":"2026-03-28T07:29:17+00:00","breadcrumb":{"@id":"https:\/\/naturka.ee\/lv\/product\/1kg-mango-500g-king-dateles-davana\/#breadcrumb"},"inLanguage":"lv-LV","potentialAction":[{"@type":"ReadAction","target":["https:\/\/naturka.ee\/lv\/product\/1kg-mango-500g-king-dateles-davana\/"]}]},{"@type":"ImageObject","inLanguage":"lv-LV","@id":"https:\/\/naturka.ee\/lv\/product\/1kg-mango-500g-king-dateles-davana\/#primaryimage","url":"https:\/\/naturka.ee\/wp-content\/uploads\/2019\/12\/mango_datlid-2.jpg","contentUrl":"https:\/\/naturka.ee\/wp-content\/uploads\/2019\/12\/mango_datlid-2.jpg","width":1536,"height":1172},{"@type":"BreadcrumbList","@id":"https:\/\/naturka.ee\/lv\/product\/1kg-mango-500g-king-dateles-davana\/#breadcrumb","itemListElement":[{"@type":"ListItem","position":1,"name":"Home","item":"https:\/\/naturka.ee\/lv\/home\/"},{"@type":"ListItem","position":2,"name":"Pood","item":"https:\/\/naturka.ee\/shop\/"},{"@type":"ListItem","position":3,"name":"1KG Mango + 500g King dateles D\u0100VAN\u0100!"}]},{"@type":"WebSite","@id":"https:\/\/naturka.ee\/lv\/#website","url":"https:\/\/naturka.ee\/lv\/","name":"Naturka","description":"","potentialAction":[{"@type":"SearchAction","target":{"@type":"EntryPoint","urlTemplate":"https:\/\/naturka.ee\/lv\/?s={search_term_string}"},"query-input":"required name=search_term_string"}],"inLanguage":"lv-LV"}]}},"_links":{"self":[{"href":"https:\/\/naturka.ee\/lv\/wp-json\/wp\/v2\/product\/26723","targetHints":{"allow":["GET"]}}],"collection":[{"href":"https:\/\/naturka.ee\/lv\/wp-json\/wp\/v2\/product"}],"about":[{"href":"https:\/\/naturka.ee\/lv\/wp-json\/wp\/v2\/types\/product"}],"wp:featuredmedia":[{"embeddable":true,"href":"https:\/\/naturka.ee\/lv\/wp-json\/wp\/v2\/media\/28763"}],"wp:attachment":[{"href":"https:\/\/naturka.ee\/lv\/wp-json\/wp\/v2\/media?parent=26723"}],"wp:term":[{"taxonomy":"product_cat","embeddable":true,"href":"https:\/\/naturka.ee\/lv\/wp-json\/wp\/v2\/product_cat?post=26723"},{"taxonomy":"product_tag","embeddable":true,"href":"https:\/\/naturka.ee\/lv\/wp-json\/wp\/v2\/product_tag?post=26723"}],"curies":[{"name":"wp","href":"https:\/\/api.w.org\/{rel}","templated":true}]}}