{"id":26621,"date":"2024-05-05T17:11:27","date_gmt":"2024-05-05T14:11:27","guid":{"rendered":"https:\/\/naturka.ee\/product\/riisikreekerid-baked-mix-magusad\/"},"modified":"2025-10-27T12:43:09","modified_gmt":"2025-10-27T10:43:09","slug":"riisikreekerid-baked-mix-magusad","status":"publish","type":"product","link":"https:\/\/naturka.ee\/lv\/product\/riisikreekerid-baked-mix-magusad\/","title":{"rendered":"R\u012bsu krekeri Baked (saldie)"},"content":{"rendered":"","protected":false},"excerpt":{"rendered":"<p id=\"tw-target-text\" class=\"tw-data-text tw-text-large tw-ta\" dir=\"ltr\" data-placeholder=\"Translation\" aria-label=\"Translated text\" data-ved=\"2ahUKEwj7tffU0IyGAxVHGxAIHRuAAWEQ3ewLegQICBAU\"><span class=\"Y2IQFc\" lang=\"lv\">Klientu iecien\u012bt\u0101kais! <\/span><\/p>\n<p class=\"tw-data-text tw-text-large tw-ta\" dir=\"ltr\" data-placeholder=\"Translation\" aria-label=\"Translated text\" data-ved=\"2ahUKEwj7tffU0IyGAxVHGxAIHRuAAWEQ3ewLegQICBAU\"><span class=\"Y2IQFc\" lang=\"lv\">Jaunums &#8211; viegli un gais\u012bgi r\u012bsu krekeri Baked. Viegli pikanti un saldi krauk\u0161\u0137\u012bgie r\u012bsu krekeri ir lieliska uzkoda ball\u012btei vai vienk\u0101r\u0161i uzkod\u0101m. <\/span><\/p>\n<p class=\"tw-data-text tw-text-large tw-ta\" dir=\"ltr\" data-placeholder=\"Translation\" aria-label=\"Translated text\" data-ved=\"2ahUKEwj7tffU0IyGAxVHGxAIHRuAAWEQ3ewLegQICBAU\"><span class=\"Y2IQFc\" lang=\"lv\">R\u012bsu krekeri \u2013 lieliska alternat\u012bva \u010dipsiem! <\/span><\/p>\n<p class=\"tw-data-text tw-text-large tw-ta\" dir=\"ltr\" data-placeholder=\"Translation\" aria-label=\"Translated text\" data-ved=\"2ahUKEwj7tffU0IyGAxVHGxAIHRuAAWEQ3ewLegQICBAU\"><span class=\"Y2IQFc\" lang=\"lv\">Uzglab\u0101t saus\u0101, t\u012br\u0101 un v\u0113s\u0101 viet\u0101.<\/span><\/p>\n","protected":false},"featured_media":26046,"template":"","meta":{"inline_featured_image":false},"product_cat":[213],"product_tag":[],"class_list":["post-26621","product","type-product","status-publish","has-post-thumbnail","hentry","product_cat-risu-krekeri"],"supplier_id":null,"supplier_sku":"","barcode":null,"atum_controlled":true,"out_stock_date":null,"out_stock_threshold":null,"inheritable":false,"inbound_stock":0,"stock_on_hold":0,"sold_today":0,"sales_last_days":0,"reserved_stock":0,"customer_returns":0,"warehouse_damage":0,"lost_in_post":0,"other_logs":0,"out_stock_days":0,"lost_sales":0,"has_location":false,"update_date":"2026-04-29T15:57:51","atum_locations":[],"atum_stock_status":"instock","restock_status":false,"low_stock_amount":"","sales_update_date":"2026-04-29T15:57:51","calc_backorders":null,"yoast_head":"<!-- This site is optimized with the Yoast SEO plugin v22.6 - https:\/\/yoast.com\/wordpress\/plugins\/seo\/ -->\n<title>R\u012bsu krekeri Baked (saldie) - Naturka<\/title>\n<meta name=\"robots\" content=\"index, follow, max-snippet:-1, max-image-preview:large, max-video-preview:-1\" \/>\n<link rel=\"canonical\" href=\"https:\/\/naturka.ee\/lv\/product\/riisikreekerid-baked-mix-magusad\/\" \/>\n<meta property=\"og:locale\" content=\"lv_LV\" \/>\n<meta property=\"og:type\" content=\"article\" \/>\n<meta property=\"og:title\" content=\"R\u012bsu krekeri Baked (saldie) - Naturka\" \/>\n<meta property=\"og:description\" content=\"Klientu iecien\u012bt\u0101kais!  Jaunums - viegli un gais\u012bgi r\u012bsu krekeri Baked. Viegli pikanti un saldi krauk\u0161\u0137\u012bgie r\u012bsu krekeri ir lieliska uzkoda ball\u012btei vai vienk\u0101r\u0161i uzkod\u0101m.  R\u012bsu krekeri \u2013 lieliska alternat\u012bva \u010dipsiem!  Uzglab\u0101t saus\u0101, t\u012br\u0101 un v\u0113s\u0101 viet\u0101.\" \/>\n<meta property=\"og:url\" content=\"https:\/\/naturka.ee\/lv\/product\/riisikreekerid-baked-mix-magusad\/\" \/>\n<meta property=\"og:site_name\" content=\"Naturka\" \/>\n<meta property=\"article:modified_time\" content=\"2025-10-27T10:43:09+00:00\" \/>\n<meta property=\"og:image\" content=\"https:\/\/naturka.ee\/wp-content\/uploads\/2024\/04\/17.jpg\" \/>\n\t<meta property=\"og:image:width\" content=\"1800\" \/>\n\t<meta property=\"og:image:height\" content=\"1373\" \/>\n\t<meta property=\"og:image:type\" content=\"image\/jpeg\" \/>\n<meta name=\"twitter:card\" content=\"summary_large_image\" \/>\n<script type=\"application\/ld+json\" class=\"yoast-schema-graph\">{\"@context\":\"https:\/\/schema.org\",\"@graph\":[{\"@type\":\"WebPage\",\"@id\":\"https:\/\/naturka.ee\/lv\/product\/riisikreekerid-baked-mix-magusad\/\",\"url\":\"https:\/\/naturka.ee\/lv\/product\/riisikreekerid-baked-mix-magusad\/\",\"name\":\"R\u012bsu krekeri Baked (saldie) - Naturka\",\"isPartOf\":{\"@id\":\"https:\/\/naturka.ee\/lv\/#website\"},\"primaryImageOfPage\":{\"@id\":\"https:\/\/naturka.ee\/lv\/product\/riisikreekerid-baked-mix-magusad\/#primaryimage\"},\"image\":{\"@id\":\"https:\/\/naturka.ee\/lv\/product\/riisikreekerid-baked-mix-magusad\/#primaryimage\"},\"thumbnailUrl\":\"https:\/\/naturka.ee\/wp-content\/uploads\/2024\/04\/17.jpg\",\"datePublished\":\"2024-05-05T14:11:27+00:00\",\"dateModified\":\"2025-10-27T10:43:09+00:00\",\"breadcrumb\":{\"@id\":\"https:\/\/naturka.ee\/lv\/product\/riisikreekerid-baked-mix-magusad\/#breadcrumb\"},\"inLanguage\":\"lv-LV\",\"potentialAction\":[{\"@type\":\"ReadAction\",\"target\":[\"https:\/\/naturka.ee\/lv\/product\/riisikreekerid-baked-mix-magusad\/\"]}]},{\"@type\":\"ImageObject\",\"inLanguage\":\"lv-LV\",\"@id\":\"https:\/\/naturka.ee\/lv\/product\/riisikreekerid-baked-mix-magusad\/#primaryimage\",\"url\":\"https:\/\/naturka.ee\/wp-content\/uploads\/2024\/04\/17.jpg\",\"contentUrl\":\"https:\/\/naturka.ee\/wp-content\/uploads\/2024\/04\/17.jpg\",\"width\":1800,\"height\":1373},{\"@type\":\"BreadcrumbList\",\"@id\":\"https:\/\/naturka.ee\/lv\/product\/riisikreekerid-baked-mix-magusad\/#breadcrumb\",\"itemListElement\":[{\"@type\":\"ListItem\",\"position\":1,\"name\":\"Home\",\"item\":\"https:\/\/naturka.ee\/lv\/home\/\"},{\"@type\":\"ListItem\",\"position\":2,\"name\":\"Pood\",\"item\":\"https:\/\/naturka.ee\/shop\/\"},{\"@type\":\"ListItem\",\"position\":3,\"name\":\"R\u012bsu krekeri Baked (saldie)\"}]},{\"@type\":\"WebSite\",\"@id\":\"https:\/\/naturka.ee\/lv\/#website\",\"url\":\"https:\/\/naturka.ee\/lv\/\",\"name\":\"Naturka\",\"description\":\"\",\"potentialAction\":[{\"@type\":\"SearchAction\",\"target\":{\"@type\":\"EntryPoint\",\"urlTemplate\":\"https:\/\/naturka.ee\/lv\/?s={search_term_string}\"},\"query-input\":\"required name=search_term_string\"}],\"inLanguage\":\"lv-LV\"}]}<\/script>\n<!-- \/ Yoast SEO plugin. -->","yoast_head_json":{"title":"R\u012bsu krekeri Baked (saldie) - Naturka","robots":{"index":"index","follow":"follow","max-snippet":"max-snippet:-1","max-image-preview":"max-image-preview:large","max-video-preview":"max-video-preview:-1"},"canonical":"https:\/\/naturka.ee\/lv\/product\/riisikreekerid-baked-mix-magusad\/","og_locale":"lv_LV","og_type":"article","og_title":"R\u012bsu krekeri Baked (saldie) - Naturka","og_description":"Klientu iecien\u012bt\u0101kais!  Jaunums - viegli un gais\u012bgi r\u012bsu krekeri Baked. Viegli pikanti un saldi krauk\u0161\u0137\u012bgie r\u012bsu krekeri ir lieliska uzkoda ball\u012btei vai vienk\u0101r\u0161i uzkod\u0101m.  R\u012bsu krekeri \u2013 lieliska alternat\u012bva \u010dipsiem!  Uzglab\u0101t saus\u0101, t\u012br\u0101 un v\u0113s\u0101 viet\u0101.","og_url":"https:\/\/naturka.ee\/lv\/product\/riisikreekerid-baked-mix-magusad\/","og_site_name":"Naturka","article_modified_time":"2025-10-27T10:43:09+00:00","og_image":[{"width":1800,"height":1373,"url":"https:\/\/naturka.ee\/wp-content\/uploads\/2024\/04\/17.jpg","type":"image\/jpeg"}],"twitter_card":"summary_large_image","schema":{"@context":"https:\/\/schema.org","@graph":[{"@type":"WebPage","@id":"https:\/\/naturka.ee\/lv\/product\/riisikreekerid-baked-mix-magusad\/","url":"https:\/\/naturka.ee\/lv\/product\/riisikreekerid-baked-mix-magusad\/","name":"R\u012bsu krekeri Baked (saldie) - Naturka","isPartOf":{"@id":"https:\/\/naturka.ee\/lv\/#website"},"primaryImageOfPage":{"@id":"https:\/\/naturka.ee\/lv\/product\/riisikreekerid-baked-mix-magusad\/#primaryimage"},"image":{"@id":"https:\/\/naturka.ee\/lv\/product\/riisikreekerid-baked-mix-magusad\/#primaryimage"},"thumbnailUrl":"https:\/\/naturka.ee\/wp-content\/uploads\/2024\/04\/17.jpg","datePublished":"2024-05-05T14:11:27+00:00","dateModified":"2025-10-27T10:43:09+00:00","breadcrumb":{"@id":"https:\/\/naturka.ee\/lv\/product\/riisikreekerid-baked-mix-magusad\/#breadcrumb"},"inLanguage":"lv-LV","potentialAction":[{"@type":"ReadAction","target":["https:\/\/naturka.ee\/lv\/product\/riisikreekerid-baked-mix-magusad\/"]}]},{"@type":"ImageObject","inLanguage":"lv-LV","@id":"https:\/\/naturka.ee\/lv\/product\/riisikreekerid-baked-mix-magusad\/#primaryimage","url":"https:\/\/naturka.ee\/wp-content\/uploads\/2024\/04\/17.jpg","contentUrl":"https:\/\/naturka.ee\/wp-content\/uploads\/2024\/04\/17.jpg","width":1800,"height":1373},{"@type":"BreadcrumbList","@id":"https:\/\/naturka.ee\/lv\/product\/riisikreekerid-baked-mix-magusad\/#breadcrumb","itemListElement":[{"@type":"ListItem","position":1,"name":"Home","item":"https:\/\/naturka.ee\/lv\/home\/"},{"@type":"ListItem","position":2,"name":"Pood","item":"https:\/\/naturka.ee\/shop\/"},{"@type":"ListItem","position":3,"name":"R\u012bsu krekeri Baked (saldie)"}]},{"@type":"WebSite","@id":"https:\/\/naturka.ee\/lv\/#website","url":"https:\/\/naturka.ee\/lv\/","name":"Naturka","description":"","potentialAction":[{"@type":"SearchAction","target":{"@type":"EntryPoint","urlTemplate":"https:\/\/naturka.ee\/lv\/?s={search_term_string}"},"query-input":"required name=search_term_string"}],"inLanguage":"lv-LV"}]}},"_links":{"self":[{"href":"https:\/\/naturka.ee\/lv\/wp-json\/wp\/v2\/product\/26621","targetHints":{"allow":["GET"]}}],"collection":[{"href":"https:\/\/naturka.ee\/lv\/wp-json\/wp\/v2\/product"}],"about":[{"href":"https:\/\/naturka.ee\/lv\/wp-json\/wp\/v2\/types\/product"}],"wp:featuredmedia":[{"embeddable":true,"href":"https:\/\/naturka.ee\/lv\/wp-json\/wp\/v2\/media\/26046"}],"wp:attachment":[{"href":"https:\/\/naturka.ee\/lv\/wp-json\/wp\/v2\/media?parent=26621"}],"wp:term":[{"taxonomy":"product_cat","embeddable":true,"href":"https:\/\/naturka.ee\/lv\/wp-json\/wp\/v2\/product_cat?post=26621"},{"taxonomy":"product_tag","embeddable":true,"href":"https:\/\/naturka.ee\/lv\/wp-json\/wp\/v2\/product_tag?post=26621"}],"curies":[{"name":"wp","href":"https:\/\/api.w.org\/{rel}","templated":true}]}}