{"id":18994,"date":"2023-08-20T02:34:26","date_gmt":"2023-08-19T23:34:26","guid":{"rendered":"https:\/\/naturka.ee\/?post_type=product&#038;p=18994"},"modified":"2024-04-18T17:51:51","modified_gmt":"2024-04-18T14:51:51","slug":"maguslillad-kartulikropsud-midagi-ebareaalne","status":"publish","type":"product","link":"https:\/\/naturka.ee\/lv\/toode\/maguslillad-kartulikropsud-midagi-ebareaalne\/","title":{"rendered":"Maguslillad kartulikr\u00f5psud"},"content":{"rendered":"","protected":false},"excerpt":{"rendered":"<p>K\u00f5ik maailmas teavad lilla kartuli eelistest! Ja n\u00fc\u00fcd saate seda kr\u00f5psude kujul proovida ainult Naturkas! Lisaks sellele, et need kartulid on esteetiliselt meeldivad ja maitsvad, on neil t\u00e4nu tohutule hulgale antioks\u00fcdantidele ka uskumatuid tervisega seotud eeliseid. Kr\u00f5bedad kartulikr\u00f5psud ilma lisanditeta!<\/p>\n","protected":false},"featured_media":26228,"template":"","meta":{"inline_featured_image":false},"product_cat":[94,177,98],"product_tag":[],"class_list":["post-18994","product","type-product","status-publish","has-post-thumbnail","hentry","product_cat-eksklusiivsed-tooted","product_cat-kropsud","product_cat-ilma-suhkruta"],"supplier_id":null,"supplier_sku":"","barcode":null,"atum_controlled":true,"out_stock_date":"2024-04-13 07:15:25","out_stock_threshold":null,"inheritable":false,"inbound_stock":0,"stock_on_hold":0,"sold_today":0,"sales_last_days":0,"reserved_stock":0,"customer_returns":0,"warehouse_damage":0,"lost_in_post":0,"other_logs":0,"out_stock_days":751,"lost_sales":2145,"has_location":false,"update_date":"2026-05-04T05:52:00","atum_locations":[],"atum_stock_status":"outofstock","restock_status":false,"low_stock_amount":"","sales_update_date":"2026-05-04T05:52:00","calc_backorders":null,"yoast_head":"<!-- This site is optimized with the Yoast SEO plugin v22.6 - https:\/\/yoast.com\/wordpress\/plugins\/seo\/ -->\n<title>Maguslillad kartulikr\u00f5psud - Naturka<\/title>\n<meta name=\"robots\" content=\"index, follow, max-snippet:-1, max-image-preview:large, max-video-preview:-1\" \/>\n<link rel=\"canonical\" href=\"https:\/\/naturka.ee\/lv\/toode\/maguslillad-kartulikropsud-midagi-ebareaalne\/\" \/>\n<meta property=\"og:locale\" content=\"lv_LV\" \/>\n<meta property=\"og:type\" content=\"article\" \/>\n<meta property=\"og:title\" content=\"Maguslillad kartulikr\u00f5psud - Naturka\" \/>\n<meta property=\"og:description\" content=\"K\u00f5ik maailmas teavad lilla kartuli eelistest! Ja n\u00fc\u00fcd saate seda kr\u00f5psude kujul proovida ainult Naturkas! Lisaks sellele, et need kartulid on esteetiliselt meeldivad ja maitsvad, on neil t\u00e4nu tohutule hulgale antioks\u00fcdantidele ka uskumatuid tervisega seotud eeliseid. Kr\u00f5bedad kartulikr\u00f5psud ilma lisanditeta!\" \/>\n<meta property=\"og:url\" content=\"https:\/\/naturka.ee\/lv\/toode\/maguslillad-kartulikropsud-midagi-ebareaalne\/\" \/>\n<meta property=\"og:site_name\" content=\"Naturka\" \/>\n<meta property=\"article:modified_time\" content=\"2024-04-18T14:51:51+00:00\" \/>\n<meta property=\"og:image\" content=\"https:\/\/naturka.ee\/wp-content\/uploads\/2024\/04\/56.jpg\" \/>\n\t<meta property=\"og:image:width\" content=\"1800\" \/>\n\t<meta property=\"og:image:height\" content=\"1373\" \/>\n\t<meta property=\"og:image:type\" content=\"image\/jpeg\" \/>\n<meta name=\"twitter:card\" content=\"summary_large_image\" \/>\n<script type=\"application\/ld+json\" class=\"yoast-schema-graph\">{\"@context\":\"https:\/\/schema.org\",\"@graph\":[{\"@type\":\"WebPage\",\"@id\":\"https:\/\/naturka.ee\/lv\/toode\/maguslillad-kartulikropsud-midagi-ebareaalne\/\",\"url\":\"https:\/\/naturka.ee\/lv\/toode\/maguslillad-kartulikropsud-midagi-ebareaalne\/\",\"name\":\"Maguslillad kartulikr\u00f5psud - Naturka\",\"isPartOf\":{\"@id\":\"https:\/\/naturka.ee\/lv\/#website\"},\"primaryImageOfPage\":{\"@id\":\"https:\/\/naturka.ee\/lv\/toode\/maguslillad-kartulikropsud-midagi-ebareaalne\/#primaryimage\"},\"image\":{\"@id\":\"https:\/\/naturka.ee\/lv\/toode\/maguslillad-kartulikropsud-midagi-ebareaalne\/#primaryimage\"},\"thumbnailUrl\":\"https:\/\/naturka.ee\/wp-content\/uploads\/2024\/04\/56.jpg\",\"datePublished\":\"2023-08-19T23:34:26+00:00\",\"dateModified\":\"2024-04-18T14:51:51+00:00\",\"breadcrumb\":{\"@id\":\"https:\/\/naturka.ee\/lv\/toode\/maguslillad-kartulikropsud-midagi-ebareaalne\/#breadcrumb\"},\"inLanguage\":\"lv-LV\",\"potentialAction\":[{\"@type\":\"ReadAction\",\"target\":[\"https:\/\/naturka.ee\/lv\/toode\/maguslillad-kartulikropsud-midagi-ebareaalne\/\"]}]},{\"@type\":\"ImageObject\",\"inLanguage\":\"lv-LV\",\"@id\":\"https:\/\/naturka.ee\/lv\/toode\/maguslillad-kartulikropsud-midagi-ebareaalne\/#primaryimage\",\"url\":\"https:\/\/naturka.ee\/wp-content\/uploads\/2024\/04\/56.jpg\",\"contentUrl\":\"https:\/\/naturka.ee\/wp-content\/uploads\/2024\/04\/56.jpg\",\"width\":1800,\"height\":1373},{\"@type\":\"BreadcrumbList\",\"@id\":\"https:\/\/naturka.ee\/lv\/toode\/maguslillad-kartulikropsud-midagi-ebareaalne\/#breadcrumb\",\"itemListElement\":[{\"@type\":\"ListItem\",\"position\":1,\"name\":\"Home\",\"item\":\"https:\/\/naturka.ee\/lv\/home\/\"},{\"@type\":\"ListItem\",\"position\":2,\"name\":\"Pood\",\"item\":\"https:\/\/naturka.ee\/shop\/\"},{\"@type\":\"ListItem\",\"position\":3,\"name\":\"Maguslillad kartulikr\u00f5psud\"}]},{\"@type\":\"WebSite\",\"@id\":\"https:\/\/naturka.ee\/lv\/#website\",\"url\":\"https:\/\/naturka.ee\/lv\/\",\"name\":\"Naturka\",\"description\":\"\",\"potentialAction\":[{\"@type\":\"SearchAction\",\"target\":{\"@type\":\"EntryPoint\",\"urlTemplate\":\"https:\/\/naturka.ee\/lv\/?s={search_term_string}\"},\"query-input\":\"required name=search_term_string\"}],\"inLanguage\":\"lv-LV\"}]}<\/script>\n<!-- \/ Yoast SEO plugin. -->","yoast_head_json":{"title":"Maguslillad kartulikr\u00f5psud - Naturka","robots":{"index":"index","follow":"follow","max-snippet":"max-snippet:-1","max-image-preview":"max-image-preview:large","max-video-preview":"max-video-preview:-1"},"canonical":"https:\/\/naturka.ee\/lv\/toode\/maguslillad-kartulikropsud-midagi-ebareaalne\/","og_locale":"lv_LV","og_type":"article","og_title":"Maguslillad kartulikr\u00f5psud - Naturka","og_description":"K\u00f5ik maailmas teavad lilla kartuli eelistest! Ja n\u00fc\u00fcd saate seda kr\u00f5psude kujul proovida ainult Naturkas! Lisaks sellele, et need kartulid on esteetiliselt meeldivad ja maitsvad, on neil t\u00e4nu tohutule hulgale antioks\u00fcdantidele ka uskumatuid tervisega seotud eeliseid. Kr\u00f5bedad kartulikr\u00f5psud ilma lisanditeta!","og_url":"https:\/\/naturka.ee\/lv\/toode\/maguslillad-kartulikropsud-midagi-ebareaalne\/","og_site_name":"Naturka","article_modified_time":"2024-04-18T14:51:51+00:00","og_image":[{"width":1800,"height":1373,"url":"https:\/\/naturka.ee\/wp-content\/uploads\/2024\/04\/56.jpg","type":"image\/jpeg"}],"twitter_card":"summary_large_image","schema":{"@context":"https:\/\/schema.org","@graph":[{"@type":"WebPage","@id":"https:\/\/naturka.ee\/lv\/toode\/maguslillad-kartulikropsud-midagi-ebareaalne\/","url":"https:\/\/naturka.ee\/lv\/toode\/maguslillad-kartulikropsud-midagi-ebareaalne\/","name":"Maguslillad kartulikr\u00f5psud - Naturka","isPartOf":{"@id":"https:\/\/naturka.ee\/lv\/#website"},"primaryImageOfPage":{"@id":"https:\/\/naturka.ee\/lv\/toode\/maguslillad-kartulikropsud-midagi-ebareaalne\/#primaryimage"},"image":{"@id":"https:\/\/naturka.ee\/lv\/toode\/maguslillad-kartulikropsud-midagi-ebareaalne\/#primaryimage"},"thumbnailUrl":"https:\/\/naturka.ee\/wp-content\/uploads\/2024\/04\/56.jpg","datePublished":"2023-08-19T23:34:26+00:00","dateModified":"2024-04-18T14:51:51+00:00","breadcrumb":{"@id":"https:\/\/naturka.ee\/lv\/toode\/maguslillad-kartulikropsud-midagi-ebareaalne\/#breadcrumb"},"inLanguage":"lv-LV","potentialAction":[{"@type":"ReadAction","target":["https:\/\/naturka.ee\/lv\/toode\/maguslillad-kartulikropsud-midagi-ebareaalne\/"]}]},{"@type":"ImageObject","inLanguage":"lv-LV","@id":"https:\/\/naturka.ee\/lv\/toode\/maguslillad-kartulikropsud-midagi-ebareaalne\/#primaryimage","url":"https:\/\/naturka.ee\/wp-content\/uploads\/2024\/04\/56.jpg","contentUrl":"https:\/\/naturka.ee\/wp-content\/uploads\/2024\/04\/56.jpg","width":1800,"height":1373},{"@type":"BreadcrumbList","@id":"https:\/\/naturka.ee\/lv\/toode\/maguslillad-kartulikropsud-midagi-ebareaalne\/#breadcrumb","itemListElement":[{"@type":"ListItem","position":1,"name":"Home","item":"https:\/\/naturka.ee\/lv\/home\/"},{"@type":"ListItem","position":2,"name":"Pood","item":"https:\/\/naturka.ee\/shop\/"},{"@type":"ListItem","position":3,"name":"Maguslillad kartulikr\u00f5psud"}]},{"@type":"WebSite","@id":"https:\/\/naturka.ee\/lv\/#website","url":"https:\/\/naturka.ee\/lv\/","name":"Naturka","description":"","potentialAction":[{"@type":"SearchAction","target":{"@type":"EntryPoint","urlTemplate":"https:\/\/naturka.ee\/lv\/?s={search_term_string}"},"query-input":"required name=search_term_string"}],"inLanguage":"lv-LV"}]}},"_links":{"self":[{"href":"https:\/\/naturka.ee\/lv\/wp-json\/wp\/v2\/product\/18994","targetHints":{"allow":["GET"]}}],"collection":[{"href":"https:\/\/naturka.ee\/lv\/wp-json\/wp\/v2\/product"}],"about":[{"href":"https:\/\/naturka.ee\/lv\/wp-json\/wp\/v2\/types\/product"}],"wp:featuredmedia":[{"embeddable":true,"href":"https:\/\/naturka.ee\/lv\/wp-json\/wp\/v2\/media\/26228"}],"wp:attachment":[{"href":"https:\/\/naturka.ee\/lv\/wp-json\/wp\/v2\/media?parent=18994"}],"wp:term":[{"taxonomy":"product_cat","embeddable":true,"href":"https:\/\/naturka.ee\/lv\/wp-json\/wp\/v2\/product_cat?post=18994"},{"taxonomy":"product_tag","embeddable":true,"href":"https:\/\/naturka.ee\/lv\/wp-json\/wp\/v2\/product_tag?post=18994"}],"curies":[{"name":"wp","href":"https:\/\/api.w.org\/{rel}","templated":true}]}}