{"id":17597,"date":"2023-07-02T22:44:49","date_gmt":"2023-07-02T19:44:49","guid":{"rendered":"https:\/\/naturka.ee\/?post_type=product&#038;p=17597"},"modified":"2026-03-30T12:26:13","modified_gmt":"2026-03-30T09:26:13","slug":"kookoskropsud","status":"publish","type":"product","link":"https:\/\/naturka.ee\/lv\/toode\/kookoskropsud\/","title":{"rendered":"Kookoskr\u00f5psud"},"content":{"rendered":"","protected":false},"excerpt":{"rendered":"<p>Need on k\u00f5ige maitsvamad kookoskr\u00f5psud, mida olete kunagi maitsnud. Need on suurep\u00e4rane lisand jogurtile, smuutidele v\u00f5i salatitele ja muidugi niisama s\u00f6\u00f6miseks!<\/p>\n<p>&nbsp;<\/p>\n","protected":false},"featured_media":26213,"template":"","meta":{"inline_featured_image":false},"product_cat":[177,94,98],"product_tag":[],"class_list":["post-17597","product","type-product","status-publish","has-post-thumbnail","hentry","product_cat-kropsud","product_cat-eksklusiivsed-tooted","product_cat-ilma-suhkruta"],"supplier_id":null,"supplier_sku":"","barcode":null,"atum_controlled":true,"out_stock_date":null,"out_stock_threshold":null,"inheritable":false,"inbound_stock":0,"stock_on_hold":0,"sold_today":0,"sales_last_days":0,"reserved_stock":0,"customer_returns":0,"warehouse_damage":0,"lost_in_post":0,"other_logs":0,"out_stock_days":0,"lost_sales":0,"has_location":false,"update_date":"2026-04-04T15:41:39","atum_locations":[],"atum_stock_status":"instock","restock_status":false,"low_stock_amount":"","sales_update_date":"2026-04-04T15:41:39","calc_backorders":null,"yoast_head":"<!-- This site is optimized with the Yoast SEO plugin v22.6 - https:\/\/yoast.com\/wordpress\/plugins\/seo\/ -->\n<title>Kookoskr\u00f5psud - Naturka<\/title>\n<meta name=\"robots\" content=\"index, follow, max-snippet:-1, max-image-preview:large, max-video-preview:-1\" \/>\n<link rel=\"canonical\" href=\"https:\/\/naturka.ee\/lv\/toode\/kookoskropsud\/\" \/>\n<meta property=\"og:locale\" content=\"lv_LV\" \/>\n<meta property=\"og:type\" content=\"article\" \/>\n<meta property=\"og:title\" content=\"Kookoskr\u00f5psud - Naturka\" \/>\n<meta property=\"og:description\" content=\"Need on k\u00f5ige maitsvamad kookoskr\u00f5psud, mida olete kunagi maitsnud. Need on suurep\u00e4rane lisand jogurtile, smuutidele v\u00f5i salatitele ja muidugi niisama s\u00f6\u00f6miseks!  &nbsp;\" \/>\n<meta property=\"og:url\" content=\"https:\/\/naturka.ee\/lv\/toode\/kookoskropsud\/\" \/>\n<meta property=\"og:site_name\" content=\"Naturka\" \/>\n<meta property=\"article:modified_time\" content=\"2026-03-30T09:26:13+00:00\" \/>\n<meta property=\"og:image\" content=\"https:\/\/naturka.ee\/wp-content\/uploads\/2024\/04\/53.jpg\" \/>\n\t<meta property=\"og:image:width\" content=\"1800\" \/>\n\t<meta property=\"og:image:height\" content=\"1373\" \/>\n\t<meta property=\"og:image:type\" content=\"image\/jpeg\" \/>\n<meta name=\"twitter:card\" content=\"summary_large_image\" \/>\n<script type=\"application\/ld+json\" class=\"yoast-schema-graph\">{\"@context\":\"https:\/\/schema.org\",\"@graph\":[{\"@type\":\"WebPage\",\"@id\":\"https:\/\/naturka.ee\/lv\/toode\/kookoskropsud\/\",\"url\":\"https:\/\/naturka.ee\/lv\/toode\/kookoskropsud\/\",\"name\":\"Kookoskr\u00f5psud - Naturka\",\"isPartOf\":{\"@id\":\"https:\/\/naturka.ee\/lv\/#website\"},\"primaryImageOfPage\":{\"@id\":\"https:\/\/naturka.ee\/lv\/toode\/kookoskropsud\/#primaryimage\"},\"image\":{\"@id\":\"https:\/\/naturka.ee\/lv\/toode\/kookoskropsud\/#primaryimage\"},\"thumbnailUrl\":\"https:\/\/naturka.ee\/wp-content\/uploads\/2024\/04\/53.jpg\",\"datePublished\":\"2023-07-02T19:44:49+00:00\",\"dateModified\":\"2026-03-30T09:26:13+00:00\",\"breadcrumb\":{\"@id\":\"https:\/\/naturka.ee\/lv\/toode\/kookoskropsud\/#breadcrumb\"},\"inLanguage\":\"lv-LV\",\"potentialAction\":[{\"@type\":\"ReadAction\",\"target\":[\"https:\/\/naturka.ee\/lv\/toode\/kookoskropsud\/\"]}]},{\"@type\":\"ImageObject\",\"inLanguage\":\"lv-LV\",\"@id\":\"https:\/\/naturka.ee\/lv\/toode\/kookoskropsud\/#primaryimage\",\"url\":\"https:\/\/naturka.ee\/wp-content\/uploads\/2024\/04\/53.jpg\",\"contentUrl\":\"https:\/\/naturka.ee\/wp-content\/uploads\/2024\/04\/53.jpg\",\"width\":1800,\"height\":1373},{\"@type\":\"BreadcrumbList\",\"@id\":\"https:\/\/naturka.ee\/lv\/toode\/kookoskropsud\/#breadcrumb\",\"itemListElement\":[{\"@type\":\"ListItem\",\"position\":1,\"name\":\"Home\",\"item\":\"https:\/\/naturka.ee\/lv\/home\/\"},{\"@type\":\"ListItem\",\"position\":2,\"name\":\"Pood\",\"item\":\"https:\/\/naturka.ee\/shop\/\"},{\"@type\":\"ListItem\",\"position\":3,\"name\":\"Kookoskr\u00f5psud\"}]},{\"@type\":\"WebSite\",\"@id\":\"https:\/\/naturka.ee\/lv\/#website\",\"url\":\"https:\/\/naturka.ee\/lv\/\",\"name\":\"Naturka\",\"description\":\"\",\"potentialAction\":[{\"@type\":\"SearchAction\",\"target\":{\"@type\":\"EntryPoint\",\"urlTemplate\":\"https:\/\/naturka.ee\/lv\/?s={search_term_string}\"},\"query-input\":\"required name=search_term_string\"}],\"inLanguage\":\"lv-LV\"}]}<\/script>\n<!-- \/ Yoast SEO plugin. -->","yoast_head_json":{"title":"Kookoskr\u00f5psud - Naturka","robots":{"index":"index","follow":"follow","max-snippet":"max-snippet:-1","max-image-preview":"max-image-preview:large","max-video-preview":"max-video-preview:-1"},"canonical":"https:\/\/naturka.ee\/lv\/toode\/kookoskropsud\/","og_locale":"lv_LV","og_type":"article","og_title":"Kookoskr\u00f5psud - Naturka","og_description":"Need on k\u00f5ige maitsvamad kookoskr\u00f5psud, mida olete kunagi maitsnud. Need on suurep\u00e4rane lisand jogurtile, smuutidele v\u00f5i salatitele ja muidugi niisama s\u00f6\u00f6miseks!  &nbsp;","og_url":"https:\/\/naturka.ee\/lv\/toode\/kookoskropsud\/","og_site_name":"Naturka","article_modified_time":"2026-03-30T09:26:13+00:00","og_image":[{"width":1800,"height":1373,"url":"https:\/\/naturka.ee\/wp-content\/uploads\/2024\/04\/53.jpg","type":"image\/jpeg"}],"twitter_card":"summary_large_image","schema":{"@context":"https:\/\/schema.org","@graph":[{"@type":"WebPage","@id":"https:\/\/naturka.ee\/lv\/toode\/kookoskropsud\/","url":"https:\/\/naturka.ee\/lv\/toode\/kookoskropsud\/","name":"Kookoskr\u00f5psud - Naturka","isPartOf":{"@id":"https:\/\/naturka.ee\/lv\/#website"},"primaryImageOfPage":{"@id":"https:\/\/naturka.ee\/lv\/toode\/kookoskropsud\/#primaryimage"},"image":{"@id":"https:\/\/naturka.ee\/lv\/toode\/kookoskropsud\/#primaryimage"},"thumbnailUrl":"https:\/\/naturka.ee\/wp-content\/uploads\/2024\/04\/53.jpg","datePublished":"2023-07-02T19:44:49+00:00","dateModified":"2026-03-30T09:26:13+00:00","breadcrumb":{"@id":"https:\/\/naturka.ee\/lv\/toode\/kookoskropsud\/#breadcrumb"},"inLanguage":"lv-LV","potentialAction":[{"@type":"ReadAction","target":["https:\/\/naturka.ee\/lv\/toode\/kookoskropsud\/"]}]},{"@type":"ImageObject","inLanguage":"lv-LV","@id":"https:\/\/naturka.ee\/lv\/toode\/kookoskropsud\/#primaryimage","url":"https:\/\/naturka.ee\/wp-content\/uploads\/2024\/04\/53.jpg","contentUrl":"https:\/\/naturka.ee\/wp-content\/uploads\/2024\/04\/53.jpg","width":1800,"height":1373},{"@type":"BreadcrumbList","@id":"https:\/\/naturka.ee\/lv\/toode\/kookoskropsud\/#breadcrumb","itemListElement":[{"@type":"ListItem","position":1,"name":"Home","item":"https:\/\/naturka.ee\/lv\/home\/"},{"@type":"ListItem","position":2,"name":"Pood","item":"https:\/\/naturka.ee\/shop\/"},{"@type":"ListItem","position":3,"name":"Kookoskr\u00f5psud"}]},{"@type":"WebSite","@id":"https:\/\/naturka.ee\/lv\/#website","url":"https:\/\/naturka.ee\/lv\/","name":"Naturka","description":"","potentialAction":[{"@type":"SearchAction","target":{"@type":"EntryPoint","urlTemplate":"https:\/\/naturka.ee\/lv\/?s={search_term_string}"},"query-input":"required name=search_term_string"}],"inLanguage":"lv-LV"}]}},"_links":{"self":[{"href":"https:\/\/naturka.ee\/lv\/wp-json\/wp\/v2\/product\/17597","targetHints":{"allow":["GET"]}}],"collection":[{"href":"https:\/\/naturka.ee\/lv\/wp-json\/wp\/v2\/product"}],"about":[{"href":"https:\/\/naturka.ee\/lv\/wp-json\/wp\/v2\/types\/product"}],"wp:featuredmedia":[{"embeddable":true,"href":"https:\/\/naturka.ee\/lv\/wp-json\/wp\/v2\/media\/26213"}],"wp:attachment":[{"href":"https:\/\/naturka.ee\/lv\/wp-json\/wp\/v2\/media?parent=17597"}],"wp:term":[{"taxonomy":"product_cat","embeddable":true,"href":"https:\/\/naturka.ee\/lv\/wp-json\/wp\/v2\/product_cat?post=17597"},{"taxonomy":"product_tag","embeddable":true,"href":"https:\/\/naturka.ee\/lv\/wp-json\/wp\/v2\/product_tag?post=17597"}],"curies":[{"name":"wp","href":"https:\/\/api.w.org\/{rel}","templated":true}]}}