{"id":4512,"date":"2022-06-14T01:16:17","date_gmt":"2022-06-13T22:16:17","guid":{"rendered":"https:\/\/naturka.ee\/?post_type=product&#038;p=4512"},"modified":"2025-10-21T21:13:57","modified_gmt":"2025-10-21T18:13:57","slug":"persimoni-kaki-copy","status":"publish","type":"product","link":"https:\/\/naturka.ee\/fi\/tuote\/persimoni-kaki-copy\/","title":{"rendered":"Churchkhella"},"content":{"rendered":"","protected":false},"excerpt":{"rendered":"<p>Armenian kuivatut hedelm\u00e4t on t\u00e4ysin OMANLAATUINEN MAAILMA kuivattuja hedelmi\u00e4, koska ne eiv\u00e4t ole samankaltaisia kuin mik\u00e4\u00e4n hedelm\u00e4 maailmassa. On mahdotonta kuvata sen makua. Kokeile sit\u00e4. Tuntuu kuin s\u00f6isit tuoretta hedelm\u00e4\u00e4.<\/p>\n<p>S\u00e4ilyt\u00e4 kuivassa, puhtaassa ja viile\u00e4ss\u00e4 paikassa.<\/p>\n","protected":false},"featured_media":26245,"template":"","meta":{"inline_featured_image":false},"product_cat":[160,162,161],"product_tag":[],"class_list":["post-4512","product","type-product","status-publish","has-post-thumbnail","hentry","product_cat-armenian-dried-fruits-fi","product_cat-one-and-only-in-europe-fi","product_cat-dried-fruits-fi"],"supplier_id":null,"supplier_sku":"","barcode":null,"atum_controlled":true,"out_stock_date":null,"out_stock_threshold":null,"inheritable":false,"inbound_stock":0,"stock_on_hold":1,"sold_today":0,"sales_last_days":0,"reserved_stock":0,"customer_returns":0,"warehouse_damage":0,"lost_in_post":0,"other_logs":0,"out_stock_days":0,"lost_sales":0,"has_location":false,"update_date":"2026-05-07T05:55:23","atum_locations":[],"atum_stock_status":"instock","restock_status":false,"low_stock_amount":"","sales_update_date":"2026-05-07T05:55:22","calc_backorders":null,"yoast_head":"<!-- This site is optimized with the Yoast SEO plugin v22.6 - https:\/\/yoast.com\/wordpress\/plugins\/seo\/ -->\n<title>Churchkhella - Naturka<\/title>\n<meta name=\"robots\" content=\"index, follow, max-snippet:-1, max-image-preview:large, max-video-preview:-1\" \/>\n<link rel=\"canonical\" href=\"https:\/\/naturka.ee\/fi\/tuote\/persimoni-kaki-copy\/\" \/>\n<meta property=\"og:locale\" content=\"fi_FI\" \/>\n<meta property=\"og:type\" content=\"article\" \/>\n<meta property=\"og:title\" content=\"Churchkhella - Naturka\" \/>\n<meta property=\"og:description\" content=\"Armenian kuivatut hedelm\u00e4t on t\u00e4ysin OMANLAATUINEN MAAILMA kuivattuja hedelmi\u00e4, koska ne eiv\u00e4t ole samankaltaisia kuin mik\u00e4\u00e4n hedelm\u00e4 maailmassa. On mahdotonta kuvata sen makua. Kokeile sit\u00e4. Tuntuu kuin s\u00f6isit tuoretta hedelm\u00e4\u00e4.  S\u00e4ilyt\u00e4 kuivassa, puhtaassa ja viile\u00e4ss\u00e4 paikassa.\" \/>\n<meta property=\"og:url\" content=\"https:\/\/naturka.ee\/fi\/tuote\/persimoni-kaki-copy\/\" \/>\n<meta property=\"og:site_name\" content=\"Naturka\" \/>\n<meta property=\"article:modified_time\" content=\"2025-10-21T18:13:57+00:00\" \/>\n<meta property=\"og:image\" content=\"https:\/\/naturka.ee\/wp-content\/uploads\/2024\/04\/59.jpg\" \/>\n\t<meta property=\"og:image:width\" content=\"1800\" \/>\n\t<meta property=\"og:image:height\" content=\"1373\" \/>\n\t<meta property=\"og:image:type\" content=\"image\/jpeg\" \/>\n<meta name=\"twitter:card\" content=\"summary_large_image\" \/>\n<script type=\"application\/ld+json\" class=\"yoast-schema-graph\">{\"@context\":\"https:\/\/schema.org\",\"@graph\":[{\"@type\":\"WebPage\",\"@id\":\"https:\/\/naturka.ee\/fi\/tuote\/persimoni-kaki-copy\/\",\"url\":\"https:\/\/naturka.ee\/fi\/tuote\/persimoni-kaki-copy\/\",\"name\":\"Churchkhella - Naturka\",\"isPartOf\":{\"@id\":\"https:\/\/naturka.ee\/fi\/#website\"},\"primaryImageOfPage\":{\"@id\":\"https:\/\/naturka.ee\/fi\/tuote\/persimoni-kaki-copy\/#primaryimage\"},\"image\":{\"@id\":\"https:\/\/naturka.ee\/fi\/tuote\/persimoni-kaki-copy\/#primaryimage\"},\"thumbnailUrl\":\"https:\/\/naturka.ee\/wp-content\/uploads\/2024\/04\/59.jpg\",\"datePublished\":\"2022-06-13T22:16:17+00:00\",\"dateModified\":\"2025-10-21T18:13:57+00:00\",\"breadcrumb\":{\"@id\":\"https:\/\/naturka.ee\/fi\/tuote\/persimoni-kaki-copy\/#breadcrumb\"},\"inLanguage\":\"fi\",\"potentialAction\":[{\"@type\":\"ReadAction\",\"target\":[\"https:\/\/naturka.ee\/fi\/tuote\/persimoni-kaki-copy\/\"]}]},{\"@type\":\"ImageObject\",\"inLanguage\":\"fi\",\"@id\":\"https:\/\/naturka.ee\/fi\/tuote\/persimoni-kaki-copy\/#primaryimage\",\"url\":\"https:\/\/naturka.ee\/wp-content\/uploads\/2024\/04\/59.jpg\",\"contentUrl\":\"https:\/\/naturka.ee\/wp-content\/uploads\/2024\/04\/59.jpg\",\"width\":1800,\"height\":1373},{\"@type\":\"BreadcrumbList\",\"@id\":\"https:\/\/naturka.ee\/fi\/tuote\/persimoni-kaki-copy\/#breadcrumb\",\"itemListElement\":[{\"@type\":\"ListItem\",\"position\":1,\"name\":\"Home\",\"item\":\"https:\/\/naturka.ee\/fi\/home\/\"},{\"@type\":\"ListItem\",\"position\":2,\"name\":\"Pood\",\"item\":\"https:\/\/naturka.ee\/shop\/\"},{\"@type\":\"ListItem\",\"position\":3,\"name\":\"Churchkhella\"}]},{\"@type\":\"WebSite\",\"@id\":\"https:\/\/naturka.ee\/fi\/#website\",\"url\":\"https:\/\/naturka.ee\/fi\/\",\"name\":\"Naturka\",\"description\":\"\",\"potentialAction\":[{\"@type\":\"SearchAction\",\"target\":{\"@type\":\"EntryPoint\",\"urlTemplate\":\"https:\/\/naturka.ee\/fi\/?s={search_term_string}\"},\"query-input\":\"required name=search_term_string\"}],\"inLanguage\":\"fi\"}]}<\/script>\n<!-- \/ Yoast SEO plugin. -->","yoast_head_json":{"title":"Churchkhella - Naturka","robots":{"index":"index","follow":"follow","max-snippet":"max-snippet:-1","max-image-preview":"max-image-preview:large","max-video-preview":"max-video-preview:-1"},"canonical":"https:\/\/naturka.ee\/fi\/tuote\/persimoni-kaki-copy\/","og_locale":"fi_FI","og_type":"article","og_title":"Churchkhella - Naturka","og_description":"Armenian kuivatut hedelm\u00e4t on t\u00e4ysin OMANLAATUINEN MAAILMA kuivattuja hedelmi\u00e4, koska ne eiv\u00e4t ole samankaltaisia kuin mik\u00e4\u00e4n hedelm\u00e4 maailmassa. On mahdotonta kuvata sen makua. Kokeile sit\u00e4. Tuntuu kuin s\u00f6isit tuoretta hedelm\u00e4\u00e4.  S\u00e4ilyt\u00e4 kuivassa, puhtaassa ja viile\u00e4ss\u00e4 paikassa.","og_url":"https:\/\/naturka.ee\/fi\/tuote\/persimoni-kaki-copy\/","og_site_name":"Naturka","article_modified_time":"2025-10-21T18:13:57+00:00","og_image":[{"width":1800,"height":1373,"url":"https:\/\/naturka.ee\/wp-content\/uploads\/2024\/04\/59.jpg","type":"image\/jpeg"}],"twitter_card":"summary_large_image","schema":{"@context":"https:\/\/schema.org","@graph":[{"@type":"WebPage","@id":"https:\/\/naturka.ee\/fi\/tuote\/persimoni-kaki-copy\/","url":"https:\/\/naturka.ee\/fi\/tuote\/persimoni-kaki-copy\/","name":"Churchkhella - Naturka","isPartOf":{"@id":"https:\/\/naturka.ee\/fi\/#website"},"primaryImageOfPage":{"@id":"https:\/\/naturka.ee\/fi\/tuote\/persimoni-kaki-copy\/#primaryimage"},"image":{"@id":"https:\/\/naturka.ee\/fi\/tuote\/persimoni-kaki-copy\/#primaryimage"},"thumbnailUrl":"https:\/\/naturka.ee\/wp-content\/uploads\/2024\/04\/59.jpg","datePublished":"2022-06-13T22:16:17+00:00","dateModified":"2025-10-21T18:13:57+00:00","breadcrumb":{"@id":"https:\/\/naturka.ee\/fi\/tuote\/persimoni-kaki-copy\/#breadcrumb"},"inLanguage":"fi","potentialAction":[{"@type":"ReadAction","target":["https:\/\/naturka.ee\/fi\/tuote\/persimoni-kaki-copy\/"]}]},{"@type":"ImageObject","inLanguage":"fi","@id":"https:\/\/naturka.ee\/fi\/tuote\/persimoni-kaki-copy\/#primaryimage","url":"https:\/\/naturka.ee\/wp-content\/uploads\/2024\/04\/59.jpg","contentUrl":"https:\/\/naturka.ee\/wp-content\/uploads\/2024\/04\/59.jpg","width":1800,"height":1373},{"@type":"BreadcrumbList","@id":"https:\/\/naturka.ee\/fi\/tuote\/persimoni-kaki-copy\/#breadcrumb","itemListElement":[{"@type":"ListItem","position":1,"name":"Home","item":"https:\/\/naturka.ee\/fi\/home\/"},{"@type":"ListItem","position":2,"name":"Pood","item":"https:\/\/naturka.ee\/shop\/"},{"@type":"ListItem","position":3,"name":"Churchkhella"}]},{"@type":"WebSite","@id":"https:\/\/naturka.ee\/fi\/#website","url":"https:\/\/naturka.ee\/fi\/","name":"Naturka","description":"","potentialAction":[{"@type":"SearchAction","target":{"@type":"EntryPoint","urlTemplate":"https:\/\/naturka.ee\/fi\/?s={search_term_string}"},"query-input":"required name=search_term_string"}],"inLanguage":"fi"}]}},"_links":{"self":[{"href":"https:\/\/naturka.ee\/fi\/wp-json\/wp\/v2\/product\/4512","targetHints":{"allow":["GET"]}}],"collection":[{"href":"https:\/\/naturka.ee\/fi\/wp-json\/wp\/v2\/product"}],"about":[{"href":"https:\/\/naturka.ee\/fi\/wp-json\/wp\/v2\/types\/product"}],"wp:featuredmedia":[{"embeddable":true,"href":"https:\/\/naturka.ee\/fi\/wp-json\/wp\/v2\/media\/26245"}],"wp:attachment":[{"href":"https:\/\/naturka.ee\/fi\/wp-json\/wp\/v2\/media?parent=4512"}],"wp:term":[{"taxonomy":"product_cat","embeddable":true,"href":"https:\/\/naturka.ee\/fi\/wp-json\/wp\/v2\/product_cat?post=4512"},{"taxonomy":"product_tag","embeddable":true,"href":"https:\/\/naturka.ee\/fi\/wp-json\/wp\/v2\/product_tag?post=4512"}],"curies":[{"name":"wp","href":"https:\/\/api.w.org\/{rel}","templated":true}]}}