{"id":35931,"date":"2026-02-11T14:49:22","date_gmt":"2026-02-11T12:56:01","guid":{"rendered":"https:\/\/naturka.ee\/product\/st-valentine-giftbox\/"},"modified":"2026-02-12T11:40:15","modified_gmt":"2026-02-12T09:40:15","slug":"st-valentine-giftbox","status":"publish","type":"product","link":"https:\/\/naturka.ee\/fi\/tuote\/st-valentine-giftbox\/","title":{"rendered":"Yst\u00e4v\u00e4np\u00e4iv\u00e4n lahjapakkaus"},"content":{"rendered":"","protected":false},"excerpt":{"rendered":"<p data-start=\"127\" data-end=\"474\">Naturka Valent\u012bndienas d\u0101vanu komplekts ir maza siltuma un r\u016bpju pilna k\u0101rbi\u0146a. Fiz\u0101lis, Braz\u012blijas rieksti, lob\u012btas pist\u0101cijas, grauzd\u0113tas meln\u0101s un edamame pupi\u0146as, k\u0101 ar\u012b kalt\u0113tas aprikozes \u2014 dabiskas gar\u0161as, ar kur\u0101m pat\u012bkami dal\u012bties. T\u0101 ir ne tikai skaista d\u0101vana, bet ar\u012b vesel\u012bga izv\u0113le bez lieka cukura.<\/p>\n<p data-start=\"127\" data-end=\"474\">Physalis \u2013 40 g<br \/>\nBrasilianp\u00e4hkin\u00e4 \u2013 50 g<br \/>\nKuoritut pistaasip\u00e4hkin\u00e4t \u2013 40 g<br \/>\nPaistetut edamame-pavut \u2013 100 g<br \/>\nPaistetut mustapavut \u2013 100 g<br \/>\nKuivatut aprikoosit \u2013 240 g<\/p>\n","protected":false},"featured_media":35948,"template":"","meta":{"inline_featured_image":false},"product_cat":[175],"product_tag":[],"class_list":["post-35931","product","type-product","status-publish","has-post-thumbnail","hentry","product_cat-special-offer-fi"],"supplier_id":null,"supplier_sku":"","barcode":null,"atum_controlled":true,"out_stock_date":null,"out_stock_threshold":null,"inheritable":false,"inbound_stock":0,"stock_on_hold":0,"sold_today":0,"sales_last_days":0,"reserved_stock":0,"customer_returns":0,"warehouse_damage":0,"lost_in_post":0,"other_logs":0,"out_stock_days":0,"lost_sales":0,"has_location":false,"update_date":"2026-05-13T05:58:16","atum_locations":[],"atum_stock_status":"instock","restock_status":false,"low_stock_amount":"","sales_update_date":"2026-05-13T05:58:16","calc_backorders":null,"yoast_head":"<!-- This site is optimized with the Yoast SEO plugin v22.6 - https:\/\/yoast.com\/wordpress\/plugins\/seo\/ -->\n<title>Yst\u00e4v\u00e4np\u00e4iv\u00e4n lahjapakkaus - Naturka<\/title>\n<meta name=\"robots\" content=\"index, follow, max-snippet:-1, max-image-preview:large, max-video-preview:-1\" \/>\n<link rel=\"canonical\" href=\"https:\/\/naturka.ee\/fi\/tuote\/st-valentine-giftbox\/\" \/>\n<meta property=\"og:locale\" content=\"fi_FI\" \/>\n<meta property=\"og:type\" content=\"article\" \/>\n<meta property=\"og:title\" content=\"Yst\u00e4v\u00e4np\u00e4iv\u00e4n lahjapakkaus - Naturka\" \/>\n<meta property=\"og:description\" content=\"Naturka Valent\u012bndienas d\u0101vanu komplekts ir maza siltuma un r\u016bpju pilna k\u0101rbi\u0146a. Fiz\u0101lis, Braz\u012blijas rieksti, lob\u012btas pist\u0101cijas, grauzd\u0113tas meln\u0101s un edamame pupi\u0146as, k\u0101 ar\u012b kalt\u0113tas aprikozes \u2014 dabiskas gar\u0161as, ar kur\u0101m pat\u012bkami dal\u012bties. T\u0101 ir ne tikai skaista d\u0101vana, bet ar\u012b vesel\u012bga izv\u0113le bez lieka cukura. Physalis \u2013 40 g Brasilianp\u00e4hkin\u00e4 \u2013 50 g Kuoritut pistaasip\u00e4hkin\u00e4t \u2013 40 g Paistetut edamame-pavut \u2013 100 g Paistetut mustapavut \u2013 100 g Kuivatut aprikoosit \u2013 240 g\" \/>\n<meta property=\"og:url\" content=\"https:\/\/naturka.ee\/fi\/tuote\/st-valentine-giftbox\/\" \/>\n<meta property=\"og:site_name\" content=\"Naturka\" \/>\n<meta property=\"article:modified_time\" content=\"2026-02-12T09:40:15+00:00\" \/>\n<meta property=\"og:image\" content=\"https:\/\/naturka.ee\/wp-content\/uploads\/2026\/02\/Untitled-design-1-1024x1024.png\" \/>\n\t<meta property=\"og:image:width\" content=\"1024\" \/>\n\t<meta property=\"og:image:height\" content=\"1024\" \/>\n\t<meta property=\"og:image:type\" content=\"image\/png\" \/>\n<meta name=\"twitter:card\" content=\"summary_large_image\" \/>\n<script type=\"application\/ld+json\" class=\"yoast-schema-graph\">{\"@context\":\"https:\/\/schema.org\",\"@graph\":[{\"@type\":\"WebPage\",\"@id\":\"https:\/\/naturka.ee\/fi\/tuote\/st-valentine-giftbox\/\",\"url\":\"https:\/\/naturka.ee\/fi\/tuote\/st-valentine-giftbox\/\",\"name\":\"Yst\u00e4v\u00e4np\u00e4iv\u00e4n lahjapakkaus - Naturka\",\"isPartOf\":{\"@id\":\"https:\/\/naturka.ee\/fi\/#website\"},\"primaryImageOfPage\":{\"@id\":\"https:\/\/naturka.ee\/fi\/tuote\/st-valentine-giftbox\/#primaryimage\"},\"image\":{\"@id\":\"https:\/\/naturka.ee\/fi\/tuote\/st-valentine-giftbox\/#primaryimage\"},\"thumbnailUrl\":\"https:\/\/naturka.ee\/wp-content\/uploads\/2026\/02\/Untitled-design-1.png\",\"datePublished\":\"2026-02-11T12:56:01+00:00\",\"dateModified\":\"2026-02-12T09:40:15+00:00\",\"breadcrumb\":{\"@id\":\"https:\/\/naturka.ee\/fi\/tuote\/st-valentine-giftbox\/#breadcrumb\"},\"inLanguage\":\"fi\",\"potentialAction\":[{\"@type\":\"ReadAction\",\"target\":[\"https:\/\/naturka.ee\/fi\/tuote\/st-valentine-giftbox\/\"]}]},{\"@type\":\"ImageObject\",\"inLanguage\":\"fi\",\"@id\":\"https:\/\/naturka.ee\/fi\/tuote\/st-valentine-giftbox\/#primaryimage\",\"url\":\"https:\/\/naturka.ee\/wp-content\/uploads\/2026\/02\/Untitled-design-1.png\",\"contentUrl\":\"https:\/\/naturka.ee\/wp-content\/uploads\/2026\/02\/Untitled-design-1.png\",\"width\":3200,\"height\":3200},{\"@type\":\"BreadcrumbList\",\"@id\":\"https:\/\/naturka.ee\/fi\/tuote\/st-valentine-giftbox\/#breadcrumb\",\"itemListElement\":[{\"@type\":\"ListItem\",\"position\":1,\"name\":\"Home\",\"item\":\"https:\/\/naturka.ee\/fi\/home\/\"},{\"@type\":\"ListItem\",\"position\":2,\"name\":\"Pood\",\"item\":\"https:\/\/naturka.ee\/shop\/\"},{\"@type\":\"ListItem\",\"position\":3,\"name\":\"Yst\u00e4v\u00e4np\u00e4iv\u00e4n lahjapakkaus\"}]},{\"@type\":\"WebSite\",\"@id\":\"https:\/\/naturka.ee\/fi\/#website\",\"url\":\"https:\/\/naturka.ee\/fi\/\",\"name\":\"Naturka\",\"description\":\"\",\"potentialAction\":[{\"@type\":\"SearchAction\",\"target\":{\"@type\":\"EntryPoint\",\"urlTemplate\":\"https:\/\/naturka.ee\/fi\/?s={search_term_string}\"},\"query-input\":\"required name=search_term_string\"}],\"inLanguage\":\"fi\"}]}<\/script>\n<!-- \/ Yoast SEO plugin. -->","yoast_head_json":{"title":"Yst\u00e4v\u00e4np\u00e4iv\u00e4n lahjapakkaus - Naturka","robots":{"index":"index","follow":"follow","max-snippet":"max-snippet:-1","max-image-preview":"max-image-preview:large","max-video-preview":"max-video-preview:-1"},"canonical":"https:\/\/naturka.ee\/fi\/tuote\/st-valentine-giftbox\/","og_locale":"fi_FI","og_type":"article","og_title":"Yst\u00e4v\u00e4np\u00e4iv\u00e4n lahjapakkaus - Naturka","og_description":"Naturka Valent\u012bndienas d\u0101vanu komplekts ir maza siltuma un r\u016bpju pilna k\u0101rbi\u0146a. Fiz\u0101lis, Braz\u012blijas rieksti, lob\u012btas pist\u0101cijas, grauzd\u0113tas meln\u0101s un edamame pupi\u0146as, k\u0101 ar\u012b kalt\u0113tas aprikozes \u2014 dabiskas gar\u0161as, ar kur\u0101m pat\u012bkami dal\u012bties. T\u0101 ir ne tikai skaista d\u0101vana, bet ar\u012b vesel\u012bga izv\u0113le bez lieka cukura. Physalis \u2013 40 g Brasilianp\u00e4hkin\u00e4 \u2013 50 g Kuoritut pistaasip\u00e4hkin\u00e4t \u2013 40 g Paistetut edamame-pavut \u2013 100 g Paistetut mustapavut \u2013 100 g Kuivatut aprikoosit \u2013 240 g","og_url":"https:\/\/naturka.ee\/fi\/tuote\/st-valentine-giftbox\/","og_site_name":"Naturka","article_modified_time":"2026-02-12T09:40:15+00:00","og_image":[{"width":1024,"height":1024,"url":"https:\/\/naturka.ee\/wp-content\/uploads\/2026\/02\/Untitled-design-1-1024x1024.png","type":"image\/png"}],"twitter_card":"summary_large_image","schema":{"@context":"https:\/\/schema.org","@graph":[{"@type":"WebPage","@id":"https:\/\/naturka.ee\/fi\/tuote\/st-valentine-giftbox\/","url":"https:\/\/naturka.ee\/fi\/tuote\/st-valentine-giftbox\/","name":"Yst\u00e4v\u00e4np\u00e4iv\u00e4n lahjapakkaus - Naturka","isPartOf":{"@id":"https:\/\/naturka.ee\/fi\/#website"},"primaryImageOfPage":{"@id":"https:\/\/naturka.ee\/fi\/tuote\/st-valentine-giftbox\/#primaryimage"},"image":{"@id":"https:\/\/naturka.ee\/fi\/tuote\/st-valentine-giftbox\/#primaryimage"},"thumbnailUrl":"https:\/\/naturka.ee\/wp-content\/uploads\/2026\/02\/Untitled-design-1.png","datePublished":"2026-02-11T12:56:01+00:00","dateModified":"2026-02-12T09:40:15+00:00","breadcrumb":{"@id":"https:\/\/naturka.ee\/fi\/tuote\/st-valentine-giftbox\/#breadcrumb"},"inLanguage":"fi","potentialAction":[{"@type":"ReadAction","target":["https:\/\/naturka.ee\/fi\/tuote\/st-valentine-giftbox\/"]}]},{"@type":"ImageObject","inLanguage":"fi","@id":"https:\/\/naturka.ee\/fi\/tuote\/st-valentine-giftbox\/#primaryimage","url":"https:\/\/naturka.ee\/wp-content\/uploads\/2026\/02\/Untitled-design-1.png","contentUrl":"https:\/\/naturka.ee\/wp-content\/uploads\/2026\/02\/Untitled-design-1.png","width":3200,"height":3200},{"@type":"BreadcrumbList","@id":"https:\/\/naturka.ee\/fi\/tuote\/st-valentine-giftbox\/#breadcrumb","itemListElement":[{"@type":"ListItem","position":1,"name":"Home","item":"https:\/\/naturka.ee\/fi\/home\/"},{"@type":"ListItem","position":2,"name":"Pood","item":"https:\/\/naturka.ee\/shop\/"},{"@type":"ListItem","position":3,"name":"Yst\u00e4v\u00e4np\u00e4iv\u00e4n lahjapakkaus"}]},{"@type":"WebSite","@id":"https:\/\/naturka.ee\/fi\/#website","url":"https:\/\/naturka.ee\/fi\/","name":"Naturka","description":"","potentialAction":[{"@type":"SearchAction","target":{"@type":"EntryPoint","urlTemplate":"https:\/\/naturka.ee\/fi\/?s={search_term_string}"},"query-input":"required name=search_term_string"}],"inLanguage":"fi"}]}},"_links":{"self":[{"href":"https:\/\/naturka.ee\/fi\/wp-json\/wp\/v2\/product\/35931","targetHints":{"allow":["GET"]}}],"collection":[{"href":"https:\/\/naturka.ee\/fi\/wp-json\/wp\/v2\/product"}],"about":[{"href":"https:\/\/naturka.ee\/fi\/wp-json\/wp\/v2\/types\/product"}],"wp:featuredmedia":[{"embeddable":true,"href":"https:\/\/naturka.ee\/fi\/wp-json\/wp\/v2\/media\/35948"}],"wp:attachment":[{"href":"https:\/\/naturka.ee\/fi\/wp-json\/wp\/v2\/media?parent=35931"}],"wp:term":[{"taxonomy":"product_cat","embeddable":true,"href":"https:\/\/naturka.ee\/fi\/wp-json\/wp\/v2\/product_cat?post=35931"},{"taxonomy":"product_tag","embeddable":true,"href":"https:\/\/naturka.ee\/fi\/wp-json\/wp\/v2\/product_tag?post=35931"}],"curies":[{"name":"wp","href":"https:\/\/api.w.org\/{rel}","templated":true}]}}