{"id":28792,"date":"2024-09-23T17:48:57","date_gmt":"2024-09-23T14:48:57","guid":{"rendered":"https:\/\/naturka.ee\/product\/1kg-mangot-kingituseks-250g-kookoskropse\/"},"modified":"2025-10-21T20:39:12","modified_gmt":"2025-10-21T17:39:12","slug":"1kg-mangot-kingituseks-250g-kookoskropse","status":"publish","type":"product","link":"https:\/\/naturka.ee\/fi\/tuote\/1kg-mangot-kingituseks-250g-kookoskropse\/","title":{"rendered":"1KG Mangoa + saat ilmaiseksi 250g kookoslastuja"},"content":{"rendered":"","protected":false},"excerpt":{"rendered":"<p id=\"tw-target-text\" class=\"tw-data-text tw-text-large tw-ta\" dir=\"ltr\" data-placeholder=\"Translation\" data-ved=\"2ahUKEwj3q8Tzp9mIAxXZPhAIHa4ZAN0Q3ewLegQICBAU\" aria-label=\"Translated text: Supertarjous terveellisten makeisten yst\u00e4ville! Jokaista ostettua mangokiloa kohden annamme sinulle 250g pakkauksen kookoslastuja! 2 kg mangoja = 500 g (2 pakkausta) kookoslastuja jne. N\u00e4m\u00e4 kultaiset palaset k\u00e4tkev\u00e4t ep\u00e4todellista nautintoa! Herkullinen ja hell\u00e4 mango, johon kaikki rakastuvat! Tuhannet onnensienet ovat jo kiinnittyneet t\u00e4h\u00e4n uskomattoman makeaan makuun. Naturkan v\u00e4h\u00e4sokerisessa (5%) kuivatussa mangossa on my\u00f6s yli 20 vitamiinia ja kivenn\u00e4isainetta, jotka sopivat nautittavaksi my\u00f6s laihduttamalla tai terveellisesti! Kokeile supermaukasta mangoamme! Naturka takaa, ett\u00e4 sen unohtumaton maku ja tuoksu eiv\u00e4t j\u00e4t\u00e4 sinua v\u00e4linpit\u00e4m\u00e4tt\u00f6m\u00e4ksi. Kookoslastut sopivat mainiosti jogurttiin, smoothieihin tai salaatteihin ja tietysti sy\u00f6t\u00e4v\u00e4ksi sellaisenaan!\"><span class=\"Y2IQFc\" lang=\"fi\">Supertarjous terveellisten makeisten yst\u00e4ville! <\/span><\/p>\n<p class=\"tw-data-text tw-text-large tw-ta\" dir=\"ltr\" data-placeholder=\"Translation\" data-ved=\"2ahUKEwj3q8Tzp9mIAxXZPhAIHa4ZAN0Q3ewLegQICBAU\" aria-label=\"Translated text: Supertarjous terveellisten makeisten yst\u00e4ville! Jokaista ostettua mangokiloa kohden annamme sinulle 250g pakkauksen kookoslastuja! 2 kg mangoja = 500 g (2 pakkausta) kookoslastuja jne. N\u00e4m\u00e4 kultaiset palaset k\u00e4tkev\u00e4t ep\u00e4todellista nautintoa! Herkullinen ja hell\u00e4 mango, johon kaikki rakastuvat! Tuhannet onnensienet ovat jo kiinnittyneet t\u00e4h\u00e4n uskomattoman makeaan makuun. Naturkan v\u00e4h\u00e4sokerisessa (5%) kuivatussa mangossa on my\u00f6s yli 20 vitamiinia ja kivenn\u00e4isainetta, jotka sopivat nautittavaksi my\u00f6s laihduttamalla tai terveellisesti! Kokeile supermaukasta mangoamme! Naturka takaa, ett\u00e4 sen unohtumaton maku ja tuoksu eiv\u00e4t j\u00e4t\u00e4 sinua v\u00e4linpit\u00e4m\u00e4tt\u00f6m\u00e4ksi. Kookoslastut sopivat mainiosti jogurttiin, smoothieihin tai salaatteihin ja tietysti sy\u00f6t\u00e4v\u00e4ksi sellaisenaan!\"><span class=\"Y2IQFc\" lang=\"fi\">Jokaista ostettua mangokiloa kohden annamme sinulle 250g pakkauksen kookoslastuja! 2 kg mangoja = 500 g (2 pakkausta) kookoslastuja jne. <\/span><\/p>\n<p class=\"tw-data-text tw-text-large tw-ta\" dir=\"ltr\" data-placeholder=\"Translation\" data-ved=\"2ahUKEwj3q8Tzp9mIAxXZPhAIHa4ZAN0Q3ewLegQICBAU\" aria-label=\"Translated text: Supertarjous terveellisten makeisten yst\u00e4ville! Jokaista ostettua mangokiloa kohden annamme sinulle 250g pakkauksen kookoslastuja! 2 kg mangoja = 500 g (2 pakkausta) kookoslastuja jne. N\u00e4m\u00e4 kultaiset palaset k\u00e4tkev\u00e4t ep\u00e4todellista nautintoa! Herkullinen ja hell\u00e4 mango, johon kaikki rakastuvat! Tuhannet onnensienet ovat jo kiinnittyneet t\u00e4h\u00e4n uskomattoman makeaan makuun. Naturkan v\u00e4h\u00e4sokerisessa (5%) kuivatussa mangossa on my\u00f6s yli 20 vitamiinia ja kivenn\u00e4isainetta, jotka sopivat nautittavaksi my\u00f6s laihduttamalla tai terveellisesti! Kokeile supermaukasta mangoamme! Naturka takaa, ett\u00e4 sen unohtumaton maku ja tuoksu eiv\u00e4t j\u00e4t\u00e4 sinua v\u00e4linpit\u00e4m\u00e4tt\u00f6m\u00e4ksi. Kookoslastut sopivat mainiosti jogurttiin, smoothieihin tai salaatteihin ja tietysti sy\u00f6t\u00e4v\u00e4ksi sellaisenaan!\"><span class=\"Y2IQFc\" lang=\"fi\">N\u00e4m\u00e4 kultaiset palaset k\u00e4tkev\u00e4t ep\u00e4todellista nautintoa! Herkullinen ja hell\u00e4 mango, johon kaikki rakastuvat! Tuhannet onnensienet ovat jo kiinnittyneet t\u00e4h\u00e4n uskomattoman makeaan makuun. Naturkan v\u00e4h\u00e4sokerisessa (5%) kuivatussa mangossa on my\u00f6s yli 20 vitamiinia ja kivenn\u00e4isainetta, jotka sopivat nautittavaksi my\u00f6s laihduttamalla tai terveellisesti! <\/span><\/p>\n<p class=\"tw-data-text tw-text-large tw-ta\" dir=\"ltr\" data-placeholder=\"Translation\" data-ved=\"2ahUKEwj3q8Tzp9mIAxXZPhAIHa4ZAN0Q3ewLegQICBAU\" aria-label=\"Translated text: Supertarjous terveellisten makeisten yst\u00e4ville! Jokaista ostettua mangokiloa kohden annamme sinulle 250g pakkauksen kookoslastuja! 2 kg mangoja = 500 g (2 pakkausta) kookoslastuja jne. N\u00e4m\u00e4 kultaiset palaset k\u00e4tkev\u00e4t ep\u00e4todellista nautintoa! Herkullinen ja hell\u00e4 mango, johon kaikki rakastuvat! Tuhannet onnensienet ovat jo kiinnittyneet t\u00e4h\u00e4n uskomattoman makeaan makuun. Naturkan v\u00e4h\u00e4sokerisessa (5%) kuivatussa mangossa on my\u00f6s yli 20 vitamiinia ja kivenn\u00e4isainetta, jotka sopivat nautittavaksi my\u00f6s laihduttamalla tai terveellisesti! Kokeile supermaukasta mangoamme! Naturka takaa, ett\u00e4 sen unohtumaton maku ja tuoksu eiv\u00e4t j\u00e4t\u00e4 sinua v\u00e4linpit\u00e4m\u00e4tt\u00f6m\u00e4ksi. Kookoslastut sopivat mainiosti jogurttiin, smoothieihin tai salaatteihin ja tietysti sy\u00f6t\u00e4v\u00e4ksi sellaisenaan!\"><span class=\"Y2IQFc\" lang=\"fi\">Kokeile supermaukasta mangoamme! Naturka takaa, ett\u00e4 sen unohtumaton maku ja tuoksu eiv\u00e4t j\u00e4t\u00e4 sinua v\u00e4linpit\u00e4m\u00e4tt\u00f6m\u00e4ksi. <\/span><\/p>\n<p class=\"tw-data-text tw-text-large tw-ta\" dir=\"ltr\" data-placeholder=\"Translation\" data-ved=\"2ahUKEwj3q8Tzp9mIAxXZPhAIHa4ZAN0Q3ewLegQICBAU\" aria-label=\"Translated text: Supertarjous terveellisten makeisten yst\u00e4ville! Jokaista ostettua mangokiloa kohden annamme sinulle 250g pakkauksen kookoslastuja! 2 kg mangoja = 500 g (2 pakkausta) kookoslastuja jne. N\u00e4m\u00e4 kultaiset palaset k\u00e4tkev\u00e4t ep\u00e4todellista nautintoa! Herkullinen ja hell\u00e4 mango, johon kaikki rakastuvat! Tuhannet onnensienet ovat jo kiinnittyneet t\u00e4h\u00e4n uskomattoman makeaan makuun. Naturkan v\u00e4h\u00e4sokerisessa (5%) kuivatussa mangossa on my\u00f6s yli 20 vitamiinia ja kivenn\u00e4isainetta, jotka sopivat nautittavaksi my\u00f6s laihduttamalla tai terveellisesti! Kokeile supermaukasta mangoamme! Naturka takaa, ett\u00e4 sen unohtumaton maku ja tuoksu eiv\u00e4t j\u00e4t\u00e4 sinua v\u00e4linpit\u00e4m\u00e4tt\u00f6m\u00e4ksi. Kookoslastut sopivat mainiosti jogurttiin, smoothieihin tai salaatteihin ja tietysti sy\u00f6t\u00e4v\u00e4ksi sellaisenaan!\"><span class=\"Y2IQFc\" lang=\"fi\">Kookoslastut sopivat mainiosti jogurttiin, smoothieihin tai salaatteihin ja tietysti sy\u00f6t\u00e4v\u00e4ksi sellaisenaan!<\/span><\/p>\n<p class=\"tw-data-text tw-text-large tw-ta\" dir=\"ltr\" data-placeholder=\"Translation\" data-ved=\"2ahUKEwip0-CChduIAxUyJRAIHZrDFbMQ3ewLegQICBAU\" aria-label=\"Translated text: Ainesosat (mango): mango, sakkaroosi (5%), sitruunahappo Ravintosis\u00e4lt\u00f6 per 100g: energiasis\u00e4lt\u00f6 1398,39 kJ\/334 kcal, rasvat 0,49 g, josta tyydyttyneet rasvahapot 0,02 g; hiilihydraatteja 80,7g, joista sokereita 49,5g, proteiineja 1,68g, suolaa 0g. Ainesosat (kookoslastut): 100 % kookos Ravintosis\u00e4lt\u00f6 per 100g: energiapitoisuus 660 kcal, rasvat 64,5g, joista tyydyttyneit\u00e4 rasvahappoja 57,2g; hiilihydraatteja 23,65g, josta sokereita 7,35g, proteiineja 6,9g, suolaa 0g. Varastoi kuivassa ja viile\u00e4ss\u00e4 paikassa.\"><span class=\"Y2IQFc\" lang=\"fi\">Ravintosis\u00e4lt\u00f6 per 100g: energiasis\u00e4lt\u00f6 1398,39 kJ\/334 kcal, rasvat 0,49 g, josta tyydyttyneet rasvahapot 0,02 g; hiilihydraatteja 80,7g, joista sokereita 49,5g, proteiineja 1,68g, suolaa 0g.<\/span><\/p>\n<p class=\"tw-data-text tw-text-large tw-ta\" dir=\"ltr\" data-placeholder=\"Translation\" data-ved=\"2ahUKEwip0-CChduIAxUyJRAIHZrDFbMQ3ewLegQICBAU\" aria-label=\"Translated text: Ainesosat (mango): mango, sakkaroosi (5%), sitruunahappo Ravintosis\u00e4lt\u00f6 per 100g: energiasis\u00e4lt\u00f6 1398,39 kJ\/334 kcal, rasvat 0,49 g, josta tyydyttyneet rasvahapot 0,02 g; hiilihydraatteja 80,7g, joista sokereita 49,5g, proteiineja 1,68g, suolaa 0g. Ainesosat (kookoslastut): 100 % kookos Ravintosis\u00e4lt\u00f6 per 100g: energiapitoisuus 660 kcal, rasvat 64,5g, joista tyydyttyneit\u00e4 rasvahappoja 57,2g; hiilihydraatteja 23,65g, josta sokereita 7,35g, proteiineja 6,9g, suolaa 0g. Varastoi kuivassa ja viile\u00e4ss\u00e4 paikassa.\"><span class=\"Y2IQFc\" lang=\"fi\">Ravintosis\u00e4lt\u00f6 per 100g (kookoslastut): energiapitoisuus 660 kcal, rasvat 64,5g, joista tyydyttyneit\u00e4 rasvahappoja 57,2g; hiilihydraatteja 23,65g, josta sokereita 7,35g, proteiineja 6,9g, suolaa 0g. <\/span><\/p>\n<p class=\"tw-data-text tw-text-large tw-ta\" dir=\"ltr\" data-placeholder=\"Translation\" data-ved=\"2ahUKEwip0-CChduIAxUyJRAIHZrDFbMQ3ewLegQICBAU\" aria-label=\"Translated text: Ainesosat (mango): mango, sakkaroosi (5%), sitruunahappo Ravintosis\u00e4lt\u00f6 per 100g: energiasis\u00e4lt\u00f6 1398,39 kJ\/334 kcal, rasvat 0,49 g, josta tyydyttyneet rasvahapot 0,02 g; hiilihydraatteja 80,7g, joista sokereita 49,5g, proteiineja 1,68g, suolaa 0g. Ainesosat (kookoslastut): 100 % kookos Ravintosis\u00e4lt\u00f6 per 100g: energiapitoisuus 660 kcal, rasvat 64,5g, joista tyydyttyneit\u00e4 rasvahappoja 57,2g; hiilihydraatteja 23,65g, josta sokereita 7,35g, proteiineja 6,9g, suolaa 0g. Varastoi kuivassa ja viile\u00e4ss\u00e4 paikassa.\"><span class=\"Y2IQFc\" lang=\"fi\">Varastoi kuivassa ja viile\u00e4ss\u00e4 paikassa.<\/span><\/p>\n","protected":false},"featured_media":28809,"template":"","meta":{"inline_featured_image":false},"product_cat":[175],"product_tag":[],"class_list":["post-28792","product","type-product","status-publish","has-post-thumbnail","hentry","product_cat-special-offer-fi"],"supplier_id":null,"supplier_sku":"","barcode":null,"atum_controlled":true,"out_stock_date":null,"out_stock_threshold":null,"inheritable":false,"inbound_stock":0,"stock_on_hold":0,"sold_today":0,"sales_last_days":0,"reserved_stock":0,"customer_returns":0,"warehouse_damage":0,"lost_in_post":0,"other_logs":0,"out_stock_days":0,"lost_sales":0,"has_location":false,"update_date":"2026-04-16T15:49:37","atum_locations":[],"atum_stock_status":"instock","restock_status":false,"low_stock_amount":"","sales_update_date":"2026-04-16T15:49:37","calc_backorders":null,"yoast_head":"<!-- This site is optimized with the Yoast SEO plugin v22.6 - https:\/\/yoast.com\/wordpress\/plugins\/seo\/ -->\n<title>1KG Mangoa + saat ilmaiseksi 250g kookoslastuja - Naturka<\/title>\n<meta name=\"robots\" content=\"index, follow, max-snippet:-1, max-image-preview:large, max-video-preview:-1\" \/>\n<link rel=\"canonical\" href=\"https:\/\/naturka.ee\/fi\/tuote\/1kg-mangot-kingituseks-250g-kookoskropse\/\" \/>\n<meta property=\"og:locale\" content=\"fi_FI\" \/>\n<meta property=\"og:type\" content=\"article\" \/>\n<meta property=\"og:title\" content=\"1KG Mangoa + saat ilmaiseksi 250g kookoslastuja - Naturka\" \/>\n<meta property=\"og:description\" content=\"Supertarjous terveellisten makeisten yst\u00e4ville!  Jokaista ostettua mangokiloa kohden annamme sinulle 250g pakkauksen kookoslastuja! 2 kg mangoja = 500 g (2 pakkausta) kookoslastuja jne.  N\u00e4m\u00e4 kultaiset palaset k\u00e4tkev\u00e4t ep\u00e4todellista nautintoa! Herkullinen ja hell\u00e4 mango, johon kaikki rakastuvat! Tuhannet onnensienet ovat jo kiinnittyneet t\u00e4h\u00e4n uskomattoman makeaan makuun. Naturkan v\u00e4h\u00e4sokerisessa (5%) kuivatussa mangossa on my\u00f6s yli 20 vitamiinia ja kivenn\u00e4isainetta, jotka sopivat nautittavaksi my\u00f6s laihduttamalla tai terveellisesti!  Kokeile supermaukasta mangoamme! Naturka takaa, ett\u00e4 sen unohtumaton maku ja tuoksu eiv\u00e4t j\u00e4t\u00e4 sinua v\u00e4linpit\u00e4m\u00e4tt\u00f6m\u00e4ksi.  Kookoslastut sopivat mainiosti jogurttiin, smoothieihin tai salaatteihin ja tietysti sy\u00f6t\u00e4v\u00e4ksi sellaisenaan! Ravintosis\u00e4lt\u00f6 per 100g: energiasis\u00e4lt\u00f6 1398,39 kJ\/334 kcal, rasvat 0,49 g, josta tyydyttyneet rasvahapot 0,02 g; hiilihydraatteja 80,7g, joista sokereita 49,5g, proteiineja 1,68g, suolaa 0g. Ravintosis\u00e4lt\u00f6 per 100g (kookoslastut): energiapitoisuus 660 kcal, rasvat 64,5g, joista tyydyttyneit\u00e4 rasvahappoja 57,2g; hiilihydraatteja 23,65g, josta sokereita 7,35g, proteiineja 6,9g, suolaa 0g.  Varastoi kuivassa ja viile\u00e4ss\u00e4 paikassa.\" \/>\n<meta property=\"og:url\" content=\"https:\/\/naturka.ee\/fi\/tuote\/1kg-mangot-kingituseks-250g-kookoskropse\/\" \/>\n<meta property=\"og:site_name\" content=\"Naturka\" \/>\n<meta property=\"article:modified_time\" content=\"2025-10-21T17:39:12+00:00\" \/>\n<meta property=\"og:image\" content=\"https:\/\/naturka.ee\/wp-content\/uploads\/2024\/09\/mango_kokos424.09.jpg\" \/>\n\t<meta property=\"og:image:width\" content=\"1536\" \/>\n\t<meta property=\"og:image:height\" content=\"1172\" \/>\n\t<meta property=\"og:image:type\" content=\"image\/jpeg\" \/>\n<meta name=\"twitter:card\" content=\"summary_large_image\" \/>\n<script type=\"application\/ld+json\" class=\"yoast-schema-graph\">{\"@context\":\"https:\/\/schema.org\",\"@graph\":[{\"@type\":\"WebPage\",\"@id\":\"https:\/\/naturka.ee\/fi\/tuote\/1kg-mangot-kingituseks-250g-kookoskropse\/\",\"url\":\"https:\/\/naturka.ee\/fi\/tuote\/1kg-mangot-kingituseks-250g-kookoskropse\/\",\"name\":\"1KG Mangoa + saat ilmaiseksi 250g kookoslastuja - Naturka\",\"isPartOf\":{\"@id\":\"https:\/\/naturka.ee\/fi\/#website\"},\"primaryImageOfPage\":{\"@id\":\"https:\/\/naturka.ee\/fi\/tuote\/1kg-mangot-kingituseks-250g-kookoskropse\/#primaryimage\"},\"image\":{\"@id\":\"https:\/\/naturka.ee\/fi\/tuote\/1kg-mangot-kingituseks-250g-kookoskropse\/#primaryimage\"},\"thumbnailUrl\":\"https:\/\/naturka.ee\/wp-content\/uploads\/2024\/09\/mango_kokos424.09.jpg\",\"datePublished\":\"2024-09-23T14:48:57+00:00\",\"dateModified\":\"2025-10-21T17:39:12+00:00\",\"breadcrumb\":{\"@id\":\"https:\/\/naturka.ee\/fi\/tuote\/1kg-mangot-kingituseks-250g-kookoskropse\/#breadcrumb\"},\"inLanguage\":\"fi\",\"potentialAction\":[{\"@type\":\"ReadAction\",\"target\":[\"https:\/\/naturka.ee\/fi\/tuote\/1kg-mangot-kingituseks-250g-kookoskropse\/\"]}]},{\"@type\":\"ImageObject\",\"inLanguage\":\"fi\",\"@id\":\"https:\/\/naturka.ee\/fi\/tuote\/1kg-mangot-kingituseks-250g-kookoskropse\/#primaryimage\",\"url\":\"https:\/\/naturka.ee\/wp-content\/uploads\/2024\/09\/mango_kokos424.09.jpg\",\"contentUrl\":\"https:\/\/naturka.ee\/wp-content\/uploads\/2024\/09\/mango_kokos424.09.jpg\",\"width\":1536,\"height\":1172},{\"@type\":\"BreadcrumbList\",\"@id\":\"https:\/\/naturka.ee\/fi\/tuote\/1kg-mangot-kingituseks-250g-kookoskropse\/#breadcrumb\",\"itemListElement\":[{\"@type\":\"ListItem\",\"position\":1,\"name\":\"Home\",\"item\":\"https:\/\/naturka.ee\/fi\/home\/\"},{\"@type\":\"ListItem\",\"position\":2,\"name\":\"Pood\",\"item\":\"https:\/\/naturka.ee\/shop\/\"},{\"@type\":\"ListItem\",\"position\":3,\"name\":\"1KG Mangoa + saat ilmaiseksi 250g kookoslastuja\"}]},{\"@type\":\"WebSite\",\"@id\":\"https:\/\/naturka.ee\/fi\/#website\",\"url\":\"https:\/\/naturka.ee\/fi\/\",\"name\":\"Naturka\",\"description\":\"\",\"potentialAction\":[{\"@type\":\"SearchAction\",\"target\":{\"@type\":\"EntryPoint\",\"urlTemplate\":\"https:\/\/naturka.ee\/fi\/?s={search_term_string}\"},\"query-input\":\"required name=search_term_string\"}],\"inLanguage\":\"fi\"}]}<\/script>\n<!-- \/ Yoast SEO plugin. -->","yoast_head_json":{"title":"1KG Mangoa + saat ilmaiseksi 250g kookoslastuja - Naturka","robots":{"index":"index","follow":"follow","max-snippet":"max-snippet:-1","max-image-preview":"max-image-preview:large","max-video-preview":"max-video-preview:-1"},"canonical":"https:\/\/naturka.ee\/fi\/tuote\/1kg-mangot-kingituseks-250g-kookoskropse\/","og_locale":"fi_FI","og_type":"article","og_title":"1KG Mangoa + saat ilmaiseksi 250g kookoslastuja - Naturka","og_description":"Supertarjous terveellisten makeisten yst\u00e4ville!  Jokaista ostettua mangokiloa kohden annamme sinulle 250g pakkauksen kookoslastuja! 2 kg mangoja = 500 g (2 pakkausta) kookoslastuja jne.  N\u00e4m\u00e4 kultaiset palaset k\u00e4tkev\u00e4t ep\u00e4todellista nautintoa! Herkullinen ja hell\u00e4 mango, johon kaikki rakastuvat! Tuhannet onnensienet ovat jo kiinnittyneet t\u00e4h\u00e4n uskomattoman makeaan makuun. Naturkan v\u00e4h\u00e4sokerisessa (5%) kuivatussa mangossa on my\u00f6s yli 20 vitamiinia ja kivenn\u00e4isainetta, jotka sopivat nautittavaksi my\u00f6s laihduttamalla tai terveellisesti!  Kokeile supermaukasta mangoamme! Naturka takaa, ett\u00e4 sen unohtumaton maku ja tuoksu eiv\u00e4t j\u00e4t\u00e4 sinua v\u00e4linpit\u00e4m\u00e4tt\u00f6m\u00e4ksi.  Kookoslastut sopivat mainiosti jogurttiin, smoothieihin tai salaatteihin ja tietysti sy\u00f6t\u00e4v\u00e4ksi sellaisenaan! Ravintosis\u00e4lt\u00f6 per 100g: energiasis\u00e4lt\u00f6 1398,39 kJ\/334 kcal, rasvat 0,49 g, josta tyydyttyneet rasvahapot 0,02 g; hiilihydraatteja 80,7g, joista sokereita 49,5g, proteiineja 1,68g, suolaa 0g. Ravintosis\u00e4lt\u00f6 per 100g (kookoslastut): energiapitoisuus 660 kcal, rasvat 64,5g, joista tyydyttyneit\u00e4 rasvahappoja 57,2g; hiilihydraatteja 23,65g, josta sokereita 7,35g, proteiineja 6,9g, suolaa 0g.  Varastoi kuivassa ja viile\u00e4ss\u00e4 paikassa.","og_url":"https:\/\/naturka.ee\/fi\/tuote\/1kg-mangot-kingituseks-250g-kookoskropse\/","og_site_name":"Naturka","article_modified_time":"2025-10-21T17:39:12+00:00","og_image":[{"width":1536,"height":1172,"url":"https:\/\/naturka.ee\/wp-content\/uploads\/2024\/09\/mango_kokos424.09.jpg","type":"image\/jpeg"}],"twitter_card":"summary_large_image","schema":{"@context":"https:\/\/schema.org","@graph":[{"@type":"WebPage","@id":"https:\/\/naturka.ee\/fi\/tuote\/1kg-mangot-kingituseks-250g-kookoskropse\/","url":"https:\/\/naturka.ee\/fi\/tuote\/1kg-mangot-kingituseks-250g-kookoskropse\/","name":"1KG Mangoa + saat ilmaiseksi 250g kookoslastuja - Naturka","isPartOf":{"@id":"https:\/\/naturka.ee\/fi\/#website"},"primaryImageOfPage":{"@id":"https:\/\/naturka.ee\/fi\/tuote\/1kg-mangot-kingituseks-250g-kookoskropse\/#primaryimage"},"image":{"@id":"https:\/\/naturka.ee\/fi\/tuote\/1kg-mangot-kingituseks-250g-kookoskropse\/#primaryimage"},"thumbnailUrl":"https:\/\/naturka.ee\/wp-content\/uploads\/2024\/09\/mango_kokos424.09.jpg","datePublished":"2024-09-23T14:48:57+00:00","dateModified":"2025-10-21T17:39:12+00:00","breadcrumb":{"@id":"https:\/\/naturka.ee\/fi\/tuote\/1kg-mangot-kingituseks-250g-kookoskropse\/#breadcrumb"},"inLanguage":"fi","potentialAction":[{"@type":"ReadAction","target":["https:\/\/naturka.ee\/fi\/tuote\/1kg-mangot-kingituseks-250g-kookoskropse\/"]}]},{"@type":"ImageObject","inLanguage":"fi","@id":"https:\/\/naturka.ee\/fi\/tuote\/1kg-mangot-kingituseks-250g-kookoskropse\/#primaryimage","url":"https:\/\/naturka.ee\/wp-content\/uploads\/2024\/09\/mango_kokos424.09.jpg","contentUrl":"https:\/\/naturka.ee\/wp-content\/uploads\/2024\/09\/mango_kokos424.09.jpg","width":1536,"height":1172},{"@type":"BreadcrumbList","@id":"https:\/\/naturka.ee\/fi\/tuote\/1kg-mangot-kingituseks-250g-kookoskropse\/#breadcrumb","itemListElement":[{"@type":"ListItem","position":1,"name":"Home","item":"https:\/\/naturka.ee\/fi\/home\/"},{"@type":"ListItem","position":2,"name":"Pood","item":"https:\/\/naturka.ee\/shop\/"},{"@type":"ListItem","position":3,"name":"1KG Mangoa + saat ilmaiseksi 250g kookoslastuja"}]},{"@type":"WebSite","@id":"https:\/\/naturka.ee\/fi\/#website","url":"https:\/\/naturka.ee\/fi\/","name":"Naturka","description":"","potentialAction":[{"@type":"SearchAction","target":{"@type":"EntryPoint","urlTemplate":"https:\/\/naturka.ee\/fi\/?s={search_term_string}"},"query-input":"required name=search_term_string"}],"inLanguage":"fi"}]}},"_links":{"self":[{"href":"https:\/\/naturka.ee\/fi\/wp-json\/wp\/v2\/product\/28792","targetHints":{"allow":["GET"]}}],"collection":[{"href":"https:\/\/naturka.ee\/fi\/wp-json\/wp\/v2\/product"}],"about":[{"href":"https:\/\/naturka.ee\/fi\/wp-json\/wp\/v2\/types\/product"}],"wp:featuredmedia":[{"embeddable":true,"href":"https:\/\/naturka.ee\/fi\/wp-json\/wp\/v2\/media\/28809"}],"wp:attachment":[{"href":"https:\/\/naturka.ee\/fi\/wp-json\/wp\/v2\/media?parent=28792"}],"wp:term":[{"taxonomy":"product_cat","embeddable":true,"href":"https:\/\/naturka.ee\/fi\/wp-json\/wp\/v2\/product_cat?post=28792"},{"taxonomy":"product_tag","embeddable":true,"href":"https:\/\/naturka.ee\/fi\/wp-json\/wp\/v2\/product_tag?post=28792"}],"curies":[{"name":"wp","href":"https:\/\/api.w.org\/{rel}","templated":true}]}}