{"id":28056,"date":"2024-08-05T14:11:21","date_gmt":"2024-08-05T11:11:21","guid":{"rendered":"https:\/\/naturka.ee\/product\/seedriseemned-45\/"},"modified":"2026-03-26T17:47:13","modified_gmt":"2026-03-26T15:47:13","slug":"seedriseemned-45","status":"publish","type":"product","link":"https:\/\/naturka.ee\/fi\/tuote\/seedriseemned-45\/","title":{"rendered":"Setrinsiemenet (100g pack) 4=5"},"content":{"rendered":"","protected":false},"excerpt":{"rendered":"<p id=\"tw-target-text\" class=\"tw-data-text tw-text-large tw-ta\" dir=\"ltr\" data-placeholder=\"Translation\" aria-label=\"Translated text\" data-ved=\"2ahUKEwigsuqB3d2HAxXKJRAIHS2vIJAQ3ewLegQIBxAU\"><span class=\"Y2IQFc\" lang=\"fi\">Osta 4 pakkausta 100g setrin siemeni\u00e4 (400g) ja saat viidennen paketin ilmaiseksi! <\/span><\/p>\n<p class=\"tw-data-text tw-text-large tw-ta\" dir=\"ltr\" data-placeholder=\"Translation\" aria-label=\"Translated text\" data-ved=\"2ahUKEwigsuqB3d2HAxXKJRAIHS2vIJAQ3ewLegQIBxAU\"><span class=\"Y2IQFc\" lang=\"fi\">Pehme\u00e4n makuiset kuoritut seetripuun siemenet sis\u00e4lt\u00e4v\u00e4t runsaasti vitamiineja ja kivenn\u00e4isaineita (magnesiumia, sinkki\u00e4 ja rautaa, E-vitamiinia). <\/span><\/p>\n<p class=\"tw-data-text tw-text-large tw-ta\" dir=\"ltr\" data-placeholder=\"Translation\" aria-label=\"Translated text\" data-ved=\"2ahUKEwigsuqB3d2HAxXKJRAIHS2vIJAQ3ewLegQIBxAU\"><span class=\"Y2IQFc\" lang=\"fi\">Energiarikas v\u00e4lipala! Ota se mukaasi t\u00f6ihin, kouluun tai matkoille. N\u00e4m\u00e4 kermaiset seetripuun siemenet sopivat my\u00f6s pestoon, salaatteihin, hummukseen ja leivonnaisiin. Ne eiv\u00e4t ole vain terveellisi\u00e4, vaan my\u00f6s herkullisia.<\/span><\/p>\n<p id=\"tw-target-text\" class=\"tw-data-text tw-text-large tw-ta\" dir=\"ltr\" data-placeholder=\"Translation\" data-ved=\"2ahUKEwip0-CChduIAxUyJRAIHZrDFbMQ3ewLegQICBAU\" aria-label=\"Translated text: Ainesosat: setrin siemenet 100 %\n\nRavintoarvotiedot per 100g:\n\nenergiapitoisuus 2815,83kj\/673kcal, rasvat 68,4g, josta tyydyttyneet rasvahapot 5,0g, hiilihydraatit 13g josta sokereita 3g, rasva-aineet 5,2g, proteiinit 13,07g, suola 0g\"><span class=\"Y2IQFc\" lang=\"fi\">Ainesosat: setrin siemenet 100 % <\/span><\/p>\n<p class=\"tw-data-text tw-text-large tw-ta\" dir=\"ltr\" data-placeholder=\"Translation\" data-ved=\"2ahUKEwip0-CChduIAxUyJRAIHZrDFbMQ3ewLegQICBAU\" aria-label=\"Translated text: Ainesosat: setrin siemenet 100 %\n\nRavintoarvotiedot per 100g:\n\nenergiapitoisuus 2815,83kj\/673kcal, rasvat 68,4g, josta tyydyttyneet rasvahapot 5,0g, hiilihydraatit 13g josta sokereita 3g, rasva-aineet 5,2g, proteiinit 13,07g, suola 0g\"><span class=\"Y2IQFc\" lang=\"fi\">Ravintoarvotiedot per 100g: energiapitoisuus 2815,83kj\/673kcal, rasvat 68,4g, josta tyydyttyneet rasvahapot 5,0g, hiilihydraatit 13g josta sokereita 3g, rasva-aineet 5,2g, proteiinit 13,07g, suola 0g<\/span><\/p>\n<p class=\"tw-data-text tw-text-large tw-ta\" dir=\"ltr\" data-placeholder=\"Translation\" aria-label=\"Translated text\" data-ved=\"2ahUKEwigsuqB3d2HAxXKJRAIHS2vIJAQ3ewLegQIBxAU\"><span class=\"Y2IQFc\" lang=\"fi\">S\u00e4ilyt\u00e4 kuivassa, puhtaassa ja viile\u00e4ss\u00e4 paikassa.<\/span><\/p>\n","protected":false},"featured_media":28052,"template":"","meta":{"inline_featured_image":false},"product_cat":[175,225],"product_tag":[],"class_list":["post-28056","product","type-product","status-publish","has-post-thumbnail","hentry","product_cat-special-offer-fi","product_cat-siemenet"],"supplier_id":null,"supplier_sku":"","barcode":null,"atum_controlled":true,"out_stock_date":null,"out_stock_threshold":null,"inheritable":false,"inbound_stock":0,"stock_on_hold":1,"sold_today":0,"sales_last_days":2,"reserved_stock":0,"customer_returns":0,"warehouse_damage":0,"lost_in_post":0,"other_logs":0,"out_stock_days":0,"lost_sales":0,"has_location":false,"update_date":"2026-04-03T15:40:12","atum_locations":[],"atum_stock_status":"instock","restock_status":false,"low_stock_amount":"","sales_update_date":"2026-04-03T15:40:11","calc_backorders":null,"yoast_head":"<!-- This site is optimized with the Yoast SEO plugin v22.6 - https:\/\/yoast.com\/wordpress\/plugins\/seo\/ -->\n<title>Setrinsiemenet (100g pack) 4=5 - Naturka<\/title>\n<meta name=\"robots\" content=\"index, follow, max-snippet:-1, max-image-preview:large, max-video-preview:-1\" \/>\n<link rel=\"canonical\" href=\"https:\/\/naturka.ee\/fi\/tuote\/seedriseemned-45\/\" \/>\n<meta property=\"og:locale\" content=\"fi_FI\" \/>\n<meta property=\"og:type\" content=\"article\" \/>\n<meta property=\"og:title\" content=\"Setrinsiemenet (100g pack) 4=5 - Naturka\" \/>\n<meta property=\"og:description\" content=\"Osta 4 pakkausta 100g setrin siemeni\u00e4 (400g) ja saat viidennen paketin ilmaiseksi!  Pehme\u00e4n makuiset kuoritut seetripuun siemenet sis\u00e4lt\u00e4v\u00e4t runsaasti vitamiineja ja kivenn\u00e4isaineita (magnesiumia, sinkki\u00e4 ja rautaa, E-vitamiinia).  Energiarikas v\u00e4lipala! Ota se mukaasi t\u00f6ihin, kouluun tai matkoille. N\u00e4m\u00e4 kermaiset seetripuun siemenet sopivat my\u00f6s pestoon, salaatteihin, hummukseen ja leivonnaisiin. Ne eiv\u00e4t ole vain terveellisi\u00e4, vaan my\u00f6s herkullisia. Ainesosat: setrin siemenet 100 %  Ravintoarvotiedot per 100g: energiapitoisuus 2815,83kj\/673kcal, rasvat 68,4g, josta tyydyttyneet rasvahapot 5,0g, hiilihydraatit 13g josta sokereita 3g, rasva-aineet 5,2g, proteiinit 13,07g, suola 0g S\u00e4ilyt\u00e4 kuivassa, puhtaassa ja viile\u00e4ss\u00e4 paikassa.\" \/>\n<meta property=\"og:url\" content=\"https:\/\/naturka.ee\/fi\/tuote\/seedriseemned-45\/\" \/>\n<meta property=\"og:site_name\" content=\"Naturka\" \/>\n<meta property=\"article:modified_time\" content=\"2026-03-26T15:47:13+00:00\" \/>\n<meta property=\"og:image\" content=\"https:\/\/naturka.ee\/wp-content\/uploads\/2024\/08\/Seedriseemned_web.png\" \/>\n\t<meta property=\"og:image:width\" content=\"1536\" \/>\n\t<meta property=\"og:image:height\" content=\"1172\" \/>\n\t<meta property=\"og:image:type\" content=\"image\/png\" \/>\n<meta name=\"twitter:card\" content=\"summary_large_image\" \/>\n<script type=\"application\/ld+json\" class=\"yoast-schema-graph\">{\"@context\":\"https:\/\/schema.org\",\"@graph\":[{\"@type\":\"WebPage\",\"@id\":\"https:\/\/naturka.ee\/fi\/tuote\/seedriseemned-45\/\",\"url\":\"https:\/\/naturka.ee\/fi\/tuote\/seedriseemned-45\/\",\"name\":\"Setrinsiemenet (100g pack) 4=5 - Naturka\",\"isPartOf\":{\"@id\":\"https:\/\/naturka.ee\/fi\/#website\"},\"primaryImageOfPage\":{\"@id\":\"https:\/\/naturka.ee\/fi\/tuote\/seedriseemned-45\/#primaryimage\"},\"image\":{\"@id\":\"https:\/\/naturka.ee\/fi\/tuote\/seedriseemned-45\/#primaryimage\"},\"thumbnailUrl\":\"https:\/\/naturka.ee\/wp-content\/uploads\/2024\/08\/Seedriseemned_web.png\",\"datePublished\":\"2024-08-05T11:11:21+00:00\",\"dateModified\":\"2026-03-26T15:47:13+00:00\",\"breadcrumb\":{\"@id\":\"https:\/\/naturka.ee\/fi\/tuote\/seedriseemned-45\/#breadcrumb\"},\"inLanguage\":\"fi\",\"potentialAction\":[{\"@type\":\"ReadAction\",\"target\":[\"https:\/\/naturka.ee\/fi\/tuote\/seedriseemned-45\/\"]}]},{\"@type\":\"ImageObject\",\"inLanguage\":\"fi\",\"@id\":\"https:\/\/naturka.ee\/fi\/tuote\/seedriseemned-45\/#primaryimage\",\"url\":\"https:\/\/naturka.ee\/wp-content\/uploads\/2024\/08\/Seedriseemned_web.png\",\"contentUrl\":\"https:\/\/naturka.ee\/wp-content\/uploads\/2024\/08\/Seedriseemned_web.png\",\"width\":1536,\"height\":1172},{\"@type\":\"BreadcrumbList\",\"@id\":\"https:\/\/naturka.ee\/fi\/tuote\/seedriseemned-45\/#breadcrumb\",\"itemListElement\":[{\"@type\":\"ListItem\",\"position\":1,\"name\":\"Home\",\"item\":\"https:\/\/naturka.ee\/fi\/home\/\"},{\"@type\":\"ListItem\",\"position\":2,\"name\":\"Pood\",\"item\":\"https:\/\/naturka.ee\/shop\/\"},{\"@type\":\"ListItem\",\"position\":3,\"name\":\"Setrinsiemenet (100g pack) 4=5\"}]},{\"@type\":\"WebSite\",\"@id\":\"https:\/\/naturka.ee\/fi\/#website\",\"url\":\"https:\/\/naturka.ee\/fi\/\",\"name\":\"Naturka\",\"description\":\"\",\"potentialAction\":[{\"@type\":\"SearchAction\",\"target\":{\"@type\":\"EntryPoint\",\"urlTemplate\":\"https:\/\/naturka.ee\/fi\/?s={search_term_string}\"},\"query-input\":\"required name=search_term_string\"}],\"inLanguage\":\"fi\"}]}<\/script>\n<!-- \/ Yoast SEO plugin. -->","yoast_head_json":{"title":"Setrinsiemenet (100g pack) 4=5 - Naturka","robots":{"index":"index","follow":"follow","max-snippet":"max-snippet:-1","max-image-preview":"max-image-preview:large","max-video-preview":"max-video-preview:-1"},"canonical":"https:\/\/naturka.ee\/fi\/tuote\/seedriseemned-45\/","og_locale":"fi_FI","og_type":"article","og_title":"Setrinsiemenet (100g pack) 4=5 - Naturka","og_description":"Osta 4 pakkausta 100g setrin siemeni\u00e4 (400g) ja saat viidennen paketin ilmaiseksi!  Pehme\u00e4n makuiset kuoritut seetripuun siemenet sis\u00e4lt\u00e4v\u00e4t runsaasti vitamiineja ja kivenn\u00e4isaineita (magnesiumia, sinkki\u00e4 ja rautaa, E-vitamiinia).  Energiarikas v\u00e4lipala! Ota se mukaasi t\u00f6ihin, kouluun tai matkoille. N\u00e4m\u00e4 kermaiset seetripuun siemenet sopivat my\u00f6s pestoon, salaatteihin, hummukseen ja leivonnaisiin. Ne eiv\u00e4t ole vain terveellisi\u00e4, vaan my\u00f6s herkullisia. Ainesosat: setrin siemenet 100 %  Ravintoarvotiedot per 100g: energiapitoisuus 2815,83kj\/673kcal, rasvat 68,4g, josta tyydyttyneet rasvahapot 5,0g, hiilihydraatit 13g josta sokereita 3g, rasva-aineet 5,2g, proteiinit 13,07g, suola 0g S\u00e4ilyt\u00e4 kuivassa, puhtaassa ja viile\u00e4ss\u00e4 paikassa.","og_url":"https:\/\/naturka.ee\/fi\/tuote\/seedriseemned-45\/","og_site_name":"Naturka","article_modified_time":"2026-03-26T15:47:13+00:00","og_image":[{"width":1536,"height":1172,"url":"https:\/\/naturka.ee\/wp-content\/uploads\/2024\/08\/Seedriseemned_web.png","type":"image\/png"}],"twitter_card":"summary_large_image","schema":{"@context":"https:\/\/schema.org","@graph":[{"@type":"WebPage","@id":"https:\/\/naturka.ee\/fi\/tuote\/seedriseemned-45\/","url":"https:\/\/naturka.ee\/fi\/tuote\/seedriseemned-45\/","name":"Setrinsiemenet (100g pack) 4=5 - Naturka","isPartOf":{"@id":"https:\/\/naturka.ee\/fi\/#website"},"primaryImageOfPage":{"@id":"https:\/\/naturka.ee\/fi\/tuote\/seedriseemned-45\/#primaryimage"},"image":{"@id":"https:\/\/naturka.ee\/fi\/tuote\/seedriseemned-45\/#primaryimage"},"thumbnailUrl":"https:\/\/naturka.ee\/wp-content\/uploads\/2024\/08\/Seedriseemned_web.png","datePublished":"2024-08-05T11:11:21+00:00","dateModified":"2026-03-26T15:47:13+00:00","breadcrumb":{"@id":"https:\/\/naturka.ee\/fi\/tuote\/seedriseemned-45\/#breadcrumb"},"inLanguage":"fi","potentialAction":[{"@type":"ReadAction","target":["https:\/\/naturka.ee\/fi\/tuote\/seedriseemned-45\/"]}]},{"@type":"ImageObject","inLanguage":"fi","@id":"https:\/\/naturka.ee\/fi\/tuote\/seedriseemned-45\/#primaryimage","url":"https:\/\/naturka.ee\/wp-content\/uploads\/2024\/08\/Seedriseemned_web.png","contentUrl":"https:\/\/naturka.ee\/wp-content\/uploads\/2024\/08\/Seedriseemned_web.png","width":1536,"height":1172},{"@type":"BreadcrumbList","@id":"https:\/\/naturka.ee\/fi\/tuote\/seedriseemned-45\/#breadcrumb","itemListElement":[{"@type":"ListItem","position":1,"name":"Home","item":"https:\/\/naturka.ee\/fi\/home\/"},{"@type":"ListItem","position":2,"name":"Pood","item":"https:\/\/naturka.ee\/shop\/"},{"@type":"ListItem","position":3,"name":"Setrinsiemenet (100g pack) 4=5"}]},{"@type":"WebSite","@id":"https:\/\/naturka.ee\/fi\/#website","url":"https:\/\/naturka.ee\/fi\/","name":"Naturka","description":"","potentialAction":[{"@type":"SearchAction","target":{"@type":"EntryPoint","urlTemplate":"https:\/\/naturka.ee\/fi\/?s={search_term_string}"},"query-input":"required name=search_term_string"}],"inLanguage":"fi"}]}},"_links":{"self":[{"href":"https:\/\/naturka.ee\/fi\/wp-json\/wp\/v2\/product\/28056","targetHints":{"allow":["GET"]}}],"collection":[{"href":"https:\/\/naturka.ee\/fi\/wp-json\/wp\/v2\/product"}],"about":[{"href":"https:\/\/naturka.ee\/fi\/wp-json\/wp\/v2\/types\/product"}],"wp:featuredmedia":[{"embeddable":true,"href":"https:\/\/naturka.ee\/fi\/wp-json\/wp\/v2\/media\/28052"}],"wp:attachment":[{"href":"https:\/\/naturka.ee\/fi\/wp-json\/wp\/v2\/media?parent=28056"}],"wp:term":[{"taxonomy":"product_cat","embeddable":true,"href":"https:\/\/naturka.ee\/fi\/wp-json\/wp\/v2\/product_cat?post=28056"},{"taxonomy":"product_tag","embeddable":true,"href":"https:\/\/naturka.ee\/fi\/wp-json\/wp\/v2\/product_tag?post=28056"}],"curies":[{"name":"wp","href":"https:\/\/api.w.org\/{rel}","templated":true}]}}