{"id":27959,"date":"2024-07-30T14:41:30","date_gmt":"2024-07-30T11:41:30","guid":{"rendered":"https:\/\/naturka.ee\/product\/linaseemned\/"},"modified":"2026-03-17T09:26:43","modified_gmt":"2026-03-17T07:26:43","slug":"linaseemned","status":"publish","type":"product","link":"https:\/\/naturka.ee\/fi\/tuote\/linaseemned\/","title":{"rendered":"Pellavansiemenet"},"content":{"rendered":"","protected":false},"excerpt":{"rendered":"<p id=\"tw-target-text\" class=\"tw-data-text tw-text-large tw-ta\" dir=\"ltr\" data-placeholder=\"Translation\" aria-label=\"Translated text\" data-ved=\"2ahUKEwis1_rSz86HAxVAFxAIHT3lGpkQ3ewLegQICBAU\"><span class=\"Y2IQFc\" lang=\"fi\">Uusi tuote &#8211; pellavansiemenet. <\/span><\/p>\n<p class=\"tw-data-text tw-text-large tw-ta\" dir=\"ltr\" data-placeholder=\"Translation\" aria-label=\"Translated text\" data-ved=\"2ahUKEwis1_rSz86HAxVAFxAIHT3lGpkQ3ewLegQICBAU\"><span class=\"Y2IQFc\" lang=\"fi\">Pellavansiemenet sis\u00e4lt\u00e4v\u00e4t: runsaasti rasvahappoja, proteiinia, kuitua, karoteeneja, A-, B-, E-, D-, PP- ja F-vitamiineja, sy\u00f6p\u00e4\u00e4 ehk\u00e4isevi\u00e4 ja muita arvokkaita aineita. <\/span><\/p>\n<p class=\"tw-data-text tw-text-large tw-ta\" dir=\"ltr\" data-placeholder=\"Translation\" aria-label=\"Translated text\" data-ved=\"2ahUKEwis1_rSz86HAxVAFxAIHT3lGpkQ3ewLegQICBAU\"><span class=\"Y2IQFc\" lang=\"fi\">Lis\u00e4\u00e4 ne puuroihin, jogurtteihin ja kefiriin. Muutama teelusikallinen jauhettuja pellavansiemeni\u00e4 p\u00e4iv\u00e4ss\u00e4 riitt\u00e4\u00e4. <\/span><\/p>\n<p class=\"tw-data-text tw-text-large tw-ta\" dir=\"ltr\" data-placeholder=\"Translation\" aria-label=\"Translated text\" data-ved=\"2ahUKEwis1_rSz86HAxVAFxAIHT3lGpkQ3ewLegQICBAU\"><span class=\"Y2IQFc\" lang=\"fi\">Saattaa sis\u00e4lt\u00e4\u00e4 pieni\u00e4 m\u00e4\u00e4ri\u00e4 seesaminsiemeni\u00e4, maap\u00e4hkin\u00f6it\u00e4 ja muita p\u00e4hkin\u00f6it\u00e4. <\/span><\/p>\n<p class=\"tw-data-text tw-text-large tw-ta\" dir=\"ltr\" data-placeholder=\"Translation\" aria-label=\"Translated text\" data-ved=\"2ahUKEwis1_rSz86HAxVAFxAIHT3lGpkQ3ewLegQICBAU\"><span class=\"Y2IQFc\" lang=\"fi\">S\u00e4ilyt\u00e4 kuivassa, puhtaassa ja viile\u00e4ss\u00e4 paikassa.<\/span><\/p>\n","protected":false},"featured_media":26110,"template":"","meta":{"inline_featured_image":false},"product_cat":[225],"product_tag":[],"class_list":["post-27959","product","type-product","status-publish","has-post-thumbnail","hentry","product_cat-siemenet"],"supplier_id":null,"supplier_sku":"","barcode":null,"atum_controlled":true,"out_stock_date":null,"out_stock_threshold":null,"inheritable":false,"inbound_stock":0,"stock_on_hold":1,"sold_today":1,"sales_last_days":3,"reserved_stock":0,"customer_returns":0,"warehouse_damage":0,"lost_in_post":0,"other_logs":0,"out_stock_days":0,"lost_sales":0,"has_location":false,"update_date":"2026-05-04T11:48:52","atum_locations":[],"atum_stock_status":"instock","restock_status":false,"low_stock_amount":"","sales_update_date":"2026-05-04T11:48:52","calc_backorders":null,"yoast_head":"<!-- This site is optimized with the Yoast SEO plugin v22.6 - https:\/\/yoast.com\/wordpress\/plugins\/seo\/ -->\n<title>Pellavansiemenet - Naturka<\/title>\n<meta name=\"robots\" content=\"index, follow, max-snippet:-1, max-image-preview:large, max-video-preview:-1\" \/>\n<link rel=\"canonical\" href=\"https:\/\/naturka.ee\/fi\/tuote\/linaseemned\/\" \/>\n<meta property=\"og:locale\" content=\"fi_FI\" \/>\n<meta property=\"og:type\" content=\"article\" \/>\n<meta property=\"og:title\" content=\"Pellavansiemenet - Naturka\" \/>\n<meta property=\"og:description\" content=\"Uusi tuote - pellavansiemenet.  Pellavansiemenet sis\u00e4lt\u00e4v\u00e4t: runsaasti rasvahappoja, proteiinia, kuitua, karoteeneja, A-, B-, E-, D-, PP- ja F-vitamiineja, sy\u00f6p\u00e4\u00e4 ehk\u00e4isevi\u00e4 ja muita arvokkaita aineita.  Lis\u00e4\u00e4 ne puuroihin, jogurtteihin ja kefiriin. Muutama teelusikallinen jauhettuja pellavansiemeni\u00e4 p\u00e4iv\u00e4ss\u00e4 riitt\u00e4\u00e4.  Saattaa sis\u00e4lt\u00e4\u00e4 pieni\u00e4 m\u00e4\u00e4ri\u00e4 seesaminsiemeni\u00e4, maap\u00e4hkin\u00f6it\u00e4 ja muita p\u00e4hkin\u00f6it\u00e4.  S\u00e4ilyt\u00e4 kuivassa, puhtaassa ja viile\u00e4ss\u00e4 paikassa.\" \/>\n<meta property=\"og:url\" content=\"https:\/\/naturka.ee\/fi\/tuote\/linaseemned\/\" \/>\n<meta property=\"og:site_name\" content=\"Naturka\" \/>\n<meta property=\"article:modified_time\" content=\"2026-03-17T07:26:43+00:00\" \/>\n<meta property=\"og:image\" content=\"https:\/\/naturka.ee\/wp-content\/uploads\/2024\/04\/30.jpg\" \/>\n\t<meta property=\"og:image:width\" content=\"1800\" \/>\n\t<meta property=\"og:image:height\" content=\"1373\" \/>\n\t<meta property=\"og:image:type\" content=\"image\/jpeg\" \/>\n<meta name=\"twitter:card\" content=\"summary_large_image\" \/>\n<script type=\"application\/ld+json\" class=\"yoast-schema-graph\">{\"@context\":\"https:\/\/schema.org\",\"@graph\":[{\"@type\":\"WebPage\",\"@id\":\"https:\/\/naturka.ee\/fi\/tuote\/linaseemned\/\",\"url\":\"https:\/\/naturka.ee\/fi\/tuote\/linaseemned\/\",\"name\":\"Pellavansiemenet - Naturka\",\"isPartOf\":{\"@id\":\"https:\/\/naturka.ee\/fi\/#website\"},\"primaryImageOfPage\":{\"@id\":\"https:\/\/naturka.ee\/fi\/tuote\/linaseemned\/#primaryimage\"},\"image\":{\"@id\":\"https:\/\/naturka.ee\/fi\/tuote\/linaseemned\/#primaryimage\"},\"thumbnailUrl\":\"https:\/\/naturka.ee\/wp-content\/uploads\/2024\/04\/30.jpg\",\"datePublished\":\"2024-07-30T11:41:30+00:00\",\"dateModified\":\"2026-03-17T07:26:43+00:00\",\"breadcrumb\":{\"@id\":\"https:\/\/naturka.ee\/fi\/tuote\/linaseemned\/#breadcrumb\"},\"inLanguage\":\"fi\",\"potentialAction\":[{\"@type\":\"ReadAction\",\"target\":[\"https:\/\/naturka.ee\/fi\/tuote\/linaseemned\/\"]}]},{\"@type\":\"ImageObject\",\"inLanguage\":\"fi\",\"@id\":\"https:\/\/naturka.ee\/fi\/tuote\/linaseemned\/#primaryimage\",\"url\":\"https:\/\/naturka.ee\/wp-content\/uploads\/2024\/04\/30.jpg\",\"contentUrl\":\"https:\/\/naturka.ee\/wp-content\/uploads\/2024\/04\/30.jpg\",\"width\":1800,\"height\":1373},{\"@type\":\"BreadcrumbList\",\"@id\":\"https:\/\/naturka.ee\/fi\/tuote\/linaseemned\/#breadcrumb\",\"itemListElement\":[{\"@type\":\"ListItem\",\"position\":1,\"name\":\"Home\",\"item\":\"https:\/\/naturka.ee\/fi\/home\/\"},{\"@type\":\"ListItem\",\"position\":2,\"name\":\"Pood\",\"item\":\"https:\/\/naturka.ee\/shop\/\"},{\"@type\":\"ListItem\",\"position\":3,\"name\":\"Pellavansiemenet\"}]},{\"@type\":\"WebSite\",\"@id\":\"https:\/\/naturka.ee\/fi\/#website\",\"url\":\"https:\/\/naturka.ee\/fi\/\",\"name\":\"Naturka\",\"description\":\"\",\"potentialAction\":[{\"@type\":\"SearchAction\",\"target\":{\"@type\":\"EntryPoint\",\"urlTemplate\":\"https:\/\/naturka.ee\/fi\/?s={search_term_string}\"},\"query-input\":\"required name=search_term_string\"}],\"inLanguage\":\"fi\"}]}<\/script>\n<!-- \/ Yoast SEO plugin. -->","yoast_head_json":{"title":"Pellavansiemenet - Naturka","robots":{"index":"index","follow":"follow","max-snippet":"max-snippet:-1","max-image-preview":"max-image-preview:large","max-video-preview":"max-video-preview:-1"},"canonical":"https:\/\/naturka.ee\/fi\/tuote\/linaseemned\/","og_locale":"fi_FI","og_type":"article","og_title":"Pellavansiemenet - Naturka","og_description":"Uusi tuote - pellavansiemenet.  Pellavansiemenet sis\u00e4lt\u00e4v\u00e4t: runsaasti rasvahappoja, proteiinia, kuitua, karoteeneja, A-, B-, E-, D-, PP- ja F-vitamiineja, sy\u00f6p\u00e4\u00e4 ehk\u00e4isevi\u00e4 ja muita arvokkaita aineita.  Lis\u00e4\u00e4 ne puuroihin, jogurtteihin ja kefiriin. Muutama teelusikallinen jauhettuja pellavansiemeni\u00e4 p\u00e4iv\u00e4ss\u00e4 riitt\u00e4\u00e4.  Saattaa sis\u00e4lt\u00e4\u00e4 pieni\u00e4 m\u00e4\u00e4ri\u00e4 seesaminsiemeni\u00e4, maap\u00e4hkin\u00f6it\u00e4 ja muita p\u00e4hkin\u00f6it\u00e4.  S\u00e4ilyt\u00e4 kuivassa, puhtaassa ja viile\u00e4ss\u00e4 paikassa.","og_url":"https:\/\/naturka.ee\/fi\/tuote\/linaseemned\/","og_site_name":"Naturka","article_modified_time":"2026-03-17T07:26:43+00:00","og_image":[{"width":1800,"height":1373,"url":"https:\/\/naturka.ee\/wp-content\/uploads\/2024\/04\/30.jpg","type":"image\/jpeg"}],"twitter_card":"summary_large_image","schema":{"@context":"https:\/\/schema.org","@graph":[{"@type":"WebPage","@id":"https:\/\/naturka.ee\/fi\/tuote\/linaseemned\/","url":"https:\/\/naturka.ee\/fi\/tuote\/linaseemned\/","name":"Pellavansiemenet - Naturka","isPartOf":{"@id":"https:\/\/naturka.ee\/fi\/#website"},"primaryImageOfPage":{"@id":"https:\/\/naturka.ee\/fi\/tuote\/linaseemned\/#primaryimage"},"image":{"@id":"https:\/\/naturka.ee\/fi\/tuote\/linaseemned\/#primaryimage"},"thumbnailUrl":"https:\/\/naturka.ee\/wp-content\/uploads\/2024\/04\/30.jpg","datePublished":"2024-07-30T11:41:30+00:00","dateModified":"2026-03-17T07:26:43+00:00","breadcrumb":{"@id":"https:\/\/naturka.ee\/fi\/tuote\/linaseemned\/#breadcrumb"},"inLanguage":"fi","potentialAction":[{"@type":"ReadAction","target":["https:\/\/naturka.ee\/fi\/tuote\/linaseemned\/"]}]},{"@type":"ImageObject","inLanguage":"fi","@id":"https:\/\/naturka.ee\/fi\/tuote\/linaseemned\/#primaryimage","url":"https:\/\/naturka.ee\/wp-content\/uploads\/2024\/04\/30.jpg","contentUrl":"https:\/\/naturka.ee\/wp-content\/uploads\/2024\/04\/30.jpg","width":1800,"height":1373},{"@type":"BreadcrumbList","@id":"https:\/\/naturka.ee\/fi\/tuote\/linaseemned\/#breadcrumb","itemListElement":[{"@type":"ListItem","position":1,"name":"Home","item":"https:\/\/naturka.ee\/fi\/home\/"},{"@type":"ListItem","position":2,"name":"Pood","item":"https:\/\/naturka.ee\/shop\/"},{"@type":"ListItem","position":3,"name":"Pellavansiemenet"}]},{"@type":"WebSite","@id":"https:\/\/naturka.ee\/fi\/#website","url":"https:\/\/naturka.ee\/fi\/","name":"Naturka","description":"","potentialAction":[{"@type":"SearchAction","target":{"@type":"EntryPoint","urlTemplate":"https:\/\/naturka.ee\/fi\/?s={search_term_string}"},"query-input":"required name=search_term_string"}],"inLanguage":"fi"}]}},"_links":{"self":[{"href":"https:\/\/naturka.ee\/fi\/wp-json\/wp\/v2\/product\/27959","targetHints":{"allow":["GET"]}}],"collection":[{"href":"https:\/\/naturka.ee\/fi\/wp-json\/wp\/v2\/product"}],"about":[{"href":"https:\/\/naturka.ee\/fi\/wp-json\/wp\/v2\/types\/product"}],"wp:featuredmedia":[{"embeddable":true,"href":"https:\/\/naturka.ee\/fi\/wp-json\/wp\/v2\/media\/26110"}],"wp:attachment":[{"href":"https:\/\/naturka.ee\/fi\/wp-json\/wp\/v2\/media?parent=27959"}],"wp:term":[{"taxonomy":"product_cat","embeddable":true,"href":"https:\/\/naturka.ee\/fi\/wp-json\/wp\/v2\/product_cat?post=27959"},{"taxonomy":"product_tag","embeddable":true,"href":"https:\/\/naturka.ee\/fi\/wp-json\/wp\/v2\/product_tag?post=27959"}],"curies":[{"name":"wp","href":"https:\/\/api.w.org\/{rel}","templated":true}]}}