{"id":27869,"date":"2024-07-25T14:05:36","date_gmt":"2024-07-25T11:05:36","guid":{"rendered":"https:\/\/naturka.ee\/product\/seemne-pahklisegu-salati-mix\/"},"modified":"2025-10-27T16:19:09","modified_gmt":"2025-10-27T14:19:09","slug":"seemne-pahklisegu-salati-mix","status":"publish","type":"product","link":"https:\/\/naturka.ee\/fi\/tuote\/seemne-pahklisegu-salati-mix\/","title":{"rendered":"Siemen-p\u00e4hkin\u00e4seos salaattisekoitus"},"content":{"rendered":"","protected":false},"excerpt":{"rendered":"<p id=\"tw-target-text\" class=\"tw-data-text tw-text-large tw-ta\" dir=\"ltr\" data-placeholder=\"Translation\" aria-label=\"Translated text\" data-ved=\"2ahUKEwjuz570g8KHAxU5PxAIHas-D0EQ3ewLegQIBxAU\"><span class=\"Y2IQFc\" lang=\"fi\">Uusi tuote &#8211; siemen-p\u00e4hkin\u00e4salaattisekoitus. <\/span><\/p>\n<p class=\"tw-data-text tw-text-large tw-ta\" dir=\"ltr\" data-placeholder=\"Translation\" aria-label=\"Translated text\" data-ved=\"2ahUKEwjuz570g8KHAxU5PxAIHas-D0EQ3ewLegQIBxAU\"><span class=\"Y2IQFc\" lang=\"fi\">Siemen-p\u00e4hkin\u00e4salaattisekoituksemme on t\u00e4ydellinen v\u00e4lipala! Lis\u00e4\u00e4 my\u00f6s salaattiin! <\/span><\/p>\n<p class=\"tw-data-text tw-text-large tw-ta\" dir=\"ltr\" data-placeholder=\"Translation\" aria-label=\"Translated text\" data-ved=\"2ahUKEwjuz570g8KHAxU5PxAIHas-D0EQ3ewLegQIBxAU\"><span class=\"Y2IQFc\" lang=\"fi\">S\u00e4ilyt\u00e4 kuivassa, puhtaassa ja viile\u00e4ss\u00e4 paikassa.<\/span><\/p>\n<p>&nbsp;<\/p>\n","protected":false},"featured_media":26080,"template":"","meta":{"inline_featured_image":false},"product_cat":[225],"product_tag":[],"class_list":["post-27869","product","type-product","status-publish","has-post-thumbnail","hentry","product_cat-siemenet"],"supplier_id":null,"supplier_sku":"","barcode":null,"atum_controlled":true,"out_stock_date":null,"out_stock_threshold":null,"inheritable":false,"inbound_stock":0,"stock_on_hold":0,"sold_today":0,"sales_last_days":0,"reserved_stock":0,"customer_returns":0,"warehouse_damage":0,"lost_in_post":0,"other_logs":0,"out_stock_days":0,"lost_sales":0,"has_location":false,"update_date":"2026-04-14T15:48:29","atum_locations":[],"atum_stock_status":"instock","restock_status":false,"low_stock_amount":"","sales_update_date":"2026-04-14T15:48:29","calc_backorders":null,"yoast_head":"<!-- This site is optimized with the Yoast SEO plugin v22.6 - https:\/\/yoast.com\/wordpress\/plugins\/seo\/ -->\n<title>Siemen-p\u00e4hkin\u00e4seos salaattisekoitus - Naturka<\/title>\n<meta name=\"robots\" content=\"index, follow, max-snippet:-1, max-image-preview:large, max-video-preview:-1\" \/>\n<link rel=\"canonical\" href=\"https:\/\/naturka.ee\/fi\/tuote\/seemne-pahklisegu-salati-mix\/\" \/>\n<meta property=\"og:locale\" content=\"fi_FI\" \/>\n<meta property=\"og:type\" content=\"article\" \/>\n<meta property=\"og:title\" content=\"Siemen-p\u00e4hkin\u00e4seos salaattisekoitus - Naturka\" \/>\n<meta property=\"og:description\" content=\"Uusi tuote - siemen-p\u00e4hkin\u00e4salaattisekoitus.  Siemen-p\u00e4hkin\u00e4salaattisekoituksemme on t\u00e4ydellinen v\u00e4lipala! Lis\u00e4\u00e4 my\u00f6s salaattiin!  S\u00e4ilyt\u00e4 kuivassa, puhtaassa ja viile\u00e4ss\u00e4 paikassa. &nbsp;\" \/>\n<meta property=\"og:url\" content=\"https:\/\/naturka.ee\/fi\/tuote\/seemne-pahklisegu-salati-mix\/\" \/>\n<meta property=\"og:site_name\" content=\"Naturka\" \/>\n<meta property=\"article:modified_time\" content=\"2025-10-27T14:19:09+00:00\" \/>\n<meta property=\"og:image\" content=\"https:\/\/naturka.ee\/wp-content\/uploads\/2024\/04\/24.jpg\" \/>\n\t<meta property=\"og:image:width\" content=\"1800\" \/>\n\t<meta property=\"og:image:height\" content=\"1373\" \/>\n\t<meta property=\"og:image:type\" content=\"image\/jpeg\" \/>\n<meta name=\"twitter:card\" content=\"summary_large_image\" \/>\n<script type=\"application\/ld+json\" class=\"yoast-schema-graph\">{\"@context\":\"https:\/\/schema.org\",\"@graph\":[{\"@type\":\"WebPage\",\"@id\":\"https:\/\/naturka.ee\/fi\/tuote\/seemne-pahklisegu-salati-mix\/\",\"url\":\"https:\/\/naturka.ee\/fi\/tuote\/seemne-pahklisegu-salati-mix\/\",\"name\":\"Siemen-p\u00e4hkin\u00e4seos salaattisekoitus - Naturka\",\"isPartOf\":{\"@id\":\"https:\/\/naturka.ee\/fi\/#website\"},\"primaryImageOfPage\":{\"@id\":\"https:\/\/naturka.ee\/fi\/tuote\/seemne-pahklisegu-salati-mix\/#primaryimage\"},\"image\":{\"@id\":\"https:\/\/naturka.ee\/fi\/tuote\/seemne-pahklisegu-salati-mix\/#primaryimage\"},\"thumbnailUrl\":\"https:\/\/naturka.ee\/wp-content\/uploads\/2024\/04\/24.jpg\",\"datePublished\":\"2024-07-25T11:05:36+00:00\",\"dateModified\":\"2025-10-27T14:19:09+00:00\",\"breadcrumb\":{\"@id\":\"https:\/\/naturka.ee\/fi\/tuote\/seemne-pahklisegu-salati-mix\/#breadcrumb\"},\"inLanguage\":\"fi\",\"potentialAction\":[{\"@type\":\"ReadAction\",\"target\":[\"https:\/\/naturka.ee\/fi\/tuote\/seemne-pahklisegu-salati-mix\/\"]}]},{\"@type\":\"ImageObject\",\"inLanguage\":\"fi\",\"@id\":\"https:\/\/naturka.ee\/fi\/tuote\/seemne-pahklisegu-salati-mix\/#primaryimage\",\"url\":\"https:\/\/naturka.ee\/wp-content\/uploads\/2024\/04\/24.jpg\",\"contentUrl\":\"https:\/\/naturka.ee\/wp-content\/uploads\/2024\/04\/24.jpg\",\"width\":1800,\"height\":1373},{\"@type\":\"BreadcrumbList\",\"@id\":\"https:\/\/naturka.ee\/fi\/tuote\/seemne-pahklisegu-salati-mix\/#breadcrumb\",\"itemListElement\":[{\"@type\":\"ListItem\",\"position\":1,\"name\":\"Home\",\"item\":\"https:\/\/naturka.ee\/fi\/home\/\"},{\"@type\":\"ListItem\",\"position\":2,\"name\":\"Pood\",\"item\":\"https:\/\/naturka.ee\/shop\/\"},{\"@type\":\"ListItem\",\"position\":3,\"name\":\"Siemen-p\u00e4hkin\u00e4seos salaattisekoitus\"}]},{\"@type\":\"WebSite\",\"@id\":\"https:\/\/naturka.ee\/fi\/#website\",\"url\":\"https:\/\/naturka.ee\/fi\/\",\"name\":\"Naturka\",\"description\":\"\",\"potentialAction\":[{\"@type\":\"SearchAction\",\"target\":{\"@type\":\"EntryPoint\",\"urlTemplate\":\"https:\/\/naturka.ee\/fi\/?s={search_term_string}\"},\"query-input\":\"required name=search_term_string\"}],\"inLanguage\":\"fi\"}]}<\/script>\n<!-- \/ Yoast SEO plugin. -->","yoast_head_json":{"title":"Siemen-p\u00e4hkin\u00e4seos salaattisekoitus - Naturka","robots":{"index":"index","follow":"follow","max-snippet":"max-snippet:-1","max-image-preview":"max-image-preview:large","max-video-preview":"max-video-preview:-1"},"canonical":"https:\/\/naturka.ee\/fi\/tuote\/seemne-pahklisegu-salati-mix\/","og_locale":"fi_FI","og_type":"article","og_title":"Siemen-p\u00e4hkin\u00e4seos salaattisekoitus - Naturka","og_description":"Uusi tuote - siemen-p\u00e4hkin\u00e4salaattisekoitus.  Siemen-p\u00e4hkin\u00e4salaattisekoituksemme on t\u00e4ydellinen v\u00e4lipala! Lis\u00e4\u00e4 my\u00f6s salaattiin!  S\u00e4ilyt\u00e4 kuivassa, puhtaassa ja viile\u00e4ss\u00e4 paikassa. &nbsp;","og_url":"https:\/\/naturka.ee\/fi\/tuote\/seemne-pahklisegu-salati-mix\/","og_site_name":"Naturka","article_modified_time":"2025-10-27T14:19:09+00:00","og_image":[{"width":1800,"height":1373,"url":"https:\/\/naturka.ee\/wp-content\/uploads\/2024\/04\/24.jpg","type":"image\/jpeg"}],"twitter_card":"summary_large_image","schema":{"@context":"https:\/\/schema.org","@graph":[{"@type":"WebPage","@id":"https:\/\/naturka.ee\/fi\/tuote\/seemne-pahklisegu-salati-mix\/","url":"https:\/\/naturka.ee\/fi\/tuote\/seemne-pahklisegu-salati-mix\/","name":"Siemen-p\u00e4hkin\u00e4seos salaattisekoitus - Naturka","isPartOf":{"@id":"https:\/\/naturka.ee\/fi\/#website"},"primaryImageOfPage":{"@id":"https:\/\/naturka.ee\/fi\/tuote\/seemne-pahklisegu-salati-mix\/#primaryimage"},"image":{"@id":"https:\/\/naturka.ee\/fi\/tuote\/seemne-pahklisegu-salati-mix\/#primaryimage"},"thumbnailUrl":"https:\/\/naturka.ee\/wp-content\/uploads\/2024\/04\/24.jpg","datePublished":"2024-07-25T11:05:36+00:00","dateModified":"2025-10-27T14:19:09+00:00","breadcrumb":{"@id":"https:\/\/naturka.ee\/fi\/tuote\/seemne-pahklisegu-salati-mix\/#breadcrumb"},"inLanguage":"fi","potentialAction":[{"@type":"ReadAction","target":["https:\/\/naturka.ee\/fi\/tuote\/seemne-pahklisegu-salati-mix\/"]}]},{"@type":"ImageObject","inLanguage":"fi","@id":"https:\/\/naturka.ee\/fi\/tuote\/seemne-pahklisegu-salati-mix\/#primaryimage","url":"https:\/\/naturka.ee\/wp-content\/uploads\/2024\/04\/24.jpg","contentUrl":"https:\/\/naturka.ee\/wp-content\/uploads\/2024\/04\/24.jpg","width":1800,"height":1373},{"@type":"BreadcrumbList","@id":"https:\/\/naturka.ee\/fi\/tuote\/seemne-pahklisegu-salati-mix\/#breadcrumb","itemListElement":[{"@type":"ListItem","position":1,"name":"Home","item":"https:\/\/naturka.ee\/fi\/home\/"},{"@type":"ListItem","position":2,"name":"Pood","item":"https:\/\/naturka.ee\/shop\/"},{"@type":"ListItem","position":3,"name":"Siemen-p\u00e4hkin\u00e4seos salaattisekoitus"}]},{"@type":"WebSite","@id":"https:\/\/naturka.ee\/fi\/#website","url":"https:\/\/naturka.ee\/fi\/","name":"Naturka","description":"","potentialAction":[{"@type":"SearchAction","target":{"@type":"EntryPoint","urlTemplate":"https:\/\/naturka.ee\/fi\/?s={search_term_string}"},"query-input":"required name=search_term_string"}],"inLanguage":"fi"}]}},"_links":{"self":[{"href":"https:\/\/naturka.ee\/fi\/wp-json\/wp\/v2\/product\/27869","targetHints":{"allow":["GET"]}}],"collection":[{"href":"https:\/\/naturka.ee\/fi\/wp-json\/wp\/v2\/product"}],"about":[{"href":"https:\/\/naturka.ee\/fi\/wp-json\/wp\/v2\/types\/product"}],"wp:featuredmedia":[{"embeddable":true,"href":"https:\/\/naturka.ee\/fi\/wp-json\/wp\/v2\/media\/26080"}],"wp:attachment":[{"href":"https:\/\/naturka.ee\/fi\/wp-json\/wp\/v2\/media?parent=27869"}],"wp:term":[{"taxonomy":"product_cat","embeddable":true,"href":"https:\/\/naturka.ee\/fi\/wp-json\/wp\/v2\/product_cat?post=27869"},{"taxonomy":"product_tag","embeddable":true,"href":"https:\/\/naturka.ee\/fi\/wp-json\/wp\/v2\/product_tag?post=27869"}],"curies":[{"name":"wp","href":"https:\/\/api.w.org\/{rel}","templated":true}]}}