{"id":27825,"date":"2024-07-21T17:55:32","date_gmt":"2024-07-21T14:55:32","guid":{"rendered":"https:\/\/naturka.ee\/product\/mango-45\/"},"modified":"2026-02-26T13:54:48","modified_gmt":"2026-02-26T11:54:48","slug":"mango-45","status":"publish","type":"product","link":"https:\/\/naturka.ee\/fi\/tuote\/mango-45\/","title":{"rendered":"Mango 4=5"},"content":{"rendered":"","protected":false},"excerpt":{"rendered":"<p id=\"tw-target-text\" class=\"tw-data-text tw-text-large tw-ta\" dir=\"ltr\" data-placeholder=\"Translation\" aria-label=\"Translated text\" data-ved=\"2ahUKEwiCxOuNsriHAxXYGBAIHUQ1AsMQ3ewLegQIBxAU\"><strong><span class=\"Y2IQFc\" lang=\"fi\">Osta 4 saat 5! <\/span><\/strong><\/p>\n<p class=\"tw-data-text tw-text-large tw-ta\" dir=\"ltr\" data-placeholder=\"Translation\" aria-label=\"Translated text\" data-ved=\"2ahUKEwiCxOuNsriHAxXYGBAIHUQ1AsMQ3ewLegQIBxAU\"><span class=\"Y2IQFc\" lang=\"fi\">Osta 4 pakkausta 250g mangoja (1KG) ja saat viidennen paketin ilmaiseksi! <\/span><\/p>\n<p class=\"tw-data-text tw-text-large tw-ta\" dir=\"ltr\" data-placeholder=\"Translation\" aria-label=\"Translated text\" data-ved=\"2ahUKEwiCxOuNsriHAxXYGBAIHUQ1AsMQ3ewLegQIBxAU\"><span class=\"Y2IQFc\" lang=\"fi\">N\u00e4m\u00e4 kultahiput k\u00e4tkev\u00e4t ep\u00e4todellisen nautinnon! Herkullinen ja hell\u00e4 mango, johon kaikki rakastuvat! Liev\u00e4sti hapan mango sulaa suussa eik\u00e4 j\u00e4t\u00e4 ket\u00e4\u00e4n v\u00e4linpit\u00e4m\u00e4tt\u00f6m\u00e4ksi. Alhaisen sokeripitoisuuden (vain 5%) ansiosta se sis\u00e4lt\u00e4\u00e4 yli 20 vitamiinia ja kivenn\u00e4isainetta terveelliseen ravintoon ja ruokavalioon!<\/span><\/p>\n<p id=\"tw-target-text\" class=\"tw-data-text tw-text-large tw-ta\" dir=\"ltr\" data-placeholder=\"Translation\" data-ved=\"2ahUKEwip0-CChduIAxUyJRAIHZrDFbMQ3ewLegQICBAU\" aria-label=\"Translated text: Ainesosat: mango, sokeri (5%), sitruunahappo\n\nRavintosis\u00e4lt\u00f6 per 100g: energiasis\u00e4lt\u00f6 1398,39 kJ\/334 kcal, rasvat 0,49 g, josta tyydyttyneet rasvahapot 0,02 g; hiilihydraatteja 80,7g, joista sokereita 49,5g, proteiineja 1,68g, suolaa 0g.\"><span class=\"Y2IQFc\" lang=\"fi\">Ainesosat: mango, sokeri (5%), sitruunahappo <\/span><\/p>\n<p class=\"tw-data-text tw-text-large tw-ta\" dir=\"ltr\" data-placeholder=\"Translation\" data-ved=\"2ahUKEwip0-CChduIAxUyJRAIHZrDFbMQ3ewLegQICBAU\" aria-label=\"Translated text: Ainesosat: mango, sokeri (5%), sitruunahappo\n\nRavintosis\u00e4lt\u00f6 per 100g: energiasis\u00e4lt\u00f6 1398,39 kJ\/334 kcal, rasvat 0,49 g, josta tyydyttyneet rasvahapot 0,02 g; hiilihydraatteja 80,7g, joista sokereita 49,5g, proteiineja 1,68g, suolaa 0g.\"><span class=\"Y2IQFc\" lang=\"fi\">Ravintosis\u00e4lt\u00f6 per 100g: energiasis\u00e4lt\u00f6 1398,39 kJ\/334 kcal, rasvat 0,49 g, josta tyydyttyneet rasvahapot 0,02 g; hiilihydraatteja 80,7g, joista sokereita 49,5g, proteiineja 1,68g, suolaa 0g.<\/span><\/p>\n<p class=\"tw-data-text tw-text-large tw-ta\" dir=\"ltr\" data-placeholder=\"Translation\" aria-label=\"Translated text\" data-ved=\"2ahUKEwiCxOuNsriHAxXYGBAIHUQ1AsMQ3ewLegQIBxAU\"><span class=\"Y2IQFc\" lang=\"fi\">S\u00e4ilyt\u00e4 kuivassa, puhtaassa ja viile\u00e4ss\u00e4 paikassa.<\/span><\/p>\n","protected":false},"featured_media":28757,"template":"","meta":{"inline_featured_image":false},"product_cat":[175,161],"product_tag":[],"class_list":["post-27825","product","type-product","status-publish","has-post-thumbnail","hentry","product_cat-special-offer-fi","product_cat-dried-fruits-fi"],"supplier_id":null,"supplier_sku":"","barcode":null,"atum_controlled":true,"out_stock_date":null,"out_stock_threshold":null,"inheritable":false,"inbound_stock":0,"stock_on_hold":0,"sold_today":0,"sales_last_days":0,"reserved_stock":0,"customer_returns":0,"warehouse_damage":0,"lost_in_post":0,"other_logs":0,"out_stock_days":0,"lost_sales":0,"has_location":false,"update_date":"2026-04-18T15:50:43","atum_locations":[],"atum_stock_status":"instock","restock_status":false,"low_stock_amount":"","sales_update_date":"2026-04-18T15:50:43","calc_backorders":null,"yoast_head":"<!-- This site is optimized with the Yoast SEO plugin v22.6 - https:\/\/yoast.com\/wordpress\/plugins\/seo\/ -->\n<title>Mango 4=5 - Naturka<\/title>\n<meta name=\"robots\" content=\"index, follow, max-snippet:-1, max-image-preview:large, max-video-preview:-1\" \/>\n<link rel=\"canonical\" href=\"https:\/\/naturka.ee\/fi\/tuote\/mango-45\/\" \/>\n<meta property=\"og:locale\" content=\"fi_FI\" \/>\n<meta property=\"og:type\" content=\"article\" \/>\n<meta property=\"og:title\" content=\"Mango 4=5 - Naturka\" \/>\n<meta property=\"og:description\" content=\"Osta 4 saat 5!  Osta 4 pakkausta 250g mangoja (1KG) ja saat viidennen paketin ilmaiseksi!  N\u00e4m\u00e4 kultahiput k\u00e4tkev\u00e4t ep\u00e4todellisen nautinnon! Herkullinen ja hell\u00e4 mango, johon kaikki rakastuvat! Liev\u00e4sti hapan mango sulaa suussa eik\u00e4 j\u00e4t\u00e4 ket\u00e4\u00e4n v\u00e4linpit\u00e4m\u00e4tt\u00f6m\u00e4ksi. Alhaisen sokeripitoisuuden (vain 5%) ansiosta se sis\u00e4lt\u00e4\u00e4 yli 20 vitamiinia ja kivenn\u00e4isainetta terveelliseen ravintoon ja ruokavalioon! Ainesosat: mango, sokeri (5%), sitruunahappo  Ravintosis\u00e4lt\u00f6 per 100g: energiasis\u00e4lt\u00f6 1398,39 kJ\/334 kcal, rasvat 0,49 g, josta tyydyttyneet rasvahapot 0,02 g; hiilihydraatteja 80,7g, joista sokereita 49,5g, proteiineja 1,68g, suolaa 0g. S\u00e4ilyt\u00e4 kuivassa, puhtaassa ja viile\u00e4ss\u00e4 paikassa.\" \/>\n<meta property=\"og:url\" content=\"https:\/\/naturka.ee\/fi\/tuote\/mango-45\/\" \/>\n<meta property=\"og:site_name\" content=\"Naturka\" \/>\n<meta property=\"article:modified_time\" content=\"2026-02-26T11:54:48+00:00\" \/>\n<meta property=\"og:image\" content=\"https:\/\/naturka.ee\/wp-content\/uploads\/2024\/07\/mango-4-5.jpg\" \/>\n\t<meta property=\"og:image:width\" content=\"1536\" \/>\n\t<meta property=\"og:image:height\" content=\"1172\" \/>\n\t<meta property=\"og:image:type\" content=\"image\/jpeg\" \/>\n<meta name=\"twitter:card\" content=\"summary_large_image\" \/>\n<script type=\"application\/ld+json\" class=\"yoast-schema-graph\">{\"@context\":\"https:\/\/schema.org\",\"@graph\":[{\"@type\":\"WebPage\",\"@id\":\"https:\/\/naturka.ee\/fi\/tuote\/mango-45\/\",\"url\":\"https:\/\/naturka.ee\/fi\/tuote\/mango-45\/\",\"name\":\"Mango 4=5 - Naturka\",\"isPartOf\":{\"@id\":\"https:\/\/naturka.ee\/fi\/#website\"},\"primaryImageOfPage\":{\"@id\":\"https:\/\/naturka.ee\/fi\/tuote\/mango-45\/#primaryimage\"},\"image\":{\"@id\":\"https:\/\/naturka.ee\/fi\/tuote\/mango-45\/#primaryimage\"},\"thumbnailUrl\":\"https:\/\/naturka.ee\/wp-content\/uploads\/2024\/07\/mango-4-5.jpg\",\"datePublished\":\"2024-07-21T14:55:32+00:00\",\"dateModified\":\"2026-02-26T11:54:48+00:00\",\"breadcrumb\":{\"@id\":\"https:\/\/naturka.ee\/fi\/tuote\/mango-45\/#breadcrumb\"},\"inLanguage\":\"fi\",\"potentialAction\":[{\"@type\":\"ReadAction\",\"target\":[\"https:\/\/naturka.ee\/fi\/tuote\/mango-45\/\"]}]},{\"@type\":\"ImageObject\",\"inLanguage\":\"fi\",\"@id\":\"https:\/\/naturka.ee\/fi\/tuote\/mango-45\/#primaryimage\",\"url\":\"https:\/\/naturka.ee\/wp-content\/uploads\/2024\/07\/mango-4-5.jpg\",\"contentUrl\":\"https:\/\/naturka.ee\/wp-content\/uploads\/2024\/07\/mango-4-5.jpg\",\"width\":1536,\"height\":1172},{\"@type\":\"BreadcrumbList\",\"@id\":\"https:\/\/naturka.ee\/fi\/tuote\/mango-45\/#breadcrumb\",\"itemListElement\":[{\"@type\":\"ListItem\",\"position\":1,\"name\":\"Home\",\"item\":\"https:\/\/naturka.ee\/fi\/home\/\"},{\"@type\":\"ListItem\",\"position\":2,\"name\":\"Pood\",\"item\":\"https:\/\/naturka.ee\/shop\/\"},{\"@type\":\"ListItem\",\"position\":3,\"name\":\"Mango 4=5\"}]},{\"@type\":\"WebSite\",\"@id\":\"https:\/\/naturka.ee\/fi\/#website\",\"url\":\"https:\/\/naturka.ee\/fi\/\",\"name\":\"Naturka\",\"description\":\"\",\"potentialAction\":[{\"@type\":\"SearchAction\",\"target\":{\"@type\":\"EntryPoint\",\"urlTemplate\":\"https:\/\/naturka.ee\/fi\/?s={search_term_string}\"},\"query-input\":\"required name=search_term_string\"}],\"inLanguage\":\"fi\"}]}<\/script>\n<!-- \/ Yoast SEO plugin. -->","yoast_head_json":{"title":"Mango 4=5 - Naturka","robots":{"index":"index","follow":"follow","max-snippet":"max-snippet:-1","max-image-preview":"max-image-preview:large","max-video-preview":"max-video-preview:-1"},"canonical":"https:\/\/naturka.ee\/fi\/tuote\/mango-45\/","og_locale":"fi_FI","og_type":"article","og_title":"Mango 4=5 - Naturka","og_description":"Osta 4 saat 5!  Osta 4 pakkausta 250g mangoja (1KG) ja saat viidennen paketin ilmaiseksi!  N\u00e4m\u00e4 kultahiput k\u00e4tkev\u00e4t ep\u00e4todellisen nautinnon! Herkullinen ja hell\u00e4 mango, johon kaikki rakastuvat! Liev\u00e4sti hapan mango sulaa suussa eik\u00e4 j\u00e4t\u00e4 ket\u00e4\u00e4n v\u00e4linpit\u00e4m\u00e4tt\u00f6m\u00e4ksi. Alhaisen sokeripitoisuuden (vain 5%) ansiosta se sis\u00e4lt\u00e4\u00e4 yli 20 vitamiinia ja kivenn\u00e4isainetta terveelliseen ravintoon ja ruokavalioon! Ainesosat: mango, sokeri (5%), sitruunahappo  Ravintosis\u00e4lt\u00f6 per 100g: energiasis\u00e4lt\u00f6 1398,39 kJ\/334 kcal, rasvat 0,49 g, josta tyydyttyneet rasvahapot 0,02 g; hiilihydraatteja 80,7g, joista sokereita 49,5g, proteiineja 1,68g, suolaa 0g. S\u00e4ilyt\u00e4 kuivassa, puhtaassa ja viile\u00e4ss\u00e4 paikassa.","og_url":"https:\/\/naturka.ee\/fi\/tuote\/mango-45\/","og_site_name":"Naturka","article_modified_time":"2026-02-26T11:54:48+00:00","og_image":[{"width":1536,"height":1172,"url":"https:\/\/naturka.ee\/wp-content\/uploads\/2024\/07\/mango-4-5.jpg","type":"image\/jpeg"}],"twitter_card":"summary_large_image","schema":{"@context":"https:\/\/schema.org","@graph":[{"@type":"WebPage","@id":"https:\/\/naturka.ee\/fi\/tuote\/mango-45\/","url":"https:\/\/naturka.ee\/fi\/tuote\/mango-45\/","name":"Mango 4=5 - Naturka","isPartOf":{"@id":"https:\/\/naturka.ee\/fi\/#website"},"primaryImageOfPage":{"@id":"https:\/\/naturka.ee\/fi\/tuote\/mango-45\/#primaryimage"},"image":{"@id":"https:\/\/naturka.ee\/fi\/tuote\/mango-45\/#primaryimage"},"thumbnailUrl":"https:\/\/naturka.ee\/wp-content\/uploads\/2024\/07\/mango-4-5.jpg","datePublished":"2024-07-21T14:55:32+00:00","dateModified":"2026-02-26T11:54:48+00:00","breadcrumb":{"@id":"https:\/\/naturka.ee\/fi\/tuote\/mango-45\/#breadcrumb"},"inLanguage":"fi","potentialAction":[{"@type":"ReadAction","target":["https:\/\/naturka.ee\/fi\/tuote\/mango-45\/"]}]},{"@type":"ImageObject","inLanguage":"fi","@id":"https:\/\/naturka.ee\/fi\/tuote\/mango-45\/#primaryimage","url":"https:\/\/naturka.ee\/wp-content\/uploads\/2024\/07\/mango-4-5.jpg","contentUrl":"https:\/\/naturka.ee\/wp-content\/uploads\/2024\/07\/mango-4-5.jpg","width":1536,"height":1172},{"@type":"BreadcrumbList","@id":"https:\/\/naturka.ee\/fi\/tuote\/mango-45\/#breadcrumb","itemListElement":[{"@type":"ListItem","position":1,"name":"Home","item":"https:\/\/naturka.ee\/fi\/home\/"},{"@type":"ListItem","position":2,"name":"Pood","item":"https:\/\/naturka.ee\/shop\/"},{"@type":"ListItem","position":3,"name":"Mango 4=5"}]},{"@type":"WebSite","@id":"https:\/\/naturka.ee\/fi\/#website","url":"https:\/\/naturka.ee\/fi\/","name":"Naturka","description":"","potentialAction":[{"@type":"SearchAction","target":{"@type":"EntryPoint","urlTemplate":"https:\/\/naturka.ee\/fi\/?s={search_term_string}"},"query-input":"required name=search_term_string"}],"inLanguage":"fi"}]}},"_links":{"self":[{"href":"https:\/\/naturka.ee\/fi\/wp-json\/wp\/v2\/product\/27825","targetHints":{"allow":["GET"]}}],"collection":[{"href":"https:\/\/naturka.ee\/fi\/wp-json\/wp\/v2\/product"}],"about":[{"href":"https:\/\/naturka.ee\/fi\/wp-json\/wp\/v2\/types\/product"}],"wp:featuredmedia":[{"embeddable":true,"href":"https:\/\/naturka.ee\/fi\/wp-json\/wp\/v2\/media\/28757"}],"wp:attachment":[{"href":"https:\/\/naturka.ee\/fi\/wp-json\/wp\/v2\/media?parent=27825"}],"wp:term":[{"taxonomy":"product_cat","embeddable":true,"href":"https:\/\/naturka.ee\/fi\/wp-json\/wp\/v2\/product_cat?post=27825"},{"taxonomy":"product_tag","embeddable":true,"href":"https:\/\/naturka.ee\/fi\/wp-json\/wp\/v2\/product_tag?post=27825"}],"curies":[{"name":"wp","href":"https:\/\/api.w.org\/{rel}","templated":true}]}}