{"id":27531,"date":"2024-06-28T14:20:52","date_gmt":"2024-06-28T11:20:52","guid":{"rendered":"https:\/\/naturka.ee\/product\/mandlid-kaneelisokolaadis\/"},"modified":"2026-03-26T17:47:08","modified_gmt":"2026-03-26T15:47:08","slug":"mandlid-kaneelisokolaadis","status":"publish","type":"product","link":"https:\/\/naturka.ee\/fi\/tuote\/mandlid-kaneelisokolaadis\/","title":{"rendered":"Mantelit kanelisuklaassa"},"content":{"rendered":"","protected":false},"excerpt":{"rendered":"<p id=\"tw-target-text\" class=\"tw-data-text tw-text-large tw-ta\" dir=\"ltr\" data-placeholder=\"Translation\" aria-label=\"Translated text\" data-ved=\"2ahUKEwiG39HEkP6GAxUMFBAIHe_nDWAQ3ewLegQIChAU\"><span class=\"Y2IQFc\" lang=\"fi\">Uusi tuote &#8211; upea suklaa &#8211; suklaalla ja kanelilla p\u00e4\u00e4llystetyt mantelit! <\/span><\/p>\n<p class=\"tw-data-text tw-text-large tw-ta\" dir=\"ltr\" data-placeholder=\"Translation\" aria-label=\"Translated text\" data-ved=\"2ahUKEwiG39HEkP6GAxUMFBAIHe_nDWAQ3ewLegQIChAU\"><span class=\"Y2IQFc\" lang=\"fi\">Rapeat mantelit maitosuklaalla ja kanelilla ovat todellinen herkku. <\/span><\/p>\n<p class=\"tw-data-text tw-text-large tw-ta\" dir=\"ltr\" data-placeholder=\"Translation\" aria-label=\"Translated text\" data-ved=\"2ahUKEwiG39HEkP6GAxUMFBAIHe_nDWAQ3ewLegQIChAU\"><span class=\"Y2IQFc\" lang=\"fi\">Nauti itsest\u00e4si ja anna my\u00f6s yst\u00e4v\u00e4llesi! <\/span><\/p>\n<p class=\"tw-data-text tw-text-large tw-ta\" dir=\"ltr\" data-placeholder=\"Translation\" aria-label=\"Translated text\" data-ved=\"2ahUKEwiG39HEkP6GAxUMFBAIHe_nDWAQ3ewLegQIChAU\"><span class=\"Y2IQFc\" lang=\"fi\">Saattaa sis\u00e4lt\u00e4\u00e4 pieni\u00e4 m\u00e4\u00e4ri\u00e4 gluteenia, p\u00e4hkin\u00f6it\u00e4. S\u00e4ilyt\u00e4 kuivassa, puhtaassa ja viile\u00e4ss\u00e4 paikassa.<\/span><\/p>\n","protected":false},"featured_media":26030,"template":"","meta":{"inline_featured_image":false},"product_cat":[208],"product_tag":[],"class_list":["post-27531","product","type-product","status-publish","has-post-thumbnail","hentry","product_cat-makeisia"],"supplier_id":null,"supplier_sku":"","barcode":null,"atum_controlled":true,"out_stock_date":null,"out_stock_threshold":null,"inheritable":false,"inbound_stock":0,"stock_on_hold":0,"sold_today":0,"sales_last_days":0,"reserved_stock":0,"customer_returns":0,"warehouse_damage":0,"lost_in_post":0,"other_logs":0,"out_stock_days":0,"lost_sales":0,"has_location":false,"update_date":"2026-04-29T15:57:54","atum_locations":[],"atum_stock_status":"instock","restock_status":false,"low_stock_amount":"","sales_update_date":"2026-04-29T15:57:54","calc_backorders":null,"yoast_head":"<!-- This site is optimized with the Yoast SEO plugin v22.6 - https:\/\/yoast.com\/wordpress\/plugins\/seo\/ -->\n<title>Mantelit kanelisuklaassa - Naturka<\/title>\n<meta name=\"robots\" content=\"index, follow, max-snippet:-1, max-image-preview:large, max-video-preview:-1\" \/>\n<link rel=\"canonical\" href=\"https:\/\/naturka.ee\/fi\/tuote\/mandlid-kaneelisokolaadis\/\" \/>\n<meta property=\"og:locale\" content=\"fi_FI\" \/>\n<meta property=\"og:type\" content=\"article\" \/>\n<meta property=\"og:title\" content=\"Mantelit kanelisuklaassa - Naturka\" \/>\n<meta property=\"og:description\" content=\"Uusi tuote - upea suklaa - suklaalla ja kanelilla p\u00e4\u00e4llystetyt mantelit!  Rapeat mantelit maitosuklaalla ja kanelilla ovat todellinen herkku.  Nauti itsest\u00e4si ja anna my\u00f6s yst\u00e4v\u00e4llesi!  Saattaa sis\u00e4lt\u00e4\u00e4 pieni\u00e4 m\u00e4\u00e4ri\u00e4 gluteenia, p\u00e4hkin\u00f6it\u00e4. S\u00e4ilyt\u00e4 kuivassa, puhtaassa ja viile\u00e4ss\u00e4 paikassa.\" \/>\n<meta property=\"og:url\" content=\"https:\/\/naturka.ee\/fi\/tuote\/mandlid-kaneelisokolaadis\/\" \/>\n<meta property=\"og:site_name\" content=\"Naturka\" \/>\n<meta property=\"article:modified_time\" content=\"2026-03-26T15:47:08+00:00\" \/>\n<meta property=\"og:image\" content=\"https:\/\/naturka.ee\/wp-content\/uploads\/2024\/04\/14.jpg\" \/>\n\t<meta property=\"og:image:width\" content=\"1800\" \/>\n\t<meta property=\"og:image:height\" content=\"1373\" \/>\n\t<meta property=\"og:image:type\" content=\"image\/jpeg\" \/>\n<meta name=\"twitter:card\" content=\"summary_large_image\" \/>\n<script type=\"application\/ld+json\" class=\"yoast-schema-graph\">{\"@context\":\"https:\/\/schema.org\",\"@graph\":[{\"@type\":\"WebPage\",\"@id\":\"https:\/\/naturka.ee\/fi\/tuote\/mandlid-kaneelisokolaadis\/\",\"url\":\"https:\/\/naturka.ee\/fi\/tuote\/mandlid-kaneelisokolaadis\/\",\"name\":\"Mantelit kanelisuklaassa - Naturka\",\"isPartOf\":{\"@id\":\"https:\/\/naturka.ee\/fi\/#website\"},\"primaryImageOfPage\":{\"@id\":\"https:\/\/naturka.ee\/fi\/tuote\/mandlid-kaneelisokolaadis\/#primaryimage\"},\"image\":{\"@id\":\"https:\/\/naturka.ee\/fi\/tuote\/mandlid-kaneelisokolaadis\/#primaryimage\"},\"thumbnailUrl\":\"https:\/\/naturka.ee\/wp-content\/uploads\/2024\/04\/14.jpg\",\"datePublished\":\"2024-06-28T11:20:52+00:00\",\"dateModified\":\"2026-03-26T15:47:08+00:00\",\"breadcrumb\":{\"@id\":\"https:\/\/naturka.ee\/fi\/tuote\/mandlid-kaneelisokolaadis\/#breadcrumb\"},\"inLanguage\":\"fi\",\"potentialAction\":[{\"@type\":\"ReadAction\",\"target\":[\"https:\/\/naturka.ee\/fi\/tuote\/mandlid-kaneelisokolaadis\/\"]}]},{\"@type\":\"ImageObject\",\"inLanguage\":\"fi\",\"@id\":\"https:\/\/naturka.ee\/fi\/tuote\/mandlid-kaneelisokolaadis\/#primaryimage\",\"url\":\"https:\/\/naturka.ee\/wp-content\/uploads\/2024\/04\/14.jpg\",\"contentUrl\":\"https:\/\/naturka.ee\/wp-content\/uploads\/2024\/04\/14.jpg\",\"width\":1800,\"height\":1373},{\"@type\":\"BreadcrumbList\",\"@id\":\"https:\/\/naturka.ee\/fi\/tuote\/mandlid-kaneelisokolaadis\/#breadcrumb\",\"itemListElement\":[{\"@type\":\"ListItem\",\"position\":1,\"name\":\"Home\",\"item\":\"https:\/\/naturka.ee\/fi\/home\/\"},{\"@type\":\"ListItem\",\"position\":2,\"name\":\"Pood\",\"item\":\"https:\/\/naturka.ee\/shop\/\"},{\"@type\":\"ListItem\",\"position\":3,\"name\":\"Mantelit kanelisuklaassa\"}]},{\"@type\":\"WebSite\",\"@id\":\"https:\/\/naturka.ee\/fi\/#website\",\"url\":\"https:\/\/naturka.ee\/fi\/\",\"name\":\"Naturka\",\"description\":\"\",\"potentialAction\":[{\"@type\":\"SearchAction\",\"target\":{\"@type\":\"EntryPoint\",\"urlTemplate\":\"https:\/\/naturka.ee\/fi\/?s={search_term_string}\"},\"query-input\":\"required name=search_term_string\"}],\"inLanguage\":\"fi\"}]}<\/script>\n<!-- \/ Yoast SEO plugin. -->","yoast_head_json":{"title":"Mantelit kanelisuklaassa - Naturka","robots":{"index":"index","follow":"follow","max-snippet":"max-snippet:-1","max-image-preview":"max-image-preview:large","max-video-preview":"max-video-preview:-1"},"canonical":"https:\/\/naturka.ee\/fi\/tuote\/mandlid-kaneelisokolaadis\/","og_locale":"fi_FI","og_type":"article","og_title":"Mantelit kanelisuklaassa - Naturka","og_description":"Uusi tuote - upea suklaa - suklaalla ja kanelilla p\u00e4\u00e4llystetyt mantelit!  Rapeat mantelit maitosuklaalla ja kanelilla ovat todellinen herkku.  Nauti itsest\u00e4si ja anna my\u00f6s yst\u00e4v\u00e4llesi!  Saattaa sis\u00e4lt\u00e4\u00e4 pieni\u00e4 m\u00e4\u00e4ri\u00e4 gluteenia, p\u00e4hkin\u00f6it\u00e4. S\u00e4ilyt\u00e4 kuivassa, puhtaassa ja viile\u00e4ss\u00e4 paikassa.","og_url":"https:\/\/naturka.ee\/fi\/tuote\/mandlid-kaneelisokolaadis\/","og_site_name":"Naturka","article_modified_time":"2026-03-26T15:47:08+00:00","og_image":[{"width":1800,"height":1373,"url":"https:\/\/naturka.ee\/wp-content\/uploads\/2024\/04\/14.jpg","type":"image\/jpeg"}],"twitter_card":"summary_large_image","schema":{"@context":"https:\/\/schema.org","@graph":[{"@type":"WebPage","@id":"https:\/\/naturka.ee\/fi\/tuote\/mandlid-kaneelisokolaadis\/","url":"https:\/\/naturka.ee\/fi\/tuote\/mandlid-kaneelisokolaadis\/","name":"Mantelit kanelisuklaassa - Naturka","isPartOf":{"@id":"https:\/\/naturka.ee\/fi\/#website"},"primaryImageOfPage":{"@id":"https:\/\/naturka.ee\/fi\/tuote\/mandlid-kaneelisokolaadis\/#primaryimage"},"image":{"@id":"https:\/\/naturka.ee\/fi\/tuote\/mandlid-kaneelisokolaadis\/#primaryimage"},"thumbnailUrl":"https:\/\/naturka.ee\/wp-content\/uploads\/2024\/04\/14.jpg","datePublished":"2024-06-28T11:20:52+00:00","dateModified":"2026-03-26T15:47:08+00:00","breadcrumb":{"@id":"https:\/\/naturka.ee\/fi\/tuote\/mandlid-kaneelisokolaadis\/#breadcrumb"},"inLanguage":"fi","potentialAction":[{"@type":"ReadAction","target":["https:\/\/naturka.ee\/fi\/tuote\/mandlid-kaneelisokolaadis\/"]}]},{"@type":"ImageObject","inLanguage":"fi","@id":"https:\/\/naturka.ee\/fi\/tuote\/mandlid-kaneelisokolaadis\/#primaryimage","url":"https:\/\/naturka.ee\/wp-content\/uploads\/2024\/04\/14.jpg","contentUrl":"https:\/\/naturka.ee\/wp-content\/uploads\/2024\/04\/14.jpg","width":1800,"height":1373},{"@type":"BreadcrumbList","@id":"https:\/\/naturka.ee\/fi\/tuote\/mandlid-kaneelisokolaadis\/#breadcrumb","itemListElement":[{"@type":"ListItem","position":1,"name":"Home","item":"https:\/\/naturka.ee\/fi\/home\/"},{"@type":"ListItem","position":2,"name":"Pood","item":"https:\/\/naturka.ee\/shop\/"},{"@type":"ListItem","position":3,"name":"Mantelit kanelisuklaassa"}]},{"@type":"WebSite","@id":"https:\/\/naturka.ee\/fi\/#website","url":"https:\/\/naturka.ee\/fi\/","name":"Naturka","description":"","potentialAction":[{"@type":"SearchAction","target":{"@type":"EntryPoint","urlTemplate":"https:\/\/naturka.ee\/fi\/?s={search_term_string}"},"query-input":"required name=search_term_string"}],"inLanguage":"fi"}]}},"_links":{"self":[{"href":"https:\/\/naturka.ee\/fi\/wp-json\/wp\/v2\/product\/27531","targetHints":{"allow":["GET"]}}],"collection":[{"href":"https:\/\/naturka.ee\/fi\/wp-json\/wp\/v2\/product"}],"about":[{"href":"https:\/\/naturka.ee\/fi\/wp-json\/wp\/v2\/types\/product"}],"wp:featuredmedia":[{"embeddable":true,"href":"https:\/\/naturka.ee\/fi\/wp-json\/wp\/v2\/media\/26030"}],"wp:attachment":[{"href":"https:\/\/naturka.ee\/fi\/wp-json\/wp\/v2\/media?parent=27531"}],"wp:term":[{"taxonomy":"product_cat","embeddable":true,"href":"https:\/\/naturka.ee\/fi\/wp-json\/wp\/v2\/product_cat?post=27531"},{"taxonomy":"product_tag","embeddable":true,"href":"https:\/\/naturka.ee\/fi\/wp-json\/wp\/v2\/product_tag?post=27531"}],"curies":[{"name":"wp","href":"https:\/\/api.w.org\/{rel}","templated":true}]}}