{"id":27480,"date":"2024-06-26T11:05:07","date_gmt":"2024-06-26T08:05:07","guid":{"rendered":"https:\/\/naturka.ee\/product\/metspahkli-sokolaadi-segu\/"},"modified":"2024-12-08T00:00:26","modified_gmt":"2024-12-07T22:00:26","slug":"metspahkli-sokolaadi-segu","status":"publish","type":"product","link":"https:\/\/naturka.ee\/fi\/tuote\/metspahkli-sokolaadi-segu\/","title":{"rendered":"Hasselp\u00e4hkin\u00e4 suklaaseos"},"content":{"rendered":"","protected":false},"excerpt":{"rendered":"<p id=\"tw-target-text\" class=\"tw-data-text tw-text-large tw-ta\" dir=\"ltr\" data-placeholder=\"Translation\" aria-label=\"Translated text\" data-ved=\"2ahUKEwiApsrxivmGAxW1QVUIHelpA2MQ3ewLegQIDhAU\"><span class=\"Y2IQFc\" lang=\"fi\">Uusi tuote &#8211; upea hollantilainen suklaa &#8211; hasselp\u00e4hkin\u00e4suklaasekoitus! <\/span><\/p>\n<p class=\"tw-data-text tw-text-large tw-ta\" dir=\"ltr\" data-placeholder=\"Translation\" aria-label=\"Translated text\" data-ved=\"2ahUKEwiApsrxivmGAxW1QVUIHelpA2MQ3ewLegQIDhAU\"><span class=\"Y2IQFc\" lang=\"fi\">Tummalla, maito- ja valkosuklaalla peitetyt kokonaiset hasselp\u00e4hkin\u00e4t \u2013 klassikko suklaamaailmassa. <\/span><\/p>\n<p class=\"tw-data-text tw-text-large tw-ta\" dir=\"ltr\" data-placeholder=\"Translation\" aria-label=\"Translated text\" data-ved=\"2ahUKEwiApsrxivmGAxW1QVUIHelpA2MQ3ewLegQIDhAU\"><span class=\"Y2IQFc\" lang=\"fi\">Hemmottele itse\u00e4si jollakin todella hyv\u00e4ll\u00e4! <\/span><\/p>\n<p class=\"tw-data-text tw-text-large tw-ta\" dir=\"ltr\" data-placeholder=\"Translation\" aria-label=\"Translated text\" data-ved=\"2ahUKEwiApsrxivmGAxW1QVUIHelpA2MQ3ewLegQIDhAU\"><span class=\"Y2IQFc\" lang=\"fi\">Saattaa sis\u00e4lt\u00e4\u00e4 pieni\u00e4 m\u00e4\u00e4ri\u00e4 gluteenia, p\u00e4hkin\u00f6it\u00e4. S\u00e4ilyt\u00e4 kuivassa, puhtaassa ja viile\u00e4ss\u00e4 paikassa.<\/span><\/p>\n","protected":false},"featured_media":26005,"template":"","meta":{"inline_featured_image":false},"product_cat":[208],"product_tag":[],"class_list":["post-27480","product","type-product","status-publish","has-post-thumbnail","hentry","product_cat-makeisia"],"supplier_id":null,"supplier_sku":"","barcode":null,"atum_controlled":true,"out_stock_date":"2024-12-07 10:38:24","out_stock_threshold":null,"inheritable":false,"inbound_stock":0,"stock_on_hold":0,"sold_today":0,"sales_last_days":0,"reserved_stock":0,"customer_returns":0,"warehouse_damage":0,"lost_in_post":0,"other_logs":0,"out_stock_days":512,"lost_sales":0,"has_location":false,"update_date":"2026-05-04T05:51:44","atum_locations":[],"atum_stock_status":"outofstock","restock_status":false,"low_stock_amount":"","sales_update_date":"2026-05-04T05:51:44","calc_backorders":null,"yoast_head":"<!-- This site is optimized with the Yoast SEO plugin v22.6 - https:\/\/yoast.com\/wordpress\/plugins\/seo\/ -->\n<title>Hasselp\u00e4hkin\u00e4 suklaaseos - Naturka<\/title>\n<meta name=\"robots\" content=\"index, follow, max-snippet:-1, max-image-preview:large, max-video-preview:-1\" \/>\n<link rel=\"canonical\" href=\"https:\/\/naturka.ee\/fi\/tuote\/metspahkli-sokolaadi-segu\/\" \/>\n<meta property=\"og:locale\" content=\"fi_FI\" \/>\n<meta property=\"og:type\" content=\"article\" \/>\n<meta property=\"og:title\" content=\"Hasselp\u00e4hkin\u00e4 suklaaseos - Naturka\" \/>\n<meta property=\"og:description\" content=\"Uusi tuote - upea hollantilainen suklaa - hasselp\u00e4hkin\u00e4suklaasekoitus!  Tummalla, maito- ja valkosuklaalla peitetyt kokonaiset hasselp\u00e4hkin\u00e4t \u2013 klassikko suklaamaailmassa.  Hemmottele itse\u00e4si jollakin todella hyv\u00e4ll\u00e4!  Saattaa sis\u00e4lt\u00e4\u00e4 pieni\u00e4 m\u00e4\u00e4ri\u00e4 gluteenia, p\u00e4hkin\u00f6it\u00e4. S\u00e4ilyt\u00e4 kuivassa, puhtaassa ja viile\u00e4ss\u00e4 paikassa.\" \/>\n<meta property=\"og:url\" content=\"https:\/\/naturka.ee\/fi\/tuote\/metspahkli-sokolaadi-segu\/\" \/>\n<meta property=\"og:site_name\" content=\"Naturka\" \/>\n<meta property=\"article:modified_time\" content=\"2024-12-07T22:00:26+00:00\" \/>\n<meta property=\"og:image\" content=\"https:\/\/naturka.ee\/wp-content\/uploads\/2024\/04\/9.jpg\" \/>\n\t<meta property=\"og:image:width\" content=\"1800\" \/>\n\t<meta property=\"og:image:height\" content=\"1373\" \/>\n\t<meta property=\"og:image:type\" content=\"image\/jpeg\" \/>\n<meta name=\"twitter:card\" content=\"summary_large_image\" \/>\n<script type=\"application\/ld+json\" class=\"yoast-schema-graph\">{\"@context\":\"https:\/\/schema.org\",\"@graph\":[{\"@type\":\"WebPage\",\"@id\":\"https:\/\/naturka.ee\/fi\/tuote\/metspahkli-sokolaadi-segu\/\",\"url\":\"https:\/\/naturka.ee\/fi\/tuote\/metspahkli-sokolaadi-segu\/\",\"name\":\"Hasselp\u00e4hkin\u00e4 suklaaseos - Naturka\",\"isPartOf\":{\"@id\":\"https:\/\/naturka.ee\/fi\/#website\"},\"primaryImageOfPage\":{\"@id\":\"https:\/\/naturka.ee\/fi\/tuote\/metspahkli-sokolaadi-segu\/#primaryimage\"},\"image\":{\"@id\":\"https:\/\/naturka.ee\/fi\/tuote\/metspahkli-sokolaadi-segu\/#primaryimage\"},\"thumbnailUrl\":\"https:\/\/naturka.ee\/wp-content\/uploads\/2024\/04\/9.jpg\",\"datePublished\":\"2024-06-26T08:05:07+00:00\",\"dateModified\":\"2024-12-07T22:00:26+00:00\",\"breadcrumb\":{\"@id\":\"https:\/\/naturka.ee\/fi\/tuote\/metspahkli-sokolaadi-segu\/#breadcrumb\"},\"inLanguage\":\"fi\",\"potentialAction\":[{\"@type\":\"ReadAction\",\"target\":[\"https:\/\/naturka.ee\/fi\/tuote\/metspahkli-sokolaadi-segu\/\"]}]},{\"@type\":\"ImageObject\",\"inLanguage\":\"fi\",\"@id\":\"https:\/\/naturka.ee\/fi\/tuote\/metspahkli-sokolaadi-segu\/#primaryimage\",\"url\":\"https:\/\/naturka.ee\/wp-content\/uploads\/2024\/04\/9.jpg\",\"contentUrl\":\"https:\/\/naturka.ee\/wp-content\/uploads\/2024\/04\/9.jpg\",\"width\":1800,\"height\":1373},{\"@type\":\"BreadcrumbList\",\"@id\":\"https:\/\/naturka.ee\/fi\/tuote\/metspahkli-sokolaadi-segu\/#breadcrumb\",\"itemListElement\":[{\"@type\":\"ListItem\",\"position\":1,\"name\":\"Home\",\"item\":\"https:\/\/naturka.ee\/fi\/home\/\"},{\"@type\":\"ListItem\",\"position\":2,\"name\":\"Pood\",\"item\":\"https:\/\/naturka.ee\/shop\/\"},{\"@type\":\"ListItem\",\"position\":3,\"name\":\"Hasselp\u00e4hkin\u00e4 suklaaseos\"}]},{\"@type\":\"WebSite\",\"@id\":\"https:\/\/naturka.ee\/fi\/#website\",\"url\":\"https:\/\/naturka.ee\/fi\/\",\"name\":\"Naturka\",\"description\":\"\",\"potentialAction\":[{\"@type\":\"SearchAction\",\"target\":{\"@type\":\"EntryPoint\",\"urlTemplate\":\"https:\/\/naturka.ee\/fi\/?s={search_term_string}\"},\"query-input\":\"required name=search_term_string\"}],\"inLanguage\":\"fi\"}]}<\/script>\n<!-- \/ Yoast SEO plugin. -->","yoast_head_json":{"title":"Hasselp\u00e4hkin\u00e4 suklaaseos - Naturka","robots":{"index":"index","follow":"follow","max-snippet":"max-snippet:-1","max-image-preview":"max-image-preview:large","max-video-preview":"max-video-preview:-1"},"canonical":"https:\/\/naturka.ee\/fi\/tuote\/metspahkli-sokolaadi-segu\/","og_locale":"fi_FI","og_type":"article","og_title":"Hasselp\u00e4hkin\u00e4 suklaaseos - Naturka","og_description":"Uusi tuote - upea hollantilainen suklaa - hasselp\u00e4hkin\u00e4suklaasekoitus!  Tummalla, maito- ja valkosuklaalla peitetyt kokonaiset hasselp\u00e4hkin\u00e4t \u2013 klassikko suklaamaailmassa.  Hemmottele itse\u00e4si jollakin todella hyv\u00e4ll\u00e4!  Saattaa sis\u00e4lt\u00e4\u00e4 pieni\u00e4 m\u00e4\u00e4ri\u00e4 gluteenia, p\u00e4hkin\u00f6it\u00e4. S\u00e4ilyt\u00e4 kuivassa, puhtaassa ja viile\u00e4ss\u00e4 paikassa.","og_url":"https:\/\/naturka.ee\/fi\/tuote\/metspahkli-sokolaadi-segu\/","og_site_name":"Naturka","article_modified_time":"2024-12-07T22:00:26+00:00","og_image":[{"width":1800,"height":1373,"url":"https:\/\/naturka.ee\/wp-content\/uploads\/2024\/04\/9.jpg","type":"image\/jpeg"}],"twitter_card":"summary_large_image","schema":{"@context":"https:\/\/schema.org","@graph":[{"@type":"WebPage","@id":"https:\/\/naturka.ee\/fi\/tuote\/metspahkli-sokolaadi-segu\/","url":"https:\/\/naturka.ee\/fi\/tuote\/metspahkli-sokolaadi-segu\/","name":"Hasselp\u00e4hkin\u00e4 suklaaseos - Naturka","isPartOf":{"@id":"https:\/\/naturka.ee\/fi\/#website"},"primaryImageOfPage":{"@id":"https:\/\/naturka.ee\/fi\/tuote\/metspahkli-sokolaadi-segu\/#primaryimage"},"image":{"@id":"https:\/\/naturka.ee\/fi\/tuote\/metspahkli-sokolaadi-segu\/#primaryimage"},"thumbnailUrl":"https:\/\/naturka.ee\/wp-content\/uploads\/2024\/04\/9.jpg","datePublished":"2024-06-26T08:05:07+00:00","dateModified":"2024-12-07T22:00:26+00:00","breadcrumb":{"@id":"https:\/\/naturka.ee\/fi\/tuote\/metspahkli-sokolaadi-segu\/#breadcrumb"},"inLanguage":"fi","potentialAction":[{"@type":"ReadAction","target":["https:\/\/naturka.ee\/fi\/tuote\/metspahkli-sokolaadi-segu\/"]}]},{"@type":"ImageObject","inLanguage":"fi","@id":"https:\/\/naturka.ee\/fi\/tuote\/metspahkli-sokolaadi-segu\/#primaryimage","url":"https:\/\/naturka.ee\/wp-content\/uploads\/2024\/04\/9.jpg","contentUrl":"https:\/\/naturka.ee\/wp-content\/uploads\/2024\/04\/9.jpg","width":1800,"height":1373},{"@type":"BreadcrumbList","@id":"https:\/\/naturka.ee\/fi\/tuote\/metspahkli-sokolaadi-segu\/#breadcrumb","itemListElement":[{"@type":"ListItem","position":1,"name":"Home","item":"https:\/\/naturka.ee\/fi\/home\/"},{"@type":"ListItem","position":2,"name":"Pood","item":"https:\/\/naturka.ee\/shop\/"},{"@type":"ListItem","position":3,"name":"Hasselp\u00e4hkin\u00e4 suklaaseos"}]},{"@type":"WebSite","@id":"https:\/\/naturka.ee\/fi\/#website","url":"https:\/\/naturka.ee\/fi\/","name":"Naturka","description":"","potentialAction":[{"@type":"SearchAction","target":{"@type":"EntryPoint","urlTemplate":"https:\/\/naturka.ee\/fi\/?s={search_term_string}"},"query-input":"required name=search_term_string"}],"inLanguage":"fi"}]}},"_links":{"self":[{"href":"https:\/\/naturka.ee\/fi\/wp-json\/wp\/v2\/product\/27480","targetHints":{"allow":["GET"]}}],"collection":[{"href":"https:\/\/naturka.ee\/fi\/wp-json\/wp\/v2\/product"}],"about":[{"href":"https:\/\/naturka.ee\/fi\/wp-json\/wp\/v2\/types\/product"}],"wp:featuredmedia":[{"embeddable":true,"href":"https:\/\/naturka.ee\/fi\/wp-json\/wp\/v2\/media\/26005"}],"wp:attachment":[{"href":"https:\/\/naturka.ee\/fi\/wp-json\/wp\/v2\/media?parent=27480"}],"wp:term":[{"taxonomy":"product_cat","embeddable":true,"href":"https:\/\/naturka.ee\/fi\/wp-json\/wp\/v2\/product_cat?post=27480"},{"taxonomy":"product_tag","embeddable":true,"href":"https:\/\/naturka.ee\/fi\/wp-json\/wp\/v2\/product_tag?post=27480"}],"curies":[{"name":"wp","href":"https:\/\/api.w.org\/{rel}","templated":true}]}}