{"id":27458,"date":"2024-06-24T09:55:10","date_gmt":"2024-06-24T06:55:10","guid":{"rendered":"https:\/\/naturka.ee\/product\/rosin-piimasokolaadis\/"},"modified":"2026-03-26T17:46:59","modified_gmt":"2026-03-26T15:46:59","slug":"rosin-piimasokolaadis","status":"publish","type":"product","link":"https:\/\/naturka.ee\/fi\/tuote\/rosin-piimasokolaadis\/","title":{"rendered":"Rusina maitosuklaassa"},"content":{"rendered":"","protected":false},"excerpt":{"rendered":"<p id=\"tw-target-text\" class=\"tw-data-text tw-text-large tw-ta\" dir=\"ltr\" data-placeholder=\"Translation\" aria-label=\"Translated text\" data-ved=\"2ahUKEwiHgcj20fOGAxUTHxAIHf2HBmgQ3ewLegQIFRAU\"><span class=\"Y2IQFc\" lang=\"fi\">Uusi tuote &#8211; upea suklaa &#8211; rusinoita maitosuklaatassa! <\/span><\/p>\n<p class=\"tw-data-text tw-text-large tw-ta\" dir=\"ltr\" data-placeholder=\"Translation\" aria-label=\"Translated text\" data-ved=\"2ahUKEwiHgcj20fOGAxUTHxAIHf2HBmgQ3ewLegQIFRAU\"><span class=\"Y2IQFc\" lang=\"fi\">N\u00e4m\u00e4 rusinat suklaassa sulavat suussa ja ovat todellinen nautinto. Perheen pienimpien suosikki! <\/span><\/p>\n<p class=\"tw-data-text tw-text-large tw-ta\" dir=\"ltr\" data-placeholder=\"Translation\" aria-label=\"Translated text\" data-ved=\"2ahUKEwiHgcj20fOGAxUTHxAIHf2HBmgQ3ewLegQIFRAU\"><span class=\"Y2IQFc\" lang=\"fi\">Hemmottele itse\u00e4si jollakin todella hyv\u00e4ll\u00e4! <\/span><\/p>\n<p class=\"tw-data-text tw-text-large tw-ta\" dir=\"ltr\" data-placeholder=\"Translation\" aria-label=\"Translated text\" data-ved=\"2ahUKEwiHgcj20fOGAxUTHxAIHf2HBmgQ3ewLegQIFRAU\"><span class=\"Y2IQFc\" lang=\"fi\">Saattaa sis\u00e4lt\u00e4\u00e4 pieni\u00e4 m\u00e4\u00e4ri\u00e4 gluteenia, p\u00e4hkin\u00f6it\u00e4. S\u00e4ilyt\u00e4 kuivassa, puhtaassa ja viile\u00e4ss\u00e4 paikassa.<\/span><\/p>\n","protected":false},"featured_media":26020,"template":"","meta":{"inline_featured_image":false},"product_cat":[208],"product_tag":[],"class_list":["post-27458","product","type-product","status-publish","has-post-thumbnail","hentry","product_cat-makeisia"],"supplier_id":null,"supplier_sku":"","barcode":null,"atum_controlled":true,"out_stock_date":null,"out_stock_threshold":null,"inheritable":false,"inbound_stock":0,"stock_on_hold":0,"sold_today":2,"sales_last_days":20,"reserved_stock":0,"customer_returns":0,"warehouse_damage":0,"lost_in_post":0,"other_logs":0,"out_stock_days":0,"lost_sales":0,"has_location":false,"update_date":"2026-05-05T14:05:02","atum_locations":[],"atum_stock_status":"instock","restock_status":false,"low_stock_amount":"","sales_update_date":"2026-05-05T14:05:01","calc_backorders":null,"yoast_head":"<!-- This site is optimized with the Yoast SEO plugin v22.6 - https:\/\/yoast.com\/wordpress\/plugins\/seo\/ -->\n<title>Rusina maitosuklaassa - Naturka<\/title>\n<meta name=\"robots\" content=\"index, follow, max-snippet:-1, max-image-preview:large, max-video-preview:-1\" \/>\n<link rel=\"canonical\" href=\"https:\/\/naturka.ee\/fi\/tuote\/rosin-piimasokolaadis\/\" \/>\n<meta property=\"og:locale\" content=\"fi_FI\" \/>\n<meta property=\"og:type\" content=\"article\" \/>\n<meta property=\"og:title\" content=\"Rusina maitosuklaassa - Naturka\" \/>\n<meta property=\"og:description\" content=\"Uusi tuote - upea suklaa - rusinoita maitosuklaatassa!  N\u00e4m\u00e4 rusinat suklaassa sulavat suussa ja ovat todellinen nautinto. Perheen pienimpien suosikki!  Hemmottele itse\u00e4si jollakin todella hyv\u00e4ll\u00e4!  Saattaa sis\u00e4lt\u00e4\u00e4 pieni\u00e4 m\u00e4\u00e4ri\u00e4 gluteenia, p\u00e4hkin\u00f6it\u00e4. S\u00e4ilyt\u00e4 kuivassa, puhtaassa ja viile\u00e4ss\u00e4 paikassa.\" \/>\n<meta property=\"og:url\" content=\"https:\/\/naturka.ee\/fi\/tuote\/rosin-piimasokolaadis\/\" \/>\n<meta property=\"og:site_name\" content=\"Naturka\" \/>\n<meta property=\"article:modified_time\" content=\"2026-03-26T15:46:59+00:00\" \/>\n<meta property=\"og:image\" content=\"https:\/\/naturka.ee\/wp-content\/uploads\/2024\/04\/12.jpg\" \/>\n\t<meta property=\"og:image:width\" content=\"1800\" \/>\n\t<meta property=\"og:image:height\" content=\"1373\" \/>\n\t<meta property=\"og:image:type\" content=\"image\/jpeg\" \/>\n<meta name=\"twitter:card\" content=\"summary_large_image\" \/>\n<script type=\"application\/ld+json\" class=\"yoast-schema-graph\">{\"@context\":\"https:\/\/schema.org\",\"@graph\":[{\"@type\":\"WebPage\",\"@id\":\"https:\/\/naturka.ee\/fi\/tuote\/rosin-piimasokolaadis\/\",\"url\":\"https:\/\/naturka.ee\/fi\/tuote\/rosin-piimasokolaadis\/\",\"name\":\"Rusina maitosuklaassa - Naturka\",\"isPartOf\":{\"@id\":\"https:\/\/naturka.ee\/fi\/#website\"},\"primaryImageOfPage\":{\"@id\":\"https:\/\/naturka.ee\/fi\/tuote\/rosin-piimasokolaadis\/#primaryimage\"},\"image\":{\"@id\":\"https:\/\/naturka.ee\/fi\/tuote\/rosin-piimasokolaadis\/#primaryimage\"},\"thumbnailUrl\":\"https:\/\/naturka.ee\/wp-content\/uploads\/2024\/04\/12.jpg\",\"datePublished\":\"2024-06-24T06:55:10+00:00\",\"dateModified\":\"2026-03-26T15:46:59+00:00\",\"breadcrumb\":{\"@id\":\"https:\/\/naturka.ee\/fi\/tuote\/rosin-piimasokolaadis\/#breadcrumb\"},\"inLanguage\":\"fi\",\"potentialAction\":[{\"@type\":\"ReadAction\",\"target\":[\"https:\/\/naturka.ee\/fi\/tuote\/rosin-piimasokolaadis\/\"]}]},{\"@type\":\"ImageObject\",\"inLanguage\":\"fi\",\"@id\":\"https:\/\/naturka.ee\/fi\/tuote\/rosin-piimasokolaadis\/#primaryimage\",\"url\":\"https:\/\/naturka.ee\/wp-content\/uploads\/2024\/04\/12.jpg\",\"contentUrl\":\"https:\/\/naturka.ee\/wp-content\/uploads\/2024\/04\/12.jpg\",\"width\":1800,\"height\":1373},{\"@type\":\"BreadcrumbList\",\"@id\":\"https:\/\/naturka.ee\/fi\/tuote\/rosin-piimasokolaadis\/#breadcrumb\",\"itemListElement\":[{\"@type\":\"ListItem\",\"position\":1,\"name\":\"Home\",\"item\":\"https:\/\/naturka.ee\/fi\/home\/\"},{\"@type\":\"ListItem\",\"position\":2,\"name\":\"Pood\",\"item\":\"https:\/\/naturka.ee\/shop\/\"},{\"@type\":\"ListItem\",\"position\":3,\"name\":\"Rusina maitosuklaassa\"}]},{\"@type\":\"WebSite\",\"@id\":\"https:\/\/naturka.ee\/fi\/#website\",\"url\":\"https:\/\/naturka.ee\/fi\/\",\"name\":\"Naturka\",\"description\":\"\",\"potentialAction\":[{\"@type\":\"SearchAction\",\"target\":{\"@type\":\"EntryPoint\",\"urlTemplate\":\"https:\/\/naturka.ee\/fi\/?s={search_term_string}\"},\"query-input\":\"required name=search_term_string\"}],\"inLanguage\":\"fi\"}]}<\/script>\n<!-- \/ Yoast SEO plugin. -->","yoast_head_json":{"title":"Rusina maitosuklaassa - Naturka","robots":{"index":"index","follow":"follow","max-snippet":"max-snippet:-1","max-image-preview":"max-image-preview:large","max-video-preview":"max-video-preview:-1"},"canonical":"https:\/\/naturka.ee\/fi\/tuote\/rosin-piimasokolaadis\/","og_locale":"fi_FI","og_type":"article","og_title":"Rusina maitosuklaassa - Naturka","og_description":"Uusi tuote - upea suklaa - rusinoita maitosuklaatassa!  N\u00e4m\u00e4 rusinat suklaassa sulavat suussa ja ovat todellinen nautinto. Perheen pienimpien suosikki!  Hemmottele itse\u00e4si jollakin todella hyv\u00e4ll\u00e4!  Saattaa sis\u00e4lt\u00e4\u00e4 pieni\u00e4 m\u00e4\u00e4ri\u00e4 gluteenia, p\u00e4hkin\u00f6it\u00e4. S\u00e4ilyt\u00e4 kuivassa, puhtaassa ja viile\u00e4ss\u00e4 paikassa.","og_url":"https:\/\/naturka.ee\/fi\/tuote\/rosin-piimasokolaadis\/","og_site_name":"Naturka","article_modified_time":"2026-03-26T15:46:59+00:00","og_image":[{"width":1800,"height":1373,"url":"https:\/\/naturka.ee\/wp-content\/uploads\/2024\/04\/12.jpg","type":"image\/jpeg"}],"twitter_card":"summary_large_image","schema":{"@context":"https:\/\/schema.org","@graph":[{"@type":"WebPage","@id":"https:\/\/naturka.ee\/fi\/tuote\/rosin-piimasokolaadis\/","url":"https:\/\/naturka.ee\/fi\/tuote\/rosin-piimasokolaadis\/","name":"Rusina maitosuklaassa - Naturka","isPartOf":{"@id":"https:\/\/naturka.ee\/fi\/#website"},"primaryImageOfPage":{"@id":"https:\/\/naturka.ee\/fi\/tuote\/rosin-piimasokolaadis\/#primaryimage"},"image":{"@id":"https:\/\/naturka.ee\/fi\/tuote\/rosin-piimasokolaadis\/#primaryimage"},"thumbnailUrl":"https:\/\/naturka.ee\/wp-content\/uploads\/2024\/04\/12.jpg","datePublished":"2024-06-24T06:55:10+00:00","dateModified":"2026-03-26T15:46:59+00:00","breadcrumb":{"@id":"https:\/\/naturka.ee\/fi\/tuote\/rosin-piimasokolaadis\/#breadcrumb"},"inLanguage":"fi","potentialAction":[{"@type":"ReadAction","target":["https:\/\/naturka.ee\/fi\/tuote\/rosin-piimasokolaadis\/"]}]},{"@type":"ImageObject","inLanguage":"fi","@id":"https:\/\/naturka.ee\/fi\/tuote\/rosin-piimasokolaadis\/#primaryimage","url":"https:\/\/naturka.ee\/wp-content\/uploads\/2024\/04\/12.jpg","contentUrl":"https:\/\/naturka.ee\/wp-content\/uploads\/2024\/04\/12.jpg","width":1800,"height":1373},{"@type":"BreadcrumbList","@id":"https:\/\/naturka.ee\/fi\/tuote\/rosin-piimasokolaadis\/#breadcrumb","itemListElement":[{"@type":"ListItem","position":1,"name":"Home","item":"https:\/\/naturka.ee\/fi\/home\/"},{"@type":"ListItem","position":2,"name":"Pood","item":"https:\/\/naturka.ee\/shop\/"},{"@type":"ListItem","position":3,"name":"Rusina maitosuklaassa"}]},{"@type":"WebSite","@id":"https:\/\/naturka.ee\/fi\/#website","url":"https:\/\/naturka.ee\/fi\/","name":"Naturka","description":"","potentialAction":[{"@type":"SearchAction","target":{"@type":"EntryPoint","urlTemplate":"https:\/\/naturka.ee\/fi\/?s={search_term_string}"},"query-input":"required name=search_term_string"}],"inLanguage":"fi"}]}},"_links":{"self":[{"href":"https:\/\/naturka.ee\/fi\/wp-json\/wp\/v2\/product\/27458","targetHints":{"allow":["GET"]}}],"collection":[{"href":"https:\/\/naturka.ee\/fi\/wp-json\/wp\/v2\/product"}],"about":[{"href":"https:\/\/naturka.ee\/fi\/wp-json\/wp\/v2\/types\/product"}],"wp:featuredmedia":[{"embeddable":true,"href":"https:\/\/naturka.ee\/fi\/wp-json\/wp\/v2\/media\/26020"}],"wp:attachment":[{"href":"https:\/\/naturka.ee\/fi\/wp-json\/wp\/v2\/media?parent=27458"}],"wp:term":[{"taxonomy":"product_cat","embeddable":true,"href":"https:\/\/naturka.ee\/fi\/wp-json\/wp\/v2\/product_cat?post=27458"},{"taxonomy":"product_tag","embeddable":true,"href":"https:\/\/naturka.ee\/fi\/wp-json\/wp\/v2\/product_tag?post=27458"}],"curies":[{"name":"wp","href":"https:\/\/api.w.org\/{rel}","templated":true}]}}