{"id":27438,"date":"2024-06-23T12:45:42","date_gmt":"2024-06-23T09:45:42","guid":{"rendered":"https:\/\/naturka.ee\/product\/aprikoos-tume\/"},"modified":"2025-11-10T20:22:36","modified_gmt":"2025-11-10T18:22:36","slug":"aprikoos-tume","status":"publish","type":"product","link":"https:\/\/naturka.ee\/fi\/tuote\/aprikoos-tume\/","title":{"rendered":"Aprikoosi (tumma)"},"content":{"rendered":"","protected":false},"excerpt":{"rendered":"<p id=\"tw-target-text\" class=\"tw-data-text tw-text-large tw-ta\" dir=\"ltr\" data-placeholder=\"Translation\" aria-label=\"Translated text\" data-ved=\"2ahUKEwjb7-uHt_GGAxXDJRAIHUmhD_MQ3ewLegQIEBAU\"><span class=\"Y2IQFc\" lang=\"fi\">Uusi tuote &#8211; luonnon aurinkokuivatut aprikoosit ovat monen suosikki kuivattuja hedelmi\u00e4! <\/span><\/p>\n<p class=\"tw-data-text tw-text-large tw-ta\" dir=\"ltr\" data-placeholder=\"Translation\" aria-label=\"Translated text\" data-ved=\"2ahUKEwjb7-uHt_GGAxXDJRAIHUmhD_MQ3ewLegQIEBAU\"><span class=\"Y2IQFc\" lang=\"fi\">Makeat ja pehme\u00e4t kuivatut aprikoosit sis\u00e4lt\u00e4v\u00e4t runsaasti rautaa, C-vitamiinia ja kaliumia. Aprikoosin sy\u00f6minen auttaa stressiss\u00e4, parantaa ihoa, n\u00e4k\u00f6\u00e4, maksaa ja lihavuutta. <\/span><\/p>\n<p class=\"tw-data-text tw-text-large tw-ta\" dir=\"ltr\" data-placeholder=\"Translation\" aria-label=\"Translated text\" data-ved=\"2ahUKEwjb7-uHt_GGAxXDJRAIHUmhD_MQ3ewLegQIEBAU\"><span class=\"Y2IQFc\" lang=\"fi\">Vitamiinirikas ja terveellinen v\u00e4lipala! <\/span><\/p>\n<p class=\"tw-data-text tw-text-large tw-ta\" dir=\"ltr\" data-placeholder=\"Translation\" aria-label=\"Translated text\" data-ved=\"2ahUKEwjb7-uHt_GGAxXDJRAIHUmhD_MQ3ewLegQIEBAU\"><span class=\"Y2IQFc\" lang=\"fi\">S\u00e4ilyt\u00e4 kuivassa, puhtaassa ja viile\u00e4ss\u00e4 paikassa.<\/span><\/p>\n","protected":false},"featured_media":26340,"template":"","meta":{"inline_featured_image":false},"product_cat":[163,161],"product_tag":[],"class_list":["post-27438","product","type-product","status-publish","has-post-thumbnail","hentry","product_cat-no-added-sugar-fi","product_cat-dried-fruits-fi"],"supplier_id":null,"supplier_sku":"","barcode":null,"atum_controlled":true,"out_stock_date":"2025-11-10 18:22:36","out_stock_threshold":null,"inheritable":false,"inbound_stock":0,"stock_on_hold":0,"sold_today":0,"sales_last_days":0,"reserved_stock":0,"customer_returns":0,"warehouse_damage":0,"lost_in_post":0,"other_logs":0,"out_stock_days":159,"lost_sales":0,"has_location":false,"update_date":"2026-04-18T15:51:04","atum_locations":[],"atum_stock_status":"outofstock","restock_status":false,"low_stock_amount":"","sales_update_date":"2026-04-18T15:51:04","calc_backorders":null,"yoast_head":"<!-- This site is optimized with the Yoast SEO plugin v22.6 - https:\/\/yoast.com\/wordpress\/plugins\/seo\/ -->\n<title>Aprikoosi (tumma) - Naturka<\/title>\n<meta name=\"robots\" content=\"index, follow, max-snippet:-1, max-image-preview:large, max-video-preview:-1\" \/>\n<link rel=\"canonical\" href=\"https:\/\/naturka.ee\/fi\/tuote\/aprikoos-tume\/\" \/>\n<meta property=\"og:locale\" content=\"fi_FI\" \/>\n<meta property=\"og:type\" content=\"article\" \/>\n<meta property=\"og:title\" content=\"Aprikoosi (tumma) - Naturka\" \/>\n<meta property=\"og:description\" content=\"Uusi tuote - luonnon aurinkokuivatut aprikoosit ovat monen suosikki kuivattuja hedelmi\u00e4!  Makeat ja pehme\u00e4t kuivatut aprikoosit sis\u00e4lt\u00e4v\u00e4t runsaasti rautaa, C-vitamiinia ja kaliumia. Aprikoosin sy\u00f6minen auttaa stressiss\u00e4, parantaa ihoa, n\u00e4k\u00f6\u00e4, maksaa ja lihavuutta.  Vitamiinirikas ja terveellinen v\u00e4lipala!  S\u00e4ilyt\u00e4 kuivassa, puhtaassa ja viile\u00e4ss\u00e4 paikassa.\" \/>\n<meta property=\"og:url\" content=\"https:\/\/naturka.ee\/fi\/tuote\/aprikoos-tume\/\" \/>\n<meta property=\"og:site_name\" content=\"Naturka\" \/>\n<meta property=\"article:modified_time\" content=\"2025-11-10T18:22:36+00:00\" \/>\n<meta property=\"og:image\" content=\"https:\/\/naturka.ee\/wp-content\/uploads\/2024\/04\/79-1.jpg\" \/>\n\t<meta property=\"og:image:width\" content=\"1800\" \/>\n\t<meta property=\"og:image:height\" content=\"1373\" \/>\n\t<meta property=\"og:image:type\" content=\"image\/jpeg\" \/>\n<meta name=\"twitter:card\" content=\"summary_large_image\" \/>\n<script type=\"application\/ld+json\" class=\"yoast-schema-graph\">{\"@context\":\"https:\/\/schema.org\",\"@graph\":[{\"@type\":\"WebPage\",\"@id\":\"https:\/\/naturka.ee\/fi\/tuote\/aprikoos-tume\/\",\"url\":\"https:\/\/naturka.ee\/fi\/tuote\/aprikoos-tume\/\",\"name\":\"Aprikoosi (tumma) - Naturka\",\"isPartOf\":{\"@id\":\"https:\/\/naturka.ee\/fi\/#website\"},\"primaryImageOfPage\":{\"@id\":\"https:\/\/naturka.ee\/fi\/tuote\/aprikoos-tume\/#primaryimage\"},\"image\":{\"@id\":\"https:\/\/naturka.ee\/fi\/tuote\/aprikoos-tume\/#primaryimage\"},\"thumbnailUrl\":\"https:\/\/naturka.ee\/wp-content\/uploads\/2024\/04\/79-1.jpg\",\"datePublished\":\"2024-06-23T09:45:42+00:00\",\"dateModified\":\"2025-11-10T18:22:36+00:00\",\"breadcrumb\":{\"@id\":\"https:\/\/naturka.ee\/fi\/tuote\/aprikoos-tume\/#breadcrumb\"},\"inLanguage\":\"fi\",\"potentialAction\":[{\"@type\":\"ReadAction\",\"target\":[\"https:\/\/naturka.ee\/fi\/tuote\/aprikoos-tume\/\"]}]},{\"@type\":\"ImageObject\",\"inLanguage\":\"fi\",\"@id\":\"https:\/\/naturka.ee\/fi\/tuote\/aprikoos-tume\/#primaryimage\",\"url\":\"https:\/\/naturka.ee\/wp-content\/uploads\/2024\/04\/79-1.jpg\",\"contentUrl\":\"https:\/\/naturka.ee\/wp-content\/uploads\/2024\/04\/79-1.jpg\",\"width\":1800,\"height\":1373},{\"@type\":\"BreadcrumbList\",\"@id\":\"https:\/\/naturka.ee\/fi\/tuote\/aprikoos-tume\/#breadcrumb\",\"itemListElement\":[{\"@type\":\"ListItem\",\"position\":1,\"name\":\"Home\",\"item\":\"https:\/\/naturka.ee\/fi\/home\/\"},{\"@type\":\"ListItem\",\"position\":2,\"name\":\"Pood\",\"item\":\"https:\/\/naturka.ee\/shop\/\"},{\"@type\":\"ListItem\",\"position\":3,\"name\":\"Aprikoosi (tumma)\"}]},{\"@type\":\"WebSite\",\"@id\":\"https:\/\/naturka.ee\/fi\/#website\",\"url\":\"https:\/\/naturka.ee\/fi\/\",\"name\":\"Naturka\",\"description\":\"\",\"potentialAction\":[{\"@type\":\"SearchAction\",\"target\":{\"@type\":\"EntryPoint\",\"urlTemplate\":\"https:\/\/naturka.ee\/fi\/?s={search_term_string}\"},\"query-input\":\"required name=search_term_string\"}],\"inLanguage\":\"fi\"}]}<\/script>\n<!-- \/ Yoast SEO plugin. -->","yoast_head_json":{"title":"Aprikoosi (tumma) - Naturka","robots":{"index":"index","follow":"follow","max-snippet":"max-snippet:-1","max-image-preview":"max-image-preview:large","max-video-preview":"max-video-preview:-1"},"canonical":"https:\/\/naturka.ee\/fi\/tuote\/aprikoos-tume\/","og_locale":"fi_FI","og_type":"article","og_title":"Aprikoosi (tumma) - Naturka","og_description":"Uusi tuote - luonnon aurinkokuivatut aprikoosit ovat monen suosikki kuivattuja hedelmi\u00e4!  Makeat ja pehme\u00e4t kuivatut aprikoosit sis\u00e4lt\u00e4v\u00e4t runsaasti rautaa, C-vitamiinia ja kaliumia. Aprikoosin sy\u00f6minen auttaa stressiss\u00e4, parantaa ihoa, n\u00e4k\u00f6\u00e4, maksaa ja lihavuutta.  Vitamiinirikas ja terveellinen v\u00e4lipala!  S\u00e4ilyt\u00e4 kuivassa, puhtaassa ja viile\u00e4ss\u00e4 paikassa.","og_url":"https:\/\/naturka.ee\/fi\/tuote\/aprikoos-tume\/","og_site_name":"Naturka","article_modified_time":"2025-11-10T18:22:36+00:00","og_image":[{"width":1800,"height":1373,"url":"https:\/\/naturka.ee\/wp-content\/uploads\/2024\/04\/79-1.jpg","type":"image\/jpeg"}],"twitter_card":"summary_large_image","schema":{"@context":"https:\/\/schema.org","@graph":[{"@type":"WebPage","@id":"https:\/\/naturka.ee\/fi\/tuote\/aprikoos-tume\/","url":"https:\/\/naturka.ee\/fi\/tuote\/aprikoos-tume\/","name":"Aprikoosi (tumma) - Naturka","isPartOf":{"@id":"https:\/\/naturka.ee\/fi\/#website"},"primaryImageOfPage":{"@id":"https:\/\/naturka.ee\/fi\/tuote\/aprikoos-tume\/#primaryimage"},"image":{"@id":"https:\/\/naturka.ee\/fi\/tuote\/aprikoos-tume\/#primaryimage"},"thumbnailUrl":"https:\/\/naturka.ee\/wp-content\/uploads\/2024\/04\/79-1.jpg","datePublished":"2024-06-23T09:45:42+00:00","dateModified":"2025-11-10T18:22:36+00:00","breadcrumb":{"@id":"https:\/\/naturka.ee\/fi\/tuote\/aprikoos-tume\/#breadcrumb"},"inLanguage":"fi","potentialAction":[{"@type":"ReadAction","target":["https:\/\/naturka.ee\/fi\/tuote\/aprikoos-tume\/"]}]},{"@type":"ImageObject","inLanguage":"fi","@id":"https:\/\/naturka.ee\/fi\/tuote\/aprikoos-tume\/#primaryimage","url":"https:\/\/naturka.ee\/wp-content\/uploads\/2024\/04\/79-1.jpg","contentUrl":"https:\/\/naturka.ee\/wp-content\/uploads\/2024\/04\/79-1.jpg","width":1800,"height":1373},{"@type":"BreadcrumbList","@id":"https:\/\/naturka.ee\/fi\/tuote\/aprikoos-tume\/#breadcrumb","itemListElement":[{"@type":"ListItem","position":1,"name":"Home","item":"https:\/\/naturka.ee\/fi\/home\/"},{"@type":"ListItem","position":2,"name":"Pood","item":"https:\/\/naturka.ee\/shop\/"},{"@type":"ListItem","position":3,"name":"Aprikoosi (tumma)"}]},{"@type":"WebSite","@id":"https:\/\/naturka.ee\/fi\/#website","url":"https:\/\/naturka.ee\/fi\/","name":"Naturka","description":"","potentialAction":[{"@type":"SearchAction","target":{"@type":"EntryPoint","urlTemplate":"https:\/\/naturka.ee\/fi\/?s={search_term_string}"},"query-input":"required name=search_term_string"}],"inLanguage":"fi"}]}},"_links":{"self":[{"href":"https:\/\/naturka.ee\/fi\/wp-json\/wp\/v2\/product\/27438","targetHints":{"allow":["GET"]}}],"collection":[{"href":"https:\/\/naturka.ee\/fi\/wp-json\/wp\/v2\/product"}],"about":[{"href":"https:\/\/naturka.ee\/fi\/wp-json\/wp\/v2\/types\/product"}],"wp:featuredmedia":[{"embeddable":true,"href":"https:\/\/naturka.ee\/fi\/wp-json\/wp\/v2\/media\/26340"}],"wp:attachment":[{"href":"https:\/\/naturka.ee\/fi\/wp-json\/wp\/v2\/media?parent=27438"}],"wp:term":[{"taxonomy":"product_cat","embeddable":true,"href":"https:\/\/naturka.ee\/fi\/wp-json\/wp\/v2\/product_cat?post=27438"},{"taxonomy":"product_tag","embeddable":true,"href":"https:\/\/naturka.ee\/fi\/wp-json\/wp\/v2\/product_tag?post=27438"}],"curies":[{"name":"wp","href":"https:\/\/api.w.org\/{rel}","templated":true}]}}