{"id":26986,"date":"2024-05-27T15:46:36","date_gmt":"2024-05-27T12:46:36","guid":{"rendered":"https:\/\/naturka.ee\/product\/kreeka-pahkel-tsiili\/"},"modified":"2025-10-27T12:07:55","modified_gmt":"2025-10-27T10:07:55","slug":"kreeka-pahkel-tsiili","status":"publish","type":"product","link":"https:\/\/naturka.ee\/fi\/tuote\/kreeka-pahkel-tsiili\/","title":{"rendered":"Saksanp\u00e4hkin\u00e4 (Chile)"},"content":{"rendered":"","protected":false},"excerpt":{"rendered":"<p id=\"tw-target-text\" class=\"tw-data-text tw-text-large tw-ta\" dir=\"ltr\" data-placeholder=\"Translation\" aria-label=\"Translated text\" data-ved=\"2ahUKEwjWtuzO7K2GAxWJJBAIHSSFBScQ3ewLegQIBRAU\"><span class=\"Y2IQFc\" lang=\"fi\">Uusi tuote &#8211; kuoritut chili-saksanp\u00e4hkin\u00e4n puolikkaat. <\/span><\/p>\n<p class=\"tw-data-text tw-text-large tw-ta\" dir=\"ltr\" data-placeholder=\"Translation\" aria-label=\"Translated text\" data-ved=\"2ahUKEwjWtuzO7K2GAxWJJBAIHSSFBScQ3ewLegQIBRAU\"><span class=\"Y2IQFc\" lang=\"fi\">N\u00e4m\u00e4 p\u00e4hkin\u00e4t sis\u00e4lt\u00e4v\u00e4t paljon kalsiumia, rautaa, magnesiumia, mangaania, fosforia, sinkki\u00e4, B1-, B2-, B3-, B5-, B6-, B9-, H-, E-vitamiineja. Se on yksi ravitsevimmista p\u00e4hkin\u00f6ist\u00e4, joka on hyv\u00e4 terveyden edist\u00e4miseen. ja erityisesti niille miehille ja naisille, jotka haluavat tulla vanhemmiksi. <\/span><\/p>\n<p class=\"tw-data-text tw-text-large tw-ta\" dir=\"ltr\" data-placeholder=\"Translation\" aria-label=\"Translated text\" data-ved=\"2ahUKEwjWtuzO7K2GAxWJJBAIHSSFBScQ3ewLegQIBRAU\"><span class=\"Y2IQFc\" lang=\"fi\">Hyv\u00e4 ja terveellinen v\u00e4lipala! Ota se mukaasi t\u00f6ihin, kouluun tai matkoille. Lis\u00e4\u00e4 ne astioihin ja jopa j\u00e4\u00e4tel\u00f6\u00f6n sis\u00e4\u00e4n. <\/span><\/p>\n<p class=\"tw-data-text tw-text-large tw-ta\" dir=\"ltr\" data-placeholder=\"Translation\" aria-label=\"Translated text\" data-ved=\"2ahUKEwjWtuzO7K2GAxWJJBAIHSSFBScQ3ewLegQIBRAU\"><span class=\"Y2IQFc\" lang=\"fi\">Saattaa sis\u00e4lt\u00e4\u00e4 pieni\u00e4 m\u00e4\u00e4ri\u00e4 muita p\u00e4hkin\u00f6it\u00e4. <\/span><\/p>\n<p class=\"tw-data-text tw-text-large tw-ta\" dir=\"ltr\" data-placeholder=\"Translation\" aria-label=\"Translated text\" data-ved=\"2ahUKEwjWtuzO7K2GAxWJJBAIHSSFBScQ3ewLegQIBRAU\"><span class=\"Y2IQFc\" lang=\"fi\">S\u00e4ilyt\u00e4 kuivassa, puhtaassa ja viile\u00e4ss\u00e4 paikassa.<\/span><\/p>\n","protected":false},"featured_media":26180,"template":"","meta":{"inline_featured_image":false},"product_cat":[164],"product_tag":[],"class_list":["post-26986","product","type-product","status-publish","has-post-thumbnail","hentry","product_cat-pahkinoita"],"supplier_id":null,"supplier_sku":"","barcode":null,"atum_controlled":true,"out_stock_date":null,"out_stock_threshold":null,"inheritable":false,"inbound_stock":0,"stock_on_hold":0,"sold_today":0,"sales_last_days":0,"reserved_stock":0,"customer_returns":0,"warehouse_damage":0,"lost_in_post":0,"other_logs":0,"out_stock_days":0,"lost_sales":0,"has_location":false,"update_date":"2026-05-13T05:59:13","atum_locations":[],"atum_stock_status":"instock","restock_status":false,"low_stock_amount":"","sales_update_date":"2026-05-13T05:59:12","calc_backorders":null,"yoast_head":"<!-- This site is optimized with the Yoast SEO plugin v22.6 - https:\/\/yoast.com\/wordpress\/plugins\/seo\/ -->\n<title>Saksanp\u00e4hkin\u00e4 (Chile) - Naturka<\/title>\n<meta name=\"robots\" content=\"index, follow, max-snippet:-1, max-image-preview:large, max-video-preview:-1\" \/>\n<link rel=\"canonical\" href=\"https:\/\/naturka.ee\/fi\/tuote\/kreeka-pahkel-tsiili\/\" \/>\n<meta property=\"og:locale\" content=\"fi_FI\" \/>\n<meta property=\"og:type\" content=\"article\" \/>\n<meta property=\"og:title\" content=\"Saksanp\u00e4hkin\u00e4 (Chile) - Naturka\" \/>\n<meta property=\"og:description\" content=\"Uusi tuote - kuoritut chili-saksanp\u00e4hkin\u00e4n puolikkaat.  N\u00e4m\u00e4 p\u00e4hkin\u00e4t sis\u00e4lt\u00e4v\u00e4t paljon kalsiumia, rautaa, magnesiumia, mangaania, fosforia, sinkki\u00e4, B1-, B2-, B3-, B5-, B6-, B9-, H-, E-vitamiineja. Se on yksi ravitsevimmista p\u00e4hkin\u00f6ist\u00e4, joka on hyv\u00e4 terveyden edist\u00e4miseen. ja erityisesti niille miehille ja naisille, jotka haluavat tulla vanhemmiksi.  Hyv\u00e4 ja terveellinen v\u00e4lipala! Ota se mukaasi t\u00f6ihin, kouluun tai matkoille. Lis\u00e4\u00e4 ne astioihin ja jopa j\u00e4\u00e4tel\u00f6\u00f6n sis\u00e4\u00e4n.  Saattaa sis\u00e4lt\u00e4\u00e4 pieni\u00e4 m\u00e4\u00e4ri\u00e4 muita p\u00e4hkin\u00f6it\u00e4.  S\u00e4ilyt\u00e4 kuivassa, puhtaassa ja viile\u00e4ss\u00e4 paikassa.\" \/>\n<meta property=\"og:url\" content=\"https:\/\/naturka.ee\/fi\/tuote\/kreeka-pahkel-tsiili\/\" \/>\n<meta property=\"og:site_name\" content=\"Naturka\" \/>\n<meta property=\"article:modified_time\" content=\"2025-10-27T10:07:55+00:00\" \/>\n<meta property=\"og:image\" content=\"https:\/\/naturka.ee\/wp-content\/uploads\/2024\/04\/44.jpg\" \/>\n\t<meta property=\"og:image:width\" content=\"1800\" \/>\n\t<meta property=\"og:image:height\" content=\"1373\" \/>\n\t<meta property=\"og:image:type\" content=\"image\/jpeg\" \/>\n<meta name=\"twitter:card\" content=\"summary_large_image\" \/>\n<script type=\"application\/ld+json\" class=\"yoast-schema-graph\">{\"@context\":\"https:\/\/schema.org\",\"@graph\":[{\"@type\":\"WebPage\",\"@id\":\"https:\/\/naturka.ee\/fi\/tuote\/kreeka-pahkel-tsiili\/\",\"url\":\"https:\/\/naturka.ee\/fi\/tuote\/kreeka-pahkel-tsiili\/\",\"name\":\"Saksanp\u00e4hkin\u00e4 (Chile) - Naturka\",\"isPartOf\":{\"@id\":\"https:\/\/naturka.ee\/fi\/#website\"},\"primaryImageOfPage\":{\"@id\":\"https:\/\/naturka.ee\/fi\/tuote\/kreeka-pahkel-tsiili\/#primaryimage\"},\"image\":{\"@id\":\"https:\/\/naturka.ee\/fi\/tuote\/kreeka-pahkel-tsiili\/#primaryimage\"},\"thumbnailUrl\":\"https:\/\/naturka.ee\/wp-content\/uploads\/2024\/04\/44.jpg\",\"datePublished\":\"2024-05-27T12:46:36+00:00\",\"dateModified\":\"2025-10-27T10:07:55+00:00\",\"breadcrumb\":{\"@id\":\"https:\/\/naturka.ee\/fi\/tuote\/kreeka-pahkel-tsiili\/#breadcrumb\"},\"inLanguage\":\"fi\",\"potentialAction\":[{\"@type\":\"ReadAction\",\"target\":[\"https:\/\/naturka.ee\/fi\/tuote\/kreeka-pahkel-tsiili\/\"]}]},{\"@type\":\"ImageObject\",\"inLanguage\":\"fi\",\"@id\":\"https:\/\/naturka.ee\/fi\/tuote\/kreeka-pahkel-tsiili\/#primaryimage\",\"url\":\"https:\/\/naturka.ee\/wp-content\/uploads\/2024\/04\/44.jpg\",\"contentUrl\":\"https:\/\/naturka.ee\/wp-content\/uploads\/2024\/04\/44.jpg\",\"width\":1800,\"height\":1373},{\"@type\":\"BreadcrumbList\",\"@id\":\"https:\/\/naturka.ee\/fi\/tuote\/kreeka-pahkel-tsiili\/#breadcrumb\",\"itemListElement\":[{\"@type\":\"ListItem\",\"position\":1,\"name\":\"Home\",\"item\":\"https:\/\/naturka.ee\/fi\/home\/\"},{\"@type\":\"ListItem\",\"position\":2,\"name\":\"Pood\",\"item\":\"https:\/\/naturka.ee\/shop\/\"},{\"@type\":\"ListItem\",\"position\":3,\"name\":\"Saksanp\u00e4hkin\u00e4 (Chile)\"}]},{\"@type\":\"WebSite\",\"@id\":\"https:\/\/naturka.ee\/fi\/#website\",\"url\":\"https:\/\/naturka.ee\/fi\/\",\"name\":\"Naturka\",\"description\":\"\",\"potentialAction\":[{\"@type\":\"SearchAction\",\"target\":{\"@type\":\"EntryPoint\",\"urlTemplate\":\"https:\/\/naturka.ee\/fi\/?s={search_term_string}\"},\"query-input\":\"required name=search_term_string\"}],\"inLanguage\":\"fi\"}]}<\/script>\n<!-- \/ Yoast SEO plugin. -->","yoast_head_json":{"title":"Saksanp\u00e4hkin\u00e4 (Chile) - Naturka","robots":{"index":"index","follow":"follow","max-snippet":"max-snippet:-1","max-image-preview":"max-image-preview:large","max-video-preview":"max-video-preview:-1"},"canonical":"https:\/\/naturka.ee\/fi\/tuote\/kreeka-pahkel-tsiili\/","og_locale":"fi_FI","og_type":"article","og_title":"Saksanp\u00e4hkin\u00e4 (Chile) - Naturka","og_description":"Uusi tuote - kuoritut chili-saksanp\u00e4hkin\u00e4n puolikkaat.  N\u00e4m\u00e4 p\u00e4hkin\u00e4t sis\u00e4lt\u00e4v\u00e4t paljon kalsiumia, rautaa, magnesiumia, mangaania, fosforia, sinkki\u00e4, B1-, B2-, B3-, B5-, B6-, B9-, H-, E-vitamiineja. Se on yksi ravitsevimmista p\u00e4hkin\u00f6ist\u00e4, joka on hyv\u00e4 terveyden edist\u00e4miseen. ja erityisesti niille miehille ja naisille, jotka haluavat tulla vanhemmiksi.  Hyv\u00e4 ja terveellinen v\u00e4lipala! Ota se mukaasi t\u00f6ihin, kouluun tai matkoille. Lis\u00e4\u00e4 ne astioihin ja jopa j\u00e4\u00e4tel\u00f6\u00f6n sis\u00e4\u00e4n.  Saattaa sis\u00e4lt\u00e4\u00e4 pieni\u00e4 m\u00e4\u00e4ri\u00e4 muita p\u00e4hkin\u00f6it\u00e4.  S\u00e4ilyt\u00e4 kuivassa, puhtaassa ja viile\u00e4ss\u00e4 paikassa.","og_url":"https:\/\/naturka.ee\/fi\/tuote\/kreeka-pahkel-tsiili\/","og_site_name":"Naturka","article_modified_time":"2025-10-27T10:07:55+00:00","og_image":[{"width":1800,"height":1373,"url":"https:\/\/naturka.ee\/wp-content\/uploads\/2024\/04\/44.jpg","type":"image\/jpeg"}],"twitter_card":"summary_large_image","schema":{"@context":"https:\/\/schema.org","@graph":[{"@type":"WebPage","@id":"https:\/\/naturka.ee\/fi\/tuote\/kreeka-pahkel-tsiili\/","url":"https:\/\/naturka.ee\/fi\/tuote\/kreeka-pahkel-tsiili\/","name":"Saksanp\u00e4hkin\u00e4 (Chile) - Naturka","isPartOf":{"@id":"https:\/\/naturka.ee\/fi\/#website"},"primaryImageOfPage":{"@id":"https:\/\/naturka.ee\/fi\/tuote\/kreeka-pahkel-tsiili\/#primaryimage"},"image":{"@id":"https:\/\/naturka.ee\/fi\/tuote\/kreeka-pahkel-tsiili\/#primaryimage"},"thumbnailUrl":"https:\/\/naturka.ee\/wp-content\/uploads\/2024\/04\/44.jpg","datePublished":"2024-05-27T12:46:36+00:00","dateModified":"2025-10-27T10:07:55+00:00","breadcrumb":{"@id":"https:\/\/naturka.ee\/fi\/tuote\/kreeka-pahkel-tsiili\/#breadcrumb"},"inLanguage":"fi","potentialAction":[{"@type":"ReadAction","target":["https:\/\/naturka.ee\/fi\/tuote\/kreeka-pahkel-tsiili\/"]}]},{"@type":"ImageObject","inLanguage":"fi","@id":"https:\/\/naturka.ee\/fi\/tuote\/kreeka-pahkel-tsiili\/#primaryimage","url":"https:\/\/naturka.ee\/wp-content\/uploads\/2024\/04\/44.jpg","contentUrl":"https:\/\/naturka.ee\/wp-content\/uploads\/2024\/04\/44.jpg","width":1800,"height":1373},{"@type":"BreadcrumbList","@id":"https:\/\/naturka.ee\/fi\/tuote\/kreeka-pahkel-tsiili\/#breadcrumb","itemListElement":[{"@type":"ListItem","position":1,"name":"Home","item":"https:\/\/naturka.ee\/fi\/home\/"},{"@type":"ListItem","position":2,"name":"Pood","item":"https:\/\/naturka.ee\/shop\/"},{"@type":"ListItem","position":3,"name":"Saksanp\u00e4hkin\u00e4 (Chile)"}]},{"@type":"WebSite","@id":"https:\/\/naturka.ee\/fi\/#website","url":"https:\/\/naturka.ee\/fi\/","name":"Naturka","description":"","potentialAction":[{"@type":"SearchAction","target":{"@type":"EntryPoint","urlTemplate":"https:\/\/naturka.ee\/fi\/?s={search_term_string}"},"query-input":"required name=search_term_string"}],"inLanguage":"fi"}]}},"_links":{"self":[{"href":"https:\/\/naturka.ee\/fi\/wp-json\/wp\/v2\/product\/26986","targetHints":{"allow":["GET"]}}],"collection":[{"href":"https:\/\/naturka.ee\/fi\/wp-json\/wp\/v2\/product"}],"about":[{"href":"https:\/\/naturka.ee\/fi\/wp-json\/wp\/v2\/types\/product"}],"wp:featuredmedia":[{"embeddable":true,"href":"https:\/\/naturka.ee\/fi\/wp-json\/wp\/v2\/media\/26180"}],"wp:attachment":[{"href":"https:\/\/naturka.ee\/fi\/wp-json\/wp\/v2\/media?parent=26986"}],"wp:term":[{"taxonomy":"product_cat","embeddable":true,"href":"https:\/\/naturka.ee\/fi\/wp-json\/wp\/v2\/product_cat?post=26986"},{"taxonomy":"product_tag","embeddable":true,"href":"https:\/\/naturka.ee\/fi\/wp-json\/wp\/v2\/product_tag?post=26986"}],"curies":[{"name":"wp","href":"https:\/\/api.w.org\/{rel}","templated":true}]}}