{"id":26916,"date":"2024-05-22T12:14:42","date_gmt":"2024-05-22T09:14:42","guid":{"rendered":"https:\/\/naturka.ee\/product\/rostitud-maapahkel-sool\/"},"modified":"2025-10-27T16:35:31","modified_gmt":"2025-10-27T14:35:31","slug":"rostitud-maapahkel-sool","status":"publish","type":"product","link":"https:\/\/naturka.ee\/fi\/tuote\/rostitud-maapahkel-sool\/","title":{"rendered":"Paahdettu maap\u00e4hkin\u00e4 (suolattu)"},"content":{"rendered":"","protected":false},"excerpt":{"rendered":"<p id=\"tw-target-text\" class=\"tw-data-text tw-text-large tw-ta\" dir=\"ltr\" data-placeholder=\"Translation\" aria-label=\"Translated text\" data-ved=\"2ahUKEwjDx4i99aCGAxWIFBAIHW5kDusQ3ewLegQIExAU\"><span class=\"Y2IQFc\" lang=\"fi\">Uusi tuote &#8211; rapeat paahdetut suolatut maap\u00e4hkin\u00e4t. Maap\u00e4hkin\u00e4 on yksi suosituimmista p\u00e4hkin\u00f6ist\u00e4 maailmassa. <\/span><\/p>\n<p class=\"tw-data-text tw-text-large tw-ta\" dir=\"ltr\" data-placeholder=\"Translation\" aria-label=\"Translated text\" data-ved=\"2ahUKEwjDx4i99aCGAxWIFBAIHW5kDusQ3ewLegQIExAU\"><span class=\"Y2IQFc\" lang=\"fi\">T\u00e4ydellinen v\u00e4lipala suolaisella maulla! Ota se mukaasi t\u00f6ihin, kouluun tai matkoille. Lis\u00e4\u00e4 se my\u00f6s ruokiin! <\/span><\/p>\n<p class=\"tw-data-text tw-text-large tw-ta\" dir=\"ltr\" data-placeholder=\"Translation\" aria-label=\"Translated text\" data-ved=\"2ahUKEwjDx4i99aCGAxWIFBAIHW5kDusQ3ewLegQIExAU\"><span class=\"Y2IQFc\" lang=\"fi\">S\u00e4ilyt\u00e4 kuivassa, puhtaassa ja viile\u00e4ss\u00e4 paikassa.<\/span><\/p>\n","protected":false},"featured_media":26075,"template":"","meta":{"inline_featured_image":false},"product_cat":[164],"product_tag":[],"class_list":["post-26916","product","type-product","status-publish","has-post-thumbnail","hentry","product_cat-pahkinoita"],"supplier_id":null,"supplier_sku":"","barcode":null,"atum_controlled":true,"out_stock_date":null,"out_stock_threshold":null,"inheritable":false,"inbound_stock":0,"stock_on_hold":0,"sold_today":0,"sales_last_days":2,"reserved_stock":0,"customer_returns":0,"warehouse_damage":0,"lost_in_post":0,"other_logs":0,"out_stock_days":0,"lost_sales":0,"has_location":false,"update_date":"2026-05-01T15:59:07","atum_locations":[],"atum_stock_status":"instock","restock_status":false,"low_stock_amount":"","sales_update_date":"2026-05-01T15:59:06","calc_backorders":null,"yoast_head":"<!-- This site is optimized with the Yoast SEO plugin v22.6 - https:\/\/yoast.com\/wordpress\/plugins\/seo\/ -->\n<title>Paahdettu maap\u00e4hkin\u00e4 (suolattu) - Naturka<\/title>\n<meta name=\"robots\" content=\"index, follow, max-snippet:-1, max-image-preview:large, max-video-preview:-1\" \/>\n<link rel=\"canonical\" href=\"https:\/\/naturka.ee\/fi\/tuote\/rostitud-maapahkel-sool\/\" \/>\n<meta property=\"og:locale\" content=\"fi_FI\" \/>\n<meta property=\"og:type\" content=\"article\" \/>\n<meta property=\"og:title\" content=\"Paahdettu maap\u00e4hkin\u00e4 (suolattu) - Naturka\" \/>\n<meta property=\"og:description\" content=\"Uusi tuote - rapeat paahdetut suolatut maap\u00e4hkin\u00e4t. Maap\u00e4hkin\u00e4 on yksi suosituimmista p\u00e4hkin\u00f6ist\u00e4 maailmassa.  T\u00e4ydellinen v\u00e4lipala suolaisella maulla! Ota se mukaasi t\u00f6ihin, kouluun tai matkoille. Lis\u00e4\u00e4 se my\u00f6s ruokiin!  S\u00e4ilyt\u00e4 kuivassa, puhtaassa ja viile\u00e4ss\u00e4 paikassa.\" \/>\n<meta property=\"og:url\" content=\"https:\/\/naturka.ee\/fi\/tuote\/rostitud-maapahkel-sool\/\" \/>\n<meta property=\"og:site_name\" content=\"Naturka\" \/>\n<meta property=\"article:modified_time\" content=\"2025-10-27T14:35:31+00:00\" \/>\n<meta property=\"og:image\" content=\"https:\/\/naturka.ee\/wp-content\/uploads\/2024\/04\/23.jpg\" \/>\n\t<meta property=\"og:image:width\" content=\"1800\" \/>\n\t<meta property=\"og:image:height\" content=\"1373\" \/>\n\t<meta property=\"og:image:type\" content=\"image\/jpeg\" \/>\n<meta name=\"twitter:card\" content=\"summary_large_image\" \/>\n<script type=\"application\/ld+json\" class=\"yoast-schema-graph\">{\"@context\":\"https:\/\/schema.org\",\"@graph\":[{\"@type\":\"WebPage\",\"@id\":\"https:\/\/naturka.ee\/fi\/tuote\/rostitud-maapahkel-sool\/\",\"url\":\"https:\/\/naturka.ee\/fi\/tuote\/rostitud-maapahkel-sool\/\",\"name\":\"Paahdettu maap\u00e4hkin\u00e4 (suolattu) - Naturka\",\"isPartOf\":{\"@id\":\"https:\/\/naturka.ee\/fi\/#website\"},\"primaryImageOfPage\":{\"@id\":\"https:\/\/naturka.ee\/fi\/tuote\/rostitud-maapahkel-sool\/#primaryimage\"},\"image\":{\"@id\":\"https:\/\/naturka.ee\/fi\/tuote\/rostitud-maapahkel-sool\/#primaryimage\"},\"thumbnailUrl\":\"https:\/\/naturka.ee\/wp-content\/uploads\/2024\/04\/23.jpg\",\"datePublished\":\"2024-05-22T09:14:42+00:00\",\"dateModified\":\"2025-10-27T14:35:31+00:00\",\"breadcrumb\":{\"@id\":\"https:\/\/naturka.ee\/fi\/tuote\/rostitud-maapahkel-sool\/#breadcrumb\"},\"inLanguage\":\"fi\",\"potentialAction\":[{\"@type\":\"ReadAction\",\"target\":[\"https:\/\/naturka.ee\/fi\/tuote\/rostitud-maapahkel-sool\/\"]}]},{\"@type\":\"ImageObject\",\"inLanguage\":\"fi\",\"@id\":\"https:\/\/naturka.ee\/fi\/tuote\/rostitud-maapahkel-sool\/#primaryimage\",\"url\":\"https:\/\/naturka.ee\/wp-content\/uploads\/2024\/04\/23.jpg\",\"contentUrl\":\"https:\/\/naturka.ee\/wp-content\/uploads\/2024\/04\/23.jpg\",\"width\":1800,\"height\":1373},{\"@type\":\"BreadcrumbList\",\"@id\":\"https:\/\/naturka.ee\/fi\/tuote\/rostitud-maapahkel-sool\/#breadcrumb\",\"itemListElement\":[{\"@type\":\"ListItem\",\"position\":1,\"name\":\"Home\",\"item\":\"https:\/\/naturka.ee\/fi\/home\/\"},{\"@type\":\"ListItem\",\"position\":2,\"name\":\"Pood\",\"item\":\"https:\/\/naturka.ee\/shop\/\"},{\"@type\":\"ListItem\",\"position\":3,\"name\":\"Paahdettu maap\u00e4hkin\u00e4 (suolattu)\"}]},{\"@type\":\"WebSite\",\"@id\":\"https:\/\/naturka.ee\/fi\/#website\",\"url\":\"https:\/\/naturka.ee\/fi\/\",\"name\":\"Naturka\",\"description\":\"\",\"potentialAction\":[{\"@type\":\"SearchAction\",\"target\":{\"@type\":\"EntryPoint\",\"urlTemplate\":\"https:\/\/naturka.ee\/fi\/?s={search_term_string}\"},\"query-input\":\"required name=search_term_string\"}],\"inLanguage\":\"fi\"}]}<\/script>\n<!-- \/ Yoast SEO plugin. -->","yoast_head_json":{"title":"Paahdettu maap\u00e4hkin\u00e4 (suolattu) - Naturka","robots":{"index":"index","follow":"follow","max-snippet":"max-snippet:-1","max-image-preview":"max-image-preview:large","max-video-preview":"max-video-preview:-1"},"canonical":"https:\/\/naturka.ee\/fi\/tuote\/rostitud-maapahkel-sool\/","og_locale":"fi_FI","og_type":"article","og_title":"Paahdettu maap\u00e4hkin\u00e4 (suolattu) - Naturka","og_description":"Uusi tuote - rapeat paahdetut suolatut maap\u00e4hkin\u00e4t. Maap\u00e4hkin\u00e4 on yksi suosituimmista p\u00e4hkin\u00f6ist\u00e4 maailmassa.  T\u00e4ydellinen v\u00e4lipala suolaisella maulla! Ota se mukaasi t\u00f6ihin, kouluun tai matkoille. Lis\u00e4\u00e4 se my\u00f6s ruokiin!  S\u00e4ilyt\u00e4 kuivassa, puhtaassa ja viile\u00e4ss\u00e4 paikassa.","og_url":"https:\/\/naturka.ee\/fi\/tuote\/rostitud-maapahkel-sool\/","og_site_name":"Naturka","article_modified_time":"2025-10-27T14:35:31+00:00","og_image":[{"width":1800,"height":1373,"url":"https:\/\/naturka.ee\/wp-content\/uploads\/2024\/04\/23.jpg","type":"image\/jpeg"}],"twitter_card":"summary_large_image","schema":{"@context":"https:\/\/schema.org","@graph":[{"@type":"WebPage","@id":"https:\/\/naturka.ee\/fi\/tuote\/rostitud-maapahkel-sool\/","url":"https:\/\/naturka.ee\/fi\/tuote\/rostitud-maapahkel-sool\/","name":"Paahdettu maap\u00e4hkin\u00e4 (suolattu) - Naturka","isPartOf":{"@id":"https:\/\/naturka.ee\/fi\/#website"},"primaryImageOfPage":{"@id":"https:\/\/naturka.ee\/fi\/tuote\/rostitud-maapahkel-sool\/#primaryimage"},"image":{"@id":"https:\/\/naturka.ee\/fi\/tuote\/rostitud-maapahkel-sool\/#primaryimage"},"thumbnailUrl":"https:\/\/naturka.ee\/wp-content\/uploads\/2024\/04\/23.jpg","datePublished":"2024-05-22T09:14:42+00:00","dateModified":"2025-10-27T14:35:31+00:00","breadcrumb":{"@id":"https:\/\/naturka.ee\/fi\/tuote\/rostitud-maapahkel-sool\/#breadcrumb"},"inLanguage":"fi","potentialAction":[{"@type":"ReadAction","target":["https:\/\/naturka.ee\/fi\/tuote\/rostitud-maapahkel-sool\/"]}]},{"@type":"ImageObject","inLanguage":"fi","@id":"https:\/\/naturka.ee\/fi\/tuote\/rostitud-maapahkel-sool\/#primaryimage","url":"https:\/\/naturka.ee\/wp-content\/uploads\/2024\/04\/23.jpg","contentUrl":"https:\/\/naturka.ee\/wp-content\/uploads\/2024\/04\/23.jpg","width":1800,"height":1373},{"@type":"BreadcrumbList","@id":"https:\/\/naturka.ee\/fi\/tuote\/rostitud-maapahkel-sool\/#breadcrumb","itemListElement":[{"@type":"ListItem","position":1,"name":"Home","item":"https:\/\/naturka.ee\/fi\/home\/"},{"@type":"ListItem","position":2,"name":"Pood","item":"https:\/\/naturka.ee\/shop\/"},{"@type":"ListItem","position":3,"name":"Paahdettu maap\u00e4hkin\u00e4 (suolattu)"}]},{"@type":"WebSite","@id":"https:\/\/naturka.ee\/fi\/#website","url":"https:\/\/naturka.ee\/fi\/","name":"Naturka","description":"","potentialAction":[{"@type":"SearchAction","target":{"@type":"EntryPoint","urlTemplate":"https:\/\/naturka.ee\/fi\/?s={search_term_string}"},"query-input":"required name=search_term_string"}],"inLanguage":"fi"}]}},"_links":{"self":[{"href":"https:\/\/naturka.ee\/fi\/wp-json\/wp\/v2\/product\/26916","targetHints":{"allow":["GET"]}}],"collection":[{"href":"https:\/\/naturka.ee\/fi\/wp-json\/wp\/v2\/product"}],"about":[{"href":"https:\/\/naturka.ee\/fi\/wp-json\/wp\/v2\/types\/product"}],"wp:featuredmedia":[{"embeddable":true,"href":"https:\/\/naturka.ee\/fi\/wp-json\/wp\/v2\/media\/26075"}],"wp:attachment":[{"href":"https:\/\/naturka.ee\/fi\/wp-json\/wp\/v2\/media?parent=26916"}],"wp:term":[{"taxonomy":"product_cat","embeddable":true,"href":"https:\/\/naturka.ee\/fi\/wp-json\/wp\/v2\/product_cat?post=26916"},{"taxonomy":"product_tag","embeddable":true,"href":"https:\/\/naturka.ee\/fi\/wp-json\/wp\/v2\/product_tag?post=26916"}],"curies":[{"name":"wp","href":"https:\/\/api.w.org\/{rel}","templated":true}]}}