{"id":26716,"date":"2024-05-09T15:21:34","date_gmt":"2024-05-14T10:05:28","guid":{"rendered":"https:\/\/naturka.ee\/?post_type=product&#038;p=26716"},"modified":"2024-12-27T15:34:35","modified_gmt":"2024-12-27T13:34:35","slug":"1kg-mangoa-ilman-sokeria-500g-king-taateleita-lahjana","status":"publish","type":"product","link":"https:\/\/naturka.ee\/fi\/tuote\/1kg-mangoa-ilman-sokeria-500g-king-taateleita-lahjana\/","title":{"rendered":"1KG Mangoa (ilman sokeria) + 500g king-taateleita LAHJAKSI"},"content":{"rendered":"","protected":false},"excerpt":{"rendered":"<p dir=\"ltr\" data-placeholder=\"Translation\" aria-label=\"Translated text\" data-ved=\"2ahUKEwj7tffU0IyGAxVHGxAIHRuAAWEQ3ewLegQICBAU\"><strong>NB! <span class=\"Y2IQFc\" lang=\"fi\">Uusi mango ilman sokeria, uudessa uudelleensuljettavassa pakkauksessa 250g! Leikkaa k\u00e4tev\u00e4sti paloiksi!<\/span><\/strong><\/p>\n<p id=\"tw-target-text\" class=\"tw-data-text tw-text-large tw-ta\" dir=\"ltr\" data-placeholder=\"Translation\" aria-label=\"Translated text\" data-ved=\"2ahUKEwj7tffU0IyGAxVHGxAIHRuAAWEQ3ewLegQICBAU\"><span class=\"Y2IQFc\" lang=\"fi\">Supertarjous terveellisten makeisten yst\u00e4ville! <\/span><\/p>\n<p class=\"tw-data-text tw-text-large tw-ta\" dir=\"ltr\" data-placeholder=\"Translation\" aria-label=\"Translated text\" data-ved=\"2ahUKEwj7tffU0IyGAxVHGxAIHRuAAWEQ3ewLegQICBAU\"><span class=\"Y2IQFc\" lang=\"fi\">Kun ostat 1 kg, saat lahjaksi 500 g kuningastaatelia. Jokaista ostamaasi 1 kg mangoa kohden annamme sinulle 0,5 kg taateleita. 2 kg mangoja = 1 kg taateleita lahjaksi jne.<\/span><\/p>\n<p class=\"tw-data-text tw-text-large tw-ta\" dir=\"ltr\" data-placeholder=\"Translation\" aria-label=\"Translated text\" data-ved=\"2ahUKEwj7tffU0IyGAxVHGxAIHRuAAWEQ3ewLegQICBAU\"><span class=\"Y2IQFc\" lang=\"fi\">Mango ilman sokeria, valmistettu erityisesti Naturkalle!\u00a0<\/span><\/p>\n<p class=\"tw-data-text tw-text-large tw-ta\" dir=\"ltr\" data-placeholder=\"Translation\" aria-label=\"Translated text\" data-ved=\"2ahUKEwj7tffU0IyGAxVHGxAIHRuAAWEQ3ewLegQICBAU\"><span class=\"Y2IQFc\" lang=\"fi\">S\u00e4ilyt\u00e4 kuivassa, puhtaassa ja viile\u00e4ss\u00e4 paikassa.<\/span><\/p>\n","protected":false},"featured_media":28064,"template":"","meta":{"inline_featured_image":false},"product_cat":[175],"product_tag":[],"class_list":["post-26716","product","type-product","status-publish","has-post-thumbnail","hentry","product_cat-special-offer-fi"],"supplier_id":null,"supplier_sku":"","barcode":null,"atum_controlled":true,"out_stock_date":null,"out_stock_threshold":null,"inheritable":false,"inbound_stock":0,"stock_on_hold":1,"sold_today":0,"sales_last_days":1,"reserved_stock":0,"customer_returns":0,"warehouse_damage":0,"lost_in_post":0,"other_logs":0,"out_stock_days":0,"lost_sales":0,"has_location":false,"update_date":"2026-04-16T15:49:04","atum_locations":[],"atum_stock_status":"instock","restock_status":false,"low_stock_amount":"","sales_update_date":"2026-04-16T15:49:03","calc_backorders":null,"yoast_head":"<!-- This site is optimized with the Yoast SEO plugin v22.6 - https:\/\/yoast.com\/wordpress\/plugins\/seo\/ -->\n<title>1KG Mangoa (ilman sokeria) + 500g king-taateleita LAHJAKSI - Naturka<\/title>\n<meta name=\"robots\" content=\"index, follow, max-snippet:-1, max-image-preview:large, max-video-preview:-1\" \/>\n<link rel=\"canonical\" href=\"https:\/\/naturka.ee\/fi\/tuote\/1kg-mangoa-ilman-sokeria-500g-king-taateleita-lahjana\/\" \/>\n<meta property=\"og:locale\" content=\"fi_FI\" \/>\n<meta property=\"og:type\" content=\"article\" \/>\n<meta property=\"og:title\" content=\"1KG Mangoa (ilman sokeria) + 500g king-taateleita LAHJAKSI - Naturka\" \/>\n<meta property=\"og:description\" content=\"NB! Uusi mango ilman sokeria, uudessa uudelleensuljettavassa pakkauksessa 250g! Leikkaa k\u00e4tev\u00e4sti paloiksi! Supertarjous terveellisten makeisten yst\u00e4ville!  Kun ostat 1 kg, saat lahjaksi 500 g kuningastaatelia. Jokaista ostamaasi 1 kg mangoa kohden annamme sinulle 0,5 kg taateleita. 2 kg mangoja = 1 kg taateleita lahjaksi jne. Mango ilman sokeria, valmistettu erityisesti Naturkalle!\u00a0 S\u00e4ilyt\u00e4 kuivassa, puhtaassa ja viile\u00e4ss\u00e4 paikassa.\" \/>\n<meta property=\"og:url\" content=\"https:\/\/naturka.ee\/fi\/tuote\/1kg-mangoa-ilman-sokeria-500g-king-taateleita-lahjana\/\" \/>\n<meta property=\"og:site_name\" content=\"Naturka\" \/>\n<meta property=\"article:modified_time\" content=\"2024-12-27T13:34:35+00:00\" \/>\n<meta property=\"og:image\" content=\"https:\/\/naturka.ee\/wp-content\/uploads\/2024\/05\/75-1-1536x1172-1.jpg\" \/>\n\t<meta property=\"og:image:width\" content=\"1536\" \/>\n\t<meta property=\"og:image:height\" content=\"1172\" \/>\n\t<meta property=\"og:image:type\" content=\"image\/jpeg\" \/>\n<meta name=\"twitter:card\" content=\"summary_large_image\" \/>\n<script type=\"application\/ld+json\" class=\"yoast-schema-graph\">{\"@context\":\"https:\/\/schema.org\",\"@graph\":[{\"@type\":\"WebPage\",\"@id\":\"https:\/\/naturka.ee\/fi\/tuote\/1kg-mangoa-ilman-sokeria-500g-king-taateleita-lahjana\/\",\"url\":\"https:\/\/naturka.ee\/fi\/tuote\/1kg-mangoa-ilman-sokeria-500g-king-taateleita-lahjana\/\",\"name\":\"1KG Mangoa (ilman sokeria) + 500g king-taateleita LAHJAKSI - Naturka\",\"isPartOf\":{\"@id\":\"https:\/\/naturka.ee\/fi\/#website\"},\"primaryImageOfPage\":{\"@id\":\"https:\/\/naturka.ee\/fi\/tuote\/1kg-mangoa-ilman-sokeria-500g-king-taateleita-lahjana\/#primaryimage\"},\"image\":{\"@id\":\"https:\/\/naturka.ee\/fi\/tuote\/1kg-mangoa-ilman-sokeria-500g-king-taateleita-lahjana\/#primaryimage\"},\"thumbnailUrl\":\"https:\/\/naturka.ee\/wp-content\/uploads\/2024\/05\/75-1-1536x1172-1.jpg\",\"datePublished\":\"2024-05-14T10:05:28+00:00\",\"dateModified\":\"2024-12-27T13:34:35+00:00\",\"breadcrumb\":{\"@id\":\"https:\/\/naturka.ee\/fi\/tuote\/1kg-mangoa-ilman-sokeria-500g-king-taateleita-lahjana\/#breadcrumb\"},\"inLanguage\":\"fi\",\"potentialAction\":[{\"@type\":\"ReadAction\",\"target\":[\"https:\/\/naturka.ee\/fi\/tuote\/1kg-mangoa-ilman-sokeria-500g-king-taateleita-lahjana\/\"]}]},{\"@type\":\"ImageObject\",\"inLanguage\":\"fi\",\"@id\":\"https:\/\/naturka.ee\/fi\/tuote\/1kg-mangoa-ilman-sokeria-500g-king-taateleita-lahjana\/#primaryimage\",\"url\":\"https:\/\/naturka.ee\/wp-content\/uploads\/2024\/05\/75-1-1536x1172-1.jpg\",\"contentUrl\":\"https:\/\/naturka.ee\/wp-content\/uploads\/2024\/05\/75-1-1536x1172-1.jpg\",\"width\":1536,\"height\":1172},{\"@type\":\"BreadcrumbList\",\"@id\":\"https:\/\/naturka.ee\/fi\/tuote\/1kg-mangoa-ilman-sokeria-500g-king-taateleita-lahjana\/#breadcrumb\",\"itemListElement\":[{\"@type\":\"ListItem\",\"position\":1,\"name\":\"Home\",\"item\":\"https:\/\/naturka.ee\/fi\/home\/\"},{\"@type\":\"ListItem\",\"position\":2,\"name\":\"Pood\",\"item\":\"https:\/\/naturka.ee\/shop\/\"},{\"@type\":\"ListItem\",\"position\":3,\"name\":\"1KG Mangoa (ilman sokeria) + 500g king-taateleita LAHJAKSI\"}]},{\"@type\":\"WebSite\",\"@id\":\"https:\/\/naturka.ee\/fi\/#website\",\"url\":\"https:\/\/naturka.ee\/fi\/\",\"name\":\"Naturka\",\"description\":\"\",\"potentialAction\":[{\"@type\":\"SearchAction\",\"target\":{\"@type\":\"EntryPoint\",\"urlTemplate\":\"https:\/\/naturka.ee\/fi\/?s={search_term_string}\"},\"query-input\":\"required name=search_term_string\"}],\"inLanguage\":\"fi\"}]}<\/script>\n<!-- \/ Yoast SEO plugin. -->","yoast_head_json":{"title":"1KG Mangoa (ilman sokeria) + 500g king-taateleita LAHJAKSI - Naturka","robots":{"index":"index","follow":"follow","max-snippet":"max-snippet:-1","max-image-preview":"max-image-preview:large","max-video-preview":"max-video-preview:-1"},"canonical":"https:\/\/naturka.ee\/fi\/tuote\/1kg-mangoa-ilman-sokeria-500g-king-taateleita-lahjana\/","og_locale":"fi_FI","og_type":"article","og_title":"1KG Mangoa (ilman sokeria) + 500g king-taateleita LAHJAKSI - Naturka","og_description":"NB! Uusi mango ilman sokeria, uudessa uudelleensuljettavassa pakkauksessa 250g! Leikkaa k\u00e4tev\u00e4sti paloiksi! Supertarjous terveellisten makeisten yst\u00e4ville!  Kun ostat 1 kg, saat lahjaksi 500 g kuningastaatelia. Jokaista ostamaasi 1 kg mangoa kohden annamme sinulle 0,5 kg taateleita. 2 kg mangoja = 1 kg taateleita lahjaksi jne. Mango ilman sokeria, valmistettu erityisesti Naturkalle!\u00a0 S\u00e4ilyt\u00e4 kuivassa, puhtaassa ja viile\u00e4ss\u00e4 paikassa.","og_url":"https:\/\/naturka.ee\/fi\/tuote\/1kg-mangoa-ilman-sokeria-500g-king-taateleita-lahjana\/","og_site_name":"Naturka","article_modified_time":"2024-12-27T13:34:35+00:00","og_image":[{"width":1536,"height":1172,"url":"https:\/\/naturka.ee\/wp-content\/uploads\/2024\/05\/75-1-1536x1172-1.jpg","type":"image\/jpeg"}],"twitter_card":"summary_large_image","schema":{"@context":"https:\/\/schema.org","@graph":[{"@type":"WebPage","@id":"https:\/\/naturka.ee\/fi\/tuote\/1kg-mangoa-ilman-sokeria-500g-king-taateleita-lahjana\/","url":"https:\/\/naturka.ee\/fi\/tuote\/1kg-mangoa-ilman-sokeria-500g-king-taateleita-lahjana\/","name":"1KG Mangoa (ilman sokeria) + 500g king-taateleita LAHJAKSI - Naturka","isPartOf":{"@id":"https:\/\/naturka.ee\/fi\/#website"},"primaryImageOfPage":{"@id":"https:\/\/naturka.ee\/fi\/tuote\/1kg-mangoa-ilman-sokeria-500g-king-taateleita-lahjana\/#primaryimage"},"image":{"@id":"https:\/\/naturka.ee\/fi\/tuote\/1kg-mangoa-ilman-sokeria-500g-king-taateleita-lahjana\/#primaryimage"},"thumbnailUrl":"https:\/\/naturka.ee\/wp-content\/uploads\/2024\/05\/75-1-1536x1172-1.jpg","datePublished":"2024-05-14T10:05:28+00:00","dateModified":"2024-12-27T13:34:35+00:00","breadcrumb":{"@id":"https:\/\/naturka.ee\/fi\/tuote\/1kg-mangoa-ilman-sokeria-500g-king-taateleita-lahjana\/#breadcrumb"},"inLanguage":"fi","potentialAction":[{"@type":"ReadAction","target":["https:\/\/naturka.ee\/fi\/tuote\/1kg-mangoa-ilman-sokeria-500g-king-taateleita-lahjana\/"]}]},{"@type":"ImageObject","inLanguage":"fi","@id":"https:\/\/naturka.ee\/fi\/tuote\/1kg-mangoa-ilman-sokeria-500g-king-taateleita-lahjana\/#primaryimage","url":"https:\/\/naturka.ee\/wp-content\/uploads\/2024\/05\/75-1-1536x1172-1.jpg","contentUrl":"https:\/\/naturka.ee\/wp-content\/uploads\/2024\/05\/75-1-1536x1172-1.jpg","width":1536,"height":1172},{"@type":"BreadcrumbList","@id":"https:\/\/naturka.ee\/fi\/tuote\/1kg-mangoa-ilman-sokeria-500g-king-taateleita-lahjana\/#breadcrumb","itemListElement":[{"@type":"ListItem","position":1,"name":"Home","item":"https:\/\/naturka.ee\/fi\/home\/"},{"@type":"ListItem","position":2,"name":"Pood","item":"https:\/\/naturka.ee\/shop\/"},{"@type":"ListItem","position":3,"name":"1KG Mangoa (ilman sokeria) + 500g king-taateleita LAHJAKSI"}]},{"@type":"WebSite","@id":"https:\/\/naturka.ee\/fi\/#website","url":"https:\/\/naturka.ee\/fi\/","name":"Naturka","description":"","potentialAction":[{"@type":"SearchAction","target":{"@type":"EntryPoint","urlTemplate":"https:\/\/naturka.ee\/fi\/?s={search_term_string}"},"query-input":"required name=search_term_string"}],"inLanguage":"fi"}]}},"_links":{"self":[{"href":"https:\/\/naturka.ee\/fi\/wp-json\/wp\/v2\/product\/26716","targetHints":{"allow":["GET"]}}],"collection":[{"href":"https:\/\/naturka.ee\/fi\/wp-json\/wp\/v2\/product"}],"about":[{"href":"https:\/\/naturka.ee\/fi\/wp-json\/wp\/v2\/types\/product"}],"wp:featuredmedia":[{"embeddable":true,"href":"https:\/\/naturka.ee\/fi\/wp-json\/wp\/v2\/media\/28064"}],"wp:attachment":[{"href":"https:\/\/naturka.ee\/fi\/wp-json\/wp\/v2\/media?parent=26716"}],"wp:term":[{"taxonomy":"product_cat","embeddable":true,"href":"https:\/\/naturka.ee\/fi\/wp-json\/wp\/v2\/product_cat?post=26716"},{"taxonomy":"product_tag","embeddable":true,"href":"https:\/\/naturka.ee\/fi\/wp-json\/wp\/v2\/product_tag?post=26716"}],"curies":[{"name":"wp","href":"https:\/\/api.w.org\/{rel}","templated":true}]}}