{"id":1954,"date":"2020-12-09T17:15:52","date_gmt":"2021-07-25T21:08:57","guid":{"rendered":"https:\/\/naturka.ee\/product\/virsik-koige-maitsev\/"},"modified":"2025-10-27T12:05:42","modified_gmt":"2025-10-27T10:05:42","slug":"virsik-koige-maitsev","status":"publish","type":"product","link":"https:\/\/naturka.ee\/fi\/tuote\/virsik-koige-maitsev\/","title":{"rendered":"Persikka (HERKULLISIN)"},"content":{"rendered":"<section id=\"content\">\n<div class=\"flex itemBox\">\n<div class=\"itemCol_right\">\n<div class=\"description\">store in a cool dry place. avoid moisture<\/div>\n<\/div>\n<\/div>\n<\/section>\n","protected":false},"excerpt":{"rendered":"<p>Armenian tuotteet ovat erilaisia kuivattuja hedelmi\u00e4. Niit\u00e4 voidaan kutsua maailman parhaiksi, koska ne eiv\u00e4t ole samanlaisia kuin muut maailman hedelm\u00e4t tuoreina tai kuivattuina. Makua ei voi selitt\u00e4\u00e4 sanoilla. Ei lis\u00e4tty\u00e4 sokeria.<\/p>\n<p>&nbsp;<\/p>\n","protected":false},"featured_media":25536,"template":"","meta":{"inline_featured_image":false},"product_cat":[162,163,161],"product_tag":[],"class_list":["post-1954","product","type-product","status-publish","has-post-thumbnail","hentry","product_cat-one-and-only-in-europe-fi","product_cat-no-added-sugar-fi","product_cat-dried-fruits-fi"],"supplier_id":null,"supplier_sku":"","barcode":null,"atum_controlled":true,"out_stock_date":null,"out_stock_threshold":null,"inheritable":false,"inbound_stock":0,"stock_on_hold":3,"sold_today":0,"sales_last_days":4,"reserved_stock":0,"customer_returns":0,"warehouse_damage":0,"lost_in_post":0,"other_logs":0,"out_stock_days":0,"lost_sales":0,"has_location":false,"update_date":"2026-05-04T06:30:51","atum_locations":[],"atum_stock_status":"instock","restock_status":false,"low_stock_amount":"","sales_update_date":"2026-05-04T06:30:51","calc_backorders":null,"yoast_head":"<!-- This site is optimized with the Yoast SEO plugin v22.6 - https:\/\/yoast.com\/wordpress\/plugins\/seo\/ -->\n<title>Persikka (HERKULLISIN) - Naturka<\/title>\n<meta name=\"robots\" content=\"index, follow, max-snippet:-1, max-image-preview:large, max-video-preview:-1\" \/>\n<link rel=\"canonical\" href=\"https:\/\/naturka.ee\/fi\/tuote\/virsik-koige-maitsev\/\" \/>\n<meta property=\"og:locale\" content=\"fi_FI\" \/>\n<meta property=\"og:type\" content=\"article\" \/>\n<meta property=\"og:title\" content=\"Persikka (HERKULLISIN) - Naturka\" \/>\n<meta property=\"og:description\" content=\"Armenian tuotteet ovat erilaisia kuivattuja hedelmi\u00e4. Niit\u00e4 voidaan kutsua maailman parhaiksi, koska ne eiv\u00e4t ole samanlaisia kuin muut maailman hedelm\u00e4t tuoreina tai kuivattuina. Makua ei voi selitt\u00e4\u00e4 sanoilla. Ei lis\u00e4tty\u00e4 sokeria.  &nbsp;\" \/>\n<meta property=\"og:url\" content=\"https:\/\/naturka.ee\/fi\/tuote\/virsik-koige-maitsev\/\" \/>\n<meta property=\"og:site_name\" content=\"Naturka\" \/>\n<meta property=\"article:modified_time\" content=\"2025-10-27T10:05:42+00:00\" \/>\n<meta property=\"og:image\" content=\"https:\/\/naturka.ee\/wp-content\/uploads\/2020\/12\/NaturkaShoot-77-copy.jpg\" \/>\n\t<meta property=\"og:image:width\" content=\"1800\" \/>\n\t<meta property=\"og:image:height\" content=\"1373\" \/>\n\t<meta property=\"og:image:type\" content=\"image\/jpeg\" \/>\n<meta name=\"twitter:card\" content=\"summary_large_image\" \/>\n<script type=\"application\/ld+json\" class=\"yoast-schema-graph\">{\"@context\":\"https:\/\/schema.org\",\"@graph\":[{\"@type\":\"WebPage\",\"@id\":\"https:\/\/naturka.ee\/fi\/tuote\/virsik-koige-maitsev\/\",\"url\":\"https:\/\/naturka.ee\/fi\/tuote\/virsik-koige-maitsev\/\",\"name\":\"Persikka (HERKULLISIN) - Naturka\",\"isPartOf\":{\"@id\":\"https:\/\/naturka.ee\/fi\/#website\"},\"primaryImageOfPage\":{\"@id\":\"https:\/\/naturka.ee\/fi\/tuote\/virsik-koige-maitsev\/#primaryimage\"},\"image\":{\"@id\":\"https:\/\/naturka.ee\/fi\/tuote\/virsik-koige-maitsev\/#primaryimage\"},\"thumbnailUrl\":\"https:\/\/naturka.ee\/wp-content\/uploads\/2020\/12\/NaturkaShoot-77-copy.jpg\",\"datePublished\":\"2021-07-25T21:08:57+00:00\",\"dateModified\":\"2025-10-27T10:05:42+00:00\",\"breadcrumb\":{\"@id\":\"https:\/\/naturka.ee\/fi\/tuote\/virsik-koige-maitsev\/#breadcrumb\"},\"inLanguage\":\"fi\",\"potentialAction\":[{\"@type\":\"ReadAction\",\"target\":[\"https:\/\/naturka.ee\/fi\/tuote\/virsik-koige-maitsev\/\"]}]},{\"@type\":\"ImageObject\",\"inLanguage\":\"fi\",\"@id\":\"https:\/\/naturka.ee\/fi\/tuote\/virsik-koige-maitsev\/#primaryimage\",\"url\":\"https:\/\/naturka.ee\/wp-content\/uploads\/2020\/12\/NaturkaShoot-77-copy.jpg\",\"contentUrl\":\"https:\/\/naturka.ee\/wp-content\/uploads\/2020\/12\/NaturkaShoot-77-copy.jpg\",\"width\":1800,\"height\":1373},{\"@type\":\"BreadcrumbList\",\"@id\":\"https:\/\/naturka.ee\/fi\/tuote\/virsik-koige-maitsev\/#breadcrumb\",\"itemListElement\":[{\"@type\":\"ListItem\",\"position\":1,\"name\":\"Home\",\"item\":\"https:\/\/naturka.ee\/fi\/home\/\"},{\"@type\":\"ListItem\",\"position\":2,\"name\":\"Pood\",\"item\":\"https:\/\/naturka.ee\/shop\/\"},{\"@type\":\"ListItem\",\"position\":3,\"name\":\"Persikka (HERKULLISIN)\"}]},{\"@type\":\"WebSite\",\"@id\":\"https:\/\/naturka.ee\/fi\/#website\",\"url\":\"https:\/\/naturka.ee\/fi\/\",\"name\":\"Naturka\",\"description\":\"\",\"potentialAction\":[{\"@type\":\"SearchAction\",\"target\":{\"@type\":\"EntryPoint\",\"urlTemplate\":\"https:\/\/naturka.ee\/fi\/?s={search_term_string}\"},\"query-input\":\"required name=search_term_string\"}],\"inLanguage\":\"fi\"}]}<\/script>\n<!-- \/ Yoast SEO plugin. -->","yoast_head_json":{"title":"Persikka (HERKULLISIN) - Naturka","robots":{"index":"index","follow":"follow","max-snippet":"max-snippet:-1","max-image-preview":"max-image-preview:large","max-video-preview":"max-video-preview:-1"},"canonical":"https:\/\/naturka.ee\/fi\/tuote\/virsik-koige-maitsev\/","og_locale":"fi_FI","og_type":"article","og_title":"Persikka (HERKULLISIN) - Naturka","og_description":"Armenian tuotteet ovat erilaisia kuivattuja hedelmi\u00e4. Niit\u00e4 voidaan kutsua maailman parhaiksi, koska ne eiv\u00e4t ole samanlaisia kuin muut maailman hedelm\u00e4t tuoreina tai kuivattuina. Makua ei voi selitt\u00e4\u00e4 sanoilla. Ei lis\u00e4tty\u00e4 sokeria.  &nbsp;","og_url":"https:\/\/naturka.ee\/fi\/tuote\/virsik-koige-maitsev\/","og_site_name":"Naturka","article_modified_time":"2025-10-27T10:05:42+00:00","og_image":[{"width":1800,"height":1373,"url":"https:\/\/naturka.ee\/wp-content\/uploads\/2020\/12\/NaturkaShoot-77-copy.jpg","type":"image\/jpeg"}],"twitter_card":"summary_large_image","schema":{"@context":"https:\/\/schema.org","@graph":[{"@type":"WebPage","@id":"https:\/\/naturka.ee\/fi\/tuote\/virsik-koige-maitsev\/","url":"https:\/\/naturka.ee\/fi\/tuote\/virsik-koige-maitsev\/","name":"Persikka (HERKULLISIN) - Naturka","isPartOf":{"@id":"https:\/\/naturka.ee\/fi\/#website"},"primaryImageOfPage":{"@id":"https:\/\/naturka.ee\/fi\/tuote\/virsik-koige-maitsev\/#primaryimage"},"image":{"@id":"https:\/\/naturka.ee\/fi\/tuote\/virsik-koige-maitsev\/#primaryimage"},"thumbnailUrl":"https:\/\/naturka.ee\/wp-content\/uploads\/2020\/12\/NaturkaShoot-77-copy.jpg","datePublished":"2021-07-25T21:08:57+00:00","dateModified":"2025-10-27T10:05:42+00:00","breadcrumb":{"@id":"https:\/\/naturka.ee\/fi\/tuote\/virsik-koige-maitsev\/#breadcrumb"},"inLanguage":"fi","potentialAction":[{"@type":"ReadAction","target":["https:\/\/naturka.ee\/fi\/tuote\/virsik-koige-maitsev\/"]}]},{"@type":"ImageObject","inLanguage":"fi","@id":"https:\/\/naturka.ee\/fi\/tuote\/virsik-koige-maitsev\/#primaryimage","url":"https:\/\/naturka.ee\/wp-content\/uploads\/2020\/12\/NaturkaShoot-77-copy.jpg","contentUrl":"https:\/\/naturka.ee\/wp-content\/uploads\/2020\/12\/NaturkaShoot-77-copy.jpg","width":1800,"height":1373},{"@type":"BreadcrumbList","@id":"https:\/\/naturka.ee\/fi\/tuote\/virsik-koige-maitsev\/#breadcrumb","itemListElement":[{"@type":"ListItem","position":1,"name":"Home","item":"https:\/\/naturka.ee\/fi\/home\/"},{"@type":"ListItem","position":2,"name":"Pood","item":"https:\/\/naturka.ee\/shop\/"},{"@type":"ListItem","position":3,"name":"Persikka (HERKULLISIN)"}]},{"@type":"WebSite","@id":"https:\/\/naturka.ee\/fi\/#website","url":"https:\/\/naturka.ee\/fi\/","name":"Naturka","description":"","potentialAction":[{"@type":"SearchAction","target":{"@type":"EntryPoint","urlTemplate":"https:\/\/naturka.ee\/fi\/?s={search_term_string}"},"query-input":"required name=search_term_string"}],"inLanguage":"fi"}]}},"_links":{"self":[{"href":"https:\/\/naturka.ee\/fi\/wp-json\/wp\/v2\/product\/1954","targetHints":{"allow":["GET"]}}],"collection":[{"href":"https:\/\/naturka.ee\/fi\/wp-json\/wp\/v2\/product"}],"about":[{"href":"https:\/\/naturka.ee\/fi\/wp-json\/wp\/v2\/types\/product"}],"wp:featuredmedia":[{"embeddable":true,"href":"https:\/\/naturka.ee\/fi\/wp-json\/wp\/v2\/media\/25536"}],"wp:attachment":[{"href":"https:\/\/naturka.ee\/fi\/wp-json\/wp\/v2\/media?parent=1954"}],"wp:term":[{"taxonomy":"product_cat","embeddable":true,"href":"https:\/\/naturka.ee\/fi\/wp-json\/wp\/v2\/product_cat?post=1954"},{"taxonomy":"product_tag","embeddable":true,"href":"https:\/\/naturka.ee\/fi\/wp-json\/wp\/v2\/product_tag?post=1954"}],"curies":[{"name":"wp","href":"https:\/\/api.w.org\/{rel}","templated":true}]}}