{"id":1907,"date":"2021-01-15T11:49:29","date_gmt":"2021-07-25T19:58:34","guid":{"rendered":"https:\/\/naturka.ee\/product\/rost-india-pahklid-sool\/"},"modified":"2026-01-07T21:00:19","modified_gmt":"2026-01-07T19:00:19","slug":"rost-india-pahklid-sool","status":"publish","type":"product","link":"https:\/\/naturka.ee\/fi\/tuote\/rost-india-pahklid-sool\/","title":{"rendered":"Paahdetut cashew-p\u00e4hkin\u00e4t (suol.)"},"content":{"rendered":"","protected":false},"excerpt":{"rendered":"<p>!! MEGAHERKULLISTA !! Uusi p\u00e4hkin\u00e4, jonka suolapitoisuus on alhainen, ei muistuta lainkaan tavallista intialaista p\u00e4hkin\u00e4\u00e4, paahdettua, mutta herkullista.<\/p>\n<p>S\u00e4ilyt\u00e4 kuivassa, puhtaassa ja viile\u00e4ss\u00e4 paikassa.<\/p>\n","protected":false},"featured_media":26070,"template":"","meta":{"inline_featured_image":false},"product_cat":[162,164],"product_tag":[],"class_list":["post-1907","product","type-product","status-publish","has-post-thumbnail","hentry","product_cat-one-and-only-in-europe-fi","product_cat-pahkinoita"],"supplier_id":null,"supplier_sku":"","barcode":null,"atum_controlled":true,"out_stock_date":"2026-01-07 19:00:20","out_stock_threshold":null,"inheritable":false,"inbound_stock":0,"stock_on_hold":1,"sold_today":0,"sales_last_days":0,"reserved_stock":0,"customer_returns":0,"warehouse_damage":0,"lost_in_post":0,"other_logs":0,"out_stock_days":100,"lost_sales":685,"has_location":false,"update_date":"2026-04-18T15:51:12","atum_locations":[],"atum_stock_status":"outofstock","restock_status":false,"low_stock_amount":"","sales_update_date":"2026-04-18T15:51:12","calc_backorders":null,"yoast_head":"<!-- This site is optimized with the Yoast SEO plugin v22.6 - https:\/\/yoast.com\/wordpress\/plugins\/seo\/ -->\n<title>Paahdetut cashew-p\u00e4hkin\u00e4t (suol.) - Naturka<\/title>\n<meta name=\"robots\" content=\"index, follow, max-snippet:-1, max-image-preview:large, max-video-preview:-1\" \/>\n<link rel=\"canonical\" href=\"https:\/\/naturka.ee\/fi\/tuote\/rost-india-pahklid-sool\/\" \/>\n<meta property=\"og:locale\" content=\"fi_FI\" \/>\n<meta property=\"og:type\" content=\"article\" \/>\n<meta property=\"og:title\" content=\"Paahdetut cashew-p\u00e4hkin\u00e4t (suol.) - Naturka\" \/>\n<meta property=\"og:description\" content=\"!! MEGAHERKULLISTA !! Uusi p\u00e4hkin\u00e4, jonka suolapitoisuus on alhainen, ei muistuta lainkaan tavallista intialaista p\u00e4hkin\u00e4\u00e4, paahdettua, mutta herkullista.  S\u00e4ilyt\u00e4 kuivassa, puhtaassa ja viile\u00e4ss\u00e4 paikassa.\" \/>\n<meta property=\"og:url\" content=\"https:\/\/naturka.ee\/fi\/tuote\/rost-india-pahklid-sool\/\" \/>\n<meta property=\"og:site_name\" content=\"Naturka\" \/>\n<meta property=\"article:modified_time\" content=\"2026-01-07T19:00:19+00:00\" \/>\n<meta property=\"og:image\" content=\"https:\/\/naturka.ee\/wp-content\/uploads\/2024\/04\/22.jpg\" \/>\n\t<meta property=\"og:image:width\" content=\"1800\" \/>\n\t<meta property=\"og:image:height\" content=\"1373\" \/>\n\t<meta property=\"og:image:type\" content=\"image\/jpeg\" \/>\n<meta name=\"twitter:card\" content=\"summary_large_image\" \/>\n<script type=\"application\/ld+json\" class=\"yoast-schema-graph\">{\"@context\":\"https:\/\/schema.org\",\"@graph\":[{\"@type\":\"WebPage\",\"@id\":\"https:\/\/naturka.ee\/fi\/tuote\/rost-india-pahklid-sool\/\",\"url\":\"https:\/\/naturka.ee\/fi\/tuote\/rost-india-pahklid-sool\/\",\"name\":\"Paahdetut cashew-p\u00e4hkin\u00e4t (suol.) - Naturka\",\"isPartOf\":{\"@id\":\"https:\/\/naturka.ee\/fi\/#website\"},\"primaryImageOfPage\":{\"@id\":\"https:\/\/naturka.ee\/fi\/tuote\/rost-india-pahklid-sool\/#primaryimage\"},\"image\":{\"@id\":\"https:\/\/naturka.ee\/fi\/tuote\/rost-india-pahklid-sool\/#primaryimage\"},\"thumbnailUrl\":\"https:\/\/naturka.ee\/wp-content\/uploads\/2024\/04\/22.jpg\",\"datePublished\":\"2021-07-25T19:58:34+00:00\",\"dateModified\":\"2026-01-07T19:00:19+00:00\",\"breadcrumb\":{\"@id\":\"https:\/\/naturka.ee\/fi\/tuote\/rost-india-pahklid-sool\/#breadcrumb\"},\"inLanguage\":\"fi\",\"potentialAction\":[{\"@type\":\"ReadAction\",\"target\":[\"https:\/\/naturka.ee\/fi\/tuote\/rost-india-pahklid-sool\/\"]}]},{\"@type\":\"ImageObject\",\"inLanguage\":\"fi\",\"@id\":\"https:\/\/naturka.ee\/fi\/tuote\/rost-india-pahklid-sool\/#primaryimage\",\"url\":\"https:\/\/naturka.ee\/wp-content\/uploads\/2024\/04\/22.jpg\",\"contentUrl\":\"https:\/\/naturka.ee\/wp-content\/uploads\/2024\/04\/22.jpg\",\"width\":1800,\"height\":1373},{\"@type\":\"BreadcrumbList\",\"@id\":\"https:\/\/naturka.ee\/fi\/tuote\/rost-india-pahklid-sool\/#breadcrumb\",\"itemListElement\":[{\"@type\":\"ListItem\",\"position\":1,\"name\":\"Home\",\"item\":\"https:\/\/naturka.ee\/fi\/home\/\"},{\"@type\":\"ListItem\",\"position\":2,\"name\":\"Pood\",\"item\":\"https:\/\/naturka.ee\/shop\/\"},{\"@type\":\"ListItem\",\"position\":3,\"name\":\"Paahdetut cashew-p\u00e4hkin\u00e4t (suol.)\"}]},{\"@type\":\"WebSite\",\"@id\":\"https:\/\/naturka.ee\/fi\/#website\",\"url\":\"https:\/\/naturka.ee\/fi\/\",\"name\":\"Naturka\",\"description\":\"\",\"potentialAction\":[{\"@type\":\"SearchAction\",\"target\":{\"@type\":\"EntryPoint\",\"urlTemplate\":\"https:\/\/naturka.ee\/fi\/?s={search_term_string}\"},\"query-input\":\"required name=search_term_string\"}],\"inLanguage\":\"fi\"}]}<\/script>\n<!-- \/ Yoast SEO plugin. -->","yoast_head_json":{"title":"Paahdetut cashew-p\u00e4hkin\u00e4t (suol.) - Naturka","robots":{"index":"index","follow":"follow","max-snippet":"max-snippet:-1","max-image-preview":"max-image-preview:large","max-video-preview":"max-video-preview:-1"},"canonical":"https:\/\/naturka.ee\/fi\/tuote\/rost-india-pahklid-sool\/","og_locale":"fi_FI","og_type":"article","og_title":"Paahdetut cashew-p\u00e4hkin\u00e4t (suol.) - Naturka","og_description":"!! MEGAHERKULLISTA !! Uusi p\u00e4hkin\u00e4, jonka suolapitoisuus on alhainen, ei muistuta lainkaan tavallista intialaista p\u00e4hkin\u00e4\u00e4, paahdettua, mutta herkullista.  S\u00e4ilyt\u00e4 kuivassa, puhtaassa ja viile\u00e4ss\u00e4 paikassa.","og_url":"https:\/\/naturka.ee\/fi\/tuote\/rost-india-pahklid-sool\/","og_site_name":"Naturka","article_modified_time":"2026-01-07T19:00:19+00:00","og_image":[{"width":1800,"height":1373,"url":"https:\/\/naturka.ee\/wp-content\/uploads\/2024\/04\/22.jpg","type":"image\/jpeg"}],"twitter_card":"summary_large_image","schema":{"@context":"https:\/\/schema.org","@graph":[{"@type":"WebPage","@id":"https:\/\/naturka.ee\/fi\/tuote\/rost-india-pahklid-sool\/","url":"https:\/\/naturka.ee\/fi\/tuote\/rost-india-pahklid-sool\/","name":"Paahdetut cashew-p\u00e4hkin\u00e4t (suol.) - Naturka","isPartOf":{"@id":"https:\/\/naturka.ee\/fi\/#website"},"primaryImageOfPage":{"@id":"https:\/\/naturka.ee\/fi\/tuote\/rost-india-pahklid-sool\/#primaryimage"},"image":{"@id":"https:\/\/naturka.ee\/fi\/tuote\/rost-india-pahklid-sool\/#primaryimage"},"thumbnailUrl":"https:\/\/naturka.ee\/wp-content\/uploads\/2024\/04\/22.jpg","datePublished":"2021-07-25T19:58:34+00:00","dateModified":"2026-01-07T19:00:19+00:00","breadcrumb":{"@id":"https:\/\/naturka.ee\/fi\/tuote\/rost-india-pahklid-sool\/#breadcrumb"},"inLanguage":"fi","potentialAction":[{"@type":"ReadAction","target":["https:\/\/naturka.ee\/fi\/tuote\/rost-india-pahklid-sool\/"]}]},{"@type":"ImageObject","inLanguage":"fi","@id":"https:\/\/naturka.ee\/fi\/tuote\/rost-india-pahklid-sool\/#primaryimage","url":"https:\/\/naturka.ee\/wp-content\/uploads\/2024\/04\/22.jpg","contentUrl":"https:\/\/naturka.ee\/wp-content\/uploads\/2024\/04\/22.jpg","width":1800,"height":1373},{"@type":"BreadcrumbList","@id":"https:\/\/naturka.ee\/fi\/tuote\/rost-india-pahklid-sool\/#breadcrumb","itemListElement":[{"@type":"ListItem","position":1,"name":"Home","item":"https:\/\/naturka.ee\/fi\/home\/"},{"@type":"ListItem","position":2,"name":"Pood","item":"https:\/\/naturka.ee\/shop\/"},{"@type":"ListItem","position":3,"name":"Paahdetut cashew-p\u00e4hkin\u00e4t (suol.)"}]},{"@type":"WebSite","@id":"https:\/\/naturka.ee\/fi\/#website","url":"https:\/\/naturka.ee\/fi\/","name":"Naturka","description":"","potentialAction":[{"@type":"SearchAction","target":{"@type":"EntryPoint","urlTemplate":"https:\/\/naturka.ee\/fi\/?s={search_term_string}"},"query-input":"required name=search_term_string"}],"inLanguage":"fi"}]}},"_links":{"self":[{"href":"https:\/\/naturka.ee\/fi\/wp-json\/wp\/v2\/product\/1907","targetHints":{"allow":["GET"]}}],"collection":[{"href":"https:\/\/naturka.ee\/fi\/wp-json\/wp\/v2\/product"}],"about":[{"href":"https:\/\/naturka.ee\/fi\/wp-json\/wp\/v2\/types\/product"}],"wp:featuredmedia":[{"embeddable":true,"href":"https:\/\/naturka.ee\/fi\/wp-json\/wp\/v2\/media\/26070"}],"wp:attachment":[{"href":"https:\/\/naturka.ee\/fi\/wp-json\/wp\/v2\/media?parent=1907"}],"wp:term":[{"taxonomy":"product_cat","embeddable":true,"href":"https:\/\/naturka.ee\/fi\/wp-json\/wp\/v2\/product_cat?post=1907"},{"taxonomy":"product_tag","embeddable":true,"href":"https:\/\/naturka.ee\/fi\/wp-json\/wp\/v2\/product_tag?post=1907"}],"curies":[{"name":"wp","href":"https:\/\/api.w.org\/{rel}","templated":true}]}}