{"id":1902,"date":"2021-01-15T11:55:45","date_gmt":"2021-07-25T19:32:23","guid":{"rendered":"https:\/\/naturka.ee\/product\/parapahkel\/"},"modified":"2026-04-13T20:18:59","modified_gmt":"2026-04-13T17:18:59","slug":"parapahkel","status":"publish","type":"product","link":"https:\/\/naturka.ee\/fi\/tuote\/parapahkel\/","title":{"rendered":"Parap\u00e4hkin\u00e4"},"content":{"rendered":"","protected":false},"excerpt":{"rendered":"<p id=\"tw-target-text\" class=\"tw-data-text tw-text-large tw-ta\" dir=\"ltr\" data-placeholder=\"Translation\" data-ved=\"2ahUKEwjg0Lne0IiJAxWbLRAIHbFkN24Q3ewLegQIBxAU\" aria-label=\"Translated text: Brasiliap\u00e4hkin\u00e4t kasvavat Etel\u00e4-Amerikan sademetsiss\u00e4. On vaikea yliarvioida parap\u00e4hkin\u00f6iden etuja ihmisten terveydelle (B1-, E-vitamiini, magnesium, fosfori, sinkki, rauta).\n\nMutta suurin arvo on tietysti korkea seleenipitoisuus! Vain yksi pieni p\u00e4hkin\u00e4 p\u00e4iv\u00e4ss\u00e4 riitt\u00e4\u00e4 est\u00e4m\u00e4\u00e4n seleenin puutteen. Brasiliap\u00e4hkin\u00e4 sis\u00e4lt\u00e4\u00e4 enemm\u00e4n seleeni\u00e4 kuin mik\u00e4\u00e4n muu hedelm\u00e4 maailmassa!\n\nS\u00e4ilyt\u00e4 kuivassa, puhtaassa ja viile\u00e4ss\u00e4 paikassa.\"><span class=\"Y2IQFc\" lang=\"fi\">Brasiliap\u00e4hkin\u00e4t kasvavat Etel\u00e4-Amerikan sademetsiss\u00e4. On vaikea yliarvioida parap\u00e4hkin\u00f6iden etuja ihmisten terveydelle (B1-, E-vitamiini, magnesium, fosfori, sinkki, rauta). <\/span><\/p>\n<p class=\"tw-data-text tw-text-large tw-ta\" dir=\"ltr\" data-placeholder=\"Translation\" data-ved=\"2ahUKEwjg0Lne0IiJAxWbLRAIHbFkN24Q3ewLegQIBxAU\" aria-label=\"Translated text: Brasiliap\u00e4hkin\u00e4t kasvavat Etel\u00e4-Amerikan sademetsiss\u00e4. On vaikea yliarvioida parap\u00e4hkin\u00f6iden etuja ihmisten terveydelle (B1-, E-vitamiini, magnesium, fosfori, sinkki, rauta).\n\nMutta suurin arvo on tietysti korkea seleenipitoisuus! Vain yksi pieni p\u00e4hkin\u00e4 p\u00e4iv\u00e4ss\u00e4 riitt\u00e4\u00e4 est\u00e4m\u00e4\u00e4n seleenin puutteen. Brasiliap\u00e4hkin\u00e4 sis\u00e4lt\u00e4\u00e4 enemm\u00e4n seleeni\u00e4 kuin mik\u00e4\u00e4n muu hedelm\u00e4 maailmassa!\n\nS\u00e4ilyt\u00e4 kuivassa, puhtaassa ja viile\u00e4ss\u00e4 paikassa.\"><span class=\"Y2IQFc\" lang=\"fi\">Mutta suurin arvo on tietysti korkea seleenipitoisuus! Vain yksi pieni p\u00e4hkin\u00e4 p\u00e4iv\u00e4ss\u00e4 riitt\u00e4\u00e4 est\u00e4m\u00e4\u00e4n seleenin puutteen. Brasiliap\u00e4hkin\u00e4 sis\u00e4lt\u00e4\u00e4 enemm\u00e4n seleeni\u00e4 kuin mik\u00e4\u00e4n muu hedelm\u00e4 maailmassa! <\/span><\/p>\n<p class=\"tw-data-text tw-text-large tw-ta\" dir=\"ltr\" data-placeholder=\"Translation\" data-ved=\"2ahUKEwjg0Lne0IiJAxWbLRAIHbFkN24Q3ewLegQIBxAU\" aria-label=\"Translated text: Brasiliap\u00e4hkin\u00e4t kasvavat Etel\u00e4-Amerikan sademetsiss\u00e4. On vaikea yliarvioida parap\u00e4hkin\u00f6iden etuja ihmisten terveydelle (B1-, E-vitamiini, magnesium, fosfori, sinkki, rauta).\n\nMutta suurin arvo on tietysti korkea seleenipitoisuus! Vain yksi pieni p\u00e4hkin\u00e4 p\u00e4iv\u00e4ss\u00e4 riitt\u00e4\u00e4 est\u00e4m\u00e4\u00e4n seleenin puutteen. Brasiliap\u00e4hkin\u00e4 sis\u00e4lt\u00e4\u00e4 enemm\u00e4n seleeni\u00e4 kuin mik\u00e4\u00e4n muu hedelm\u00e4 maailmassa!\n\nS\u00e4ilyt\u00e4 kuivassa, puhtaassa ja viile\u00e4ss\u00e4 paikassa.\"><span class=\"Y2IQFc\" lang=\"fi\">S\u00e4ilyt\u00e4 kuivassa, puhtaassa ja viile\u00e4ss\u00e4 paikassa.<\/span><\/p>\n","protected":false},"featured_media":26150,"template":"","meta":{"inline_featured_image":false},"product_cat":[164],"product_tag":[],"class_list":["post-1902","product","type-product","status-publish","has-post-thumbnail","hentry","product_cat-pahkinoita"],"supplier_id":null,"supplier_sku":"","barcode":null,"atum_controlled":true,"out_stock_date":"2026-04-13 17:19:00","out_stock_threshold":null,"inheritable":false,"inbound_stock":0,"stock_on_hold":0,"sold_today":0,"sales_last_days":0,"reserved_stock":0,"customer_returns":0,"warehouse_damage":0,"lost_in_post":0,"other_logs":0,"out_stock_days":18,"lost_sales":0,"has_location":false,"update_date":"2026-05-01T16:00:05","atum_locations":[],"atum_stock_status":"outofstock","restock_status":false,"low_stock_amount":"","sales_update_date":"2026-05-01T16:00:04","calc_backorders":null,"yoast_head":"<!-- This site is optimized with the Yoast SEO plugin v22.6 - https:\/\/yoast.com\/wordpress\/plugins\/seo\/ -->\n<title>Parap\u00e4hkin\u00e4 - Naturka<\/title>\n<meta name=\"robots\" content=\"index, follow, max-snippet:-1, max-image-preview:large, max-video-preview:-1\" \/>\n<link rel=\"canonical\" href=\"https:\/\/naturka.ee\/fi\/tuote\/parapahkel\/\" \/>\n<meta property=\"og:locale\" content=\"fi_FI\" \/>\n<meta property=\"og:type\" content=\"article\" \/>\n<meta property=\"og:title\" content=\"Parap\u00e4hkin\u00e4 - Naturka\" \/>\n<meta property=\"og:description\" content=\"Brasiliap\u00e4hkin\u00e4t kasvavat Etel\u00e4-Amerikan sademetsiss\u00e4. On vaikea yliarvioida parap\u00e4hkin\u00f6iden etuja ihmisten terveydelle (B1-, E-vitamiini, magnesium, fosfori, sinkki, rauta).  Mutta suurin arvo on tietysti korkea seleenipitoisuus! Vain yksi pieni p\u00e4hkin\u00e4 p\u00e4iv\u00e4ss\u00e4 riitt\u00e4\u00e4 est\u00e4m\u00e4\u00e4n seleenin puutteen. Brasiliap\u00e4hkin\u00e4 sis\u00e4lt\u00e4\u00e4 enemm\u00e4n seleeni\u00e4 kuin mik\u00e4\u00e4n muu hedelm\u00e4 maailmassa!  S\u00e4ilyt\u00e4 kuivassa, puhtaassa ja viile\u00e4ss\u00e4 paikassa.\" \/>\n<meta property=\"og:url\" content=\"https:\/\/naturka.ee\/fi\/tuote\/parapahkel\/\" \/>\n<meta property=\"og:site_name\" content=\"Naturka\" \/>\n<meta property=\"article:modified_time\" content=\"2026-04-13T17:18:59+00:00\" \/>\n<meta property=\"og:image\" content=\"https:\/\/naturka.ee\/wp-content\/uploads\/2024\/04\/38.jpg\" \/>\n\t<meta property=\"og:image:width\" content=\"1800\" \/>\n\t<meta property=\"og:image:height\" content=\"1373\" \/>\n\t<meta property=\"og:image:type\" content=\"image\/jpeg\" \/>\n<meta name=\"twitter:card\" content=\"summary_large_image\" \/>\n<script type=\"application\/ld+json\" class=\"yoast-schema-graph\">{\"@context\":\"https:\/\/schema.org\",\"@graph\":[{\"@type\":\"WebPage\",\"@id\":\"https:\/\/naturka.ee\/fi\/tuote\/parapahkel\/\",\"url\":\"https:\/\/naturka.ee\/fi\/tuote\/parapahkel\/\",\"name\":\"Parap\u00e4hkin\u00e4 - Naturka\",\"isPartOf\":{\"@id\":\"https:\/\/naturka.ee\/fi\/#website\"},\"primaryImageOfPage\":{\"@id\":\"https:\/\/naturka.ee\/fi\/tuote\/parapahkel\/#primaryimage\"},\"image\":{\"@id\":\"https:\/\/naturka.ee\/fi\/tuote\/parapahkel\/#primaryimage\"},\"thumbnailUrl\":\"https:\/\/naturka.ee\/wp-content\/uploads\/2024\/04\/38.jpg\",\"datePublished\":\"2021-07-25T19:32:23+00:00\",\"dateModified\":\"2026-04-13T17:18:59+00:00\",\"breadcrumb\":{\"@id\":\"https:\/\/naturka.ee\/fi\/tuote\/parapahkel\/#breadcrumb\"},\"inLanguage\":\"fi\",\"potentialAction\":[{\"@type\":\"ReadAction\",\"target\":[\"https:\/\/naturka.ee\/fi\/tuote\/parapahkel\/\"]}]},{\"@type\":\"ImageObject\",\"inLanguage\":\"fi\",\"@id\":\"https:\/\/naturka.ee\/fi\/tuote\/parapahkel\/#primaryimage\",\"url\":\"https:\/\/naturka.ee\/wp-content\/uploads\/2024\/04\/38.jpg\",\"contentUrl\":\"https:\/\/naturka.ee\/wp-content\/uploads\/2024\/04\/38.jpg\",\"width\":1800,\"height\":1373},{\"@type\":\"BreadcrumbList\",\"@id\":\"https:\/\/naturka.ee\/fi\/tuote\/parapahkel\/#breadcrumb\",\"itemListElement\":[{\"@type\":\"ListItem\",\"position\":1,\"name\":\"Home\",\"item\":\"https:\/\/naturka.ee\/fi\/home\/\"},{\"@type\":\"ListItem\",\"position\":2,\"name\":\"Pood\",\"item\":\"https:\/\/naturka.ee\/shop\/\"},{\"@type\":\"ListItem\",\"position\":3,\"name\":\"Parap\u00e4hkin\u00e4\"}]},{\"@type\":\"WebSite\",\"@id\":\"https:\/\/naturka.ee\/fi\/#website\",\"url\":\"https:\/\/naturka.ee\/fi\/\",\"name\":\"Naturka\",\"description\":\"\",\"potentialAction\":[{\"@type\":\"SearchAction\",\"target\":{\"@type\":\"EntryPoint\",\"urlTemplate\":\"https:\/\/naturka.ee\/fi\/?s={search_term_string}\"},\"query-input\":\"required name=search_term_string\"}],\"inLanguage\":\"fi\"}]}<\/script>\n<!-- \/ Yoast SEO plugin. -->","yoast_head_json":{"title":"Parap\u00e4hkin\u00e4 - Naturka","robots":{"index":"index","follow":"follow","max-snippet":"max-snippet:-1","max-image-preview":"max-image-preview:large","max-video-preview":"max-video-preview:-1"},"canonical":"https:\/\/naturka.ee\/fi\/tuote\/parapahkel\/","og_locale":"fi_FI","og_type":"article","og_title":"Parap\u00e4hkin\u00e4 - Naturka","og_description":"Brasiliap\u00e4hkin\u00e4t kasvavat Etel\u00e4-Amerikan sademetsiss\u00e4. On vaikea yliarvioida parap\u00e4hkin\u00f6iden etuja ihmisten terveydelle (B1-, E-vitamiini, magnesium, fosfori, sinkki, rauta).  Mutta suurin arvo on tietysti korkea seleenipitoisuus! Vain yksi pieni p\u00e4hkin\u00e4 p\u00e4iv\u00e4ss\u00e4 riitt\u00e4\u00e4 est\u00e4m\u00e4\u00e4n seleenin puutteen. Brasiliap\u00e4hkin\u00e4 sis\u00e4lt\u00e4\u00e4 enemm\u00e4n seleeni\u00e4 kuin mik\u00e4\u00e4n muu hedelm\u00e4 maailmassa!  S\u00e4ilyt\u00e4 kuivassa, puhtaassa ja viile\u00e4ss\u00e4 paikassa.","og_url":"https:\/\/naturka.ee\/fi\/tuote\/parapahkel\/","og_site_name":"Naturka","article_modified_time":"2026-04-13T17:18:59+00:00","og_image":[{"width":1800,"height":1373,"url":"https:\/\/naturka.ee\/wp-content\/uploads\/2024\/04\/38.jpg","type":"image\/jpeg"}],"twitter_card":"summary_large_image","schema":{"@context":"https:\/\/schema.org","@graph":[{"@type":"WebPage","@id":"https:\/\/naturka.ee\/fi\/tuote\/parapahkel\/","url":"https:\/\/naturka.ee\/fi\/tuote\/parapahkel\/","name":"Parap\u00e4hkin\u00e4 - Naturka","isPartOf":{"@id":"https:\/\/naturka.ee\/fi\/#website"},"primaryImageOfPage":{"@id":"https:\/\/naturka.ee\/fi\/tuote\/parapahkel\/#primaryimage"},"image":{"@id":"https:\/\/naturka.ee\/fi\/tuote\/parapahkel\/#primaryimage"},"thumbnailUrl":"https:\/\/naturka.ee\/wp-content\/uploads\/2024\/04\/38.jpg","datePublished":"2021-07-25T19:32:23+00:00","dateModified":"2026-04-13T17:18:59+00:00","breadcrumb":{"@id":"https:\/\/naturka.ee\/fi\/tuote\/parapahkel\/#breadcrumb"},"inLanguage":"fi","potentialAction":[{"@type":"ReadAction","target":["https:\/\/naturka.ee\/fi\/tuote\/parapahkel\/"]}]},{"@type":"ImageObject","inLanguage":"fi","@id":"https:\/\/naturka.ee\/fi\/tuote\/parapahkel\/#primaryimage","url":"https:\/\/naturka.ee\/wp-content\/uploads\/2024\/04\/38.jpg","contentUrl":"https:\/\/naturka.ee\/wp-content\/uploads\/2024\/04\/38.jpg","width":1800,"height":1373},{"@type":"BreadcrumbList","@id":"https:\/\/naturka.ee\/fi\/tuote\/parapahkel\/#breadcrumb","itemListElement":[{"@type":"ListItem","position":1,"name":"Home","item":"https:\/\/naturka.ee\/fi\/home\/"},{"@type":"ListItem","position":2,"name":"Pood","item":"https:\/\/naturka.ee\/shop\/"},{"@type":"ListItem","position":3,"name":"Parap\u00e4hkin\u00e4"}]},{"@type":"WebSite","@id":"https:\/\/naturka.ee\/fi\/#website","url":"https:\/\/naturka.ee\/fi\/","name":"Naturka","description":"","potentialAction":[{"@type":"SearchAction","target":{"@type":"EntryPoint","urlTemplate":"https:\/\/naturka.ee\/fi\/?s={search_term_string}"},"query-input":"required name=search_term_string"}],"inLanguage":"fi"}]}},"_links":{"self":[{"href":"https:\/\/naturka.ee\/fi\/wp-json\/wp\/v2\/product\/1902","targetHints":{"allow":["GET"]}}],"collection":[{"href":"https:\/\/naturka.ee\/fi\/wp-json\/wp\/v2\/product"}],"about":[{"href":"https:\/\/naturka.ee\/fi\/wp-json\/wp\/v2\/types\/product"}],"wp:featuredmedia":[{"embeddable":true,"href":"https:\/\/naturka.ee\/fi\/wp-json\/wp\/v2\/media\/26150"}],"wp:attachment":[{"href":"https:\/\/naturka.ee\/fi\/wp-json\/wp\/v2\/media?parent=1902"}],"wp:term":[{"taxonomy":"product_cat","embeddable":true,"href":"https:\/\/naturka.ee\/fi\/wp-json\/wp\/v2\/product_cat?post=1902"},{"taxonomy":"product_tag","embeddable":true,"href":"https:\/\/naturka.ee\/fi\/wp-json\/wp\/v2\/product_tag?post=1902"}],"curies":[{"name":"wp","href":"https:\/\/api.w.org\/{rel}","templated":true}]}}