{"id":18996,"date":"2023-08-20T02:34:26","date_gmt":"2023-08-19T23:34:26","guid":{"rendered":"https:\/\/naturka.ee\/product\/maguslillad-kartulikropsud-midagi-ebareaalne\/"},"modified":"2024-04-13T10:15:25","modified_gmt":"2024-04-13T07:15:25","slug":"maguslillad-kartulikropsud-midagi-ebareaalne","status":"publish","type":"product","link":"https:\/\/naturka.ee\/fi\/tuote\/maguslillad-kartulikropsud-midagi-ebareaalne\/","title":{"rendered":"Makea violetti perunalastut"},"content":{"rendered":"","protected":false},"excerpt":{"rendered":"<p>Kaikki maailmassa tiet\u00e4v\u00e4t violettien perunoiden edut! Ja nyt voit kokeilla sit\u00e4 sirujen muodossa vain Naturkassa! Sen lis\u00e4ksi, ett\u00e4 n\u00e4m\u00e4 perunat ovat esteettisesti miellytt\u00e4vi\u00e4 ja herkullisia, niill\u00e4 on uskomattomia terveyshy\u00f6tyj\u00e4 niiden sis\u00e4lt\u00e4mien antioksidanttien suuren m\u00e4\u00e4r\u00e4n ansiosta. Rapeat perunalastut ilman lis\u00e4aineita!<\/p>\n","protected":false},"featured_media":26230,"template":"","meta":{"inline_featured_image":false},"product_cat":[179,162,163],"product_tag":[],"class_list":["post-18996","product","type-product","status-publish","has-post-thumbnail","hentry","product_cat-chips-fi","product_cat-one-and-only-in-europe-fi","product_cat-no-added-sugar-fi"],"supplier_id":null,"supplier_sku":"","barcode":null,"atum_controlled":true,"out_stock_date":"2024-04-13 07:15:25","out_stock_threshold":null,"inheritable":false,"inbound_stock":0,"stock_on_hold":0,"sold_today":0,"sales_last_days":0,"reserved_stock":0,"customer_returns":0,"warehouse_damage":0,"lost_in_post":0,"other_logs":0,"out_stock_days":747,"lost_sales":0,"has_location":false,"update_date":"2026-04-30T15:59:58","atum_locations":[],"atum_stock_status":"outofstock","restock_status":false,"low_stock_amount":"","sales_update_date":"2026-04-30T15:59:58","calc_backorders":null,"yoast_head":"<!-- This site is optimized with the Yoast SEO plugin v22.6 - https:\/\/yoast.com\/wordpress\/plugins\/seo\/ -->\n<title>Makea violetti perunalastut - Naturka<\/title>\n<meta name=\"robots\" content=\"index, follow, max-snippet:-1, max-image-preview:large, max-video-preview:-1\" \/>\n<link rel=\"canonical\" href=\"https:\/\/naturka.ee\/fi\/tuote\/maguslillad-kartulikropsud-midagi-ebareaalne\/\" \/>\n<meta property=\"og:locale\" content=\"fi_FI\" \/>\n<meta property=\"og:type\" content=\"article\" \/>\n<meta property=\"og:title\" content=\"Makea violetti perunalastut - Naturka\" \/>\n<meta property=\"og:description\" content=\"Kaikki maailmassa tiet\u00e4v\u00e4t violettien perunoiden edut! Ja nyt voit kokeilla sit\u00e4 sirujen muodossa vain Naturkassa! Sen lis\u00e4ksi, ett\u00e4 n\u00e4m\u00e4 perunat ovat esteettisesti miellytt\u00e4vi\u00e4 ja herkullisia, niill\u00e4 on uskomattomia terveyshy\u00f6tyj\u00e4 niiden sis\u00e4lt\u00e4mien antioksidanttien suuren m\u00e4\u00e4r\u00e4n ansiosta. Rapeat perunalastut ilman lis\u00e4aineita!\" \/>\n<meta property=\"og:url\" content=\"https:\/\/naturka.ee\/fi\/tuote\/maguslillad-kartulikropsud-midagi-ebareaalne\/\" \/>\n<meta property=\"og:site_name\" content=\"Naturka\" \/>\n<meta property=\"article:modified_time\" content=\"2024-04-13T07:15:25+00:00\" \/>\n<meta property=\"og:image\" content=\"https:\/\/naturka.ee\/wp-content\/uploads\/2024\/04\/56.jpg\" \/>\n\t<meta property=\"og:image:width\" content=\"1800\" \/>\n\t<meta property=\"og:image:height\" content=\"1373\" \/>\n\t<meta property=\"og:image:type\" content=\"image\/jpeg\" \/>\n<meta name=\"twitter:card\" content=\"summary_large_image\" \/>\n<script type=\"application\/ld+json\" class=\"yoast-schema-graph\">{\"@context\":\"https:\/\/schema.org\",\"@graph\":[{\"@type\":\"WebPage\",\"@id\":\"https:\/\/naturka.ee\/fi\/tuote\/maguslillad-kartulikropsud-midagi-ebareaalne\/\",\"url\":\"https:\/\/naturka.ee\/fi\/tuote\/maguslillad-kartulikropsud-midagi-ebareaalne\/\",\"name\":\"Makea violetti perunalastut - Naturka\",\"isPartOf\":{\"@id\":\"https:\/\/naturka.ee\/fi\/#website\"},\"primaryImageOfPage\":{\"@id\":\"https:\/\/naturka.ee\/fi\/tuote\/maguslillad-kartulikropsud-midagi-ebareaalne\/#primaryimage\"},\"image\":{\"@id\":\"https:\/\/naturka.ee\/fi\/tuote\/maguslillad-kartulikropsud-midagi-ebareaalne\/#primaryimage\"},\"thumbnailUrl\":\"https:\/\/naturka.ee\/wp-content\/uploads\/2024\/04\/56.jpg\",\"datePublished\":\"2023-08-19T23:34:26+00:00\",\"dateModified\":\"2024-04-13T07:15:25+00:00\",\"breadcrumb\":{\"@id\":\"https:\/\/naturka.ee\/fi\/tuote\/maguslillad-kartulikropsud-midagi-ebareaalne\/#breadcrumb\"},\"inLanguage\":\"fi\",\"potentialAction\":[{\"@type\":\"ReadAction\",\"target\":[\"https:\/\/naturka.ee\/fi\/tuote\/maguslillad-kartulikropsud-midagi-ebareaalne\/\"]}]},{\"@type\":\"ImageObject\",\"inLanguage\":\"fi\",\"@id\":\"https:\/\/naturka.ee\/fi\/tuote\/maguslillad-kartulikropsud-midagi-ebareaalne\/#primaryimage\",\"url\":\"https:\/\/naturka.ee\/wp-content\/uploads\/2024\/04\/56.jpg\",\"contentUrl\":\"https:\/\/naturka.ee\/wp-content\/uploads\/2024\/04\/56.jpg\",\"width\":1800,\"height\":1373},{\"@type\":\"BreadcrumbList\",\"@id\":\"https:\/\/naturka.ee\/fi\/tuote\/maguslillad-kartulikropsud-midagi-ebareaalne\/#breadcrumb\",\"itemListElement\":[{\"@type\":\"ListItem\",\"position\":1,\"name\":\"Home\",\"item\":\"https:\/\/naturka.ee\/fi\/home\/\"},{\"@type\":\"ListItem\",\"position\":2,\"name\":\"Pood\",\"item\":\"https:\/\/naturka.ee\/shop\/\"},{\"@type\":\"ListItem\",\"position\":3,\"name\":\"Makea violetti perunalastut\"}]},{\"@type\":\"WebSite\",\"@id\":\"https:\/\/naturka.ee\/fi\/#website\",\"url\":\"https:\/\/naturka.ee\/fi\/\",\"name\":\"Naturka\",\"description\":\"\",\"potentialAction\":[{\"@type\":\"SearchAction\",\"target\":{\"@type\":\"EntryPoint\",\"urlTemplate\":\"https:\/\/naturka.ee\/fi\/?s={search_term_string}\"},\"query-input\":\"required name=search_term_string\"}],\"inLanguage\":\"fi\"}]}<\/script>\n<!-- \/ Yoast SEO plugin. -->","yoast_head_json":{"title":"Makea violetti perunalastut - Naturka","robots":{"index":"index","follow":"follow","max-snippet":"max-snippet:-1","max-image-preview":"max-image-preview:large","max-video-preview":"max-video-preview:-1"},"canonical":"https:\/\/naturka.ee\/fi\/tuote\/maguslillad-kartulikropsud-midagi-ebareaalne\/","og_locale":"fi_FI","og_type":"article","og_title":"Makea violetti perunalastut - Naturka","og_description":"Kaikki maailmassa tiet\u00e4v\u00e4t violettien perunoiden edut! Ja nyt voit kokeilla sit\u00e4 sirujen muodossa vain Naturkassa! Sen lis\u00e4ksi, ett\u00e4 n\u00e4m\u00e4 perunat ovat esteettisesti miellytt\u00e4vi\u00e4 ja herkullisia, niill\u00e4 on uskomattomia terveyshy\u00f6tyj\u00e4 niiden sis\u00e4lt\u00e4mien antioksidanttien suuren m\u00e4\u00e4r\u00e4n ansiosta. Rapeat perunalastut ilman lis\u00e4aineita!","og_url":"https:\/\/naturka.ee\/fi\/tuote\/maguslillad-kartulikropsud-midagi-ebareaalne\/","og_site_name":"Naturka","article_modified_time":"2024-04-13T07:15:25+00:00","og_image":[{"width":1800,"height":1373,"url":"https:\/\/naturka.ee\/wp-content\/uploads\/2024\/04\/56.jpg","type":"image\/jpeg"}],"twitter_card":"summary_large_image","schema":{"@context":"https:\/\/schema.org","@graph":[{"@type":"WebPage","@id":"https:\/\/naturka.ee\/fi\/tuote\/maguslillad-kartulikropsud-midagi-ebareaalne\/","url":"https:\/\/naturka.ee\/fi\/tuote\/maguslillad-kartulikropsud-midagi-ebareaalne\/","name":"Makea violetti perunalastut - Naturka","isPartOf":{"@id":"https:\/\/naturka.ee\/fi\/#website"},"primaryImageOfPage":{"@id":"https:\/\/naturka.ee\/fi\/tuote\/maguslillad-kartulikropsud-midagi-ebareaalne\/#primaryimage"},"image":{"@id":"https:\/\/naturka.ee\/fi\/tuote\/maguslillad-kartulikropsud-midagi-ebareaalne\/#primaryimage"},"thumbnailUrl":"https:\/\/naturka.ee\/wp-content\/uploads\/2024\/04\/56.jpg","datePublished":"2023-08-19T23:34:26+00:00","dateModified":"2024-04-13T07:15:25+00:00","breadcrumb":{"@id":"https:\/\/naturka.ee\/fi\/tuote\/maguslillad-kartulikropsud-midagi-ebareaalne\/#breadcrumb"},"inLanguage":"fi","potentialAction":[{"@type":"ReadAction","target":["https:\/\/naturka.ee\/fi\/tuote\/maguslillad-kartulikropsud-midagi-ebareaalne\/"]}]},{"@type":"ImageObject","inLanguage":"fi","@id":"https:\/\/naturka.ee\/fi\/tuote\/maguslillad-kartulikropsud-midagi-ebareaalne\/#primaryimage","url":"https:\/\/naturka.ee\/wp-content\/uploads\/2024\/04\/56.jpg","contentUrl":"https:\/\/naturka.ee\/wp-content\/uploads\/2024\/04\/56.jpg","width":1800,"height":1373},{"@type":"BreadcrumbList","@id":"https:\/\/naturka.ee\/fi\/tuote\/maguslillad-kartulikropsud-midagi-ebareaalne\/#breadcrumb","itemListElement":[{"@type":"ListItem","position":1,"name":"Home","item":"https:\/\/naturka.ee\/fi\/home\/"},{"@type":"ListItem","position":2,"name":"Pood","item":"https:\/\/naturka.ee\/shop\/"},{"@type":"ListItem","position":3,"name":"Makea violetti perunalastut"}]},{"@type":"WebSite","@id":"https:\/\/naturka.ee\/fi\/#website","url":"https:\/\/naturka.ee\/fi\/","name":"Naturka","description":"","potentialAction":[{"@type":"SearchAction","target":{"@type":"EntryPoint","urlTemplate":"https:\/\/naturka.ee\/fi\/?s={search_term_string}"},"query-input":"required name=search_term_string"}],"inLanguage":"fi"}]}},"_links":{"self":[{"href":"https:\/\/naturka.ee\/fi\/wp-json\/wp\/v2\/product\/18996","targetHints":{"allow":["GET"]}}],"collection":[{"href":"https:\/\/naturka.ee\/fi\/wp-json\/wp\/v2\/product"}],"about":[{"href":"https:\/\/naturka.ee\/fi\/wp-json\/wp\/v2\/types\/product"}],"wp:featuredmedia":[{"embeddable":true,"href":"https:\/\/naturka.ee\/fi\/wp-json\/wp\/v2\/media\/26230"}],"wp:attachment":[{"href":"https:\/\/naturka.ee\/fi\/wp-json\/wp\/v2\/media?parent=18996"}],"wp:term":[{"taxonomy":"product_cat","embeddable":true,"href":"https:\/\/naturka.ee\/fi\/wp-json\/wp\/v2\/product_cat?post=18996"},{"taxonomy":"product_tag","embeddable":true,"href":"https:\/\/naturka.ee\/fi\/wp-json\/wp\/v2\/product_tag?post=18996"}],"curies":[{"name":"wp","href":"https:\/\/api.w.org\/{rel}","templated":true}]}}