{"id":18971,"date":"2023-08-20T01:30:35","date_gmt":"2023-08-19T22:30:35","guid":{"rendered":"https:\/\/naturka.ee\/product\/jackfruit-tosi-eksootika\/"},"modified":"2024-03-20T15:09:25","modified_gmt":"2024-03-20T13:09:25","slug":"jackfruit-tosi-eksootika","status":"publish","type":"product","link":"https:\/\/naturka.ee\/fi\/tuote\/jackfruit-tosi-eksootika\/","title":{"rendered":"JAKKIHEDELM\u00c4"},"content":{"rendered":"","protected":false},"excerpt":{"rendered":"<p>Tervetuloa eksoottiseen maailmaan! T\u00e4m\u00e4 Aasiasta per\u00e4isin oleva hedelm\u00e4 tunnetaan kaikkialla maailmassa, ja sill\u00e4 on ainutlaatuinen maku, toisin kuin mik\u00e4\u00e4n muu. Jackfruit Chipsiss\u00e4mme ei ole lis\u00e4tty\u00e4 sokeria, joten voit nauttia t\u00e4m\u00e4n trooppisen hedelm\u00e4n todellisesta mausta. T\u00e4m\u00e4 on todellinen herkku kaikille eksoottisten yst\u00e4ville.<\/p>\n","protected":false},"featured_media":26240,"template":"","meta":{"inline_featured_image":false},"product_cat":[179,162,163],"product_tag":[],"class_list":["post-18971","product","type-product","status-publish","has-post-thumbnail","hentry","product_cat-chips-fi","product_cat-one-and-only-in-europe-fi","product_cat-no-added-sugar-fi"],"supplier_id":null,"supplier_sku":"","barcode":null,"atum_controlled":true,"out_stock_date":"2024-01-17 08:43:45","out_stock_threshold":null,"inheritable":false,"inbound_stock":0,"stock_on_hold":2,"sold_today":0,"sales_last_days":0,"reserved_stock":0,"customer_returns":0,"warehouse_damage":0,"lost_in_post":0,"other_logs":0,"out_stock_days":834,"lost_sales":1191,"has_location":false,"update_date":"2026-04-30T16:00:11","atum_locations":[],"atum_stock_status":"outofstock","restock_status":false,"low_stock_amount":"","sales_update_date":"2026-04-30T16:00:11","calc_backorders":null,"yoast_head":"<!-- This site is optimized with the Yoast SEO plugin v22.6 - https:\/\/yoast.com\/wordpress\/plugins\/seo\/ -->\n<title>JAKKIHEDELM\u00c4 - Naturka<\/title>\n<meta name=\"robots\" content=\"index, follow, max-snippet:-1, max-image-preview:large, max-video-preview:-1\" \/>\n<link rel=\"canonical\" href=\"https:\/\/naturka.ee\/fi\/tuote\/jackfruit-tosi-eksootika\/\" \/>\n<meta property=\"og:locale\" content=\"fi_FI\" \/>\n<meta property=\"og:type\" content=\"article\" \/>\n<meta property=\"og:title\" content=\"JAKKIHEDELM\u00c4 - Naturka\" \/>\n<meta property=\"og:description\" content=\"Tervetuloa eksoottiseen maailmaan! T\u00e4m\u00e4 Aasiasta per\u00e4isin oleva hedelm\u00e4 tunnetaan kaikkialla maailmassa, ja sill\u00e4 on ainutlaatuinen maku, toisin kuin mik\u00e4\u00e4n muu. Jackfruit Chipsiss\u00e4mme ei ole lis\u00e4tty\u00e4 sokeria, joten voit nauttia t\u00e4m\u00e4n trooppisen hedelm\u00e4n todellisesta mausta. T\u00e4m\u00e4 on todellinen herkku kaikille eksoottisten yst\u00e4ville.\" \/>\n<meta property=\"og:url\" content=\"https:\/\/naturka.ee\/fi\/tuote\/jackfruit-tosi-eksootika\/\" \/>\n<meta property=\"og:site_name\" content=\"Naturka\" \/>\n<meta property=\"article:modified_time\" content=\"2024-03-20T13:09:25+00:00\" \/>\n<meta property=\"og:image\" content=\"https:\/\/naturka.ee\/wp-content\/uploads\/2024\/04\/58.jpg\" \/>\n\t<meta property=\"og:image:width\" content=\"1800\" \/>\n\t<meta property=\"og:image:height\" content=\"1373\" \/>\n\t<meta property=\"og:image:type\" content=\"image\/jpeg\" \/>\n<meta name=\"twitter:card\" content=\"summary_large_image\" \/>\n<script type=\"application\/ld+json\" class=\"yoast-schema-graph\">{\"@context\":\"https:\/\/schema.org\",\"@graph\":[{\"@type\":\"WebPage\",\"@id\":\"https:\/\/naturka.ee\/fi\/tuote\/jackfruit-tosi-eksootika\/\",\"url\":\"https:\/\/naturka.ee\/fi\/tuote\/jackfruit-tosi-eksootika\/\",\"name\":\"JAKKIHEDELM\u00c4 - Naturka\",\"isPartOf\":{\"@id\":\"https:\/\/naturka.ee\/fi\/#website\"},\"primaryImageOfPage\":{\"@id\":\"https:\/\/naturka.ee\/fi\/tuote\/jackfruit-tosi-eksootika\/#primaryimage\"},\"image\":{\"@id\":\"https:\/\/naturka.ee\/fi\/tuote\/jackfruit-tosi-eksootika\/#primaryimage\"},\"thumbnailUrl\":\"https:\/\/naturka.ee\/wp-content\/uploads\/2024\/04\/58.jpg\",\"datePublished\":\"2023-08-19T22:30:35+00:00\",\"dateModified\":\"2024-03-20T13:09:25+00:00\",\"breadcrumb\":{\"@id\":\"https:\/\/naturka.ee\/fi\/tuote\/jackfruit-tosi-eksootika\/#breadcrumb\"},\"inLanguage\":\"fi\",\"potentialAction\":[{\"@type\":\"ReadAction\",\"target\":[\"https:\/\/naturka.ee\/fi\/tuote\/jackfruit-tosi-eksootika\/\"]}]},{\"@type\":\"ImageObject\",\"inLanguage\":\"fi\",\"@id\":\"https:\/\/naturka.ee\/fi\/tuote\/jackfruit-tosi-eksootika\/#primaryimage\",\"url\":\"https:\/\/naturka.ee\/wp-content\/uploads\/2024\/04\/58.jpg\",\"contentUrl\":\"https:\/\/naturka.ee\/wp-content\/uploads\/2024\/04\/58.jpg\",\"width\":1800,\"height\":1373},{\"@type\":\"BreadcrumbList\",\"@id\":\"https:\/\/naturka.ee\/fi\/tuote\/jackfruit-tosi-eksootika\/#breadcrumb\",\"itemListElement\":[{\"@type\":\"ListItem\",\"position\":1,\"name\":\"Home\",\"item\":\"https:\/\/naturka.ee\/fi\/home\/\"},{\"@type\":\"ListItem\",\"position\":2,\"name\":\"Pood\",\"item\":\"https:\/\/naturka.ee\/shop\/\"},{\"@type\":\"ListItem\",\"position\":3,\"name\":\"JAKKIHEDELM\u00c4\"}]},{\"@type\":\"WebSite\",\"@id\":\"https:\/\/naturka.ee\/fi\/#website\",\"url\":\"https:\/\/naturka.ee\/fi\/\",\"name\":\"Naturka\",\"description\":\"\",\"potentialAction\":[{\"@type\":\"SearchAction\",\"target\":{\"@type\":\"EntryPoint\",\"urlTemplate\":\"https:\/\/naturka.ee\/fi\/?s={search_term_string}\"},\"query-input\":\"required name=search_term_string\"}],\"inLanguage\":\"fi\"}]}<\/script>\n<!-- \/ Yoast SEO plugin. -->","yoast_head_json":{"title":"JAKKIHEDELM\u00c4 - Naturka","robots":{"index":"index","follow":"follow","max-snippet":"max-snippet:-1","max-image-preview":"max-image-preview:large","max-video-preview":"max-video-preview:-1"},"canonical":"https:\/\/naturka.ee\/fi\/tuote\/jackfruit-tosi-eksootika\/","og_locale":"fi_FI","og_type":"article","og_title":"JAKKIHEDELM\u00c4 - Naturka","og_description":"Tervetuloa eksoottiseen maailmaan! T\u00e4m\u00e4 Aasiasta per\u00e4isin oleva hedelm\u00e4 tunnetaan kaikkialla maailmassa, ja sill\u00e4 on ainutlaatuinen maku, toisin kuin mik\u00e4\u00e4n muu. Jackfruit Chipsiss\u00e4mme ei ole lis\u00e4tty\u00e4 sokeria, joten voit nauttia t\u00e4m\u00e4n trooppisen hedelm\u00e4n todellisesta mausta. T\u00e4m\u00e4 on todellinen herkku kaikille eksoottisten yst\u00e4ville.","og_url":"https:\/\/naturka.ee\/fi\/tuote\/jackfruit-tosi-eksootika\/","og_site_name":"Naturka","article_modified_time":"2024-03-20T13:09:25+00:00","og_image":[{"width":1800,"height":1373,"url":"https:\/\/naturka.ee\/wp-content\/uploads\/2024\/04\/58.jpg","type":"image\/jpeg"}],"twitter_card":"summary_large_image","schema":{"@context":"https:\/\/schema.org","@graph":[{"@type":"WebPage","@id":"https:\/\/naturka.ee\/fi\/tuote\/jackfruit-tosi-eksootika\/","url":"https:\/\/naturka.ee\/fi\/tuote\/jackfruit-tosi-eksootika\/","name":"JAKKIHEDELM\u00c4 - Naturka","isPartOf":{"@id":"https:\/\/naturka.ee\/fi\/#website"},"primaryImageOfPage":{"@id":"https:\/\/naturka.ee\/fi\/tuote\/jackfruit-tosi-eksootika\/#primaryimage"},"image":{"@id":"https:\/\/naturka.ee\/fi\/tuote\/jackfruit-tosi-eksootika\/#primaryimage"},"thumbnailUrl":"https:\/\/naturka.ee\/wp-content\/uploads\/2024\/04\/58.jpg","datePublished":"2023-08-19T22:30:35+00:00","dateModified":"2024-03-20T13:09:25+00:00","breadcrumb":{"@id":"https:\/\/naturka.ee\/fi\/tuote\/jackfruit-tosi-eksootika\/#breadcrumb"},"inLanguage":"fi","potentialAction":[{"@type":"ReadAction","target":["https:\/\/naturka.ee\/fi\/tuote\/jackfruit-tosi-eksootika\/"]}]},{"@type":"ImageObject","inLanguage":"fi","@id":"https:\/\/naturka.ee\/fi\/tuote\/jackfruit-tosi-eksootika\/#primaryimage","url":"https:\/\/naturka.ee\/wp-content\/uploads\/2024\/04\/58.jpg","contentUrl":"https:\/\/naturka.ee\/wp-content\/uploads\/2024\/04\/58.jpg","width":1800,"height":1373},{"@type":"BreadcrumbList","@id":"https:\/\/naturka.ee\/fi\/tuote\/jackfruit-tosi-eksootika\/#breadcrumb","itemListElement":[{"@type":"ListItem","position":1,"name":"Home","item":"https:\/\/naturka.ee\/fi\/home\/"},{"@type":"ListItem","position":2,"name":"Pood","item":"https:\/\/naturka.ee\/shop\/"},{"@type":"ListItem","position":3,"name":"JAKKIHEDELM\u00c4"}]},{"@type":"WebSite","@id":"https:\/\/naturka.ee\/fi\/#website","url":"https:\/\/naturka.ee\/fi\/","name":"Naturka","description":"","potentialAction":[{"@type":"SearchAction","target":{"@type":"EntryPoint","urlTemplate":"https:\/\/naturka.ee\/fi\/?s={search_term_string}"},"query-input":"required name=search_term_string"}],"inLanguage":"fi"}]}},"_links":{"self":[{"href":"https:\/\/naturka.ee\/fi\/wp-json\/wp\/v2\/product\/18971","targetHints":{"allow":["GET"]}}],"collection":[{"href":"https:\/\/naturka.ee\/fi\/wp-json\/wp\/v2\/product"}],"about":[{"href":"https:\/\/naturka.ee\/fi\/wp-json\/wp\/v2\/types\/product"}],"wp:featuredmedia":[{"embeddable":true,"href":"https:\/\/naturka.ee\/fi\/wp-json\/wp\/v2\/media\/26240"}],"wp:attachment":[{"href":"https:\/\/naturka.ee\/fi\/wp-json\/wp\/v2\/media?parent=18971"}],"wp:term":[{"taxonomy":"product_cat","embeddable":true,"href":"https:\/\/naturka.ee\/fi\/wp-json\/wp\/v2\/product_cat?post=18971"},{"taxonomy":"product_tag","embeddable":true,"href":"https:\/\/naturka.ee\/fi\/wp-json\/wp\/v2\/product_tag?post=18971"}],"curies":[{"name":"wp","href":"https:\/\/api.w.org\/{rel}","templated":true}]}}