{"id":18940,"date":"2023-08-19T22:16:04","date_gmt":"2023-08-19T19:16:04","guid":{"rendered":"https:\/\/naturka.ee\/product\/dried-banana-best-bananas\/"},"modified":"2024-12-08T00:00:32","modified_gmt":"2024-12-07T22:00:32","slug":"dried-banana-best-bananas","status":"publish","type":"product","link":"https:\/\/naturka.ee\/fi\/tuote\/dried-banana-best-bananas\/","title":{"rendered":"Kuivattuja banaaneja"},"content":{"rendered":"","protected":false},"excerpt":{"rendered":"<p id=\"tw-target-text\" class=\"tw-data-text tw-text-large tw-ta\" dir=\"ltr\" data-placeholder=\"Translation\" aria-label=\"Translated text\" data-ved=\"2ahUKEwj7tffU0IyGAxVHGxAIHRuAAWEQ3ewLegQICBAU\"><span class=\"Y2IQFc\" lang=\"fi\">Luonnolliset aurinkokuivatut banaanit, jotka on valmistettu puoliraakasta banaanista. <\/span><\/p>\n<p class=\"tw-data-text tw-text-large tw-ta\" dir=\"ltr\" data-placeholder=\"Translation\" aria-label=\"Translated text\" data-ved=\"2ahUKEwj7tffU0IyGAxVHGxAIHRuAAWEQ3ewLegQICBAU\"><span class=\"Y2IQFc\" lang=\"fi\">Rakenteeltaan hieman kumiset banaanit ovat v\u00e4h\u00e4n kaloreita ja sokeria, mutta sis\u00e4lt\u00e4v\u00e4t runsaasti C-vitamiinia. Paljon kaliumia sis\u00e4lt\u00e4v\u00e4t banaanit sis\u00e4lt\u00e4v\u00e4t my\u00f6s luonnollisesti probiootteja ja kuitua. <\/span><\/p>\n<p class=\"tw-data-text tw-text-large tw-ta\" dir=\"ltr\" data-placeholder=\"Translation\" aria-label=\"Translated text\" data-ved=\"2ahUKEwj7tffU0IyGAxVHGxAIHRuAAWEQ3ewLegQICBAU\"><span class=\"Y2IQFc\" lang=\"fi\">Upea v\u00e4lipala mukaan t\u00f6ihin, lapsellesi kouluun, matkalle tai suosikki-TV-sarjasi kanssa! <\/span><\/p>\n<p class=\"tw-data-text tw-text-large tw-ta\" dir=\"ltr\" data-placeholder=\"Translation\" aria-label=\"Translated text\" data-ved=\"2ahUKEwj7tffU0IyGAxVHGxAIHRuAAWEQ3ewLegQICBAU\"><span class=\"Y2IQFc\" lang=\"fi\">S\u00e4ilyt\u00e4 viile\u00e4ss\u00e4 ja kuivassa paikassa, suojattuna suoralta auringonvalolta.<\/span><\/p>\n","protected":false},"featured_media":26310,"template":"","meta":{"inline_featured_image":false},"product_cat":[162,163,161],"product_tag":[],"class_list":["post-18940","product","type-product","status-publish","has-post-thumbnail","hentry","product_cat-one-and-only-in-europe-fi","product_cat-no-added-sugar-fi","product_cat-dried-fruits-fi"],"supplier_id":null,"supplier_sku":"","barcode":null,"atum_controlled":true,"out_stock_date":"2024-11-29 14:12:19","out_stock_threshold":null,"inheritable":false,"inbound_stock":0,"stock_on_hold":0,"sold_today":0,"sales_last_days":0,"reserved_stock":0,"customer_returns":0,"warehouse_damage":0,"lost_in_post":0,"other_logs":0,"out_stock_days":493,"lost_sales":0,"has_location":false,"update_date":"2026-04-06T15:46:28","atum_locations":[],"atum_stock_status":"outofstock","restock_status":false,"low_stock_amount":"","sales_update_date":"2026-04-06T15:46:28","calc_backorders":null,"yoast_head":"<!-- This site is optimized with the Yoast SEO plugin v22.6 - https:\/\/yoast.com\/wordpress\/plugins\/seo\/ -->\n<title>Kuivattuja banaaneja - Naturka<\/title>\n<meta name=\"robots\" content=\"index, follow, max-snippet:-1, max-image-preview:large, max-video-preview:-1\" \/>\n<link rel=\"canonical\" href=\"https:\/\/naturka.ee\/fi\/tuote\/dried-banana-best-bananas\/\" \/>\n<meta property=\"og:locale\" content=\"fi_FI\" \/>\n<meta property=\"og:type\" content=\"article\" \/>\n<meta property=\"og:title\" content=\"Kuivattuja banaaneja - Naturka\" \/>\n<meta property=\"og:description\" content=\"Luonnolliset aurinkokuivatut banaanit, jotka on valmistettu puoliraakasta banaanista.  Rakenteeltaan hieman kumiset banaanit ovat v\u00e4h\u00e4n kaloreita ja sokeria, mutta sis\u00e4lt\u00e4v\u00e4t runsaasti C-vitamiinia. Paljon kaliumia sis\u00e4lt\u00e4v\u00e4t banaanit sis\u00e4lt\u00e4v\u00e4t my\u00f6s luonnollisesti probiootteja ja kuitua.  Upea v\u00e4lipala mukaan t\u00f6ihin, lapsellesi kouluun, matkalle tai suosikki-TV-sarjasi kanssa!  S\u00e4ilyt\u00e4 viile\u00e4ss\u00e4 ja kuivassa paikassa, suojattuna suoralta auringonvalolta.\" \/>\n<meta property=\"og:url\" content=\"https:\/\/naturka.ee\/fi\/tuote\/dried-banana-best-bananas\/\" \/>\n<meta property=\"og:site_name\" content=\"Naturka\" \/>\n<meta property=\"article:modified_time\" content=\"2024-12-07T22:00:32+00:00\" \/>\n<meta property=\"og:image\" content=\"https:\/\/naturka.ee\/wp-content\/uploads\/2024\/04\/72-1.jpg\" \/>\n\t<meta property=\"og:image:width\" content=\"1800\" \/>\n\t<meta property=\"og:image:height\" content=\"1373\" \/>\n\t<meta property=\"og:image:type\" content=\"image\/jpeg\" \/>\n<meta name=\"twitter:card\" content=\"summary_large_image\" \/>\n<script type=\"application\/ld+json\" class=\"yoast-schema-graph\">{\"@context\":\"https:\/\/schema.org\",\"@graph\":[{\"@type\":\"WebPage\",\"@id\":\"https:\/\/naturka.ee\/fi\/tuote\/dried-banana-best-bananas\/\",\"url\":\"https:\/\/naturka.ee\/fi\/tuote\/dried-banana-best-bananas\/\",\"name\":\"Kuivattuja banaaneja - Naturka\",\"isPartOf\":{\"@id\":\"https:\/\/naturka.ee\/fi\/#website\"},\"primaryImageOfPage\":{\"@id\":\"https:\/\/naturka.ee\/fi\/tuote\/dried-banana-best-bananas\/#primaryimage\"},\"image\":{\"@id\":\"https:\/\/naturka.ee\/fi\/tuote\/dried-banana-best-bananas\/#primaryimage\"},\"thumbnailUrl\":\"https:\/\/naturka.ee\/wp-content\/uploads\/2024\/04\/72-1.jpg\",\"datePublished\":\"2023-08-19T19:16:04+00:00\",\"dateModified\":\"2024-12-07T22:00:32+00:00\",\"breadcrumb\":{\"@id\":\"https:\/\/naturka.ee\/fi\/tuote\/dried-banana-best-bananas\/#breadcrumb\"},\"inLanguage\":\"fi\",\"potentialAction\":[{\"@type\":\"ReadAction\",\"target\":[\"https:\/\/naturka.ee\/fi\/tuote\/dried-banana-best-bananas\/\"]}]},{\"@type\":\"ImageObject\",\"inLanguage\":\"fi\",\"@id\":\"https:\/\/naturka.ee\/fi\/tuote\/dried-banana-best-bananas\/#primaryimage\",\"url\":\"https:\/\/naturka.ee\/wp-content\/uploads\/2024\/04\/72-1.jpg\",\"contentUrl\":\"https:\/\/naturka.ee\/wp-content\/uploads\/2024\/04\/72-1.jpg\",\"width\":1800,\"height\":1373},{\"@type\":\"BreadcrumbList\",\"@id\":\"https:\/\/naturka.ee\/fi\/tuote\/dried-banana-best-bananas\/#breadcrumb\",\"itemListElement\":[{\"@type\":\"ListItem\",\"position\":1,\"name\":\"Home\",\"item\":\"https:\/\/naturka.ee\/fi\/home\/\"},{\"@type\":\"ListItem\",\"position\":2,\"name\":\"Pood\",\"item\":\"https:\/\/naturka.ee\/shop\/\"},{\"@type\":\"ListItem\",\"position\":3,\"name\":\"Kuivattuja banaaneja\"}]},{\"@type\":\"WebSite\",\"@id\":\"https:\/\/naturka.ee\/fi\/#website\",\"url\":\"https:\/\/naturka.ee\/fi\/\",\"name\":\"Naturka\",\"description\":\"\",\"potentialAction\":[{\"@type\":\"SearchAction\",\"target\":{\"@type\":\"EntryPoint\",\"urlTemplate\":\"https:\/\/naturka.ee\/fi\/?s={search_term_string}\"},\"query-input\":\"required name=search_term_string\"}],\"inLanguage\":\"fi\"}]}<\/script>\n<!-- \/ Yoast SEO plugin. -->","yoast_head_json":{"title":"Kuivattuja banaaneja - Naturka","robots":{"index":"index","follow":"follow","max-snippet":"max-snippet:-1","max-image-preview":"max-image-preview:large","max-video-preview":"max-video-preview:-1"},"canonical":"https:\/\/naturka.ee\/fi\/tuote\/dried-banana-best-bananas\/","og_locale":"fi_FI","og_type":"article","og_title":"Kuivattuja banaaneja - Naturka","og_description":"Luonnolliset aurinkokuivatut banaanit, jotka on valmistettu puoliraakasta banaanista.  Rakenteeltaan hieman kumiset banaanit ovat v\u00e4h\u00e4n kaloreita ja sokeria, mutta sis\u00e4lt\u00e4v\u00e4t runsaasti C-vitamiinia. Paljon kaliumia sis\u00e4lt\u00e4v\u00e4t banaanit sis\u00e4lt\u00e4v\u00e4t my\u00f6s luonnollisesti probiootteja ja kuitua.  Upea v\u00e4lipala mukaan t\u00f6ihin, lapsellesi kouluun, matkalle tai suosikki-TV-sarjasi kanssa!  S\u00e4ilyt\u00e4 viile\u00e4ss\u00e4 ja kuivassa paikassa, suojattuna suoralta auringonvalolta.","og_url":"https:\/\/naturka.ee\/fi\/tuote\/dried-banana-best-bananas\/","og_site_name":"Naturka","article_modified_time":"2024-12-07T22:00:32+00:00","og_image":[{"width":1800,"height":1373,"url":"https:\/\/naturka.ee\/wp-content\/uploads\/2024\/04\/72-1.jpg","type":"image\/jpeg"}],"twitter_card":"summary_large_image","schema":{"@context":"https:\/\/schema.org","@graph":[{"@type":"WebPage","@id":"https:\/\/naturka.ee\/fi\/tuote\/dried-banana-best-bananas\/","url":"https:\/\/naturka.ee\/fi\/tuote\/dried-banana-best-bananas\/","name":"Kuivattuja banaaneja - Naturka","isPartOf":{"@id":"https:\/\/naturka.ee\/fi\/#website"},"primaryImageOfPage":{"@id":"https:\/\/naturka.ee\/fi\/tuote\/dried-banana-best-bananas\/#primaryimage"},"image":{"@id":"https:\/\/naturka.ee\/fi\/tuote\/dried-banana-best-bananas\/#primaryimage"},"thumbnailUrl":"https:\/\/naturka.ee\/wp-content\/uploads\/2024\/04\/72-1.jpg","datePublished":"2023-08-19T19:16:04+00:00","dateModified":"2024-12-07T22:00:32+00:00","breadcrumb":{"@id":"https:\/\/naturka.ee\/fi\/tuote\/dried-banana-best-bananas\/#breadcrumb"},"inLanguage":"fi","potentialAction":[{"@type":"ReadAction","target":["https:\/\/naturka.ee\/fi\/tuote\/dried-banana-best-bananas\/"]}]},{"@type":"ImageObject","inLanguage":"fi","@id":"https:\/\/naturka.ee\/fi\/tuote\/dried-banana-best-bananas\/#primaryimage","url":"https:\/\/naturka.ee\/wp-content\/uploads\/2024\/04\/72-1.jpg","contentUrl":"https:\/\/naturka.ee\/wp-content\/uploads\/2024\/04\/72-1.jpg","width":1800,"height":1373},{"@type":"BreadcrumbList","@id":"https:\/\/naturka.ee\/fi\/tuote\/dried-banana-best-bananas\/#breadcrumb","itemListElement":[{"@type":"ListItem","position":1,"name":"Home","item":"https:\/\/naturka.ee\/fi\/home\/"},{"@type":"ListItem","position":2,"name":"Pood","item":"https:\/\/naturka.ee\/shop\/"},{"@type":"ListItem","position":3,"name":"Kuivattuja banaaneja"}]},{"@type":"WebSite","@id":"https:\/\/naturka.ee\/fi\/#website","url":"https:\/\/naturka.ee\/fi\/","name":"Naturka","description":"","potentialAction":[{"@type":"SearchAction","target":{"@type":"EntryPoint","urlTemplate":"https:\/\/naturka.ee\/fi\/?s={search_term_string}"},"query-input":"required name=search_term_string"}],"inLanguage":"fi"}]}},"_links":{"self":[{"href":"https:\/\/naturka.ee\/fi\/wp-json\/wp\/v2\/product\/18940","targetHints":{"allow":["GET"]}}],"collection":[{"href":"https:\/\/naturka.ee\/fi\/wp-json\/wp\/v2\/product"}],"about":[{"href":"https:\/\/naturka.ee\/fi\/wp-json\/wp\/v2\/types\/product"}],"wp:featuredmedia":[{"embeddable":true,"href":"https:\/\/naturka.ee\/fi\/wp-json\/wp\/v2\/media\/26310"}],"wp:attachment":[{"href":"https:\/\/naturka.ee\/fi\/wp-json\/wp\/v2\/media?parent=18940"}],"wp:term":[{"taxonomy":"product_cat","embeddable":true,"href":"https:\/\/naturka.ee\/fi\/wp-json\/wp\/v2\/product_cat?post=18940"},{"taxonomy":"product_tag","embeddable":true,"href":"https:\/\/naturka.ee\/fi\/wp-json\/wp\/v2\/product_tag?post=18940"}],"curies":[{"name":"wp","href":"https:\/\/api.w.org\/{rel}","templated":true}]}}