{"id":18934,"date":"2023-08-19T21:51:16","date_gmt":"2023-08-19T18:51:16","guid":{"rendered":"https:\/\/naturka.ee\/product\/mango-ilma-suhkruta-ultra-maitsev\/"},"modified":"2025-10-21T20:44:20","modified_gmt":"2025-10-21T17:44:20","slug":"mango-ilma-suhkruta-ultra-maitsev","status":"publish","type":"product","link":"https:\/\/naturka.ee\/fi\/tuote\/mango-ilma-suhkruta-ultra-maitsev\/","title":{"rendered":"Mango (ilman sokeria)"},"content":{"rendered":"","protected":false},"excerpt":{"rendered":"<p><strong>NB! <span class=\"Y2IQFc\" lang=\"fi\">Uusi mango ilman sokeria, uudessa uudelleensuljettavassa pakkauksessa 250g! Leikkaa k\u00e4tev\u00e4sti paloiksi!<\/span><\/strong><\/p>\n<p>Mango ilman sokeria, valmistettu erityisen reseptin mukaan juuri Naturkalle!<\/p>\n<p>Kokeile vain ja ymm\u00e4rr\u00e4t, ett\u00e4 et halua kokeilla muita sokerittomia mangoja.<\/p>\n<p>S\u00e4ilyt\u00e4 kuivassa, puhtaassa ja viile\u00e4ss\u00e4 paikassa.<\/p>\n","protected":false},"featured_media":26315,"template":"","meta":{"inline_featured_image":false},"product_cat":[162,163,161],"product_tag":[],"class_list":["post-18934","product","type-product","status-publish","has-post-thumbnail","hentry","product_cat-one-and-only-in-europe-fi","product_cat-no-added-sugar-fi","product_cat-dried-fruits-fi"],"supplier_id":null,"supplier_sku":"","barcode":null,"atum_controlled":true,"out_stock_date":null,"out_stock_threshold":null,"inheritable":false,"inbound_stock":0,"stock_on_hold":0,"sold_today":0,"sales_last_days":0,"reserved_stock":0,"customer_returns":0,"warehouse_damage":0,"lost_in_post":0,"other_logs":0,"out_stock_days":0,"lost_sales":0,"has_location":false,"update_date":"2026-05-09T05:55:18","atum_locations":[],"atum_stock_status":"instock","restock_status":false,"low_stock_amount":"","sales_update_date":"2026-05-09T05:55:17","calc_backorders":null,"yoast_head":"<!-- This site is optimized with the Yoast SEO plugin v22.6 - https:\/\/yoast.com\/wordpress\/plugins\/seo\/ -->\n<title>Mango (ilman sokeria) - Naturka<\/title>\n<meta name=\"robots\" content=\"index, follow, max-snippet:-1, max-image-preview:large, max-video-preview:-1\" \/>\n<link rel=\"canonical\" href=\"https:\/\/naturka.ee\/fi\/tuote\/mango-ilma-suhkruta-ultra-maitsev\/\" \/>\n<meta property=\"og:locale\" content=\"fi_FI\" \/>\n<meta property=\"og:type\" content=\"article\" \/>\n<meta property=\"og:title\" content=\"Mango (ilman sokeria) - Naturka\" \/>\n<meta property=\"og:description\" content=\"NB! Uusi mango ilman sokeria, uudessa uudelleensuljettavassa pakkauksessa 250g! Leikkaa k\u00e4tev\u00e4sti paloiksi!  Mango ilman sokeria, valmistettu erityisen reseptin mukaan juuri Naturkalle!  Kokeile vain ja ymm\u00e4rr\u00e4t, ett\u00e4 et halua kokeilla muita sokerittomia mangoja.  S\u00e4ilyt\u00e4 kuivassa, puhtaassa ja viile\u00e4ss\u00e4 paikassa.\" \/>\n<meta property=\"og:url\" content=\"https:\/\/naturka.ee\/fi\/tuote\/mango-ilma-suhkruta-ultra-maitsev\/\" \/>\n<meta property=\"og:site_name\" content=\"Naturka\" \/>\n<meta property=\"article:modified_time\" content=\"2025-10-21T17:44:20+00:00\" \/>\n<meta property=\"og:image\" content=\"https:\/\/naturka.ee\/wp-content\/uploads\/2024\/04\/74-1.jpg\" \/>\n\t<meta property=\"og:image:width\" content=\"1800\" \/>\n\t<meta property=\"og:image:height\" content=\"1373\" \/>\n\t<meta property=\"og:image:type\" content=\"image\/jpeg\" \/>\n<meta name=\"twitter:card\" content=\"summary_large_image\" \/>\n<script type=\"application\/ld+json\" class=\"yoast-schema-graph\">{\"@context\":\"https:\/\/schema.org\",\"@graph\":[{\"@type\":\"WebPage\",\"@id\":\"https:\/\/naturka.ee\/fi\/tuote\/mango-ilma-suhkruta-ultra-maitsev\/\",\"url\":\"https:\/\/naturka.ee\/fi\/tuote\/mango-ilma-suhkruta-ultra-maitsev\/\",\"name\":\"Mango (ilman sokeria) - Naturka\",\"isPartOf\":{\"@id\":\"https:\/\/naturka.ee\/fi\/#website\"},\"primaryImageOfPage\":{\"@id\":\"https:\/\/naturka.ee\/fi\/tuote\/mango-ilma-suhkruta-ultra-maitsev\/#primaryimage\"},\"image\":{\"@id\":\"https:\/\/naturka.ee\/fi\/tuote\/mango-ilma-suhkruta-ultra-maitsev\/#primaryimage\"},\"thumbnailUrl\":\"https:\/\/naturka.ee\/wp-content\/uploads\/2024\/04\/74-1.jpg\",\"datePublished\":\"2023-08-19T18:51:16+00:00\",\"dateModified\":\"2025-10-21T17:44:20+00:00\",\"breadcrumb\":{\"@id\":\"https:\/\/naturka.ee\/fi\/tuote\/mango-ilma-suhkruta-ultra-maitsev\/#breadcrumb\"},\"inLanguage\":\"fi\",\"potentialAction\":[{\"@type\":\"ReadAction\",\"target\":[\"https:\/\/naturka.ee\/fi\/tuote\/mango-ilma-suhkruta-ultra-maitsev\/\"]}]},{\"@type\":\"ImageObject\",\"inLanguage\":\"fi\",\"@id\":\"https:\/\/naturka.ee\/fi\/tuote\/mango-ilma-suhkruta-ultra-maitsev\/#primaryimage\",\"url\":\"https:\/\/naturka.ee\/wp-content\/uploads\/2024\/04\/74-1.jpg\",\"contentUrl\":\"https:\/\/naturka.ee\/wp-content\/uploads\/2024\/04\/74-1.jpg\",\"width\":1800,\"height\":1373},{\"@type\":\"BreadcrumbList\",\"@id\":\"https:\/\/naturka.ee\/fi\/tuote\/mango-ilma-suhkruta-ultra-maitsev\/#breadcrumb\",\"itemListElement\":[{\"@type\":\"ListItem\",\"position\":1,\"name\":\"Home\",\"item\":\"https:\/\/naturka.ee\/fi\/home\/\"},{\"@type\":\"ListItem\",\"position\":2,\"name\":\"Pood\",\"item\":\"https:\/\/naturka.ee\/shop\/\"},{\"@type\":\"ListItem\",\"position\":3,\"name\":\"Mango (ilman sokeria)\"}]},{\"@type\":\"WebSite\",\"@id\":\"https:\/\/naturka.ee\/fi\/#website\",\"url\":\"https:\/\/naturka.ee\/fi\/\",\"name\":\"Naturka\",\"description\":\"\",\"potentialAction\":[{\"@type\":\"SearchAction\",\"target\":{\"@type\":\"EntryPoint\",\"urlTemplate\":\"https:\/\/naturka.ee\/fi\/?s={search_term_string}\"},\"query-input\":\"required name=search_term_string\"}],\"inLanguage\":\"fi\"}]}<\/script>\n<!-- \/ Yoast SEO plugin. -->","yoast_head_json":{"title":"Mango (ilman sokeria) - Naturka","robots":{"index":"index","follow":"follow","max-snippet":"max-snippet:-1","max-image-preview":"max-image-preview:large","max-video-preview":"max-video-preview:-1"},"canonical":"https:\/\/naturka.ee\/fi\/tuote\/mango-ilma-suhkruta-ultra-maitsev\/","og_locale":"fi_FI","og_type":"article","og_title":"Mango (ilman sokeria) - Naturka","og_description":"NB! Uusi mango ilman sokeria, uudessa uudelleensuljettavassa pakkauksessa 250g! Leikkaa k\u00e4tev\u00e4sti paloiksi!  Mango ilman sokeria, valmistettu erityisen reseptin mukaan juuri Naturkalle!  Kokeile vain ja ymm\u00e4rr\u00e4t, ett\u00e4 et halua kokeilla muita sokerittomia mangoja.  S\u00e4ilyt\u00e4 kuivassa, puhtaassa ja viile\u00e4ss\u00e4 paikassa.","og_url":"https:\/\/naturka.ee\/fi\/tuote\/mango-ilma-suhkruta-ultra-maitsev\/","og_site_name":"Naturka","article_modified_time":"2025-10-21T17:44:20+00:00","og_image":[{"width":1800,"height":1373,"url":"https:\/\/naturka.ee\/wp-content\/uploads\/2024\/04\/74-1.jpg","type":"image\/jpeg"}],"twitter_card":"summary_large_image","schema":{"@context":"https:\/\/schema.org","@graph":[{"@type":"WebPage","@id":"https:\/\/naturka.ee\/fi\/tuote\/mango-ilma-suhkruta-ultra-maitsev\/","url":"https:\/\/naturka.ee\/fi\/tuote\/mango-ilma-suhkruta-ultra-maitsev\/","name":"Mango (ilman sokeria) - Naturka","isPartOf":{"@id":"https:\/\/naturka.ee\/fi\/#website"},"primaryImageOfPage":{"@id":"https:\/\/naturka.ee\/fi\/tuote\/mango-ilma-suhkruta-ultra-maitsev\/#primaryimage"},"image":{"@id":"https:\/\/naturka.ee\/fi\/tuote\/mango-ilma-suhkruta-ultra-maitsev\/#primaryimage"},"thumbnailUrl":"https:\/\/naturka.ee\/wp-content\/uploads\/2024\/04\/74-1.jpg","datePublished":"2023-08-19T18:51:16+00:00","dateModified":"2025-10-21T17:44:20+00:00","breadcrumb":{"@id":"https:\/\/naturka.ee\/fi\/tuote\/mango-ilma-suhkruta-ultra-maitsev\/#breadcrumb"},"inLanguage":"fi","potentialAction":[{"@type":"ReadAction","target":["https:\/\/naturka.ee\/fi\/tuote\/mango-ilma-suhkruta-ultra-maitsev\/"]}]},{"@type":"ImageObject","inLanguage":"fi","@id":"https:\/\/naturka.ee\/fi\/tuote\/mango-ilma-suhkruta-ultra-maitsev\/#primaryimage","url":"https:\/\/naturka.ee\/wp-content\/uploads\/2024\/04\/74-1.jpg","contentUrl":"https:\/\/naturka.ee\/wp-content\/uploads\/2024\/04\/74-1.jpg","width":1800,"height":1373},{"@type":"BreadcrumbList","@id":"https:\/\/naturka.ee\/fi\/tuote\/mango-ilma-suhkruta-ultra-maitsev\/#breadcrumb","itemListElement":[{"@type":"ListItem","position":1,"name":"Home","item":"https:\/\/naturka.ee\/fi\/home\/"},{"@type":"ListItem","position":2,"name":"Pood","item":"https:\/\/naturka.ee\/shop\/"},{"@type":"ListItem","position":3,"name":"Mango (ilman sokeria)"}]},{"@type":"WebSite","@id":"https:\/\/naturka.ee\/fi\/#website","url":"https:\/\/naturka.ee\/fi\/","name":"Naturka","description":"","potentialAction":[{"@type":"SearchAction","target":{"@type":"EntryPoint","urlTemplate":"https:\/\/naturka.ee\/fi\/?s={search_term_string}"},"query-input":"required name=search_term_string"}],"inLanguage":"fi"}]}},"_links":{"self":[{"href":"https:\/\/naturka.ee\/fi\/wp-json\/wp\/v2\/product\/18934","targetHints":{"allow":["GET"]}}],"collection":[{"href":"https:\/\/naturka.ee\/fi\/wp-json\/wp\/v2\/product"}],"about":[{"href":"https:\/\/naturka.ee\/fi\/wp-json\/wp\/v2\/types\/product"}],"wp:featuredmedia":[{"embeddable":true,"href":"https:\/\/naturka.ee\/fi\/wp-json\/wp\/v2\/media\/26315"}],"wp:attachment":[{"href":"https:\/\/naturka.ee\/fi\/wp-json\/wp\/v2\/media?parent=18934"}],"wp:term":[{"taxonomy":"product_cat","embeddable":true,"href":"https:\/\/naturka.ee\/fi\/wp-json\/wp\/v2\/product_cat?post=18934"},{"taxonomy":"product_tag","embeddable":true,"href":"https:\/\/naturka.ee\/fi\/wp-json\/wp\/v2\/product_tag?post=18934"}],"curies":[{"name":"wp","href":"https:\/\/api.w.org\/{rel}","templated":true}]}}