{"id":1884,"date":"2021-05-08T10:38:58","date_gmt":"2021-07-25T18:18:53","guid":{"rendered":"https:\/\/naturka.ee\/product\/671\/"},"modified":"2025-01-04T14:17:42","modified_gmt":"2025-01-04T12:17:42","slug":"671","status":"publish","type":"product","link":"https:\/\/naturka.ee\/fi\/tuote\/671\/","title":{"rendered":"Setri\u00f6ljy 250ml"},"content":{"rendered":"<section id=\"content\">\n<div class=\"flex itemBox\">\n<div class=\"itemCol_right\">\n<div class=\"description\">store in a cool dry place. avoid moisture<\/div>\n<\/div>\n<\/div>\n<\/section>\n","protected":false},"excerpt":{"rendered":"<p id=\"tw-target-text\" class=\"tw-data-text tw-text-large tw-ta\" dir=\"ltr\" data-placeholder=\"Translation\" data-ved=\"2ahUKEwjz87LJ1e-IAxUaIRAIHW1hGzgQ3ewLegQIBxAU\" aria-label=\"Translated text: Jalostamaton kylm\u00e4puristettu setrim\u00e4nty\u00f6ljy.\n\nSis\u00e4iseen k\u00e4ytt\u00f6\u00f6n:\nOn suositeltavaa lis\u00e4t\u00e4 \u00f6ljy\u00e4 salaatteihin, se sis\u00e4lt\u00e4\u00e4 kaikki terveellisten pinjansiementen ominaisuudet ja vitamiinit.\n\nSis\u00e4iseen k\u00e4ytt\u00f6\u00f6n: ota 1-2 teelusikallista \u00f6ljy\u00e4 2-3 kertaa p\u00e4iv\u00e4ss\u00e4 tyhj\u00e4\u00e4n mahaan n. 30 minuuttia ennen ateriaa. Ravista ennen k\u00e4ytt\u00f6\u00e4.\n\nEi suositella alle 3-vuotiaille lapsille.\u00a0\n\nS\u00e4ilyt\u00e4 kuivassa, puhtaassa ja viile\u00e4ss\u00e4 paikassa.\"><span class=\"Y2IQFc\" lang=\"fi\">Jalostamaton kylm\u00e4puristettu setrim\u00e4nty\u00f6ljy. <\/span><\/p>\n<p class=\"tw-data-text tw-text-large tw-ta\" dir=\"ltr\" data-placeholder=\"Translation\" data-ved=\"2ahUKEwjz87LJ1e-IAxUaIRAIHW1hGzgQ3ewLegQIBxAU\" aria-label=\"Translated text: Jalostamaton kylm\u00e4puristettu setrim\u00e4nty\u00f6ljy.\n\nSis\u00e4iseen k\u00e4ytt\u00f6\u00f6n:\nOn suositeltavaa lis\u00e4t\u00e4 \u00f6ljy\u00e4 salaatteihin, se sis\u00e4lt\u00e4\u00e4 kaikki terveellisten pinjansiementen ominaisuudet ja vitamiinit.\n\nSis\u00e4iseen k\u00e4ytt\u00f6\u00f6n: ota 1-2 teelusikallista \u00f6ljy\u00e4 2-3 kertaa p\u00e4iv\u00e4ss\u00e4 tyhj\u00e4\u00e4n mahaan n. 30 minuuttia ennen ateriaa. Ravista ennen k\u00e4ytt\u00f6\u00e4.\n\nEi suositella alle 3-vuotiaille lapsille.\u00a0\n\nS\u00e4ilyt\u00e4 kuivassa, puhtaassa ja viile\u00e4ss\u00e4 paikassa.\"><span class=\"Y2IQFc\" lang=\"fi\">Sis\u00e4iseen k\u00e4ytt\u00f6\u00f6n: On suositeltavaa lis\u00e4t\u00e4 \u00f6ljy\u00e4 salaatteihin, se sis\u00e4lt\u00e4\u00e4 kaikki terveellisten pinjansiementen ominaisuudet ja vitamiinit. <\/span><\/p>\n<p class=\"tw-data-text tw-text-large tw-ta\" dir=\"ltr\" data-placeholder=\"Translation\" data-ved=\"2ahUKEwjz87LJ1e-IAxUaIRAIHW1hGzgQ3ewLegQIBxAU\" aria-label=\"Translated text: Jalostamaton kylm\u00e4puristettu setrim\u00e4nty\u00f6ljy.\n\nSis\u00e4iseen k\u00e4ytt\u00f6\u00f6n:\nOn suositeltavaa lis\u00e4t\u00e4 \u00f6ljy\u00e4 salaatteihin, se sis\u00e4lt\u00e4\u00e4 kaikki terveellisten pinjansiementen ominaisuudet ja vitamiinit.\n\nSis\u00e4iseen k\u00e4ytt\u00f6\u00f6n: ota 1-2 teelusikallista \u00f6ljy\u00e4 2-3 kertaa p\u00e4iv\u00e4ss\u00e4 tyhj\u00e4\u00e4n mahaan n. 30 minuuttia ennen ateriaa. Ravista ennen k\u00e4ytt\u00f6\u00e4.\n\nEi suositella alle 3-vuotiaille lapsille.\u00a0\n\nS\u00e4ilyt\u00e4 kuivassa, puhtaassa ja viile\u00e4ss\u00e4 paikassa.\"><span class=\"Y2IQFc\" lang=\"fi\">Sis\u00e4iseen k\u00e4ytt\u00f6\u00f6n: ota 1-2 teelusikallista \u00f6ljy\u00e4 2-3 kertaa p\u00e4iv\u00e4ss\u00e4 tyhj\u00e4\u00e4n mahaan n. 30 minuuttia ennen ateriaa. <\/span><span class=\"Y2IQFc\" lang=\"fi\">Ravista ennen k\u00e4ytt\u00f6\u00e4.<\/span><\/p>\n<p class=\"tw-data-text tw-text-large tw-ta\" dir=\"ltr\" data-placeholder=\"Translation\" data-ved=\"2ahUKEwjz87LJ1e-IAxUaIRAIHW1hGzgQ3ewLegQIBxAU\" aria-label=\"Translated text: Jalostamaton kylm\u00e4puristettu setrim\u00e4nty\u00f6ljy.\n\nSis\u00e4iseen k\u00e4ytt\u00f6\u00f6n:\nOn suositeltavaa lis\u00e4t\u00e4 \u00f6ljy\u00e4 salaatteihin, se sis\u00e4lt\u00e4\u00e4 kaikki terveellisten pinjansiementen ominaisuudet ja vitamiinit.\n\nSis\u00e4iseen k\u00e4ytt\u00f6\u00f6n: ota 1-2 teelusikallista \u00f6ljy\u00e4 2-3 kertaa p\u00e4iv\u00e4ss\u00e4 tyhj\u00e4\u00e4n mahaan n. 30 minuuttia ennen ateriaa. Ravista ennen k\u00e4ytt\u00f6\u00e4.\n\nEi suositella alle 3-vuotiaille lapsille.\u00a0\n\nS\u00e4ilyt\u00e4 kuivassa, puhtaassa ja viile\u00e4ss\u00e4 paikassa.\"><span class=\"Y2IQFc\" lang=\"fi\">Ei suositella alle 3-vuotiaille lapsille.\u00a0 <\/span><\/p>\n<p class=\"tw-data-text tw-text-large tw-ta\" dir=\"ltr\" data-placeholder=\"Translation\" data-ved=\"2ahUKEwjz87LJ1e-IAxUaIRAIHW1hGzgQ3ewLegQIBxAU\" aria-label=\"Translated text: Jalostamaton kylm\u00e4puristettu setrim\u00e4nty\u00f6ljy.\n\nSis\u00e4iseen k\u00e4ytt\u00f6\u00f6n:\nOn suositeltavaa lis\u00e4t\u00e4 \u00f6ljy\u00e4 salaatteihin, se sis\u00e4lt\u00e4\u00e4 kaikki terveellisten pinjansiementen ominaisuudet ja vitamiinit.\n\nSis\u00e4iseen k\u00e4ytt\u00f6\u00f6n: ota 1-2 teelusikallista \u00f6ljy\u00e4 2-3 kertaa p\u00e4iv\u00e4ss\u00e4 tyhj\u00e4\u00e4n mahaan n. 30 minuuttia ennen ateriaa. Ravista ennen k\u00e4ytt\u00f6\u00e4.\n\nEi suositella alle 3-vuotiaille lapsille.\u00a0\n\nS\u00e4ilyt\u00e4 kuivassa, puhtaassa ja viile\u00e4ss\u00e4 paikassa.\"><span class=\"Y2IQFc\" lang=\"fi\">S\u00e4ilyt\u00e4 kuivassa, puhtaassa ja viile\u00e4ss\u00e4 paikassa.<\/span><\/p>\n","protected":false},"featured_media":25980,"template":"","meta":{"inline_featured_image":false},"product_cat":[162],"product_tag":[],"class_list":["post-1884","product","type-product","status-publish","has-post-thumbnail","hentry","product_cat-one-and-only-in-europe-fi"],"supplier_id":null,"supplier_sku":"","barcode":null,"atum_controlled":true,"out_stock_date":null,"out_stock_threshold":null,"inheritable":false,"inbound_stock":0,"stock_on_hold":0,"sold_today":0,"sales_last_days":0,"reserved_stock":0,"customer_returns":0,"warehouse_damage":0,"lost_in_post":0,"other_logs":0,"out_stock_days":0,"lost_sales":0,"has_location":false,"update_date":"2026-04-29T15:59:31","atum_locations":[],"atum_stock_status":"instock","restock_status":false,"low_stock_amount":"","sales_update_date":"2026-04-29T15:59:30","calc_backorders":null,"yoast_head":"<!-- This site is optimized with the Yoast SEO plugin v22.6 - https:\/\/yoast.com\/wordpress\/plugins\/seo\/ -->\n<title>Setri\u00f6ljy 250ml - Naturka<\/title>\n<meta name=\"robots\" content=\"index, follow, max-snippet:-1, max-image-preview:large, max-video-preview:-1\" \/>\n<link rel=\"canonical\" href=\"https:\/\/naturka.ee\/fi\/tuote\/671\/\" \/>\n<meta property=\"og:locale\" content=\"fi_FI\" \/>\n<meta property=\"og:type\" content=\"article\" \/>\n<meta property=\"og:title\" content=\"Setri\u00f6ljy 250ml - Naturka\" \/>\n<meta property=\"og:description\" content=\"Jalostamaton kylm\u00e4puristettu setrim\u00e4nty\u00f6ljy.  Sis\u00e4iseen k\u00e4ytt\u00f6\u00f6n: On suositeltavaa lis\u00e4t\u00e4 \u00f6ljy\u00e4 salaatteihin, se sis\u00e4lt\u00e4\u00e4 kaikki terveellisten pinjansiementen ominaisuudet ja vitamiinit.  Sis\u00e4iseen k\u00e4ytt\u00f6\u00f6n: ota 1-2 teelusikallista \u00f6ljy\u00e4 2-3 kertaa p\u00e4iv\u00e4ss\u00e4 tyhj\u00e4\u00e4n mahaan n. 30 minuuttia ennen ateriaa. Ravista ennen k\u00e4ytt\u00f6\u00e4. Ei suositella alle 3-vuotiaille lapsille.\u00a0  S\u00e4ilyt\u00e4 kuivassa, puhtaassa ja viile\u00e4ss\u00e4 paikassa.\" \/>\n<meta property=\"og:url\" content=\"https:\/\/naturka.ee\/fi\/tuote\/671\/\" \/>\n<meta property=\"og:site_name\" content=\"Naturka\" \/>\n<meta property=\"article:modified_time\" content=\"2025-01-04T12:17:42+00:00\" \/>\n<meta property=\"og:image\" content=\"https:\/\/naturka.ee\/wp-content\/uploads\/2024\/04\/4.jpg\" \/>\n\t<meta property=\"og:image:width\" content=\"1800\" \/>\n\t<meta property=\"og:image:height\" content=\"1373\" \/>\n\t<meta property=\"og:image:type\" content=\"image\/jpeg\" \/>\n<meta name=\"twitter:card\" content=\"summary_large_image\" \/>\n<script type=\"application\/ld+json\" class=\"yoast-schema-graph\">{\"@context\":\"https:\/\/schema.org\",\"@graph\":[{\"@type\":\"WebPage\",\"@id\":\"https:\/\/naturka.ee\/fi\/tuote\/671\/\",\"url\":\"https:\/\/naturka.ee\/fi\/tuote\/671\/\",\"name\":\"Setri\u00f6ljy 250ml - Naturka\",\"isPartOf\":{\"@id\":\"https:\/\/naturka.ee\/fi\/#website\"},\"primaryImageOfPage\":{\"@id\":\"https:\/\/naturka.ee\/fi\/tuote\/671\/#primaryimage\"},\"image\":{\"@id\":\"https:\/\/naturka.ee\/fi\/tuote\/671\/#primaryimage\"},\"thumbnailUrl\":\"https:\/\/naturka.ee\/wp-content\/uploads\/2024\/04\/4.jpg\",\"datePublished\":\"2021-07-25T18:18:53+00:00\",\"dateModified\":\"2025-01-04T12:17:42+00:00\",\"breadcrumb\":{\"@id\":\"https:\/\/naturka.ee\/fi\/tuote\/671\/#breadcrumb\"},\"inLanguage\":\"fi\",\"potentialAction\":[{\"@type\":\"ReadAction\",\"target\":[\"https:\/\/naturka.ee\/fi\/tuote\/671\/\"]}]},{\"@type\":\"ImageObject\",\"inLanguage\":\"fi\",\"@id\":\"https:\/\/naturka.ee\/fi\/tuote\/671\/#primaryimage\",\"url\":\"https:\/\/naturka.ee\/wp-content\/uploads\/2024\/04\/4.jpg\",\"contentUrl\":\"https:\/\/naturka.ee\/wp-content\/uploads\/2024\/04\/4.jpg\",\"width\":1800,\"height\":1373},{\"@type\":\"BreadcrumbList\",\"@id\":\"https:\/\/naturka.ee\/fi\/tuote\/671\/#breadcrumb\",\"itemListElement\":[{\"@type\":\"ListItem\",\"position\":1,\"name\":\"Home\",\"item\":\"https:\/\/naturka.ee\/fi\/home\/\"},{\"@type\":\"ListItem\",\"position\":2,\"name\":\"Pood\",\"item\":\"https:\/\/naturka.ee\/shop\/\"},{\"@type\":\"ListItem\",\"position\":3,\"name\":\"Setri\u00f6ljy 250ml\"}]},{\"@type\":\"WebSite\",\"@id\":\"https:\/\/naturka.ee\/fi\/#website\",\"url\":\"https:\/\/naturka.ee\/fi\/\",\"name\":\"Naturka\",\"description\":\"\",\"potentialAction\":[{\"@type\":\"SearchAction\",\"target\":{\"@type\":\"EntryPoint\",\"urlTemplate\":\"https:\/\/naturka.ee\/fi\/?s={search_term_string}\"},\"query-input\":\"required name=search_term_string\"}],\"inLanguage\":\"fi\"}]}<\/script>\n<!-- \/ Yoast SEO plugin. -->","yoast_head_json":{"title":"Setri\u00f6ljy 250ml - Naturka","robots":{"index":"index","follow":"follow","max-snippet":"max-snippet:-1","max-image-preview":"max-image-preview:large","max-video-preview":"max-video-preview:-1"},"canonical":"https:\/\/naturka.ee\/fi\/tuote\/671\/","og_locale":"fi_FI","og_type":"article","og_title":"Setri\u00f6ljy 250ml - Naturka","og_description":"Jalostamaton kylm\u00e4puristettu setrim\u00e4nty\u00f6ljy.  Sis\u00e4iseen k\u00e4ytt\u00f6\u00f6n: On suositeltavaa lis\u00e4t\u00e4 \u00f6ljy\u00e4 salaatteihin, se sis\u00e4lt\u00e4\u00e4 kaikki terveellisten pinjansiementen ominaisuudet ja vitamiinit.  Sis\u00e4iseen k\u00e4ytt\u00f6\u00f6n: ota 1-2 teelusikallista \u00f6ljy\u00e4 2-3 kertaa p\u00e4iv\u00e4ss\u00e4 tyhj\u00e4\u00e4n mahaan n. 30 minuuttia ennen ateriaa. Ravista ennen k\u00e4ytt\u00f6\u00e4. Ei suositella alle 3-vuotiaille lapsille.\u00a0  S\u00e4ilyt\u00e4 kuivassa, puhtaassa ja viile\u00e4ss\u00e4 paikassa.","og_url":"https:\/\/naturka.ee\/fi\/tuote\/671\/","og_site_name":"Naturka","article_modified_time":"2025-01-04T12:17:42+00:00","og_image":[{"width":1800,"height":1373,"url":"https:\/\/naturka.ee\/wp-content\/uploads\/2024\/04\/4.jpg","type":"image\/jpeg"}],"twitter_card":"summary_large_image","schema":{"@context":"https:\/\/schema.org","@graph":[{"@type":"WebPage","@id":"https:\/\/naturka.ee\/fi\/tuote\/671\/","url":"https:\/\/naturka.ee\/fi\/tuote\/671\/","name":"Setri\u00f6ljy 250ml - Naturka","isPartOf":{"@id":"https:\/\/naturka.ee\/fi\/#website"},"primaryImageOfPage":{"@id":"https:\/\/naturka.ee\/fi\/tuote\/671\/#primaryimage"},"image":{"@id":"https:\/\/naturka.ee\/fi\/tuote\/671\/#primaryimage"},"thumbnailUrl":"https:\/\/naturka.ee\/wp-content\/uploads\/2024\/04\/4.jpg","datePublished":"2021-07-25T18:18:53+00:00","dateModified":"2025-01-04T12:17:42+00:00","breadcrumb":{"@id":"https:\/\/naturka.ee\/fi\/tuote\/671\/#breadcrumb"},"inLanguage":"fi","potentialAction":[{"@type":"ReadAction","target":["https:\/\/naturka.ee\/fi\/tuote\/671\/"]}]},{"@type":"ImageObject","inLanguage":"fi","@id":"https:\/\/naturka.ee\/fi\/tuote\/671\/#primaryimage","url":"https:\/\/naturka.ee\/wp-content\/uploads\/2024\/04\/4.jpg","contentUrl":"https:\/\/naturka.ee\/wp-content\/uploads\/2024\/04\/4.jpg","width":1800,"height":1373},{"@type":"BreadcrumbList","@id":"https:\/\/naturka.ee\/fi\/tuote\/671\/#breadcrumb","itemListElement":[{"@type":"ListItem","position":1,"name":"Home","item":"https:\/\/naturka.ee\/fi\/home\/"},{"@type":"ListItem","position":2,"name":"Pood","item":"https:\/\/naturka.ee\/shop\/"},{"@type":"ListItem","position":3,"name":"Setri\u00f6ljy 250ml"}]},{"@type":"WebSite","@id":"https:\/\/naturka.ee\/fi\/#website","url":"https:\/\/naturka.ee\/fi\/","name":"Naturka","description":"","potentialAction":[{"@type":"SearchAction","target":{"@type":"EntryPoint","urlTemplate":"https:\/\/naturka.ee\/fi\/?s={search_term_string}"},"query-input":"required name=search_term_string"}],"inLanguage":"fi"}]}},"_links":{"self":[{"href":"https:\/\/naturka.ee\/fi\/wp-json\/wp\/v2\/product\/1884","targetHints":{"allow":["GET"]}}],"collection":[{"href":"https:\/\/naturka.ee\/fi\/wp-json\/wp\/v2\/product"}],"about":[{"href":"https:\/\/naturka.ee\/fi\/wp-json\/wp\/v2\/types\/product"}],"wp:featuredmedia":[{"embeddable":true,"href":"https:\/\/naturka.ee\/fi\/wp-json\/wp\/v2\/media\/25980"}],"wp:attachment":[{"href":"https:\/\/naturka.ee\/fi\/wp-json\/wp\/v2\/media?parent=1884"}],"wp:term":[{"taxonomy":"product_cat","embeddable":true,"href":"https:\/\/naturka.ee\/fi\/wp-json\/wp\/v2\/product_cat?post=1884"},{"taxonomy":"product_tag","embeddable":true,"href":"https:\/\/naturka.ee\/fi\/wp-json\/wp\/v2\/product_tag?post=1884"}],"curies":[{"name":"wp","href":"https:\/\/api.w.org\/{rel}","templated":true}]}}